{"id":2779,"date":"2020-02-12T13:50:29","date_gmt":"2020-02-12T11:50:29","guid":{"rendered":"https:\/\/www.top5credits.com\/fi\/?page_id=2779"},"modified":"2023-06-02T08:30:16","modified_gmt":"2023-06-02T05:30:16","slug":"lainaa-4000","status":"publish","type":"page","link":"https:\/\/www.top5credits.com\/fi\/lainavertailu\/lainaa-4000\/","title":{"rendered":"Lainaa 4000"},"content":{"rendered":"\n<div class=\"wp-block-group first-section\"><div class=\"wp-block-group__inner-container is-layout-flow wp-block-group-is-layout-flow\">\n<h1 class=\"wp-block-heading has-text-align-center compare-title\">Lainaa 4000 euroa &#8211; Vertaile ja valitse halvin<\/h1>\n\n\n\n<p class=\"has-text-align-center compare-title\">Top5Credits.com vertaili kaikki 4000 euron lainat markkinoilla. Vertaile lainoja koron ja laina-ajan mukaan. Lue my\u00f6s plussat ja miinukset eri lainoista sek\u00e4 tutustu laina-arvosteluihin. Vertaile ja hae lainap\u00e4\u00e4t\u00f6s 4000 eurolle t\u00e4n\u00e4\u00e4n.<\/p>\n\n\n\n\n<\/div><\/div>\n\n\n\n\n\n\n<div class=\"top-results palkkio\">\n<span class=\"huomiomerkki\">!<\/span> Saamamme palkkio vaikuttaa listauksen j\u00e4rjestykseen &#8211; lue lis\u00e4\u00e4 <span class=\"plus-trigger\">+<\/span>\n<p>Top5Credits.com on t\u00e4ysin ilmainen palvelu, jonka tarkoitus on antaa k\u00e4ytt\u00e4jilleen hy\u00f6dyllist\u00e4 tietoa ja sis\u00e4lt\u00f6\u00e4. Vertailemme lainoja ja arvostelemme lainapalveluita rehellisesti. Jotta voimme pit\u00e4\u00e4 palvelun ilmaisena, saamme yhteisty\u00f6kumppaneiltamme palkkion heille ohjatuista asiakkaista ja palkkion suuruus vaikuttaa listauksen j\u00e4rjestykseen.<\/p>\n<\/div>\n\n\n\n<div class=\"wp-block-group full-white\"><div class=\"wp-block-group__inner-container is-layout-flow wp-block-group-is-layout-flow\">\n<h2 class=\"wp-block-heading has-text-align-center\">Lainaa 4000 euroa 1\u201315 vuoden takaisinmaksuajalla<\/h2>\n\n\n\n<p>Voit hakea 4000 euron lainaa jopa noin 15 vuoden maksuajalla. Pitk\u00e4ss\u00e4 takaisinmaksuajassa kannattaa kuitenkin huomioida se, ett\u00e4 jokainen lis\u00e4kuukausi kasvattaa lainan kokonaiskuluja. V\u00e4hent\u00e4m\u00e4ll\u00e4 lainakuukausien m\u00e4\u00e4r\u00e4\u00e4 s\u00e4\u00e4st\u00e4t vaivalla ansaitsemiasi euroja muihin k\u00e4ytt\u00f6tarkoituksiin. Voit hy\u00f6dynt\u00e4\u00e4 lainaa suunnitellessasi <a href=\"https:\/\/www.top5credits.com\/fi\/lainalaskuri\/\">lainalaskuriamme<\/a>, jonka avulla n\u00e4et helposti, kuinka laina-aika vaikuttaa luoton kuukausier\u00e4\u00e4n ja kokonaishintaan.<\/p>\n\n\n\n<h2 class=\"wp-block-heading has-text-align-center\">Lainaa 4000e &#8211; Miksi kannattaa k\u00e4ytt\u00e4\u00e4 Top5Creditsi\u00e4 edullisen lainan etsinn\u00e4ss\u00e4?<\/h2>\n\n\n\n<p>Olemme kehitt\u00e4neet eritt\u00e4in nopean ja helppok\u00e4ytt\u00f6isen vertailupalvelun, jonka avulla sin\u00e4 l\u00f6yd\u00e4t edullisen 4000 euron lainan nopeasti ja vaivattomasti. Kokoamme yli 50 pankkia, rahoituslaitosta ja lainanv\u00e4litt\u00e4j\u00e4\u00e4 yhdelle verkkosivulle, jotta lainavertailumme kattaisi suurimman osan Suomessa toimivista lainantarjoajista.<\/p>\n\n\n\n<p><strong>4000 euron laina l\u00f6ytyy helpoiten Top5Creditsin avulla koska:<\/strong><\/p>\n\n\n\n<ul class=\"wp-block-list\">\n<li>S\u00e4\u00e4st\u00e4t aikaa. Yksinkertaisen lainahakemuksen t\u00e4ytt\u00e4minen muutaman minuutin.<\/li>\n<\/ul>\n\n\n\n<ul class=\"wp-block-list\">\n<li>Voit s\u00e4\u00e4st\u00e4\u00e4 suuren summan rahaa. Etsim\u00e4ll\u00e4 4000 euron lainaa avullamme voit s\u00e4\u00e4st\u00e4\u00e4 lainasi koroissa ja muissa kuluissa.<\/li>\n<\/ul>\n\n\n\n<ul class=\"wp-block-list\">\n<li>Vertailemme yli 50 pankkia, rahoituslaitosta ja lainanv\u00e4litt\u00e4j\u00e4\u00e4.<\/li>\n<\/ul>\n\n\n\n<ul class=\"wp-block-list\">\n<li>Palvelumme on ilmainen.<\/li>\n<\/ul>\n\n\n\n<ul class=\"wp-block-list\">\n<li><a href=\"https:\/\/www.top5credits.com\/fi\/lainavertailu\/\">Lainavertailun<\/a> k\u00e4ytt\u00f6 ei vaadi sitoutumista.<\/li>\n<\/ul>\n\n\n\n<ul class=\"wp-block-list\">\n<li>Saat 5 sinulle sopivinta lainavaihtoehtoa parissa minuutissa. Voit vertailla eri lainoja helposti ja k\u00e4tev\u00e4sti saamiesi linkkien avulla.<\/li>\n<\/ul>\n\n\n\n<ul class=\"wp-block-list\">\n<li>Me ja k\u00e4ytt\u00e4j\u00e4mme ovat arvostelleet kaikki lainantarjoajat eritt\u00e4in kattavasti.&nbsp;&nbsp;<\/li>\n<\/ul>\n\n\n\n<ul class=\"wp-block-list\">\n<li>Palvelumme on luotettava ja turvallinen.<\/li>\n<\/ul>\n\n\n\n<p>Huomioithan kuitenkin, ett\u00e4 me emme my\u00f6nn\u00e4 lainaa, vaan teet luottosopimuksen aina lainantarjoajan kanssa. Me autamme sinua vain l\u00f6yt\u00e4m\u00e4\u00e4n <a href=\"https:\/\/www.top5credits.com\/fi\/edullinen-laina\/\">edullista lainaa<\/a> helposti ja nopeasti.<\/p>\n\n\n<div class=\"wp-block-image\">\n<figure class=\"aligncenter size-full is-resized\"><img loading=\"lazy\" decoding=\"async\" src=\"https:\/\/cdn.top5credits.com\/fi\/wp-content\/uploads\/sites\/2\/2020\/11\/Halpa-4000-laina-heti-tilille.jpg\" alt=\"Lainaa 4000 heti tilille top5credits.com avulla\" class=\"wp-image-7611\" width=\"574\" height=\"206\" srcset=\"https:\/\/cdn.top5credits.com\/fi\/wp-content\/uploads\/sites\/2\/2020\/11\/Halpa-4000-laina-heti-tilille.jpg?cdn=1.1.2 765w, https:\/\/cdn.top5credits.com\/fi\/wp-content\/uploads\/sites\/2\/2020\/11\/Halpa-4000-laina-heti-tilille-300x107.jpg?cdn=1.1.2 300w\" sizes=\"auto, (max-width: 574px) 100vw, 574px\" \/><\/figure>\n<\/div>\n\n\n<h2 class=\"wp-block-heading has-text-align-center\">Lainaa 4000 euroa ilman vakuuksia<\/h2>\n\n\n\n<p><a href=\"https:\/\/www.top5credits.com\/fi\/vakuudettomat-lainat\/\">Vakuudeton laina<\/a> tarkoittaa, ett\u00e4 lainan vastineeksi ei tarvitse asettaa omia s\u00e4\u00e4st\u00f6j\u00e4 tai omaisuutta. Nykyisin voit hakea esimerkiksi 4000 euron lainaa ilman vakuuksia helposti verkossa toimivilta pankeilta ja rahoituslaitoksilta. Voit vertailla <a href=\"https:\/\/www.top5credits.com\/fi\/kulutusluotto\/\">kulutusluotot<\/a> ja muut vakuudettomat lainatuotteet yhdess\u00e4 palvelussa todella nopeasti. Jos tarvitset joustoa arjen vaihtuviin ja yll\u00e4tt\u00e4viin menoihin, voit vertailla vaikkapa lainanv\u00e4litt\u00e4jien tarjoamia <a href=\"https:\/\/www.top5credits.com\/fi\/joustoluotto\/\">joustoluottoja<\/a> ja valita omaan tilanteeseesi sopivimman vaihtoehdon.<\/p>\n\n\n\n<h2 class=\"wp-block-heading has-text-align-center\">Miten voin saada 4000 euron lainan?<\/h2>\n\n\n\n<p>Lainanhakijan on useimmiten oltava v\u00e4hint\u00e4\u00e4n 18-vuotias, hoidettava talousasiansa tunnollisesti sek\u00e4 saatava esimerkiksi palkan tai el\u00e4kkeen kaltaista vakituista tuloa. Nyrkkis\u00e4\u00e4nn\u00f6n mukaan lainan maksimisumma m\u00e4\u00e4r\u00e4ytyy hakijan maksukyvyn perusteella. Voimassa oleva maksuh\u00e4iri\u00f6merkint\u00e4 on k\u00e4yt\u00e4nn\u00f6ss\u00e4 aina este my\u00f6nteiselle lainap\u00e4\u00e4t\u00f6kselle, mutta aiemmat merkinn\u00e4t eiv\u00e4t useinkaan haittaa, jos velat on kuitattu ja merkint\u00e4 poistettu. Pankit ja rahoituslaitokset r\u00e4\u00e4t\u00e4l\u00f6iv\u00e4t lainaehtonsa omien k\u00e4yt\u00e4nt\u00f6jens\u00e4 perusteella, ja ehtoihin voi tutustua kunkin lainanv\u00e4litt\u00e4j\u00e4n omilla verkkosivuilla.<\/p>\n\n\n<div class=\"wp-block-image\">\n<figure class=\"aligncenter size-full is-resized\"><img loading=\"lazy\" decoding=\"async\" src=\"https:\/\/cdn.top5credits.com\/fi\/wp-content\/uploads\/sites\/2\/2020\/11\/kuka-voi-hakea-lainaa-4000e.jpg\" alt=\"4000e laina - kuka voi hakea 4000 euroa lainaa\" class=\"wp-image-7610\" width=\"384\" height=\"416\" srcset=\"https:\/\/cdn.top5credits.com\/fi\/wp-content\/uploads\/sites\/2\/2020\/11\/kuka-voi-hakea-lainaa-4000e.jpg?cdn=1.1.2 512w, https:\/\/cdn.top5credits.com\/fi\/wp-content\/uploads\/sites\/2\/2020\/11\/kuka-voi-hakea-lainaa-4000e-277x300.jpg?cdn=1.1.2 277w\" sizes=\"auto, (max-width: 384px) 100vw, 384px\" \/><\/figure>\n<\/div>\n\n\n<h2 class=\"wp-block-heading has-text-align-center\">Voinko saada lainaa 4000 heti tilille?<\/h2>\n\n\n\n<p>Yleisesti ottaen 4000 euron lainan saaminen voi kest\u00e4\u00e4 muutamasta minuutista muutamaan p\u00e4iv\u00e4\u00e4n. Jos haluat saada lainaa heti tilille, voit tutustua Pikalaina-toimintoomme, joka suodattaa n\u00e4kyville keskim\u00e4\u00e4r\u00e4ist\u00e4 nopeammat lainanv\u00e4litt\u00e4j\u00e4t. Kannattaa kuitenkin huomata, ett\u00e4 nopea laina voi joskus tiet\u00e4\u00e4 ylim\u00e4\u00e4r\u00e4isi\u00e4 kuluja. Turhien maksujen v\u00e4ltt\u00e4miseksi lainatarvetta kannattaakin mietti\u00e4 hyviss\u00e4 ajoin, ainakin muutaman p\u00e4iv\u00e4n p\u00e4\u00e4h\u00e4n. Tilanteeseesi sopivimman lainan l\u00f6yd\u00e4t <a href=\"https:\/\/www.top5credits.com\/fi\/lainavertailu\/\">lainavertailun<\/a> avulla.<\/p>\n\n\n\n<h2 class=\"wp-block-heading has-text-align-center\">Mink\u00e4 koron voin saada 4000e lainalle?<\/h2>\n\n\n\n<p>Voit saada lainaa 4000 verkosta todella edullisesti. Hakiessasi 4000 euron lainaa, todellinen vuosikorko on usein 4,19\u201338 %, hakijasta riippuen. Sin\u00e4 voit parantaa mahdollisuuksiasi saada edullista lainaa, <a href=\"https:\/\/www.top5credits.com\/fi\/kilpailuta-laina\/\">kilpailuttamalla lainasi<\/a>. Lainojen kilpailuttaminen parantaa mahdollisuuksiasi saada lainaa ja yleens\u00e4 saat sit\u00e4 my\u00f6s edullisimmilla lainaehdoilla. Lainatarjous on aina henkil\u00f6kohtainen eli lainan lopulliseen hintaan vaikuttaa lainantarjoajan tekem\u00e4n riskikartoitus hakijasta.<\/p>\n\n\n\n<p class=\"has-text-align-center\">Ketk\u00e4 tarjoavat 4000 euron lainoja?<\/p>\n\n\n\n<p>Useat eri lainantarjoajat tarjoavat 4000 euron lainoja. laina on viel\u00e4 sen verran pieni, ett\u00e4 lainan saa tilille. Vertailussamme on mukana isoja pankkeja ja pienempi\u00e4 verkossa toimivia lainantarjoajia. Vertailemme yli 50 pankkia, rahoituslaitosta ja lainanv\u00e4litt\u00e4j\u00e4\u00e4. Vertailemme muun muassa seuraavia lainapalveluita: <a href=\"https:\/\/www.top5credits.com\/fi\/arvostelut\/aktia\/\">Aktia<\/a>, <a href=\"https:\/\/www.top5credits.com\/fi\/arvostelut\/nordea\/\">Nordea<\/a>, <a href=\"https:\/\/www.arkadiarahoitus.fi\/\">Arkadia Rahoitus<\/a>, <a href=\"https:\/\/www.top5credits.com\/fi\/arvostelut\/resurs-bank\/\">Resurs Bank<\/a>, <a href=\"https:\/\/www.top5credits.com\/fi\/arvostelut\/komplett-bank\/\">Morrow Bank<\/a>, <a href=\"https:\/\/www.top5credits.com\/fi\/arvostelut\/santander\/\">Santander<\/a> ja monia muita. Koska lainapalveluita on hyvin runsaasti, niin sinun kannattaa vertailla eri vaihtoehdot huolellisesti ennen lainap\u00e4\u00e4t\u00f6ksen tekemist\u00e4.<\/p>\n\n\n\n<p>Pyrimme tekem\u00e4\u00e4n vertailusta mahdollisimman helpon ja kattavan ja siksi olemme tutkineet ja arvostelleet kaikki lainapalvelut perinpohjaisesti. Olemme jopa hakeneet oikeita lainatarjouksia, jotta sin\u00e4 voit k\u00e4ytt\u00e4\u00e4 arvosteluamme apuna oman lainaprosessisi l\u00e4piviemisess\u00e4. Arvostelun loppuun on lis\u00e4ksi listattu asiakkaiden mielipiteit\u00e4 palvelun laadusta.<\/p>\n\n\n\n<h2 class=\"wp-block-heading has-text-align-center\">Voiko hakea lainaa 4000 euroa yhteishakijan kanssa?<\/h2>\n\n\n\n<p>Isoja lainoja kannattaa aina hakea yhteishakijan kanssa. 4000 euron laina on kuitenkin suhteellisen pieni, joten saat k\u00e4ytt\u00e4\u00e4 omaa harkintaasi, tarvitsetko lainaan yhteishakijaa vaiko et. Yhteishakijasta on kuitenkin poikkeuksetta enemm\u00e4n hy\u00f6ty\u00e4, kun haittaa ja siksi lainaa kannattaa aina hakea jonkun toisen kanssa yhdess\u00e4. K\u00e4ytt\u00e4m\u00e4ll\u00e4 puolisoasi tai esimerkiksi sukulaistasi yhteishakijana, saat lainaa usein todenn\u00e4k\u00f6isemmin ja matalammalla korolla.&nbsp;&nbsp;<\/p>\n\n\n\n<figure class=\"wp-block-pullquote\"><blockquote><p><strong><span class=\"has-inline-color has-vivid-cyan-blue-color\">Hae lainaa aina jonkun toisen kanssa yhdess\u00e4, jos vain mahdollista<\/span><\/strong><\/p><\/blockquote><\/figure>\n\n\n\n<h2 class=\"wp-block-heading has-text-align-center\">Voinko maksaa 4000 euron lainan pois ennenaikaisesti?<\/h2>\n\n\n\n<p>Lainaa voi l\u00e4hes poikkeuksetta maksaa takaisin nopeammin, kun luottosopimukseen on m\u00e4\u00e4ritelty. Voit lyhent\u00e4\u00e4 4000 euron lainaasi my\u00f6s isommissa maksueriss\u00e4, mik\u00e4li se on taloudellisesti mahdollista ja j\u00e4rkev\u00e4\u00e4. Isommat lyhennyser\u00e4t pienent\u00e4v\u00e4t lainan lopullisia kustannuksia.<\/p>\n\n\n\n<p>Mik\u00e4li haluat lyhent\u00e4\u00e4 lainaasi nopeammin niin varmista, ett\u00e4 lyhennykset on kohdistettu avoimelle p\u00e4\u00e4omalle. Saat t\u00e4ll\u00f6in kaikkein suurimman rahallisen hy\u00f6dyn.<\/p>\n\n\n\n<h2 class=\"wp-block-heading has-text-align-center\">Lainaa 4000 euroa \u2013 Mihin voin k\u00e4ytt\u00e4\u00e4 4000 euron lainan?<\/h2>\n\n\n\n<p>4000 euron lainaa voi k\u00e4ytt\u00e4\u00e4 esimerkiksi matkusteluun pieneen pintaremonttiin, uuden television hankintaan ja moneen muuhun sinulle t\u00e4rke\u00e4\u00e4n asiaan. Vakuudettoman kulutusluoton edut ovat siin\u00e4, ett\u00e4 rahaa saa suhteellisen nopeasti, helposti ja ilman ylim\u00e4\u00e4r\u00e4ist\u00e4 selvitt\u00e4mist\u00e4 siit\u00e4 mihin tarkoitukseen lainaa nostetaan. <a href=\"https:\/\/www.top5credits.com\/fi\/vakuudettomat-lainat\/\">Vakuudeton laina<\/a> on siis eritt\u00e4in monipuolinen ja viel\u00e4 suhteellisen edullinen rahoitusratkaisu. Mihin ikin\u00e4 haetkaan lainaa, niin muista aina k\u00e4ytt\u00e4\u00e4 <a href=\"https:\/\/www.top5credits.com\/fi\/lainavertailu\/\">lainavertailua<\/a>, jotta l\u00f6yd\u00e4t itsellesi edullisimmat lainat.<\/p>\n\n\n\n<h2 class=\"wp-block-heading has-text-align-center\">Miten parannan mahdollisuuksiani saada 4000 euron lainan?<\/h2>\n\n\n\n<p>Mik\u00e4li et saa 4000 euron lainaa joltain lainantarjoajalta, suosittelemme hakemaan lainaa jostain muualta tai pienemp\u00e4\u00e4 lainasummaa. Alle on listattu useita konkreettisia ohjeita, joiden avulla saat lainaa todenn\u00e4k\u00f6isemmin.<\/p>\n\n\n\n<ul class=\"wp-block-list\">\n<li>Hae lainaa yhteishakijan esimerkiksi puolison kanssa<\/li>\n\n\n\n<li>Hae pienemp\u00e4\u00e4 lainaa<\/li>\n\n\n\n<li>Hanki tuloja esimerkiksi ty\u00f6st\u00e4 tai el\u00e4kkeest\u00e4<\/li>\n\n\n\n<li>Maksa vanhat lainat pois ennen uuden hakemista<\/li>\n\n\n\n<li><a href=\"https:\/\/www.top5credits.com\/fi\/kilpailuta-laina\/\">Kilpailuta laina<\/a><\/li>\n<\/ul>\n<\/div><\/div>\n","protected":false},"excerpt":{"rendered":"<p>Lainaa 4000 euroa &#8211; Vertaile ja valitse halvin Top5Credits.com vertaili kaikki 4000 euron lainat markkinoilla. Vertaile lainoja koron ja laina-ajan mukaan. Lue my\u00f6s plussat ja<\/p>\n<p class=\"more-link\">Jatka lukemista <span class=\"screen-reader-text\">Lainaa 4000<\/span><\/p>\n","protected":false},"author":11,"featured_media":549,"parent":350,"menu_order":0,"comment_status":"closed","ping_status":"closed","template":"page-results.php","meta":{"footnotes":""},"class_list":["post-2779","page","type-page","status-publish","has-post-thumbnail","hentry","entry"],"yoast_head":"<!-- This site is optimized with the Yoast SEO plugin v27.3 - https:\/\/yoast.com\/product\/yoast-seo-wordpress\/ -->\n<title>Lainaa 4000 euroa nopeasti ja helposti- Top5Credits.com Suomi<\/title>\n<meta name=\"description\" content=\"Vertailimme 4000 euron lainat ja selvitimme mink\u00e4laisella korolla 4000 euron lainan voi saada ja kuinka pitk\u00e4ksi aikaa. Vertaile ja hae lainaa.\" \/>\n<meta name=\"robots\" content=\"index, follow, max-snippet:-1, max-image-preview:large, max-video-preview:-1\" \/>\n<link rel=\"canonical\" href=\"https:\/\/www.top5credits.com\/fi\/lainavertailu\/lainaa-4000\/\" \/>\n<meta property=\"og:locale\" content=\"fi_FI\" \/>\n<meta property=\"og:type\" content=\"article\" \/>\n<meta property=\"og:title\" content=\"Lainaa 4000 euroa nopeasti ja helposti- Top5Credits.com Suomi\" \/>\n<meta property=\"og:description\" content=\"Vertailimme 4000 euron lainat ja selvitimme mink\u00e4laisella korolla 4000 euron lainan voi saada ja kuinka pitk\u00e4ksi aikaa. Vertaile ja hae lainaa.\" \/>\n<meta property=\"og:url\" content=\"https:\/\/www.top5credits.com\/fi\/lainavertailu\/lainaa-4000\/\" \/>\n<meta property=\"og:site_name\" content=\"Top5Credits.com Suomi\" \/>\n<meta property=\"article:publisher\" content=\"https:\/\/www.facebook.com\/Top5Creditscom-Suomi-878136912537066\" \/>\n<meta property=\"article:modified_time\" content=\"2023-06-02T05:30:16+00:00\" \/>\n<meta property=\"og:image\" content=\"https:\/\/cdn.top5credits.com\/fi\/wp-content\/uploads\/sites\/2\/2019\/12\/top5-teksti.jpg?cdn=1.1.2\" \/>\n\t<meta property=\"og:image:width\" content=\"1200\" \/>\n\t<meta property=\"og:image:height\" content=\"630\" \/>\n\t<meta property=\"og:image:type\" content=\"image\/jpeg\" \/>\n<meta name=\"twitter:card\" content=\"summary_large_image\" \/>\n<meta name=\"twitter:label1\" content=\"Arvioitu lukuaika\" \/>\n\t<meta name=\"twitter:data1\" content=\"7 minuuttia\" \/>\n<script type=\"application\/ld+json\" class=\"yoast-schema-graph\">{\"@context\":\"https:\\\/\\\/schema.org\",\"@graph\":[{\"@type\":\"WebPage\",\"@id\":\"https:\\\/\\\/www.top5credits.com\\\/fi\\\/lainavertailu\\\/lainaa-4000\\\/\",\"url\":\"https:\\\/\\\/www.top5credits.com\\\/fi\\\/lainavertailu\\\/lainaa-4000\\\/\",\"name\":\"Lainaa 4000 euroa nopeasti ja helposti- Top5Credits.com Suomi\",\"isPartOf\":{\"@id\":\"https:\\\/\\\/www.top5credits.com\\\/fi\\\/#website\"},\"primaryImageOfPage\":{\"@id\":\"https:\\\/\\\/www.top5credits.com\\\/fi\\\/lainavertailu\\\/lainaa-4000\\\/#primaryimage\"},\"image\":{\"@id\":\"https:\\\/\\\/www.top5credits.com\\\/fi\\\/lainavertailu\\\/lainaa-4000\\\/#primaryimage\"},\"thumbnailUrl\":\"https:\\\/\\\/www.top5credits.com\\\/fi\\\/wp-content\\\/uploads\\\/sites\\\/2\\\/2019\\\/06\\\/varjoreuna.png\",\"datePublished\":\"2020-02-12T11:50:29+00:00\",\"dateModified\":\"2023-06-02T05:30:16+00:00\",\"description\":\"Vertailimme 4000 euron lainat ja selvitimme mink\u00e4laisella korolla 4000 euron lainan voi saada ja kuinka pitk\u00e4ksi aikaa. Vertaile ja hae lainaa.\",\"breadcrumb\":{\"@id\":\"https:\\\/\\\/www.top5credits.com\\\/fi\\\/lainavertailu\\\/lainaa-4000\\\/#breadcrumb\"},\"inLanguage\":\"fi\",\"potentialAction\":[{\"@type\":\"ReadAction\",\"target\":[\"https:\\\/\\\/www.top5credits.com\\\/fi\\\/lainavertailu\\\/lainaa-4000\\\/\"]}]},{\"@type\":\"ImageObject\",\"inLanguage\":\"fi\",\"@id\":\"https:\\\/\\\/www.top5credits.com\\\/fi\\\/lainavertailu\\\/lainaa-4000\\\/#primaryimage\",\"url\":\"https:\\\/\\\/www.top5credits.com\\\/fi\\\/wp-content\\\/uploads\\\/sites\\\/2\\\/2019\\\/06\\\/varjoreuna.png\",\"contentUrl\":\"https:\\\/\\\/www.top5credits.com\\\/fi\\\/wp-content\\\/uploads\\\/sites\\\/2\\\/2019\\\/06\\\/varjoreuna.png\",\"width\":2000,\"height\":756,\"caption\":\"top5credits tausta\"},{\"@type\":\"BreadcrumbList\",\"@id\":\"https:\\\/\\\/www.top5credits.com\\\/fi\\\/lainavertailu\\\/lainaa-4000\\\/#breadcrumb\",\"itemListElement\":[{\"@type\":\"ListItem\",\"position\":1,\"name\":\"Top5Credits.com\",\"item\":\"https:\\\/\\\/www.top5credits.com\\\/fi\\\/\"},{\"@type\":\"ListItem\",\"position\":2,\"name\":\"Vertaile ja lainaa edullisesti\",\"item\":\"https:\\\/\\\/www.top5credits.com\\\/fi\\\/lainavertailu\\\/\"},{\"@type\":\"ListItem\",\"position\":3,\"name\":\"Lainaa 4000\"}]},{\"@type\":\"WebSite\",\"@id\":\"https:\\\/\\\/www.top5credits.com\\\/fi\\\/#website\",\"url\":\"https:\\\/\\\/www.top5credits.com\\\/fi\\\/\",\"name\":\"Top5Credits.com Suomi\",\"description\":\"Laittaa lainat j\u00e4rjestykseen\",\"publisher\":{\"@id\":\"https:\\\/\\\/www.top5credits.com\\\/fi\\\/#organization\"},\"potentialAction\":[{\"@type\":\"SearchAction\",\"target\":{\"@type\":\"EntryPoint\",\"urlTemplate\":\"https:\\\/\\\/www.top5credits.com\\\/fi\\\/?s={search_term_string}\"},\"query-input\":{\"@type\":\"PropertyValueSpecification\",\"valueRequired\":true,\"valueName\":\"search_term_string\"}}],\"inLanguage\":\"fi\"},{\"@type\":\"Organization\",\"@id\":\"https:\\\/\\\/www.top5credits.com\\\/fi\\\/#organization\",\"name\":\"Top5Credits.com\",\"url\":\"https:\\\/\\\/www.top5credits.com\\\/fi\\\/\",\"logo\":{\"@type\":\"ImageObject\",\"inLanguage\":\"fi\",\"@id\":\"https:\\\/\\\/www.top5credits.com\\\/fi\\\/#\\\/schema\\\/logo\\\/image\\\/\",\"url\":\"https:\\\/\\\/cdn.top5credits.com\\\/fi\\\/wp-content\\\/uploads\\\/sites\\\/2\\\/2023\\\/10\\\/t5c-favicon.png\",\"contentUrl\":\"https:\\\/\\\/cdn.top5credits.com\\\/fi\\\/wp-content\\\/uploads\\\/sites\\\/2\\\/2023\\\/10\\\/t5c-favicon.png\",\"width\":512,\"height\":512,\"caption\":\"Top5Credits.com\"},\"image\":{\"@id\":\"https:\\\/\\\/www.top5credits.com\\\/fi\\\/#\\\/schema\\\/logo\\\/image\\\/\"},\"sameAs\":[\"https:\\\/\\\/www.facebook.com\\\/Top5Creditscom-Suomi-878136912537066\"]}]}<\/script>\n<!-- \/ Yoast SEO plugin. -->","yoast_head_json":{"title":"Lainaa 4000 euroa nopeasti ja helposti- Top5Credits.com Suomi","description":"Vertailimme 4000 euron lainat ja selvitimme mink\u00e4laisella korolla 4000 euron lainan voi saada ja kuinka pitk\u00e4ksi aikaa. Vertaile ja hae lainaa.","robots":{"index":"index","follow":"follow","max-snippet":"max-snippet:-1","max-image-preview":"max-image-preview:large","max-video-preview":"max-video-preview:-1"},"canonical":"https:\/\/www.top5credits.com\/fi\/lainavertailu\/lainaa-4000\/","og_locale":"fi_FI","og_type":"article","og_title":"Lainaa 4000 euroa nopeasti ja helposti- Top5Credits.com Suomi","og_description":"Vertailimme 4000 euron lainat ja selvitimme mink\u00e4laisella korolla 4000 euron lainan voi saada ja kuinka pitk\u00e4ksi aikaa. Vertaile ja hae lainaa.","og_url":"https:\/\/www.top5credits.com\/fi\/lainavertailu\/lainaa-4000\/","og_site_name":"Top5Credits.com Suomi","article_publisher":"https:\/\/www.facebook.com\/Top5Creditscom-Suomi-878136912537066","article_modified_time":"2023-06-02T05:30:16+00:00","og_image":[{"width":1200,"height":630,"url":"https:\/\/cdn.top5credits.com\/fi\/wp-content\/uploads\/sites\/2\/2019\/12\/top5-teksti.jpg?cdn=1.1.2","type":"image\/jpeg"}],"twitter_card":"summary_large_image","twitter_misc":{"Arvioitu lukuaika":"7 minuuttia"},"schema":{"@context":"https:\/\/schema.org","@graph":[{"@type":"WebPage","@id":"https:\/\/www.top5credits.com\/fi\/lainavertailu\/lainaa-4000\/","url":"https:\/\/www.top5credits.com\/fi\/lainavertailu\/lainaa-4000\/","name":"Lainaa 4000 euroa nopeasti ja helposti- Top5Credits.com Suomi","isPartOf":{"@id":"https:\/\/www.top5credits.com\/fi\/#website"},"primaryImageOfPage":{"@id":"https:\/\/www.top5credits.com\/fi\/lainavertailu\/lainaa-4000\/#primaryimage"},"image":{"@id":"https:\/\/www.top5credits.com\/fi\/lainavertailu\/lainaa-4000\/#primaryimage"},"thumbnailUrl":"https:\/\/cdn.top5credits.com\/fi\/wp-content\/uploads\/sites\/2\/2019\/06\/varjoreuna.png?cdn=1.1.2","datePublished":"2020-02-12T11:50:29+00:00","dateModified":"2023-06-02T05:30:16+00:00","description":"Vertailimme 4000 euron lainat ja selvitimme mink\u00e4laisella korolla 4000 euron lainan voi saada ja kuinka pitk\u00e4ksi aikaa. Vertaile ja hae lainaa.","breadcrumb":{"@id":"https:\/\/www.top5credits.com\/fi\/lainavertailu\/lainaa-4000\/#breadcrumb"},"inLanguage":"fi","potentialAction":[{"@type":"ReadAction","target":["https:\/\/www.top5credits.com\/fi\/lainavertailu\/lainaa-4000\/"]}]},{"@type":"ImageObject","inLanguage":"fi","@id":"https:\/\/www.top5credits.com\/fi\/lainavertailu\/lainaa-4000\/#primaryimage","url":"https:\/\/cdn.top5credits.com\/fi\/wp-content\/uploads\/sites\/2\/2019\/06\/varjoreuna.png?cdn=1.1.2","contentUrl":"https:\/\/cdn.top5credits.com\/fi\/wp-content\/uploads\/sites\/2\/2019\/06\/varjoreuna.png?cdn=1.1.2","width":2000,"height":756,"caption":"top5credits tausta"},{"@type":"BreadcrumbList","@id":"https:\/\/www.top5credits.com\/fi\/lainavertailu\/lainaa-4000\/#breadcrumb","itemListElement":[{"@type":"ListItem","position":1,"name":"Top5Credits.com","item":"https:\/\/www.top5credits.com\/fi\/"},{"@type":"ListItem","position":2,"name":"Vertaile ja lainaa edullisesti","item":"https:\/\/www.top5credits.com\/fi\/lainavertailu\/"},{"@type":"ListItem","position":3,"name":"Lainaa 4000"}]},{"@type":"WebSite","@id":"https:\/\/www.top5credits.com\/fi\/#website","url":"https:\/\/www.top5credits.com\/fi\/","name":"Top5Credits.com Suomi","description":"Laittaa lainat j\u00e4rjestykseen","publisher":{"@id":"https:\/\/www.top5credits.com\/fi\/#organization"},"potentialAction":[{"@type":"SearchAction","target":{"@type":"EntryPoint","urlTemplate":"https:\/\/www.top5credits.com\/fi\/?s={search_term_string}"},"query-input":{"@type":"PropertyValueSpecification","valueRequired":true,"valueName":"search_term_string"}}],"inLanguage":"fi"},{"@type":"Organization","@id":"https:\/\/www.top5credits.com\/fi\/#organization","name":"Top5Credits.com","url":"https:\/\/www.top5credits.com\/fi\/","logo":{"@type":"ImageObject","inLanguage":"fi","@id":"https:\/\/www.top5credits.com\/fi\/#\/schema\/logo\/image\/","url":"https:\/\/cdn.top5credits.com\/fi\/wp-content\/uploads\/sites\/2\/2023\/10\/t5c-favicon.png","contentUrl":"https:\/\/cdn.top5credits.com\/fi\/wp-content\/uploads\/sites\/2\/2023\/10\/t5c-favicon.png","width":512,"height":512,"caption":"Top5Credits.com"},"image":{"@id":"https:\/\/www.top5credits.com\/fi\/#\/schema\/logo\/image\/"},"sameAs":["https:\/\/www.facebook.com\/Top5Creditscom-Suomi-878136912537066"]}]}},"_links":{"self":[{"href":"https:\/\/www.top5credits.com\/fi\/wp-json\/wp\/v2\/pages\/2779","targetHints":{"allow":["GET"]}}],"collection":[{"href":"https:\/\/www.top5credits.com\/fi\/wp-json\/wp\/v2\/pages"}],"about":[{"href":"https:\/\/www.top5credits.com\/fi\/wp-json\/wp\/v2\/types\/page"}],"author":[{"embeddable":true,"href":"https:\/\/www.top5credits.com\/fi\/wp-json\/wp\/v2\/users\/11"}],"replies":[{"embeddable":true,"href":"https:\/\/www.top5credits.com\/fi\/wp-json\/wp\/v2\/comments?post=2779"}],"version-history":[{"count":0,"href":"https:\/\/www.top5credits.com\/fi\/wp-json\/wp\/v2\/pages\/2779\/revisions"}],"up":[{"embeddable":true,"href":"https:\/\/www.top5credits.com\/fi\/wp-json\/wp\/v2\/pages\/350"}],"wp:featuredmedia":[{"embeddable":true,"href":"https:\/\/www.top5credits.com\/fi\/wp-json\/wp\/v2\/media\/549"}],"wp:attachment":[{"href":"https:\/\/www.top5credits.com\/fi\/wp-json\/wp\/v2\/media?parent=2779"}],"curies":[{"name":"wp","href":"https:\/\/api.w.org\/{rel}","templated":true}]}}