{"id":2781,"date":"2020-02-12T13:35:09","date_gmt":"2020-02-12T11:35:09","guid":{"rendered":"https:\/\/www.top5credits.com\/fi\/?page_id=2781"},"modified":"2023-03-31T15:12:43","modified_gmt":"2023-03-31T12:12:43","slug":"lainaa-15000","status":"publish","type":"page","link":"https:\/\/www.top5credits.com\/fi\/lainavertailu\/lainaa-15000\/","title":{"rendered":"Lainaa 15000"},"content":{"rendered":"\n<div class=\"wp-block-group first-section\"><div class=\"wp-block-group__inner-container is-layout-flow wp-block-group-is-layout-flow\">\n<h1 class=\"has-text-align-center compare-title wp-block-heading\">Lainaa 15 000 euroa halvalla korolla<\/h1>\n\n\n\n<p class=\"has-text-align-center compare-title\">Top5Credits.com on vertaillut kaikki 15 000 euron lainat Suomessa. Voit vertailla lainoja esimerkiksi koron ja laina-ajan perusteella. Lis\u00e4ksi voit lukea plussat ja miinukset lainoista sek\u00e4 tutustua kattaviin arvosteluihin eri lainapalveluista. Vertaile ja hae laina 15 000 eurolle heti.<\/p>\n\n\n\n\n<\/div><\/div>\n\n\n\n\n\n\n<div class=\"top-results palkkio\">\n<span class=\"huomiomerkki\">!<\/span> Saamamme palkkio vaikuttaa listauksen j\u00e4rjestykseen &#8211; lue lis\u00e4\u00e4 <span class=\"plus-trigger\">+<\/span>\n<p>Top5Credits.com on t\u00e4ysin ilmainen palvelu, jonka tarkoitus on antaa k\u00e4ytt\u00e4jilleen hy\u00f6dyllist\u00e4 tietoa ja sis\u00e4lt\u00f6\u00e4. Vertailemme lainoja ja arvostelemme lainapalveluita rehellisesti. Jotta voimme pit\u00e4\u00e4 palvelun ilmaisena, saamme yhteisty\u00f6kumppaneiltamme palkkion heille ohjatuista asiakkaista ja palkkion suuruus vaikuttaa listauksen j\u00e4rjestykseen.<\/p>\n<\/div>\n\n\n\n<h2 class=\"has-text-align-center wp-block-heading\">Lainaa 15 000 euroa jopa 18 vuoden takaisinmaksuajalla<\/h2>\n\n\n\n<p>Moni lainanhakija kiinnitt\u00e4\u00e4 huomiota lainan kuukausier\u00e4n suuruuteen takaisinmaksuajan kustannuksella, mik\u00e4 voi k\u00e4yd\u00e4 yll\u00e4tt\u00e4v\u00e4n kalliiksi haettaessa suurta, esimerkiksi 15000 euron lainaa. Voit hakea lainaa jopa noin 18 vuoden maksuajalla, mutta muista, ett\u00e4 maksuajan pident\u00e4minen tiet\u00e4\u00e4 l\u00e4hes aina rahan menetyst\u00e4 \u2013 ja mit\u00e4 suurempi summa, sit\u00e4 isompi lovi lompakossa. Siisp\u00e4: <a href=\"https:\/\/www.top5credits.com\/fi\/lainavertailu\/\">vertaile lainat<\/a> tarkasti ja hy\u00f6dynn\u00e4 tarpeen vaatiessa <a href=\"https:\/\/www.top5credits.com\/fi\/lainalaskuri\/\">lainalaskuria<\/a>, joka laskee lainan kokonaiskulut ja kuukausier\u00e4n puolestasi ilmaiseksi.<\/p>\n\n\n\n<h2 class=\"has-text-align-center wp-block-heading\">Lainaa 15000 euroa ilman vakuuksia<strong><\/strong><\/h2>\n\n\n\n<p>Monet kivijalkapankit tarjoavat kulutusluottoa suurille lainasummille, mutta ne vaativat hakijalta vakuuden. Jos haet esimerkiksi lainaa 15000 euroa  ja vakuutat sen vaikkapa autoasi vastaan, voit pahimmassa tapauksessa joutua luovuttamaan ajoneuvosi pankille. <a href=\"https:\/\/www.top5credits.com\/fi\/vakuudettomat-lainat\/\">Vakuudettomassa lainassa<\/a> t\u00e4t\u00e4 pelkoa ei sen sijaan ole, ja nykyisin vakuudettomien lainatuotteiden korot ovat suuren kysynn\u00e4n vuoksi kilpailukykyisi\u00e4 vakuudellisten lainojen kanssa. Parasta vakuudettomissa lainoissa on se, ett\u00e4 niit\u00e4 voi hakea ja vertailla helposti <a href=\"https:\/\/www.top5credits.com\/fi\/lainavertailu\/\">lainavertailupalvelussa<\/a>. Voit hakea vaikkapa 15000 euron <a href=\"https:\/\/www.top5credits.com\/fi\/autolaina\/\">autolainaa<\/a> helposti kotisohvaltasi.<\/p>\n\n\n\n<h2 class=\"has-text-align-center wp-block-heading\">Lainaa 15000 \u20ac &#8211; Miksi kannattaa k\u00e4ytt\u00e4\u00e4 lainavertailua?<\/h2>\n\n\n\n<p>Top5Credits on kehitt\u00e4nyt helppok\u00e4ytt\u00f6isen ja 100 % ilmaisen lainavertailua tekev\u00e4n palvelun. Kokoamme yli 50 pankkia, rahoituslaitosta ja lainanv\u00e4litt\u00e4j\u00e4\u00e4 yhteen paikkaan. Suosittelemme k\u00e4ytt\u00e4m\u00e4\u00e4n lainavertailuamme, koska sen k\u00e4ytt\u00e4minen on 100 % ilmaista eik\u00e4 se sido sinua mihink\u00e4\u00e4n.<\/p>\n\n\n\n<p><strong>Sinun kannattaa hy\u00f6dynt\u00e4\u00e4 palveluamme, kun haet lainaa 15000 \u20ac koska:<\/strong><\/p>\n\n\n\n<ul class=\"wp-block-list\">\n<li>S\u00e4\u00e4st\u00e4t paljon aikaa. Lainahakemuksen t\u00e4ytt\u00e4minen muutaman minuutin.<\/li>\n<\/ul>\n\n\n\n<ul class=\"wp-block-list\">\n<li>Voit s\u00e4\u00e4st\u00e4\u00e4 isonkin summan rahaa. L\u00f6yd\u00e4 edullisin 15000 lainan avullamme ja s\u00e4\u00e4st\u00e4 koroissa ja kuluissa.<\/li>\n<\/ul>\n\n\n\n<ul class=\"wp-block-list\">\n<li>Vertailemme yli 50 pankkia, rahoituslaitosta ja lainanv\u00e4litt\u00e4j\u00e4\u00e4.<\/li>\n<\/ul>\n\n\n\n<ul class=\"wp-block-list\">\n<li>Palvelumme on 100 % maksuton<\/li>\n<\/ul>\n\n\n\n<ul class=\"wp-block-list\">\n<li><a href=\"https:\/\/www.top5credits.com\/fi\/lainavertailu\/\"><strong>Lainavertailu<\/strong><\/a> ei sido sinua mihink\u00e4\u00e4n<\/li>\n<\/ul>\n\n\n\n<ul class=\"wp-block-list\">\n<li>Saat viisi sinulle parhaiten sopivaa lainavaihtoehtoa muutamassa minuutissa. Voit vertailla eri lainoja k\u00e4tev\u00e4sti saamiesi linkkien avulla.<\/li>\n<\/ul>\n\n\n\n<ul class=\"wp-block-list\">\n<li>Voit lukea aitoja arvosteluja sek\u00e4 k\u00e4ytt\u00e4jien antamia arvioita eri lainantarjoajista.<\/li>\n<\/ul>\n\n\n\n<ul class=\"wp-block-list\">\n<li>Palvelumme on turvallinen<\/li>\n<\/ul>\n\n\n\n<p><strong>Me Top5Creditsill\u00e4 emme my\u00f6nn\u00e4 lainaa, vaan teet luottosopimuksen aina lainantarjoajan kanssa. Me pyrimme vain varmistamaan, ett\u00e4 sin\u00e4 saat lainaa mahdollisimman edullisesti.<\/strong><\/p>\n\n\n\n<figure class=\"wp-block-pullquote\"><blockquote><p><strong><span class=\"has-inline-color has-vivid-cyan-blue-color\">P\u00e4ivit\u00e4mme lainantarjoajien listaa jatkuvasti, jotta sin\u00e4 saisit aina parhaat mahdolliset lainatarjoukset<\/span><\/strong><\/p><\/blockquote><\/figure>\n\n\n<div class=\"wp-block-image\">\n<figure class=\"aligncenter size-full is-resized\"><img loading=\"lazy\" decoding=\"async\" src=\"https:\/\/cdn.top5credits.com\/fi\/wp-content\/uploads\/sites\/2\/2020\/11\/lainaa-15000-top5credits.jpg\" alt=\"15000 lainaa top5credits kautta\" class=\"wp-image-7594\" width=\"574\" height=\"206\" srcset=\"https:\/\/cdn.top5credits.com\/fi\/wp-content\/uploads\/sites\/2\/2020\/11\/lainaa-15000-top5credits.jpg?cdn=1.1.2 765w, https:\/\/cdn.top5credits.com\/fi\/wp-content\/uploads\/sites\/2\/2020\/11\/lainaa-15000-top5credits-300x107.jpg?cdn=1.1.2 300w\" sizes=\"auto, (max-width: 574px) 100vw, 574px\" \/><\/figure>\n<\/div>\n\n\n<h2 class=\"has-text-align-center wp-block-heading\">Mill\u00e4 ehdoilla 15000 euron lainan voi saada?<strong><\/strong><\/h2>\n\n\n\n<p>Pankit ja rahoituslaitokset eiv\u00e4t my\u00f6nn\u00e4 lainaa kenelle tahansa. Tavallisia lainan v\u00e4himm\u00e4isehtoja ovat t\u00e4ysi-ik\u00e4isyys ja s\u00e4\u00e4nn\u00f6lliset tulot esimerkiksi vakituisesta ty\u00f6st\u00e4, omasta yrityksest\u00e4 tai el\u00e4kkeest\u00e4. Yleens\u00e4 edellytyksen\u00e4 on my\u00f6s se, ett\u00e4 hakija on asunut Suomessa v\u00e4hint\u00e4\u00e4n kahden vuoden ajan. Kielteiseen p\u00e4\u00e4t\u00f6kseen voi puolestaan liitty\u00e4 voimassa oleva maksuh\u00e4iri\u00f6 tai se, ett\u00e4 hakijan maksukyky ei yksinkertaisesti riit\u00e4 haetulle lainasummalle. Jokaisella pankilla ja rahoituslaitoksella on omat ehtonsa, joihin voi tutustua yrityksen verkkosivuilla.<\/p>\n\n\n<div class=\"wp-block-image\">\n<figure class=\"aligncenter size-full is-resized\"><img loading=\"lazy\" decoding=\"async\" src=\"https:\/\/cdn.top5credits.com\/fi\/wp-content\/uploads\/sites\/2\/2020\/11\/Lainaa-15000-ketka-voivat-saada-15000-lainan.jpg\" alt=\"15000 laina - kenelle my\u00f6nnet\u00e4\u00e4n lainaa 15000\" class=\"wp-image-7595\" width=\"384\" height=\"416\" srcset=\"https:\/\/cdn.top5credits.com\/fi\/wp-content\/uploads\/sites\/2\/2020\/11\/Lainaa-15000-ketka-voivat-saada-15000-lainan.jpg?cdn=1.1.2 512w, https:\/\/cdn.top5credits.com\/fi\/wp-content\/uploads\/sites\/2\/2020\/11\/Lainaa-15000-ketka-voivat-saada-15000-lainan-277x300.jpg?cdn=1.1.2 277w\" sizes=\"auto, (max-width: 384px) 100vw, 384px\" \/><\/figure>\n<\/div>\n\n\n<h2 class=\"has-text-align-center wp-block-heading\">Kuinka nopeasti 15000 euron luoton voi saada tilille?<strong><\/strong><\/h2>\n\n\n\n<p>Tavallisesti 15000 euron lainaa pidet\u00e4\u00e4n niin merkitt\u00e4v\u00e4n kokoisena, ett\u00e4 sit\u00e4 ei saa sormia napsauttamalla. T\u00e4m\u00e4n kokoluokan lainoihin kannattaa yleens\u00e4 varata v\u00e4hint\u00e4\u00e4n pari kolme pankkip\u00e4iv\u00e4\u00e4. Luottop\u00e4\u00e4t\u00f6ksen voi sen sijaan usein saada jopa saman tien \u2013 kokemuksemme mukaan nopeita luottop\u00e4\u00e4t\u00f6ksi\u00e4 suurille lainasummille tekev\u00e4t esimerkiksi <a href=\"https:\/\/www.top5credits.com\/fi\/arvostelut\/omalaina-fi\/\">Omalaina<\/a> ja <a href=\"https:\/\/www.top5credits.com\/fi\/arvostelut\/instabank\/\">Instabank<\/a>.<\/p>\n\n\n\n<p>Jos sinulla ei ole kuitenkaan kiire lainan nostamisen kanssa, niin suosittelemme vertaamaan kaikkia lainantarjoajia. 15000 lainaa saa nykyisin todella monelta eri pankilta ja rahoituslaitokselta, joka voi tehd\u00e4 vertailusta hieman haasteellista. Lainavertailumme avulla voit kuitenkin helposti tutkia eri vaihtoehtoja yhdess\u00e4 paikassa ja parhaimmillaan voit samalla s\u00e4\u00e4st\u00e4\u00e4 jopa useita satoja, ellet jopa tuhansia euroja lainakuluissa. Vertaimelle muun muassa seuraavia pankkeja, rahoituslaitoksia ja lainanv\u00e4litt\u00e4ji\u00e4, jotka tarjoavat 15000 euron lainoja: <a href=\"https:\/\/www.top5credits.com\/fi\/arvostelut\/freedom-rahoitus\/\">Freedom rahoitus<\/a>, <a href=\"https:\/\/www.top5credits.com\/fi\/arvostelut\/tf-bank\/\">TF Bank<\/a>, <a href=\"https:\/\/www.top5credits.com\/fi\/arvostelut\/aktia\/\">Aktia<\/a>, <a href=\"https:\/\/www.top5credits.com\/fi\/arvostelut\/svea-ekonomi\/\">Svea<\/a>, <a href=\"https:\/\/www.arkadiarahoitus.fi\/\">Arkadia Rahoitus<\/a>, <a href=\"https:\/\/www.top5credits.com\/fi\/arvostelut\/nordea\/\">Nordea<\/a> ja monia muita.<\/p>\n\n\n\n<h2 class=\"has-text-align-center wp-block-heading\">Mill\u00e4 korolla voin saada 15000 euroa lainaa?<\/h2>\n\n\n\n<p>Voit saada verkosta 15000 euron lainan verkosta todella edullisesti. Hakiessasi 15000 euron lainaa, todellinen vuosikorko on yleens\u00e4 4,19\u201338 %. Voit parantaa mahdollisuuksiasi saada edullisen 15000 lainan kilpailuttamalla summan usealla eri lainantarjoajalla. <a href=\"https:\/\/www.top5credits.com\/fi\/kilpailuta-laina\/\">Lainan kilpailuttaminen<\/a> parantaa mahdollisuuksiasi saada lainaa ja yleens\u00e4 saat lainaa my\u00f6s paremmilla ehdoilla, eli edullisemmin. Huomioithan, ett\u00e4 lainatarjous on kuitenkin aina henkil\u00f6kohtainen ja lainan lopullinen hinta m\u00e4\u00e4r\u00e4ytyy lainantarjoajan tekem\u00e4n riskikartoituksen perusteella.<\/p>\n\n\n\n<h2 class=\"has-text-align-center wp-block-heading\">Miten yhteishakija vaikuttaa 15000 euron luoton hintaan?<\/h2>\n\n\n\n<p>Isoja lainoja kannattaa aina hakea yhteishakijan kanssa. T\u00e4m\u00e4 johtuu siit\u00e4, ett\u00e4 isoa esimerkiksi 15000 euron lainaa voi olla todella vaikea saada, jos sit\u00e4 yritt\u00e4\u00e4 hakea yksin. Yhteishakija pienent\u00e4\u00e4 lainaamisen riski\u00e4, joten lainantarjoaja my\u00f6nt\u00e4\u00e4 lainaa todenn\u00e4k\u00f6isemmin ja ennen kaikkea matalammalla korolla. Yhteishakijana voi toimia sukulainen tai puoliso, mutta asia kannattaa viel\u00e4 erikseen tarkistaa lainantarjoajaltasi.<\/p>\n\n\n\n<figure class=\"wp-block-pullquote\"><blockquote><p><strong><span class=\"has-inline-color has-vivid-cyan-blue-color\">Hae lainaa aina yhteishakijan kanssa, mik\u00e4li vain mahdollista<\/span><\/strong><\/p><\/blockquote><\/figure>\n\n\n\n<h2 class=\"has-text-align-center wp-block-heading\">Tarvitseeko minun toimittaa jotain liitteit\u00e4 15000 euron lainaa varten?<\/h2>\n\n\n\n<p>15 000 euron laina on jo niin suuri, ett\u00e4 lainantarjoaja vaatii melko varmasti sinua toimittamaan todistuksen tuloistasi. Liitteiden toimituksella varmistetaan maksukykysi eli se, ett\u00e4 sinulla on oikeasti mahdollisuus maksaa laina takaisin. Voit toimittaa tarvittavat liitteet yeens\u00e4 s\u00e4hk\u00f6isess\u00e4 muodossa, joka helpottaa ja nopeuttaa lainaprosessia huomattavasti.<\/p>\n\n\n\n<h2 class=\"has-text-align-center wp-block-heading\">Voinko maksaa 15000 \u20ac lainan pois ennenaikaisesti?<\/h2>\n\n\n\n<p>Lainaa voi l\u00e4hes poikkeuksetta maksaa pois nopeammassa tahdissa, kun luottosopimuksessa on m\u00e4\u00e4ritelty. Voit lyhent\u00e4\u00e4 15000 euron lainaasi my\u00f6s isommissa maksueriss\u00e4, jolloin lainan lopulliset kustannukset pienenev\u00e4t.<\/p>\n\n\n\n<p>Mik\u00e4li haluat lyhent\u00e4\u00e4 lainaasi nopeammassa tahdissa, niin varmista, ett\u00e4 lyhennykset kohdistetaan avoimelle lainap\u00e4\u00e4omalle. Saat itsellesi kaikkein suurimman rahallisen hy\u00f6dyn, kun lyhennys kohdistetaan avoimeen p\u00e4\u00e4omaan.<\/p>\n\n\n\n<h2 class=\"has-text-align-center wp-block-heading\">Lainaa 15000 &#8211; Mihin kaikkeen 15000 euron laina sopii?<\/h2>\n\n\n\n<p>15000 euron laina sopii remonttiin, autoon, moottoripy\u00f6r\u00e4\u00e4n ja esimerkiksi <a href=\"https:\/\/www.top5credits.com\/fi\/lainojen-yhdistaminen\/\">lainojen yhdist\u00e4miseen<\/a>. Vakuudetonta lainaa voi k\u00e4ytt\u00e4\u00e4 lukemattomiin eri tarkoituksiin, joka tekee siit\u00e4 eritt\u00e4in monipuolisen lainan. Haet lainaa lopulta mihin tahansa, niin muista ehdottomasti tehd\u00e4 <a href=\"https:\/\/www.top5credits.com\/fi\/lainavertailu\/\">lainavertailua<\/a>, jotta saat mahdollisimman halpaa lainaa.<\/p>\n","protected":false},"excerpt":{"rendered":"<p>Lainaa 15 000 euroa halvalla korolla Top5Credits.com on vertaillut kaikki 15 000 euron lainat Suomessa. Voit vertailla lainoja esimerkiksi koron ja laina-ajan perusteella. Lis\u00e4ksi voit<\/p>\n<p class=\"more-link\">Jatka lukemista <span class=\"screen-reader-text\">Lainaa 15000<\/span><\/p>\n","protected":false},"author":11,"featured_media":549,"parent":350,"menu_order":0,"comment_status":"closed","ping_status":"closed","template":"page-results.php","meta":{"footnotes":""},"class_list":["post-2781","page","type-page","status-publish","has-post-thumbnail","hentry","entry"],"yoast_head":"<!-- This site is optimized with the Yoast SEO plugin v27.3 - https:\/\/yoast.com\/product\/yoast-seo-wordpress\/ -->\n<title>Lainaa 15000 euroa - Katso parhaat vaihtoehdot - Top5Credits.com Suomi<\/title>\n<meta name=\"description\" content=\"Vertailimme 15000 euron lainat ja selvitimme mink\u00e4laisella korolla 15000 euron lainan voi saada ja kuinka pitk\u00e4ksi aikaa. Vertaile ja hae lainaa.\" \/>\n<meta name=\"robots\" content=\"index, follow, max-snippet:-1, max-image-preview:large, max-video-preview:-1\" \/>\n<link rel=\"canonical\" href=\"https:\/\/www.top5credits.com\/fi\/lainavertailu\/lainaa-15000\/\" \/>\n<meta property=\"og:locale\" content=\"fi_FI\" \/>\n<meta property=\"og:type\" content=\"article\" \/>\n<meta property=\"og:title\" content=\"Lainaa 15000 euroa - Katso parhaat vaihtoehdot - Top5Credits.com Suomi\" \/>\n<meta property=\"og:description\" content=\"Vertailimme 15000 euron lainat ja selvitimme mink\u00e4laisella korolla 15000 euron lainan voi saada ja kuinka pitk\u00e4ksi aikaa. Vertaile ja hae lainaa.\" \/>\n<meta property=\"og:url\" content=\"https:\/\/www.top5credits.com\/fi\/lainavertailu\/lainaa-15000\/\" \/>\n<meta property=\"og:site_name\" content=\"Top5Credits.com Suomi\" \/>\n<meta property=\"article:publisher\" content=\"https:\/\/www.facebook.com\/Top5Creditscom-Suomi-878136912537066\" \/>\n<meta property=\"article:modified_time\" content=\"2023-03-31T12:12:43+00:00\" \/>\n<meta property=\"og:image\" content=\"https:\/\/cdn.top5credits.com\/fi\/wp-content\/uploads\/sites\/2\/2019\/12\/top5-teksti.jpg?cdn=1.1.2\" \/>\n\t<meta property=\"og:image:width\" content=\"1200\" \/>\n\t<meta property=\"og:image:height\" content=\"630\" \/>\n\t<meta property=\"og:image:type\" content=\"image\/jpeg\" \/>\n<meta name=\"twitter:card\" content=\"summary_large_image\" \/>\n<meta name=\"twitter:label1\" content=\"Arvioitu lukuaika\" \/>\n\t<meta name=\"twitter:data1\" content=\"6 minuuttia\" \/>\n<script type=\"application\/ld+json\" class=\"yoast-schema-graph\">{\"@context\":\"https:\\\/\\\/schema.org\",\"@graph\":[{\"@type\":\"WebPage\",\"@id\":\"https:\\\/\\\/www.top5credits.com\\\/fi\\\/lainavertailu\\\/lainaa-15000\\\/\",\"url\":\"https:\\\/\\\/www.top5credits.com\\\/fi\\\/lainavertailu\\\/lainaa-15000\\\/\",\"name\":\"Lainaa 15000 euroa - Katso parhaat vaihtoehdot - Top5Credits.com Suomi\",\"isPartOf\":{\"@id\":\"https:\\\/\\\/www.top5credits.com\\\/fi\\\/#website\"},\"primaryImageOfPage\":{\"@id\":\"https:\\\/\\\/www.top5credits.com\\\/fi\\\/lainavertailu\\\/lainaa-15000\\\/#primaryimage\"},\"image\":{\"@id\":\"https:\\\/\\\/www.top5credits.com\\\/fi\\\/lainavertailu\\\/lainaa-15000\\\/#primaryimage\"},\"thumbnailUrl\":\"https:\\\/\\\/www.top5credits.com\\\/fi\\\/wp-content\\\/uploads\\\/sites\\\/2\\\/2019\\\/06\\\/varjoreuna.png\",\"datePublished\":\"2020-02-12T11:35:09+00:00\",\"dateModified\":\"2023-03-31T12:12:43+00:00\",\"description\":\"Vertailimme 15000 euron lainat ja selvitimme mink\u00e4laisella korolla 15000 euron lainan voi saada ja kuinka pitk\u00e4ksi aikaa. Vertaile ja hae lainaa.\",\"breadcrumb\":{\"@id\":\"https:\\\/\\\/www.top5credits.com\\\/fi\\\/lainavertailu\\\/lainaa-15000\\\/#breadcrumb\"},\"inLanguage\":\"fi\",\"potentialAction\":[{\"@type\":\"ReadAction\",\"target\":[\"https:\\\/\\\/www.top5credits.com\\\/fi\\\/lainavertailu\\\/lainaa-15000\\\/\"]}]},{\"@type\":\"ImageObject\",\"inLanguage\":\"fi\",\"@id\":\"https:\\\/\\\/www.top5credits.com\\\/fi\\\/lainavertailu\\\/lainaa-15000\\\/#primaryimage\",\"url\":\"https:\\\/\\\/www.top5credits.com\\\/fi\\\/wp-content\\\/uploads\\\/sites\\\/2\\\/2019\\\/06\\\/varjoreuna.png\",\"contentUrl\":\"https:\\\/\\\/www.top5credits.com\\\/fi\\\/wp-content\\\/uploads\\\/sites\\\/2\\\/2019\\\/06\\\/varjoreuna.png\",\"width\":2000,\"height\":756,\"caption\":\"top5credits tausta\"},{\"@type\":\"BreadcrumbList\",\"@id\":\"https:\\\/\\\/www.top5credits.com\\\/fi\\\/lainavertailu\\\/lainaa-15000\\\/#breadcrumb\",\"itemListElement\":[{\"@type\":\"ListItem\",\"position\":1,\"name\":\"Top5Credits.com\",\"item\":\"https:\\\/\\\/www.top5credits.com\\\/fi\\\/\"},{\"@type\":\"ListItem\",\"position\":2,\"name\":\"Vertaile ja lainaa edullisesti\",\"item\":\"https:\\\/\\\/www.top5credits.com\\\/fi\\\/lainavertailu\\\/\"},{\"@type\":\"ListItem\",\"position\":3,\"name\":\"Lainaa 15000\"}]},{\"@type\":\"WebSite\",\"@id\":\"https:\\\/\\\/www.top5credits.com\\\/fi\\\/#website\",\"url\":\"https:\\\/\\\/www.top5credits.com\\\/fi\\\/\",\"name\":\"Top5Credits.com Suomi\",\"description\":\"Laittaa lainat j\u00e4rjestykseen\",\"publisher\":{\"@id\":\"https:\\\/\\\/www.top5credits.com\\\/fi\\\/#organization\"},\"potentialAction\":[{\"@type\":\"SearchAction\",\"target\":{\"@type\":\"EntryPoint\",\"urlTemplate\":\"https:\\\/\\\/www.top5credits.com\\\/fi\\\/?s={search_term_string}\"},\"query-input\":{\"@type\":\"PropertyValueSpecification\",\"valueRequired\":true,\"valueName\":\"search_term_string\"}}],\"inLanguage\":\"fi\"},{\"@type\":\"Organization\",\"@id\":\"https:\\\/\\\/www.top5credits.com\\\/fi\\\/#organization\",\"name\":\"Top5Credits.com\",\"url\":\"https:\\\/\\\/www.top5credits.com\\\/fi\\\/\",\"logo\":{\"@type\":\"ImageObject\",\"inLanguage\":\"fi\",\"@id\":\"https:\\\/\\\/www.top5credits.com\\\/fi\\\/#\\\/schema\\\/logo\\\/image\\\/\",\"url\":\"https:\\\/\\\/cdn.top5credits.com\\\/fi\\\/wp-content\\\/uploads\\\/sites\\\/2\\\/2023\\\/10\\\/t5c-favicon.png\",\"contentUrl\":\"https:\\\/\\\/cdn.top5credits.com\\\/fi\\\/wp-content\\\/uploads\\\/sites\\\/2\\\/2023\\\/10\\\/t5c-favicon.png\",\"width\":512,\"height\":512,\"caption\":\"Top5Credits.com\"},\"image\":{\"@id\":\"https:\\\/\\\/www.top5credits.com\\\/fi\\\/#\\\/schema\\\/logo\\\/image\\\/\"},\"sameAs\":[\"https:\\\/\\\/www.facebook.com\\\/Top5Creditscom-Suomi-878136912537066\"]}]}<\/script>\n<!-- \/ Yoast SEO plugin. -->","yoast_head_json":{"title":"Lainaa 15000 euroa - Katso parhaat vaihtoehdot - Top5Credits.com Suomi","description":"Vertailimme 15000 euron lainat ja selvitimme mink\u00e4laisella korolla 15000 euron lainan voi saada ja kuinka pitk\u00e4ksi aikaa. Vertaile ja hae lainaa.","robots":{"index":"index","follow":"follow","max-snippet":"max-snippet:-1","max-image-preview":"max-image-preview:large","max-video-preview":"max-video-preview:-1"},"canonical":"https:\/\/www.top5credits.com\/fi\/lainavertailu\/lainaa-15000\/","og_locale":"fi_FI","og_type":"article","og_title":"Lainaa 15000 euroa - Katso parhaat vaihtoehdot - Top5Credits.com Suomi","og_description":"Vertailimme 15000 euron lainat ja selvitimme mink\u00e4laisella korolla 15000 euron lainan voi saada ja kuinka pitk\u00e4ksi aikaa. Vertaile ja hae lainaa.","og_url":"https:\/\/www.top5credits.com\/fi\/lainavertailu\/lainaa-15000\/","og_site_name":"Top5Credits.com Suomi","article_publisher":"https:\/\/www.facebook.com\/Top5Creditscom-Suomi-878136912537066","article_modified_time":"2023-03-31T12:12:43+00:00","og_image":[{"width":1200,"height":630,"url":"https:\/\/cdn.top5credits.com\/fi\/wp-content\/uploads\/sites\/2\/2019\/12\/top5-teksti.jpg?cdn=1.1.2","type":"image\/jpeg"}],"twitter_card":"summary_large_image","twitter_misc":{"Arvioitu lukuaika":"6 minuuttia"},"schema":{"@context":"https:\/\/schema.org","@graph":[{"@type":"WebPage","@id":"https:\/\/www.top5credits.com\/fi\/lainavertailu\/lainaa-15000\/","url":"https:\/\/www.top5credits.com\/fi\/lainavertailu\/lainaa-15000\/","name":"Lainaa 15000 euroa - Katso parhaat vaihtoehdot - Top5Credits.com Suomi","isPartOf":{"@id":"https:\/\/www.top5credits.com\/fi\/#website"},"primaryImageOfPage":{"@id":"https:\/\/www.top5credits.com\/fi\/lainavertailu\/lainaa-15000\/#primaryimage"},"image":{"@id":"https:\/\/www.top5credits.com\/fi\/lainavertailu\/lainaa-15000\/#primaryimage"},"thumbnailUrl":"https:\/\/cdn.top5credits.com\/fi\/wp-content\/uploads\/sites\/2\/2019\/06\/varjoreuna.png?cdn=1.1.2","datePublished":"2020-02-12T11:35:09+00:00","dateModified":"2023-03-31T12:12:43+00:00","description":"Vertailimme 15000 euron lainat ja selvitimme mink\u00e4laisella korolla 15000 euron lainan voi saada ja kuinka pitk\u00e4ksi aikaa. Vertaile ja hae lainaa.","breadcrumb":{"@id":"https:\/\/www.top5credits.com\/fi\/lainavertailu\/lainaa-15000\/#breadcrumb"},"inLanguage":"fi","potentialAction":[{"@type":"ReadAction","target":["https:\/\/www.top5credits.com\/fi\/lainavertailu\/lainaa-15000\/"]}]},{"@type":"ImageObject","inLanguage":"fi","@id":"https:\/\/www.top5credits.com\/fi\/lainavertailu\/lainaa-15000\/#primaryimage","url":"https:\/\/cdn.top5credits.com\/fi\/wp-content\/uploads\/sites\/2\/2019\/06\/varjoreuna.png?cdn=1.1.2","contentUrl":"https:\/\/cdn.top5credits.com\/fi\/wp-content\/uploads\/sites\/2\/2019\/06\/varjoreuna.png?cdn=1.1.2","width":2000,"height":756,"caption":"top5credits tausta"},{"@type":"BreadcrumbList","@id":"https:\/\/www.top5credits.com\/fi\/lainavertailu\/lainaa-15000\/#breadcrumb","itemListElement":[{"@type":"ListItem","position":1,"name":"Top5Credits.com","item":"https:\/\/www.top5credits.com\/fi\/"},{"@type":"ListItem","position":2,"name":"Vertaile ja lainaa edullisesti","item":"https:\/\/www.top5credits.com\/fi\/lainavertailu\/"},{"@type":"ListItem","position":3,"name":"Lainaa 15000"}]},{"@type":"WebSite","@id":"https:\/\/www.top5credits.com\/fi\/#website","url":"https:\/\/www.top5credits.com\/fi\/","name":"Top5Credits.com Suomi","description":"Laittaa lainat j\u00e4rjestykseen","publisher":{"@id":"https:\/\/www.top5credits.com\/fi\/#organization"},"potentialAction":[{"@type":"SearchAction","target":{"@type":"EntryPoint","urlTemplate":"https:\/\/www.top5credits.com\/fi\/?s={search_term_string}"},"query-input":{"@type":"PropertyValueSpecification","valueRequired":true,"valueName":"search_term_string"}}],"inLanguage":"fi"},{"@type":"Organization","@id":"https:\/\/www.top5credits.com\/fi\/#organization","name":"Top5Credits.com","url":"https:\/\/www.top5credits.com\/fi\/","logo":{"@type":"ImageObject","inLanguage":"fi","@id":"https:\/\/www.top5credits.com\/fi\/#\/schema\/logo\/image\/","url":"https:\/\/cdn.top5credits.com\/fi\/wp-content\/uploads\/sites\/2\/2023\/10\/t5c-favicon.png","contentUrl":"https:\/\/cdn.top5credits.com\/fi\/wp-content\/uploads\/sites\/2\/2023\/10\/t5c-favicon.png","width":512,"height":512,"caption":"Top5Credits.com"},"image":{"@id":"https:\/\/www.top5credits.com\/fi\/#\/schema\/logo\/image\/"},"sameAs":["https:\/\/www.facebook.com\/Top5Creditscom-Suomi-878136912537066"]}]}},"_links":{"self":[{"href":"https:\/\/www.top5credits.com\/fi\/wp-json\/wp\/v2\/pages\/2781","targetHints":{"allow":["GET"]}}],"collection":[{"href":"https:\/\/www.top5credits.com\/fi\/wp-json\/wp\/v2\/pages"}],"about":[{"href":"https:\/\/www.top5credits.com\/fi\/wp-json\/wp\/v2\/types\/page"}],"author":[{"embeddable":true,"href":"https:\/\/www.top5credits.com\/fi\/wp-json\/wp\/v2\/users\/11"}],"replies":[{"embeddable":true,"href":"https:\/\/www.top5credits.com\/fi\/wp-json\/wp\/v2\/comments?post=2781"}],"version-history":[{"count":0,"href":"https:\/\/www.top5credits.com\/fi\/wp-json\/wp\/v2\/pages\/2781\/revisions"}],"up":[{"embeddable":true,"href":"https:\/\/www.top5credits.com\/fi\/wp-json\/wp\/v2\/pages\/350"}],"wp:featuredmedia":[{"embeddable":true,"href":"https:\/\/www.top5credits.com\/fi\/wp-json\/wp\/v2\/media\/549"}],"wp:attachment":[{"href":"https:\/\/www.top5credits.com\/fi\/wp-json\/wp\/v2\/media?parent=2781"}],"curies":[{"name":"wp","href":"https:\/\/api.w.org\/{rel}","templated":true}]}}