{"id":2783,"date":"2020-02-12T13:41:07","date_gmt":"2020-02-12T11:41:07","guid":{"rendered":"https:\/\/www.top5credits.com\/fi\/?page_id=2783"},"modified":"2022-03-25T13:28:01","modified_gmt":"2022-03-25T11:28:01","slug":"lainaa-20000","status":"publish","type":"page","link":"https:\/\/www.top5credits.com\/fi\/lainavertailu\/lainaa-20000\/","title":{"rendered":"Lainaa 20000"},"content":{"rendered":"\n<div class=\"wp-block-group first-section\"><div class=\"wp-block-group__inner-container is-layout-flow wp-block-group-is-layout-flow\">\n<h1 class=\"has-text-align-center compare-title wp-block-heading\">Lainaa 20000 euroa fiksusti<\/h1>\n\n\n\n<p class=\"has-text-align-center compare-title\">Vertaile kaikki 20 000 euron lainaa tarjoavat pankit ja lainapalvelut. <span class=\"luelisaanappi\">Lue&nbsp;lis\u00e4\u00e4..<\/span> <span class=\"luelisaateksti\"> Voit vertailla pankkeja ja lainapalveluita esimerkiksi koron ja laina-ajan perusteella. Lis\u00e4ksi olemme listanneet lainojen plussat ja miinukset. Voit my\u00f6s lukea arvosteluja ja arvostella my\u00f6s itse lainoja. Vertaile ja hae laina 20 000 eurolle nyt.\n<\/span><\/p>\n\n\n\n\n<\/div><\/div>\n\n\n\n\n\n\n<div class=\"top-results palkkio\">\n<span class=\"huomiomerkki\">!<\/span> Saamamme palkkio vaikuttaa listauksen j\u00e4rjestykseen &#8211; lue lis\u00e4\u00e4 <span class=\"plus-trigger\">+<\/span>\n<p>Top5Credits.com on t\u00e4ysin ilmainen palvelu, jonka tarkoitus on antaa k\u00e4ytt\u00e4jilleen hy\u00f6dyllist\u00e4 tietoa ja sis\u00e4lt\u00f6\u00e4. Vertailemme lainoja ja arvostelemme lainapalveluita rehellisesti. Jotta voimme pit\u00e4\u00e4 palvelun ilmaisena, saamme yhteisty\u00f6kumppaneiltamme palkkion heille ohjatuista asiakkaista ja palkkion suuruus vaikuttaa listauksen j\u00e4rjestykseen.<\/p>\n<\/div>\n\n\n\n<h2 class=\"has-text-align-center wp-block-heading\">Lainaa 20000 euroa jopa 15 vuoden takaisinmaksuajalla<strong><\/strong><\/h2>\n\n\n\n<p>Kun haet esimerkiksi 20000 euron lainaa, voit saada sille jopa noin 15 vuoden takaisinmaksuajan. Suureen lainasummaan liittyv\u00e4t aina suuret lainakulut, joita voit kuitenkin hillit\u00e4 suunnittelemalla maksuaikataulusi mahdollisimman tarkasti. Kyse on siit\u00e4, ett\u00e4 saat sovitettua lainan kuukausilyhennyksen budjettisi mukaiseksi siten, ett\u00e4 maksuaika ei pitene tarpeettomasti. Lukujen py\u00f6ritt\u00e4minen voi tuntua hankalalta, mutta apua saat lainan suunnittelua varten kehitt\u00e4m\u00e4st\u00e4mme ilmaisesta <a href=\"https:\/\/www.top5credits.com\/fi\/lainalaskuri\/\">lainalaskurista<\/a>.<\/p>\n\n\n\n<h2 class=\"has-text-align-center wp-block-heading\">20000 laina \u2013 Miten l\u00f6yd\u00e4n edullisen 20000 euron lainan?<\/h2>\n\n\n\n<p>Top5Credits on kehitt\u00e4nyt ilmaisen lainavertailun, joka ker\u00e4\u00e4 yli 50 pankkia rahoituslaitosta ja lainanv\u00e4litt\u00e4j\u00e4\u00e4 yhdelle verkkosivulle. Hy\u00f6dynn\u00e4 ilmaista palveluamme ja hanki 20000 laina edullisesti.<\/p>\n\n\n\n<ul class=\"wp-block-list\"><li>Sinun kannattaa k\u00e4ytt\u00e4\u00e4 lainavertailua hakiessasi 20000 euron lainaa koska:<\/li><li>S\u00e4\u00e4st\u00e4t palvelun avulla aikaa. Lainahakemuksen t\u00e4ytt\u00e4minen ei vie paria minuuttia kauempaa.<\/li><li>S\u00e4\u00e4st\u00e4t rahaa. L\u00f6yd\u00e4 edulliset 20000 euron lainat avullamme ja s\u00e4\u00e4st\u00e4 lainakuluissasi.<\/li><li>Vertailemme yhdell\u00e4 hakemuksella yli 50 pankkia, rahoituslaitosta ja lainanv\u00e4litt\u00e4j\u00e4\u00e4.<\/li><li>Palvelumme k\u00e4ytt\u00f6 on maksutonta.<\/li><li><a href=\"https:\/\/www.top5credits.com\/fi\/lainavertailu\/\">Lainavertailumme<\/a> k\u00e4ytt\u00f6 ei sido sinua mihink\u00e4\u00e4n.<\/li><li>Saat 5 parhaiten kriteereihisi sopivaa lainatarjousta muutamassa minuutissa. Voit vertailla saamiasi vaihtoehtoja ja valita niist\u00e4 parhaimman. P\u00e4\u00e4set tutkimaan eri vaihtoehtoja k\u00e4tev\u00e4sti saamiesi linkkien avulla.<\/li><li>Voit lukea kirjoittamiamme arvosteluja ja muiden lainanhakijoiden kommentteja lainantarjoajista.<\/li><li>Palvelumme on turvallinen ja helppo k\u00e4ytt\u00e4\u00e4.<\/li><\/ul>\n\n\n\n<p>Top5Credits ei my\u00f6nn\u00e4 lainaa, vaan teet luotto- tai lainasopimuksen aina lainantarjoajan kanssa. Me autamme sinua vain l\u00f6yt\u00e4m\u00e4\u00e4n edullisen lainan.<\/p>\n\n\n\n<figure class=\"wp-block-pullquote\"><blockquote><p><strong><span class=\"has-inline-color has-vivid-cyan-blue-color\">P\u00e4ivit\u00e4mme lainantarjoajien listaa jatkuvasti, jotta sin\u00e4 saisit aina parhaat mahdolliset lainatarjoukset<\/span><\/strong><\/p><\/blockquote><\/figure>\n\n\n\n<div class=\"wp-block-image\"><figure class=\"aligncenter size-full is-resized\"><img loading=\"lazy\" decoding=\"async\" src=\"https:\/\/cdn.top5credits.com\/fi\/wp-content\/uploads\/sites\/2\/2020\/11\/lainaa-20000-top5credits.jpg\" alt=\"syit\u00e4, miksi kannattaa hakea lainaa 20000\" class=\"wp-image-7569\" width=\"574\" height=\"206\" srcset=\"https:\/\/cdn.top5credits.com\/fi\/wp-content\/uploads\/sites\/2\/2020\/11\/lainaa-20000-top5credits.jpg?cdn=1.1.2 765w, https:\/\/cdn.top5credits.com\/fi\/wp-content\/uploads\/sites\/2\/2020\/11\/lainaa-20000-top5credits-300x107.jpg?cdn=1.1.2 300w\" sizes=\"auto, (max-width: 574px) 100vw, 574px\" \/><\/figure><\/div>\n\n\n\n<h2 class=\"has-text-align-center wp-block-heading\">Lainaa 20000 euroa ilman vakuuksia<strong><\/strong><\/h2>\n\n\n\n<p><a href=\"https:\/\/www.top5credits.com\/fi\/vakuudettomat-lainat\/\">Vakuudettoman lainan<\/a> hakeminen on tuskin koskaan ollut yht\u00e4 helppoa kuin nykyisin. Voit vertailla lainat nopeasti palvelumme avulla ja saat tiedon sinulle sopivimmista lainoista. Jos olet tyytyv\u00e4inen saamaasi lainatarjoukseen, voit tehd\u00e4 lainasopimuksen suoraan lainanantajan kanssa. Vakuudeton laina tarkoittaa, ett\u00e4 et joudu asettamaan lainaa vastaan vakuutta, jonka lainanantaja voi pahimmassa tapauksessa lunastaa itselleen, mik\u00e4li lainan takaisin maksamisessa ilmenee ongelmia.<\/p>\n\n\n\n<h2 class=\"has-text-align-center wp-block-heading\">Mill\u00e4 ehdoilla voin saada lainaa 20000 euroa?<strong><\/strong><\/h2>\n\n\n\n<p>Lainaa my\u00f6nnet\u00e4\u00e4n t\u00e4ysi-ik\u00e4isille, taloudestaan tunnollisesti huolehtiville henkil\u00f6ille, joilla on jokin s\u00e4\u00e4nn\u00f6llinen tulonl\u00e4hde \u2013 esimerkiksi vakituinen ty\u00f6, oma yritys tai el\u00e4ke. Yleens\u00e4 ehtona on my\u00f6s se, ett\u00e4 lainanhakija on asunut Suomessa v\u00e4hint\u00e4\u00e4n viimeisen kahden vuoden ajan. Pankit ja rahoitusyhti\u00f6t soveltavat hakijoihin hieman toisistaan poikkeavia kriteereit\u00e4. Tarkat ehdot kerrotaan tavallisesti lainanantajan verkkosivuilla.<\/p>\n\n\n\n<div class=\"wp-block-image\"><figure class=\"aligncenter size-full is-resized\"><img loading=\"lazy\" decoding=\"async\" src=\"https:\/\/cdn.top5credits.com\/fi\/wp-content\/uploads\/sites\/2\/2020\/11\/kuka-voi-hakea-20000-lainaa.jpg\" alt=\"ketk\u00e4 voivat hakea lainaa 20000\u20ac\" class=\"wp-image-7570\" width=\"384\" height=\"416\" srcset=\"https:\/\/cdn.top5credits.com\/fi\/wp-content\/uploads\/sites\/2\/2020\/11\/kuka-voi-hakea-20000-lainaa.jpg?cdn=1.1.2 512w, https:\/\/cdn.top5credits.com\/fi\/wp-content\/uploads\/sites\/2\/2020\/11\/kuka-voi-hakea-20000-lainaa-277x300.jpg?cdn=1.1.2 277w\" sizes=\"auto, (max-width: 384px) 100vw, 384px\" \/><\/figure><\/div>\n\n\n\n<h2 class=\"has-text-align-center wp-block-heading\">Kuinka nopeasti 20000 euron luoton voi saada tilille?<strong><\/strong><\/h2>\n\n\n\n<p>Pankit ja rahoituslaitokset harkitsevat tarkasti, kenelle ne lainaa my\u00f6nt\u00e4v\u00e4t. T\u00e4m\u00e4 p\u00e4tee erityisesti silloin, kun lainattava summa liikkuu kymmeniss\u00e4 tuhansissa euroissa. Jos siis haet esimerkiksi 20000 euron luoton, varaudu siihen, ett\u00e4 lainaa ei voida maksaa tilillesi saman p\u00e4iv\u00e4n aikana. Osa lainanantajista voi sen sijaan antaa luottop\u00e4\u00e4t\u00f6ksen merkitt\u00e4v\u00e4llekin lainasummalle jopa saman tien. Aitoihin lainahakemuksiin perustuvan <a href=\"https:\/\/www.top5credits.com\/fi\/lainavertailu\/\">lainavertailumme<\/a> mukaan nopean luottop\u00e4\u00e4t\u00f6ksen voi saada muun muassa <a href=\"https:\/\/www.top5credits.com\/fi\/arvostelut\/instabank\/\">Instabankilta<\/a> tai <a href=\"https:\/\/www.top5credits.com\/fi\/arvostelut\/bank-norwegian\/\">Bank Norwegianilta<\/a>.&nbsp;<\/p>\n\n\n\n<h2 class=\"has-text-align-center wp-block-heading\">Mill\u00e4 korolla voin saada 20000 euron lainan?<\/h2>\n\n\n\n<p>Voit saada 20000 euroa lainaa verkosta todella edullisesti. Hakiessasi 20000 euron lainaa, todellinen vuosikorko on 4,19\u201338 % v\u00e4lill\u00e4 hakijasta riippuen. Mik\u00e4li sinulla on s\u00e4\u00e4nn\u00f6lliset tulot ja olet maltillinen rahank\u00e4ytt\u00e4j\u00e4, voit saada lainaa hyvinkin matalalla korolla. <strong>Lainatarjous on kuitenkin aina henkil\u00f6kohtainen eli lainan lopullinen hinta m\u00e4\u00e4r\u00e4ytyy sen perusteella, kuinka hyv\u00e4ksi hakijaksi lainantarjoaja sinut m\u00e4\u00e4rittelee.<\/strong><\/p>\n\n\n\n<h2 class=\"has-text-align-center wp-block-heading\">Ketk\u00e4 tarjoavat lainaa 20000?<\/h2>\n\n\n\n<p>Todella monet pankit ja rahoituslaitokset tarjoavat vakuudetonta lainaa. Runsaan tarjonnan vuoksi on todella t\u00e4rke\u00e4 vertailla eri lainantarjoajia ennen lopullisen lainap\u00e4\u00e4t\u00f6ksen tekemist\u00e4. Lainavertailumme avulla voit s\u00e4\u00e4st\u00e4\u00e4 jopa useita satoja, ellei jopa tuhansia euroja lainakuluissa. Vertailemme muun muassa seuraavia lainapalveluita: <a href=\"https:\/\/www.top5credits.com\/fi\/arvostelut\/freedom-rahoitus\/\">Freedom Rahoitus<\/a>, <a href=\"https:\/\/www.top5credits.com\/fi\/arvostelut\/santander\/\">Santander<\/a>, <a href=\"https:\/\/www.top5credits.com\/fi\/arvostelut\/resurs-bank\/\">Resurs Bank<\/a>, <a href=\"https:\/\/www.top5credits.com\/fi\/arvostelut\/nordea\/\">Nordea<\/a>, <a href=\"https:\/\/www.top5credits.com\/fi\/arvostelut\/aktia\/\">Aktia<\/a>, <a href=\"https:\/\/www.top5credits.com\/fi\/arvostelut\/bigbank\/\">BigBank<\/a>, <a href=\"https:\/\/www.arkadiarahoitus.fi\/\">Arkadia Rahoitus<\/a> ja <a href=\"https:\/\/www.top5credits.com\/fi\/arvostelut\/s-pankki\/\">S-Pankki<\/a>.<\/p>\n\n\n\n<h2 class=\"has-text-align-center wp-block-heading\">Laina 20000 \u20ac \u2013 Mihin 20000 laina soveltuu?<\/h2>\n\n\n\n<p>20000 euron laina sopii niin auton hankintaan, kuin <a href=\"https:\/\/www.top5credits.com\/fi\/lainojen-yhdistaminen\/\">lainojen yhdist\u00e4miseenkin<\/a>. Vakuudettomia lainoja voi k\u00e4ytt\u00e4\u00e4 lukuisiin eri tarkoituksiin ja lainan lopullinen k\u00e4ytt\u00f6kohde onkin sinun p\u00e4\u00e4tett\u00e4viss\u00e4si. Muista kuitenkin vertailla lainat, jotta saat mahdollisimman edullista lainaa.<\/p>\n\n\n\n<h2 class=\"has-text-align-center wp-block-heading\">Kannattaako 20000 lainaa hakea yhteishakijan kanssa?<\/h2>\n\n\n\n<p>Isompia lainoja kannattaa aina hakea yhdess\u00e4 jonkun kanssa. 20000 euron lainaa voi olla hankala saada, mik\u00e4li yrit\u00e4t hakea sit\u00e4 yksin. Yhteishakijan avulla saat lainaa helpommin, edullisemmin ja enemm\u00e4n. Kun haet yhteishakijan kanssa, lainaamisen riski pienenee, joka n\u00e4kyy lainan kustannuksissa. Yhteishakijana voi yleens\u00e4 toimia sukulainen tai puoliso, mutta asia kannattaa tarkistaa viel\u00e4 lainantarjoajan verkkosivuilta.<\/p>\n\n\n\n<figure class=\"wp-block-pullquote\"><blockquote><p><strong><span class=\"has-inline-color has-vivid-cyan-blue-color\">Hae lainaa yhteishakijan kanssa, mik\u00e4li vain mahdollista<\/span><\/strong><\/p><\/blockquote><\/figure>\n\n\n\n<h2 class=\"has-text-align-center wp-block-heading\">Miten saan 20000 lainaa todenn\u00e4k\u00f6isemmin?<\/h2>\n\n\n\n<p>Voit parantaa mahdollisuuksiasi saada 20000 euron lainaa hakemalla sit\u00e4 useasta eri paikasta, kilpailuttamalla lainasi. Kilpailuttamisen avulla saat lainaa usein edullisemmin ja todenn\u00e4k\u00f6isemmin verrattuna siihen, ett\u00e4 hakisit lainatarjouksen vain yhdest\u00e4 pankista. Me vertailemme yli 50 pankkia, luotonantajaa ja lainanv\u00e4litt\u00e4j\u00e4\u00e4 yhdell\u00e4 nopealla ja ilmaisella hakemuksella Aloita <a href=\"https:\/\/www.top5credits.com\/fi\/lainavertailu\/\">lainavertailu<\/a> siis Top5Credits.comin avulla.<\/p>\n\n\n\n<h2 class=\"has-text-align-center wp-block-heading\">Voinko lyhent\u00e4\u00e4 20000 euron lainaa ennenaikaisesti?<\/h2>\n\n\n\n<p>Lainan voi l\u00e4hes poikkeuksetta maksaa takaisin nopeammassa tahdissa, kun luottosopimuksessa on m\u00e4\u00e4ritelty. Voit lyhent\u00e4\u00e4 20000 euron lainaasi my\u00f6s isommissa maksueriss\u00e4, jolloin laina tulee edullisemmaksi, koska kokonaiskustannukset laskevat.<\/p>\n\n\n\n<p>Mik\u00e4li haluat lyhent\u00e4\u00e4 lainaasi ennenaikaisesti, niin <strong>varmista, ett\u00e4 lyhennykset kohdistetaan avoimelle lainap\u00e4\u00e4omalle.<\/strong> Saat itsellesi kaikkein suurimman hy\u00f6dyn, kun lyhennys kohdistetaan avoimelle lainap\u00e4\u00e4omalle.<\/p>\n","protected":false},"excerpt":{"rendered":"<p>Lainaa 20000 euroa fiksusti Vertaile kaikki 20 000 euron lainaa tarjoavat pankit ja lainapalvelut. Lue&nbsp;lis\u00e4\u00e4.. Voit vertailla pankkeja ja lainapalveluita esimerkiksi koron ja laina-ajan perusteella.<\/p>\n<p class=\"more-link\">Jatka lukemista <span class=\"screen-reader-text\">Lainaa 20000<\/span><\/p>\n","protected":false},"author":11,"featured_media":549,"parent":350,"menu_order":0,"comment_status":"closed","ping_status":"closed","template":"page-results.php","meta":{"footnotes":""},"class_list":["post-2783","page","type-page","status-publish","has-post-thumbnail","hentry","entry"],"yoast_head":"<!-- This site is optimized with the Yoast SEO plugin v27.3 - https:\/\/yoast.com\/product\/yoast-seo-wordpress\/ -->\n<title>Lainaa 20000 euroa - Katso kaikki vaihtoehdot - Top5Credits.com Suomi<\/title>\n<meta name=\"description\" content=\"Vertailimme 20000 euron lainat ja selvitimme mink\u00e4laisella korolla 20000 euron lainan voi saada ja kuinka pitk\u00e4ksi aikaa. Vertaile ja hae lainaa.\" \/>\n<meta name=\"robots\" content=\"index, follow, max-snippet:-1, max-image-preview:large, max-video-preview:-1\" \/>\n<link rel=\"canonical\" href=\"https:\/\/www.top5credits.com\/fi\/lainavertailu\/lainaa-20000\/\" \/>\n<meta property=\"og:locale\" content=\"fi_FI\" \/>\n<meta property=\"og:type\" content=\"article\" \/>\n<meta property=\"og:title\" content=\"Lainaa 20000 euroa - Katso kaikki vaihtoehdot - Top5Credits.com Suomi\" \/>\n<meta property=\"og:description\" content=\"Vertailimme 20000 euron lainat ja selvitimme mink\u00e4laisella korolla 20000 euron lainan voi saada ja kuinka pitk\u00e4ksi aikaa. Vertaile ja hae lainaa.\" \/>\n<meta property=\"og:url\" content=\"https:\/\/www.top5credits.com\/fi\/lainavertailu\/lainaa-20000\/\" \/>\n<meta property=\"og:site_name\" content=\"Top5Credits.com Suomi\" \/>\n<meta property=\"article:publisher\" content=\"https:\/\/www.facebook.com\/Top5Creditscom-Suomi-878136912537066\" \/>\n<meta property=\"article:modified_time\" content=\"2022-03-25T11:28:01+00:00\" \/>\n<meta property=\"og:image\" content=\"https:\/\/cdn.top5credits.com\/fi\/wp-content\/uploads\/sites\/2\/2019\/12\/top5-teksti.jpg?cdn=1.1.2\" \/>\n\t<meta property=\"og:image:width\" content=\"1200\" \/>\n\t<meta property=\"og:image:height\" content=\"630\" \/>\n\t<meta property=\"og:image:type\" content=\"image\/jpeg\" \/>\n<meta name=\"twitter:card\" content=\"summary_large_image\" \/>\n<meta name=\"twitter:label1\" content=\"Arvioitu lukuaika\" \/>\n\t<meta name=\"twitter:data1\" content=\"6 minuuttia\" \/>\n<script type=\"application\/ld+json\" class=\"yoast-schema-graph\">{\"@context\":\"https:\\\/\\\/schema.org\",\"@graph\":[{\"@type\":\"WebPage\",\"@id\":\"https:\\\/\\\/www.top5credits.com\\\/fi\\\/lainavertailu\\\/lainaa-20000\\\/\",\"url\":\"https:\\\/\\\/www.top5credits.com\\\/fi\\\/lainavertailu\\\/lainaa-20000\\\/\",\"name\":\"Lainaa 20000 euroa - Katso kaikki vaihtoehdot - Top5Credits.com Suomi\",\"isPartOf\":{\"@id\":\"https:\\\/\\\/www.top5credits.com\\\/fi\\\/#website\"},\"primaryImageOfPage\":{\"@id\":\"https:\\\/\\\/www.top5credits.com\\\/fi\\\/lainavertailu\\\/lainaa-20000\\\/#primaryimage\"},\"image\":{\"@id\":\"https:\\\/\\\/www.top5credits.com\\\/fi\\\/lainavertailu\\\/lainaa-20000\\\/#primaryimage\"},\"thumbnailUrl\":\"https:\\\/\\\/www.top5credits.com\\\/fi\\\/wp-content\\\/uploads\\\/sites\\\/2\\\/2019\\\/06\\\/varjoreuna.png\",\"datePublished\":\"2020-02-12T11:41:07+00:00\",\"dateModified\":\"2022-03-25T11:28:01+00:00\",\"description\":\"Vertailimme 20000 euron lainat ja selvitimme mink\u00e4laisella korolla 20000 euron lainan voi saada ja kuinka pitk\u00e4ksi aikaa. Vertaile ja hae lainaa.\",\"breadcrumb\":{\"@id\":\"https:\\\/\\\/www.top5credits.com\\\/fi\\\/lainavertailu\\\/lainaa-20000\\\/#breadcrumb\"},\"inLanguage\":\"fi\",\"potentialAction\":[{\"@type\":\"ReadAction\",\"target\":[\"https:\\\/\\\/www.top5credits.com\\\/fi\\\/lainavertailu\\\/lainaa-20000\\\/\"]}]},{\"@type\":\"ImageObject\",\"inLanguage\":\"fi\",\"@id\":\"https:\\\/\\\/www.top5credits.com\\\/fi\\\/lainavertailu\\\/lainaa-20000\\\/#primaryimage\",\"url\":\"https:\\\/\\\/www.top5credits.com\\\/fi\\\/wp-content\\\/uploads\\\/sites\\\/2\\\/2019\\\/06\\\/varjoreuna.png\",\"contentUrl\":\"https:\\\/\\\/www.top5credits.com\\\/fi\\\/wp-content\\\/uploads\\\/sites\\\/2\\\/2019\\\/06\\\/varjoreuna.png\",\"width\":2000,\"height\":756,\"caption\":\"top5credits tausta\"},{\"@type\":\"BreadcrumbList\",\"@id\":\"https:\\\/\\\/www.top5credits.com\\\/fi\\\/lainavertailu\\\/lainaa-20000\\\/#breadcrumb\",\"itemListElement\":[{\"@type\":\"ListItem\",\"position\":1,\"name\":\"Top5Credits.com\",\"item\":\"https:\\\/\\\/www.top5credits.com\\\/fi\\\/\"},{\"@type\":\"ListItem\",\"position\":2,\"name\":\"Vertaile ja lainaa edullisesti\",\"item\":\"https:\\\/\\\/www.top5credits.com\\\/fi\\\/lainavertailu\\\/\"},{\"@type\":\"ListItem\",\"position\":3,\"name\":\"Lainaa 20000\"}]},{\"@type\":\"WebSite\",\"@id\":\"https:\\\/\\\/www.top5credits.com\\\/fi\\\/#website\",\"url\":\"https:\\\/\\\/www.top5credits.com\\\/fi\\\/\",\"name\":\"Top5Credits.com Suomi\",\"description\":\"Laittaa lainat j\u00e4rjestykseen\",\"publisher\":{\"@id\":\"https:\\\/\\\/www.top5credits.com\\\/fi\\\/#organization\"},\"potentialAction\":[{\"@type\":\"SearchAction\",\"target\":{\"@type\":\"EntryPoint\",\"urlTemplate\":\"https:\\\/\\\/www.top5credits.com\\\/fi\\\/?s={search_term_string}\"},\"query-input\":{\"@type\":\"PropertyValueSpecification\",\"valueRequired\":true,\"valueName\":\"search_term_string\"}}],\"inLanguage\":\"fi\"},{\"@type\":\"Organization\",\"@id\":\"https:\\\/\\\/www.top5credits.com\\\/fi\\\/#organization\",\"name\":\"Top5Credits.com\",\"url\":\"https:\\\/\\\/www.top5credits.com\\\/fi\\\/\",\"logo\":{\"@type\":\"ImageObject\",\"inLanguage\":\"fi\",\"@id\":\"https:\\\/\\\/www.top5credits.com\\\/fi\\\/#\\\/schema\\\/logo\\\/image\\\/\",\"url\":\"https:\\\/\\\/cdn.top5credits.com\\\/fi\\\/wp-content\\\/uploads\\\/sites\\\/2\\\/2023\\\/10\\\/t5c-favicon.png\",\"contentUrl\":\"https:\\\/\\\/cdn.top5credits.com\\\/fi\\\/wp-content\\\/uploads\\\/sites\\\/2\\\/2023\\\/10\\\/t5c-favicon.png\",\"width\":512,\"height\":512,\"caption\":\"Top5Credits.com\"},\"image\":{\"@id\":\"https:\\\/\\\/www.top5credits.com\\\/fi\\\/#\\\/schema\\\/logo\\\/image\\\/\"},\"sameAs\":[\"https:\\\/\\\/www.facebook.com\\\/Top5Creditscom-Suomi-878136912537066\"]}]}<\/script>\n<!-- \/ Yoast SEO plugin. -->","yoast_head_json":{"title":"Lainaa 20000 euroa - Katso kaikki vaihtoehdot - Top5Credits.com Suomi","description":"Vertailimme 20000 euron lainat ja selvitimme mink\u00e4laisella korolla 20000 euron lainan voi saada ja kuinka pitk\u00e4ksi aikaa. Vertaile ja hae lainaa.","robots":{"index":"index","follow":"follow","max-snippet":"max-snippet:-1","max-image-preview":"max-image-preview:large","max-video-preview":"max-video-preview:-1"},"canonical":"https:\/\/www.top5credits.com\/fi\/lainavertailu\/lainaa-20000\/","og_locale":"fi_FI","og_type":"article","og_title":"Lainaa 20000 euroa - Katso kaikki vaihtoehdot - Top5Credits.com Suomi","og_description":"Vertailimme 20000 euron lainat ja selvitimme mink\u00e4laisella korolla 20000 euron lainan voi saada ja kuinka pitk\u00e4ksi aikaa. Vertaile ja hae lainaa.","og_url":"https:\/\/www.top5credits.com\/fi\/lainavertailu\/lainaa-20000\/","og_site_name":"Top5Credits.com Suomi","article_publisher":"https:\/\/www.facebook.com\/Top5Creditscom-Suomi-878136912537066","article_modified_time":"2022-03-25T11:28:01+00:00","og_image":[{"width":1200,"height":630,"url":"https:\/\/cdn.top5credits.com\/fi\/wp-content\/uploads\/sites\/2\/2019\/12\/top5-teksti.jpg?cdn=1.1.2","type":"image\/jpeg"}],"twitter_card":"summary_large_image","twitter_misc":{"Arvioitu lukuaika":"6 minuuttia"},"schema":{"@context":"https:\/\/schema.org","@graph":[{"@type":"WebPage","@id":"https:\/\/www.top5credits.com\/fi\/lainavertailu\/lainaa-20000\/","url":"https:\/\/www.top5credits.com\/fi\/lainavertailu\/lainaa-20000\/","name":"Lainaa 20000 euroa - Katso kaikki vaihtoehdot - Top5Credits.com Suomi","isPartOf":{"@id":"https:\/\/www.top5credits.com\/fi\/#website"},"primaryImageOfPage":{"@id":"https:\/\/www.top5credits.com\/fi\/lainavertailu\/lainaa-20000\/#primaryimage"},"image":{"@id":"https:\/\/www.top5credits.com\/fi\/lainavertailu\/lainaa-20000\/#primaryimage"},"thumbnailUrl":"https:\/\/cdn.top5credits.com\/fi\/wp-content\/uploads\/sites\/2\/2019\/06\/varjoreuna.png?cdn=1.1.2","datePublished":"2020-02-12T11:41:07+00:00","dateModified":"2022-03-25T11:28:01+00:00","description":"Vertailimme 20000 euron lainat ja selvitimme mink\u00e4laisella korolla 20000 euron lainan voi saada ja kuinka pitk\u00e4ksi aikaa. Vertaile ja hae lainaa.","breadcrumb":{"@id":"https:\/\/www.top5credits.com\/fi\/lainavertailu\/lainaa-20000\/#breadcrumb"},"inLanguage":"fi","potentialAction":[{"@type":"ReadAction","target":["https:\/\/www.top5credits.com\/fi\/lainavertailu\/lainaa-20000\/"]}]},{"@type":"ImageObject","inLanguage":"fi","@id":"https:\/\/www.top5credits.com\/fi\/lainavertailu\/lainaa-20000\/#primaryimage","url":"https:\/\/cdn.top5credits.com\/fi\/wp-content\/uploads\/sites\/2\/2019\/06\/varjoreuna.png?cdn=1.1.2","contentUrl":"https:\/\/cdn.top5credits.com\/fi\/wp-content\/uploads\/sites\/2\/2019\/06\/varjoreuna.png?cdn=1.1.2","width":2000,"height":756,"caption":"top5credits tausta"},{"@type":"BreadcrumbList","@id":"https:\/\/www.top5credits.com\/fi\/lainavertailu\/lainaa-20000\/#breadcrumb","itemListElement":[{"@type":"ListItem","position":1,"name":"Top5Credits.com","item":"https:\/\/www.top5credits.com\/fi\/"},{"@type":"ListItem","position":2,"name":"Vertaile ja lainaa edullisesti","item":"https:\/\/www.top5credits.com\/fi\/lainavertailu\/"},{"@type":"ListItem","position":3,"name":"Lainaa 20000"}]},{"@type":"WebSite","@id":"https:\/\/www.top5credits.com\/fi\/#website","url":"https:\/\/www.top5credits.com\/fi\/","name":"Top5Credits.com Suomi","description":"Laittaa lainat j\u00e4rjestykseen","publisher":{"@id":"https:\/\/www.top5credits.com\/fi\/#organization"},"potentialAction":[{"@type":"SearchAction","target":{"@type":"EntryPoint","urlTemplate":"https:\/\/www.top5credits.com\/fi\/?s={search_term_string}"},"query-input":{"@type":"PropertyValueSpecification","valueRequired":true,"valueName":"search_term_string"}}],"inLanguage":"fi"},{"@type":"Organization","@id":"https:\/\/www.top5credits.com\/fi\/#organization","name":"Top5Credits.com","url":"https:\/\/www.top5credits.com\/fi\/","logo":{"@type":"ImageObject","inLanguage":"fi","@id":"https:\/\/www.top5credits.com\/fi\/#\/schema\/logo\/image\/","url":"https:\/\/cdn.top5credits.com\/fi\/wp-content\/uploads\/sites\/2\/2023\/10\/t5c-favicon.png","contentUrl":"https:\/\/cdn.top5credits.com\/fi\/wp-content\/uploads\/sites\/2\/2023\/10\/t5c-favicon.png","width":512,"height":512,"caption":"Top5Credits.com"},"image":{"@id":"https:\/\/www.top5credits.com\/fi\/#\/schema\/logo\/image\/"},"sameAs":["https:\/\/www.facebook.com\/Top5Creditscom-Suomi-878136912537066"]}]}},"_links":{"self":[{"href":"https:\/\/www.top5credits.com\/fi\/wp-json\/wp\/v2\/pages\/2783","targetHints":{"allow":["GET"]}}],"collection":[{"href":"https:\/\/www.top5credits.com\/fi\/wp-json\/wp\/v2\/pages"}],"about":[{"href":"https:\/\/www.top5credits.com\/fi\/wp-json\/wp\/v2\/types\/page"}],"author":[{"embeddable":true,"href":"https:\/\/www.top5credits.com\/fi\/wp-json\/wp\/v2\/users\/11"}],"replies":[{"embeddable":true,"href":"https:\/\/www.top5credits.com\/fi\/wp-json\/wp\/v2\/comments?post=2783"}],"version-history":[{"count":0,"href":"https:\/\/www.top5credits.com\/fi\/wp-json\/wp\/v2\/pages\/2783\/revisions"}],"up":[{"embeddable":true,"href":"https:\/\/www.top5credits.com\/fi\/wp-json\/wp\/v2\/pages\/350"}],"wp:featuredmedia":[{"embeddable":true,"href":"https:\/\/www.top5credits.com\/fi\/wp-json\/wp\/v2\/media\/549"}],"wp:attachment":[{"href":"https:\/\/www.top5credits.com\/fi\/wp-json\/wp\/v2\/media?parent=2783"}],"curies":[{"name":"wp","href":"https:\/\/api.w.org\/{rel}","templated":true}]}}