{"id":3898,"date":"2020-06-25T10:09:27","date_gmt":"2020-06-25T07:09:27","guid":{"rendered":"https:\/\/www.top5credits.com\/fi\/?page_id=3898"},"modified":"2025-07-14T16:14:23","modified_gmt":"2025-07-14T13:14:23","slug":"top-luottokortit","status":"publish","type":"page","link":"https:\/\/www.top5credits.com\/fi\/top-luottokortit\/","title":{"rendered":"Top Luottokortit"},"content":{"rendered":"\n<h1 class=\"wp-block-heading has-text-align-center\">Top luottokortit<\/h1>\n\n\n\n<p>Tilaa hyv\u00e4 luottokortti heti t\u00e4st\u00e4. Luottokortti on hyv\u00e4 olla lompakossa lomamatkan, alennusmyyntien tai muiden yll\u00e4tt\u00e4vien menojen varalta.<\/p>\n\n\n\n\n\n\n<p>Ferratum ja Morrow Bank tarjoavat kilpailukykyiset luottokortit moneen perinteiseen pankkiin verrattuna. Kaikki kortinhaltijat saavat k\u00e4ytt\u00f6\u00f6ns\u00e4 hyv\u00e4t edut. Ferratum Mastercard on luottokortti, jolla saat jopa 60 p\u00e4iv\u00e4\u00e4 pidennetty\u00e4 korotonta maksuaikaa. Toisin sanoen kahden kuukauden maksuaika ilman lis\u00e4kustanuksia on kuin ottaisi lomaa.<\/p>\n\n\n\n<p>Morrow Bankin digitaalisella luottokortilla saat bonusta jokaisesta ostoksesta ja se on nopea ottaa k\u00e4ytt\u00f6\u00f6n. Sen avulla voit maksaa vaikka puhelimellasi, \u00e4lykellollasi, tietokoneellasi tai vaikka tabletillasi.<\/p>\n","protected":false},"excerpt":{"rendered":"<p>Top luottokortit Tilaa hyv\u00e4 luottokortti heti t\u00e4st\u00e4. Luottokortti on hyv\u00e4 olla lompakossa lomamatkan, alennusmyyntien tai muiden yll\u00e4tt\u00e4vien menojen varalta. Ferratum ja Morrow Bank tarjoavat kilpailukykyiset<\/p>\n<p class=\"more-link\">Jatka lukemista <span class=\"screen-reader-text\">Top Luottokortit<\/span><\/p>\n","protected":false},"author":2,"featured_media":0,"parent":0,"menu_order":0,"comment_status":"closed","ping_status":"closed","template":"page-toplist.php","meta":{"footnotes":""},"class_list":["post-3898","page","type-page","status-publish","hentry","entry"],"yoast_head":"<!-- This site is optimized with the Yoast SEO plugin v27.3 - https:\/\/yoast.com\/product\/yoast-seo-wordpress\/ -->\n<title>Top Luottokortit - Top5Credits.com<\/title>\n<meta name=\"robots\" content=\"noindex, follow\" \/>\n<meta property=\"og:locale\" content=\"fi_FI\" \/>\n<meta property=\"og:type\" content=\"article\" \/>\n<meta property=\"og:title\" content=\"Top Luottokortit - Top5Credits.com\" \/>\n<meta property=\"og:description\" content=\"Top luottokortit Tilaa hyv\u00e4 luottokortti heti t\u00e4st\u00e4. Luottokortti on hyv\u00e4 olla lompakossa lomamatkan, alennusmyyntien tai muiden yll\u00e4tt\u00e4vien menojen varalta. Ferratum ja Morrow Bank tarjoavat kilpailukykyisetJatka lukemista Top Luottokortit\" \/>\n<meta property=\"og:url\" content=\"https:\/\/www.top5credits.com\/fi\/top-luottokortit\/\" \/>\n<meta property=\"og:site_name\" content=\"Top5Credits.com Suomi\" \/>\n<meta property=\"article:publisher\" content=\"https:\/\/www.facebook.com\/Top5Creditscom-Suomi-878136912537066\" \/>\n<meta property=\"article:modified_time\" content=\"2025-07-14T13:14:23+00:00\" \/>\n<meta property=\"og:image\" content=\"https:\/\/cdn.top5credits.com\/fi\/wp-content\/uploads\/sites\/2\/2023\/11\/top5credits-com-ogimage.png?cdn=1.1.2\" \/>\n\t<meta property=\"og:image:width\" content=\"1200\" \/>\n\t<meta property=\"og:image:height\" content=\"630\" \/>\n\t<meta property=\"og:image:type\" content=\"image\/png\" \/>\n<meta name=\"twitter:card\" content=\"summary_large_image\" \/>\n<meta name=\"twitter:label1\" content=\"Arvioitu lukuaika\" \/>\n\t<meta name=\"twitter:data1\" content=\"1 minuutti\" \/>\n<script type=\"application\/ld+json\" class=\"yoast-schema-graph\">{\"@context\":\"https:\\\/\\\/schema.org\",\"@graph\":[{\"@type\":\"WebPage\",\"@id\":\"https:\\\/\\\/www.top5credits.com\\\/fi\\\/top-luottokortit\\\/\",\"url\":\"https:\\\/\\\/www.top5credits.com\\\/fi\\\/top-luottokortit\\\/\",\"name\":\"Top Luottokortit - Top5Credits.com\",\"isPartOf\":{\"@id\":\"https:\\\/\\\/www.top5credits.com\\\/fi\\\/#website\"},\"datePublished\":\"2020-06-25T07:09:27+00:00\",\"dateModified\":\"2025-07-14T13:14:23+00:00\",\"breadcrumb\":{\"@id\":\"https:\\\/\\\/www.top5credits.com\\\/fi\\\/top-luottokortit\\\/#breadcrumb\"},\"inLanguage\":\"fi\",\"potentialAction\":[{\"@type\":\"ReadAction\",\"target\":[\"https:\\\/\\\/www.top5credits.com\\\/fi\\\/top-luottokortit\\\/\"]}]},{\"@type\":\"BreadcrumbList\",\"@id\":\"https:\\\/\\\/www.top5credits.com\\\/fi\\\/top-luottokortit\\\/#breadcrumb\",\"itemListElement\":[{\"@type\":\"ListItem\",\"position\":1,\"name\":\"Top5Credits.com\",\"item\":\"https:\\\/\\\/www.top5credits.com\\\/fi\\\/\"},{\"@type\":\"ListItem\",\"position\":2,\"name\":\"Top Luottokortit\"}]},{\"@type\":\"WebSite\",\"@id\":\"https:\\\/\\\/www.top5credits.com\\\/fi\\\/#website\",\"url\":\"https:\\\/\\\/www.top5credits.com\\\/fi\\\/\",\"name\":\"Top5Credits.com Suomi\",\"description\":\"Laittaa lainat j\u00e4rjestykseen\",\"publisher\":{\"@id\":\"https:\\\/\\\/www.top5credits.com\\\/fi\\\/#organization\"},\"potentialAction\":[{\"@type\":\"SearchAction\",\"target\":{\"@type\":\"EntryPoint\",\"urlTemplate\":\"https:\\\/\\\/www.top5credits.com\\\/fi\\\/?s={search_term_string}\"},\"query-input\":{\"@type\":\"PropertyValueSpecification\",\"valueRequired\":true,\"valueName\":\"search_term_string\"}}],\"inLanguage\":\"fi\"},{\"@type\":\"Organization\",\"@id\":\"https:\\\/\\\/www.top5credits.com\\\/fi\\\/#organization\",\"name\":\"Top5Credits.com\",\"url\":\"https:\\\/\\\/www.top5credits.com\\\/fi\\\/\",\"logo\":{\"@type\":\"ImageObject\",\"inLanguage\":\"fi\",\"@id\":\"https:\\\/\\\/www.top5credits.com\\\/fi\\\/#\\\/schema\\\/logo\\\/image\\\/\",\"url\":\"https:\\\/\\\/cdn.top5credits.com\\\/fi\\\/wp-content\\\/uploads\\\/sites\\\/2\\\/2023\\\/10\\\/t5c-favicon.png\",\"contentUrl\":\"https:\\\/\\\/cdn.top5credits.com\\\/fi\\\/wp-content\\\/uploads\\\/sites\\\/2\\\/2023\\\/10\\\/t5c-favicon.png\",\"width\":512,\"height\":512,\"caption\":\"Top5Credits.com\"},\"image\":{\"@id\":\"https:\\\/\\\/www.top5credits.com\\\/fi\\\/#\\\/schema\\\/logo\\\/image\\\/\"},\"sameAs\":[\"https:\\\/\\\/www.facebook.com\\\/Top5Creditscom-Suomi-878136912537066\"]}]}<\/script>\n<!-- \/ Yoast SEO plugin. -->","yoast_head_json":{"title":"Top Luottokortit - Top5Credits.com","robots":{"index":"noindex","follow":"follow"},"og_locale":"fi_FI","og_type":"article","og_title":"Top Luottokortit - Top5Credits.com","og_description":"Top luottokortit Tilaa hyv\u00e4 luottokortti heti t\u00e4st\u00e4. Luottokortti on hyv\u00e4 olla lompakossa lomamatkan, alennusmyyntien tai muiden yll\u00e4tt\u00e4vien menojen varalta. Ferratum ja Morrow Bank tarjoavat kilpailukykyisetJatka lukemista Top Luottokortit","og_url":"https:\/\/www.top5credits.com\/fi\/top-luottokortit\/","og_site_name":"Top5Credits.com Suomi","article_publisher":"https:\/\/www.facebook.com\/Top5Creditscom-Suomi-878136912537066","article_modified_time":"2025-07-14T13:14:23+00:00","og_image":[{"width":1200,"height":630,"url":"https:\/\/cdn.top5credits.com\/fi\/wp-content\/uploads\/sites\/2\/2023\/11\/top5credits-com-ogimage.png?cdn=1.1.2","type":"image\/png"}],"twitter_card":"summary_large_image","twitter_misc":{"Arvioitu lukuaika":"1 minuutti"},"schema":{"@context":"https:\/\/schema.org","@graph":[{"@type":"WebPage","@id":"https:\/\/www.top5credits.com\/fi\/top-luottokortit\/","url":"https:\/\/www.top5credits.com\/fi\/top-luottokortit\/","name":"Top Luottokortit - Top5Credits.com","isPartOf":{"@id":"https:\/\/www.top5credits.com\/fi\/#website"},"datePublished":"2020-06-25T07:09:27+00:00","dateModified":"2025-07-14T13:14:23+00:00","breadcrumb":{"@id":"https:\/\/www.top5credits.com\/fi\/top-luottokortit\/#breadcrumb"},"inLanguage":"fi","potentialAction":[{"@type":"ReadAction","target":["https:\/\/www.top5credits.com\/fi\/top-luottokortit\/"]}]},{"@type":"BreadcrumbList","@id":"https:\/\/www.top5credits.com\/fi\/top-luottokortit\/#breadcrumb","itemListElement":[{"@type":"ListItem","position":1,"name":"Top5Credits.com","item":"https:\/\/www.top5credits.com\/fi\/"},{"@type":"ListItem","position":2,"name":"Top Luottokortit"}]},{"@type":"WebSite","@id":"https:\/\/www.top5credits.com\/fi\/#website","url":"https:\/\/www.top5credits.com\/fi\/","name":"Top5Credits.com Suomi","description":"Laittaa lainat j\u00e4rjestykseen","publisher":{"@id":"https:\/\/www.top5credits.com\/fi\/#organization"},"potentialAction":[{"@type":"SearchAction","target":{"@type":"EntryPoint","urlTemplate":"https:\/\/www.top5credits.com\/fi\/?s={search_term_string}"},"query-input":{"@type":"PropertyValueSpecification","valueRequired":true,"valueName":"search_term_string"}}],"inLanguage":"fi"},{"@type":"Organization","@id":"https:\/\/www.top5credits.com\/fi\/#organization","name":"Top5Credits.com","url":"https:\/\/www.top5credits.com\/fi\/","logo":{"@type":"ImageObject","inLanguage":"fi","@id":"https:\/\/www.top5credits.com\/fi\/#\/schema\/logo\/image\/","url":"https:\/\/cdn.top5credits.com\/fi\/wp-content\/uploads\/sites\/2\/2023\/10\/t5c-favicon.png","contentUrl":"https:\/\/cdn.top5credits.com\/fi\/wp-content\/uploads\/sites\/2\/2023\/10\/t5c-favicon.png","width":512,"height":512,"caption":"Top5Credits.com"},"image":{"@id":"https:\/\/www.top5credits.com\/fi\/#\/schema\/logo\/image\/"},"sameAs":["https:\/\/www.facebook.com\/Top5Creditscom-Suomi-878136912537066"]}]}},"_links":{"self":[{"href":"https:\/\/www.top5credits.com\/fi\/wp-json\/wp\/v2\/pages\/3898","targetHints":{"allow":["GET"]}}],"collection":[{"href":"https:\/\/www.top5credits.com\/fi\/wp-json\/wp\/v2\/pages"}],"about":[{"href":"https:\/\/www.top5credits.com\/fi\/wp-json\/wp\/v2\/types\/page"}],"author":[{"embeddable":true,"href":"https:\/\/www.top5credits.com\/fi\/wp-json\/wp\/v2\/users\/2"}],"replies":[{"embeddable":true,"href":"https:\/\/www.top5credits.com\/fi\/wp-json\/wp\/v2\/comments?post=3898"}],"version-history":[{"count":1,"href":"https:\/\/www.top5credits.com\/fi\/wp-json\/wp\/v2\/pages\/3898\/revisions"}],"predecessor-version":[{"id":15179,"href":"https:\/\/www.top5credits.com\/fi\/wp-json\/wp\/v2\/pages\/3898\/revisions\/15179"}],"wp:attachment":[{"href":"https:\/\/www.top5credits.com\/fi\/wp-json\/wp\/v2\/media?parent=3898"}],"curies":[{"name":"wp","href":"https:\/\/api.w.org\/{rel}","templated":true}]}}