{"id":1244,"date":"2020-03-05T11:53:56","date_gmt":"2020-03-05T11:53:56","guid":{"rendered":"https:\/\/www.top5credits.com\/no\/?page_id=1244"},"modified":"2026-02-20T12:24:21","modified_gmt":"2026-02-20T11:24:21","slug":"forbrukslan","status":"publish","type":"page","link":"https:\/\/www.top5credits.com\/no\/forbrukslan\/","title":{"rendered":"Forbruksl\u00e5n"},"content":{"rendered":"\n<div class=\"wp-block-group first-section\"><div class=\"wp-block-group__inner-container is-layout-flow wp-block-group-is-layout-flow\">\n<h1 class=\"wp-block-heading\">Forbruksl\u00e5n &#8211; Finn de beste og billigste l\u00e5nene i dag<\/h1>\n\n\n\n<div style=\"height:5px\" aria-hidden=\"true\" class=\"wp-block-spacer\"><\/div>\n\n\n\n<p class=\"has-text-align-left compare-title\">I dag er det veldig popul\u00e6rt \u00e5 ta opp et forbruksl\u00e5n p\u00e5 nettet. <span class=\"luelisaanappi\">Les&nbsp;mer..<\/span> <span class=\"luelisaateksti\">Av og til kan det i v\u00e5rt daglige liv dukke opp en uventet utgift som det var umulig \u00e5 forutse, bilen din som du bruker til og fra jobb m\u00e5 kanskje p\u00e5 verksted, eller at du rett og slett trenger penger til hva det enn m\u00e5tte v\u00e6re.<\/span><\/p>\n\n\n\n<div class=\"wp-block-group luelisaateksti\"><div class=\"wp-block-group__inner-container is-layout-flow wp-block-group-is-layout-flow\">\n<p class=\"compare-title\">Finn et forbruksl\u00e5n som passer dine behov ved \u00e5 sammenligne bankene og l\u00e5ngiverne i listen under. Her har vi samlet alternativ som passer flere ulike l\u00e5nebehov.<\/p>\n<\/div><\/div>\n<\/div><\/div>\n\n\n\n\n\n\n<div class=\"top-results palkkio\">\n<span class=\"huomiomerkki\">!<\/span> Kommisjonen vi f\u00e5r p\u00e5virker plasseringen &#8211; les mer <span class=\"plus-trigger\">+<\/span>\n<p>Top5credits.com er en 100% gratis nettside med form\u00e5l om \u00e5 tilby nyttig og verdifull informasjon til v\u00e5re brukere. Vi sammenligner l\u00e5n og vurderer dem. For at nettsiden fortsatt skal v\u00e6re gratis, f\u00e5r vi kommisjon r bankene og utl\u00e5nerne n\u00e5r brukere blir sendt til dem. Kommisjonen p\u00e5virker plassering og rangeringen av banker og utbydere p\u00e5 listen.<\/p>\n<\/div>\n\n\n\n<div style=\"height:40px\" aria-hidden=\"true\" class=\"wp-block-spacer\"><\/div>\n\n\n\n<h2 class=\"wp-block-heading\">Hva er forbruksl\u00e5n?<\/h2>\n\n\n\n<p>Et forbruksl\u00e5n inng\u00e5r under typen l\u00e5n uten sikkerhet. Dette betyr at du kan l\u00e5ne penger uten \u00e5 m\u00e5tte stille sikkerhet til l\u00e5net i f.eks. hus, bil eller b\u00e5t.<\/p>\n\n\n\n<h2 class=\"wp-block-heading\">Hvordan f\u00e5 forbruksl\u00e5n?<\/h2>\n\n\n\n<p>Klikk deg inn p\u00e5 noen av nettsidene til l\u00e5netilbyderne som du ser p\u00e5 denne nettsiden, fyll ut dine personlige opplysninger og send inn l\u00e5nes\u00f8knaden for billigste forbruksl\u00e5n.<\/p>\n\n\n\n<h2 class=\"wp-block-heading\">Hvor mye kan jeg l\u00e5ne?<\/h2>\n\n\n\n<p>Klikk deg inn p\u00e5 lenken til hver av l\u00e5netilbyderne du ser her p\u00e5 denne siden l\u00e5nebel\u00f8psgrensen for hvert l\u00e5netilbud for billigste forbruksl\u00e5n.<\/p>\n\n\n\n<p>Det finnes en rekke norske banker som tilbyr forskjellige typer forbruksl\u00e5n med gunstige l\u00e5nebetingelse, og her p\u00e5 Top5Credits.com sin nettside kan du sammenligne de beste l\u00e5netilbudene fra de mest aksepterte l\u00e5netilbyderne i Norge ved hjelp av en l\u00e5nekalkulator.<\/p>\n\n\n\n<p>Du kan da finne det billigste forbruksl\u00e5net med de gunstigste betingelsene, skreddersydd for akkurat deg og dine behov. <\/p>\n\n\n\n<h2 class=\"wp-block-heading\">F\u00e5 norges beste tilbud p\u00e5 forbruksl\u00e5n<\/h2>\n\n\n\n<p>Tilbudene som du da vil motta er basert p\u00e5 dine s\u00f8kekriterier, og det er deretter opp til hver l\u00e5netilbyder \u00e5 foreta en eventuell n\u00f8dvendig kredittsjekk, hvor mye du kan l\u00e5ne, hvor lang nedbetalingstid du vil f\u00e5 og hvorvidt om du vil f\u00e5 innvilgelse eller avslag p\u00e5 l\u00e5nes\u00f8knaden din.<\/p>\n\n\n\n<p>Husk at du kan s\u00f8ke om forbruks l\u00e5n fra flere tilbydere samtidig for \u00e5 \u00f8ke sjansene dine for \u00e5 f\u00e5 forbruks l\u00e5net ditt innvilget. N\u00e5r du har mottatt tilbudene, f\u00f8lger du bare lenken til hver l\u00e5netilbyder hvor du vil f\u00e5 mer spesifikk informasjon om hvert forbruks l\u00e5n med lav rente.<\/p>\n\n\n\n<p class=\"dm-list-check\">Top5Credits.com tilbyr:<\/p>\n\n\n\n<ul class=\"wp-block-list dm-list-check\">\n<li>En praktisk og velfungerende l\u00e5neveiledningstjeneste<\/li>\n\n\n\n<li>Gratis og praktisk sammenligning av forbruksl\u00e5n med lav rente<\/li>\n\n\n\n<li>Kun etablerte og p\u00e5litelige l\u00e5netilbydere<\/li>\n<\/ul>\n\n\n\n<p>Fyll inn din personlige informasjon her p\u00e5 denne nettsiden, bruk v\u00e5r forbruksl\u00e5n kalkulator og sammenlign de beste forbruksl\u00e5nene \u2013 helt gratis og uten noen som helst forpliktelser!<\/p>\n\n\n\n<h2 class=\"wp-block-heading\">Finn ditt billigste forbruksl\u00e5n i dag<\/h2>\n\n\n\n<p>Top5Credits.com hjelper deg med \u00e5 finne det beste og billigste forbruksl\u00e5net for deg og dine behov. Bruk v\u00e5r forbruks <a href=\"https:\/\/www.top5credits.com\/no\/lanekalkulator\/\">l\u00e5n kalkulator<\/a> for \u00e5 se hvor mye du kan f\u00e5 l\u00e5ne.<\/p>\n\n\n\n<h2 class=\"wp-block-heading\">Uforutsette utgifter? F\u00e5 et rimelig forbruksl\u00e5n i dag<\/h2>\n\n\n\n<p>Har vaskemaskinen din plutselig brutt sammen eller har du f\u00e5tt en uventet regning i posten? Da kan et forbruksl\u00e5n fra Top5Credits.com v\u00e6re l\u00f8sningen for deg for \u00e5 l\u00f8se problemet med ditt beste forbruksl\u00e5n.<\/p>\n\n\n\n<h2 class=\"wp-block-heading\">Beste forbruksl\u00e5n finner du her<\/h2>\n\n\n\n<p>Du f\u00e5 de beste tilbudene p\u00e5 forbruksl\u00e5n rett hjem til deg. Deretter kan du i ro og mak sammenligne deg fram til det tilbudet som passer best for akkurat deg og dine behov.<\/p>\n\n\n\n<p>Top5Credits.com samarbeider utelukkende med de mest etablerte og seri\u00f8se akt\u00f8rene p\u00e5 det norske l\u00e5nemarkedet slik som DNB, L\u00e5nekassen, Santander, Komplett Bank og mange flere. Du kan sammenligne de beste tilbudene fra samtlige av dem her p\u00e5 kun noen f\u00e5 minutter.<\/p>\n\n\n\n<h2 class=\"wp-block-heading\">N\u00e5r jeg kan f\u00e5 penger?<\/h2>\n\n\n\n<p>Samtlige av v\u00e5re samarbeidspartnere behandler l\u00e5nes\u00f8knader fortl\u00f8pende, og i noen tilfeller kan du f\u00e5 svar den samme dagen eller dagen etter at du sendte inn l\u00e5nes\u00f8knaden. Fyll ut dine personopplysninger her p\u00e5 siden og du f\u00e5r sendt avg\u00e5rde l\u00e5nes\u00f8knaden din p\u00e5 et par minutter.<\/p>\n\n\n\n<p>S\u00f8k gjerne om forbruksl\u00e5n fra flere l\u00e5netilbydere samtidig. Dette har ingen betydning for et eventuelt avslag p\u00e5 l\u00e5nes\u00f8knaden fra den ene til den neste.<\/p>\n\n\n\n<p>S\u00e5, hvis du trenger penger til en uforutsett utgiftspost eller rett og slett har lyst \u00e5 ta deg en feriereise uten \u00e5 m\u00e5tte spare opp penger til den i lang tid framover, kan et forbruksl\u00e5n fra Top5Credits.com v\u00e6re l\u00f8sningen for deg.<\/p>\n\n\n\n<p>S\u00e5 lenge du overholder den planlagte tilbakebetalingsplanen og betaler avdragene dine i tide, er det ingenting i veien for at denne l\u00f8sningen kan komme deg og dine til gode p\u00e5 en positiv m\u00e5te som gir deg st\u00f8rre handlefrihet.<\/p>\n","protected":false},"excerpt":{"rendered":"<p>Forbruksl\u00e5n &#8211; Finn de beste og billigste l\u00e5nene i dag I dag er det veldig popul\u00e6rt \u00e5 ta opp et forbruksl\u00e5n p\u00e5 nettet. Les&nbsp;mer.. Av<\/p>\n<p class=\"more-link\">Fortsett \u00e5 lese <span class=\"screen-reader-text\">Forbruksl\u00e5n<\/span><\/p>\n","protected":false},"author":2,"featured_media":1236,"parent":0,"menu_order":0,"comment_status":"closed","ping_status":"closed","template":"page-results.php","meta":{"footnotes":""},"class_list":["post-1244","page","type-page","status-publish","has-post-thumbnail","hentry","entry"],"yoast_head":"<!-- This site is optimized with the Yoast SEO plugin v27.3 - https:\/\/yoast.com\/product\/yoast-seo-wordpress\/ -->\n<title>Forbruksl\u00e5n - Sammenlign de beste &amp; billigste l\u00e5nene<\/title>\n<meta name=\"description\" content=\"Top5Credits hjelper deg med \u00e5 finne det beste og billigste forbruksl\u00e5net for deg. Sammenligne og s\u00f8ke om forbruksl\u00e5n i dag.\" \/>\n<meta name=\"robots\" content=\"index, follow, max-snippet:-1, max-image-preview:large, max-video-preview:-1\" \/>\n<link rel=\"canonical\" href=\"https:\/\/www.top5credits.com\/no\/forbrukslan\/\" \/>\n<meta property=\"og:locale\" content=\"nb_NO\" \/>\n<meta property=\"og:type\" content=\"article\" \/>\n<meta property=\"og:title\" content=\"Forbruksl\u00e5n - Sammenlign de beste &amp; billigste l\u00e5nene\" \/>\n<meta property=\"og:description\" content=\"Top5Credits hjelper deg med \u00e5 finne det beste og billigste forbruksl\u00e5net for deg. Sammenligne og s\u00f8ke om forbruksl\u00e5n i dag.\" \/>\n<meta property=\"og:url\" content=\"https:\/\/www.top5credits.com\/no\/forbrukslan\/\" \/>\n<meta property=\"og:site_name\" content=\"Top5Credits.com Norge\" \/>\n<meta property=\"article:publisher\" content=\"https:\/\/www.facebook.com\/Top5Credits-Norge-705688976528147\" \/>\n<meta property=\"article:modified_time\" content=\"2026-02-20T11:24:21+00:00\" \/>\n<meta property=\"og:image\" content=\"https:\/\/cdn.top5credits.com\/no\/wp-content\/uploads\/sites\/4\/2019\/06\/top5-og.jpg?cdn=1.1.0\" \/>\n\t<meta property=\"og:image:width\" content=\"1200\" \/>\n\t<meta property=\"og:image:height\" content=\"630\" \/>\n\t<meta property=\"og:image:type\" content=\"image\/jpeg\" \/>\n<meta name=\"twitter:card\" content=\"summary_large_image\" \/>\n<meta name=\"twitter:label1\" content=\"Ansl. lesetid\" \/>\n\t<meta name=\"twitter:data1\" content=\"5 minutter\" \/>\n<script type=\"application\/ld+json\" class=\"yoast-schema-graph\">{\"@context\":\"https:\\\/\\\/schema.org\",\"@graph\":[{\"@type\":\"WebPage\",\"@id\":\"https:\\\/\\\/www.top5credits.com\\\/no\\\/forbrukslan\\\/\",\"url\":\"https:\\\/\\\/www.top5credits.com\\\/no\\\/forbrukslan\\\/\",\"name\":\"Forbruksl\u00e5n - Sammenlign de beste & billigste l\u00e5nene\",\"isPartOf\":{\"@id\":\"https:\\\/\\\/www.top5credits.com\\\/no\\\/#website\"},\"primaryImageOfPage\":{\"@id\":\"https:\\\/\\\/www.top5credits.com\\\/no\\\/forbrukslan\\\/#primaryimage\"},\"image\":{\"@id\":\"https:\\\/\\\/www.top5credits.com\\\/no\\\/forbrukslan\\\/#primaryimage\"},\"thumbnailUrl\":\"https:\\\/\\\/www.top5credits.com\\\/no\\\/wp-content\\\/uploads\\\/sites\\\/4\\\/2020\\\/03\\\/top5credits-com.jpg\",\"datePublished\":\"2020-03-05T11:53:56+00:00\",\"dateModified\":\"2026-02-20T11:24:21+00:00\",\"description\":\"Top5Credits hjelper deg med \u00e5 finne det beste og billigste forbruksl\u00e5net for deg. Sammenligne og s\u00f8ke om forbruksl\u00e5n i dag.\",\"breadcrumb\":{\"@id\":\"https:\\\/\\\/www.top5credits.com\\\/no\\\/forbrukslan\\\/#breadcrumb\"},\"inLanguage\":\"nb-NO\",\"potentialAction\":[{\"@type\":\"ReadAction\",\"target\":[\"https:\\\/\\\/www.top5credits.com\\\/no\\\/forbrukslan\\\/\"]}]},{\"@type\":\"ImageObject\",\"inLanguage\":\"nb-NO\",\"@id\":\"https:\\\/\\\/www.top5credits.com\\\/no\\\/forbrukslan\\\/#primaryimage\",\"url\":\"https:\\\/\\\/www.top5credits.com\\\/no\\\/wp-content\\\/uploads\\\/sites\\\/4\\\/2020\\\/03\\\/top5credits-com.jpg\",\"contentUrl\":\"https:\\\/\\\/www.top5credits.com\\\/no\\\/wp-content\\\/uploads\\\/sites\\\/4\\\/2020\\\/03\\\/top5credits-com.jpg\",\"width\":2000,\"height\":1000,\"caption\":\"Top5Credits Norge\"},{\"@type\":\"BreadcrumbList\",\"@id\":\"https:\\\/\\\/www.top5credits.com\\\/no\\\/forbrukslan\\\/#breadcrumb\",\"itemListElement\":[{\"@type\":\"ListItem\",\"position\":1,\"name\":\"Top5Credits.com\",\"item\":\"https:\\\/\\\/www.top5credits.com\\\/no\\\/\"},{\"@type\":\"ListItem\",\"position\":2,\"name\":\"Forbruksl\u00e5n\"}]},{\"@type\":\"WebSite\",\"@id\":\"https:\\\/\\\/www.top5credits.com\\\/no\\\/#website\",\"url\":\"https:\\\/\\\/www.top5credits.com\\\/no\\\/\",\"name\":\"Top5Credits.com Norge\",\"description\":\"Sammenlign og finn de beste l\u00e5nene\",\"publisher\":{\"@id\":\"https:\\\/\\\/www.top5credits.com\\\/no\\\/#organization\"},\"potentialAction\":[{\"@type\":\"SearchAction\",\"target\":{\"@type\":\"EntryPoint\",\"urlTemplate\":\"https:\\\/\\\/www.top5credits.com\\\/no\\\/?s={search_term_string}\"},\"query-input\":{\"@type\":\"PropertyValueSpecification\",\"valueRequired\":true,\"valueName\":\"search_term_string\"}}],\"inLanguage\":\"nb-NO\"},{\"@type\":\"Organization\",\"@id\":\"https:\\\/\\\/www.top5credits.com\\\/no\\\/#organization\",\"name\":\"Top5Credits.com\",\"url\":\"https:\\\/\\\/www.top5credits.com\\\/no\\\/\",\"logo\":{\"@type\":\"ImageObject\",\"inLanguage\":\"nb-NO\",\"@id\":\"https:\\\/\\\/www.top5credits.com\\\/no\\\/#\\\/schema\\\/logo\\\/image\\\/\",\"url\":\"https:\\\/\\\/cdn.top5credits.com\\\/no\\\/wp-content\\\/uploads\\\/sites\\\/4\\\/2023\\\/10\\\/t5c-favicon.png\",\"contentUrl\":\"https:\\\/\\\/cdn.top5credits.com\\\/no\\\/wp-content\\\/uploads\\\/sites\\\/4\\\/2023\\\/10\\\/t5c-favicon.png\",\"width\":512,\"height\":512,\"caption\":\"Top5Credits.com\"},\"image\":{\"@id\":\"https:\\\/\\\/www.top5credits.com\\\/no\\\/#\\\/schema\\\/logo\\\/image\\\/\"},\"sameAs\":[\"https:\\\/\\\/www.facebook.com\\\/Top5Credits-Norge-705688976528147\"]}]}<\/script>\n<!-- \/ Yoast SEO plugin. -->","yoast_head_json":{"title":"Forbruksl\u00e5n - Sammenlign de beste & billigste l\u00e5nene","description":"Top5Credits hjelper deg med \u00e5 finne det beste og billigste forbruksl\u00e5net for deg. Sammenligne og s\u00f8ke om forbruksl\u00e5n i dag.","robots":{"index":"index","follow":"follow","max-snippet":"max-snippet:-1","max-image-preview":"max-image-preview:large","max-video-preview":"max-video-preview:-1"},"canonical":"https:\/\/www.top5credits.com\/no\/forbrukslan\/","og_locale":"nb_NO","og_type":"article","og_title":"Forbruksl\u00e5n - Sammenlign de beste & billigste l\u00e5nene","og_description":"Top5Credits hjelper deg med \u00e5 finne det beste og billigste forbruksl\u00e5net for deg. Sammenligne og s\u00f8ke om forbruksl\u00e5n i dag.","og_url":"https:\/\/www.top5credits.com\/no\/forbrukslan\/","og_site_name":"Top5Credits.com Norge","article_publisher":"https:\/\/www.facebook.com\/Top5Credits-Norge-705688976528147","article_modified_time":"2026-02-20T11:24:21+00:00","og_image":[{"width":1200,"height":630,"url":"https:\/\/cdn.top5credits.com\/no\/wp-content\/uploads\/sites\/4\/2019\/06\/top5-og.jpg?cdn=1.1.0","type":"image\/jpeg"}],"twitter_card":"summary_large_image","twitter_misc":{"Ansl. lesetid":"5 minutter"},"schema":{"@context":"https:\/\/schema.org","@graph":[{"@type":"WebPage","@id":"https:\/\/www.top5credits.com\/no\/forbrukslan\/","url":"https:\/\/www.top5credits.com\/no\/forbrukslan\/","name":"Forbruksl\u00e5n - Sammenlign de beste & billigste l\u00e5nene","isPartOf":{"@id":"https:\/\/www.top5credits.com\/no\/#website"},"primaryImageOfPage":{"@id":"https:\/\/www.top5credits.com\/no\/forbrukslan\/#primaryimage"},"image":{"@id":"https:\/\/www.top5credits.com\/no\/forbrukslan\/#primaryimage"},"thumbnailUrl":"https:\/\/cdn.top5credits.com\/no\/wp-content\/uploads\/sites\/4\/2020\/03\/top5credits-com.jpg?cdn=1.1.0","datePublished":"2020-03-05T11:53:56+00:00","dateModified":"2026-02-20T11:24:21+00:00","description":"Top5Credits hjelper deg med \u00e5 finne det beste og billigste forbruksl\u00e5net for deg. Sammenligne og s\u00f8ke om forbruksl\u00e5n i dag.","breadcrumb":{"@id":"https:\/\/www.top5credits.com\/no\/forbrukslan\/#breadcrumb"},"inLanguage":"nb-NO","potentialAction":[{"@type":"ReadAction","target":["https:\/\/www.top5credits.com\/no\/forbrukslan\/"]}]},{"@type":"ImageObject","inLanguage":"nb-NO","@id":"https:\/\/www.top5credits.com\/no\/forbrukslan\/#primaryimage","url":"https:\/\/cdn.top5credits.com\/no\/wp-content\/uploads\/sites\/4\/2020\/03\/top5credits-com.jpg?cdn=1.1.0","contentUrl":"https:\/\/cdn.top5credits.com\/no\/wp-content\/uploads\/sites\/4\/2020\/03\/top5credits-com.jpg?cdn=1.1.0","width":2000,"height":1000,"caption":"Top5Credits Norge"},{"@type":"BreadcrumbList","@id":"https:\/\/www.top5credits.com\/no\/forbrukslan\/#breadcrumb","itemListElement":[{"@type":"ListItem","position":1,"name":"Top5Credits.com","item":"https:\/\/www.top5credits.com\/no\/"},{"@type":"ListItem","position":2,"name":"Forbruksl\u00e5n"}]},{"@type":"WebSite","@id":"https:\/\/www.top5credits.com\/no\/#website","url":"https:\/\/www.top5credits.com\/no\/","name":"Top5Credits.com Norge","description":"Sammenlign og finn de beste l\u00e5nene","publisher":{"@id":"https:\/\/www.top5credits.com\/no\/#organization"},"potentialAction":[{"@type":"SearchAction","target":{"@type":"EntryPoint","urlTemplate":"https:\/\/www.top5credits.com\/no\/?s={search_term_string}"},"query-input":{"@type":"PropertyValueSpecification","valueRequired":true,"valueName":"search_term_string"}}],"inLanguage":"nb-NO"},{"@type":"Organization","@id":"https:\/\/www.top5credits.com\/no\/#organization","name":"Top5Credits.com","url":"https:\/\/www.top5credits.com\/no\/","logo":{"@type":"ImageObject","inLanguage":"nb-NO","@id":"https:\/\/www.top5credits.com\/no\/#\/schema\/logo\/image\/","url":"https:\/\/cdn.top5credits.com\/no\/wp-content\/uploads\/sites\/4\/2023\/10\/t5c-favicon.png","contentUrl":"https:\/\/cdn.top5credits.com\/no\/wp-content\/uploads\/sites\/4\/2023\/10\/t5c-favicon.png","width":512,"height":512,"caption":"Top5Credits.com"},"image":{"@id":"https:\/\/www.top5credits.com\/no\/#\/schema\/logo\/image\/"},"sameAs":["https:\/\/www.facebook.com\/Top5Credits-Norge-705688976528147"]}]}},"_links":{"self":[{"href":"https:\/\/www.top5credits.com\/no\/wp-json\/wp\/v2\/pages\/1244","targetHints":{"allow":["GET"]}}],"collection":[{"href":"https:\/\/www.top5credits.com\/no\/wp-json\/wp\/v2\/pages"}],"about":[{"href":"https:\/\/www.top5credits.com\/no\/wp-json\/wp\/v2\/types\/page"}],"author":[{"embeddable":true,"href":"https:\/\/www.top5credits.com\/no\/wp-json\/wp\/v2\/users\/2"}],"replies":[{"embeddable":true,"href":"https:\/\/www.top5credits.com\/no\/wp-json\/wp\/v2\/comments?post=1244"}],"version-history":[{"count":1,"href":"https:\/\/www.top5credits.com\/no\/wp-json\/wp\/v2\/pages\/1244\/revisions"}],"predecessor-version":[{"id":5580,"href":"https:\/\/www.top5credits.com\/no\/wp-json\/wp\/v2\/pages\/1244\/revisions\/5580"}],"wp:featuredmedia":[{"embeddable":true,"href":"https:\/\/www.top5credits.com\/no\/wp-json\/wp\/v2\/media\/1236"}],"wp:attachment":[{"href":"https:\/\/www.top5credits.com\/no\/wp-json\/wp\/v2\/media?parent=1244"}],"curies":[{"name":"wp","href":"https:\/\/api.w.org\/{rel}","templated":true}]}}