{"id":1469,"date":"2020-06-05T05:37:09","date_gmt":"2020-06-05T05:37:09","guid":{"rendered":"https:\/\/www.top5credits.com\/no\/?page_id=1469"},"modified":"2023-03-27T10:57:01","modified_gmt":"2023-03-27T08:57:01","slug":"smalan","status":"publish","type":"page","link":"https:\/\/www.top5credits.com\/no\/sammenligning-av-lan\/smalan\/","title":{"rendered":"Sm\u00e5l\u00e5n"},"content":{"rendered":"\n<div class=\"wp-block-group first-section\"><div class=\"wp-block-group__inner-container is-layout-flow wp-block-group-is-layout-flow\">\n<h1 class=\"has-text-align-center compare-title wp-block-heading\">Sm\u00e5l\u00e5n &#8211; Sammenlign l\u00e5n med sm\u00e5 bel\u00f8p<\/h1>\n\n\n\n<p class=\"has-text-align-left compare-title\">Top5Credits sammenligner sm\u00e5l\u00e5n i Norge. <span class=\"luelisaanappi\">Les&nbsp;mer..<\/span> <span class=\"luelisaateksti\"> V\u00e5r sammenligning av l\u00e5n viser anmeldelser og erfaringer til de beste l\u00e5nene, bankene og l\u00e5nemeglerne. Vi har testet l\u00e5nene og l\u00e5netjenestene selv, slik at du lett kan velge det l\u00e5net som passer best for deg.<\/span><\/p>\n\n\n\n<div class=\"wp-block-group luelisaateksti\"><div class=\"wp-block-group__inner-container is-layout-flow wp-block-group-is-layout-flow\">\n<p class=\"compare-title\">Hos Top5Credits.com f\u00e5r du:<\/p>\n\n\n\n<ul class=\"wp-block-list\">\n<li>Muligheten til \u00e5 sammenligne de beste tilbudene p\u00e5 sm\u00e5l\u00e5n<\/li>\n\n\n\n<li>Kun seri\u00f8se utl\u00e5nere<\/li>\n\n\n\n<li>En praktisk l\u00e5nekalkulator som regner ut hvilke m\u00e5nedlige utgifter du vil f\u00e5 p\u00e5 sm\u00e5l\u00e5net ditt<\/li>\n<\/ul>\n<\/div><\/div>\n\n\n\n<\/div><\/div>\n\n\n\n\n\n\n<div class=\"top-results palkkio\">\n<span class=\"huomiomerkki\">!<\/span> Kommisjonen vi f\u00e5r p\u00e5virker plasseringen &#8211; les mer <span class=\"plus-trigger\">+<\/span>\n<p>Top5credits.com er en 100% gratis nettside med form\u00e5l om \u00e5 tilby nyttig og verdifull informasjon til v\u00e5re brukere. Vi sammenligner l\u00e5n og vurderer dem. For at nettsiden fortsatt skal v\u00e6re gratis, f\u00e5r vi kommisjon r bankene og utl\u00e5nerne n\u00e5r brukere blir sendt til dem. Kommisjonen p\u00e5virker plassering og rangeringen av banker og utbydere p\u00e5 listen.<\/p>\n<\/div>\n<div class=\"full-white\"><\/div>\n\n\n\n<div class=\"wp-block-group full-white\"><div class=\"wp-block-group__inner-container is-layout-flow wp-block-group-is-layout-flow\">\n<h2 class=\"has-text-align-center wp-block-heading\">Hva er sm\u00e5l\u00e5n?<\/h2>\n\n\n\n<p>Sm\u00e5l\u00e5n er mindre l\u00e5n som du ikke trenger \u00e5 stille sikkerhet\/garanti for \u00e5 f\u00e5. Denne typen l\u00e5n egner seg best til mindre uforutsette utgifter og hvis du trenger et st\u00f8rre l\u00e5nebel\u00f8p, anbefaler vi deg \u00e5 heller s\u00f8ke om et vanlig, sikret l\u00e5n da rentene p\u00e5 denne typen l\u00e5n er noe h\u00f8yere. Sjekk ut de beste tilbudene fra de st\u00f8rste bankene og l\u00e5neselskapene i Norge praktisk p\u00e5 denne nettsiden og du kan ha pengene i hende innen et par dager.<\/p>\n\n\n\n<h2 class=\"has-text-align-center wp-block-heading\">F\u00e5 sm\u00e5l\u00e5n hos de beste l\u00e5netilbyderne i Norge via Top5Credits.com<\/h2>\n\n\n\n<p>Top5Credits.com er en p\u00e5litelig l\u00e5neveiledningstjeneste som lar deg sammenligne de beste tilbudene p\u00e5 sm\u00e5l\u00e5n. Ved hjelp av l\u00e5nekalkulatoren som du finner her, kan du skrive inn hvor mye penger du \u00f8nsker \u00e5 l\u00e5ne, og du vil f\u00e5 umiddelbart mange de tilbudene fra norges ledende akt\u00f8rer p\u00e5 det nettbaserte l\u00e5nemarkedet.<\/p>\n\n\n\n<p>Deretter klikker du deg inn p\u00e5 hver l\u00e5netilbyders nettside og sammenligner deg fram til det tilbudet som passer best for deg og din privat\u00f8konomi.<\/p>\n\n\n\n<h2 class=\"has-text-align-center wp-block-heading\">Samle alle dine sm\u00e5l\u00e5n til ett eneste l\u00e5n<\/h2>\n\n\n\n<p>Hvis du har tatt opp flere sm\u00e5l\u00e5n fra f\u00f8r, eller sitter med h\u00f8ye kredittkortregninger, kan det v\u00e6re lurt \u00e5 samle alle l\u00e5nene dine til ett l\u00e5n. Dermed kan du kutte vesentlig i de m\u00e5nedlige utgiftene dine og bli kvitt un\u00f8dvendige rente- oig straffegebyrer. Dette kan gi deg mer \u00f8konomisk frihet og bedre nattes\u00f8vn. Har du f.eks. lyst til \u00e5 ta en velfortjent ferie uten \u00e5 m\u00e5tte spare penger over lang tid, er sm\u00e5l\u00e5n l\u00f8sningen for deg. Bare husk \u00e5 betale l\u00e5net tilbake s\u00e5 raskt som mulig, og du vil dermed kunne benytte deg av denne muligheten igjen senere hvis du f\u00e5r behov for det.<\/p>\n\n\n\n<h2 class=\"has-text-align-center wp-block-heading\">Sm\u00e5l\u00e5n \u2013 pengene p\u00e5 konto med BankID<\/h2>\n\n\n\n<p>Hvis du har f\u00e5tt innvilget l\u00e5nes\u00f8knaden din hos en av v\u00e5re samarbeidspartnere etter at du har sendt inn all dokumentasjon som banken eller l\u00e5neselskapet krever elektronisk og signert l\u00e5nepapirene med din BankID, tar det ikke lang tid f\u00f8r du kan bruke pengene. Dette er veldig praktisk, og du unng\u00e5r \u00e5 bli belastet med ekstra renteutgifter hvis du bare s\u00f8rger for \u00e5 betale avdragene dine punktlig og betaler ned l\u00e5net i sin helhet s\u00e5 snart som mulig.<\/p>\n<\/div><\/div>\n\n\n\n<div style=\"height:40px\" aria-hidden=\"true\" class=\"wp-block-spacer\"><\/div>\n\n\n\n<h2 class=\"has-text-align-center wp-block-heading\">FAQ<\/h2>\n\n\n\n<div class=\"schema-faq wp-block-yoast-faq-block\"><div class=\"schema-faq-section\" id=\"faq-question-1591257189996\"><strong class=\"schema-faq-question\">Hvor mye kan jeg f\u00e5 i sm\u00e5l\u00e5n?<\/strong> <p class=\"schema-faq-answer\">Hvor mye penger du kan f\u00e5 l\u00e5ne p\u00e5 et sm\u00e5l\u00e5n, varierer mellom de ulike utl\u00e5nerne. Klikk deg inn p\u00e5 nettsiden til hver enkelt tilbyder og sammenlign selv.<\/p> <\/div> <div class=\"schema-faq-section\" id=\"faq-question-1591257212343\"><strong class=\"schema-faq-question\">Hvem kan s\u00f8ke om sm\u00e5l\u00e5n?<\/strong> <p class=\"schema-faq-answer\">Alle som har en fast inntekt, har ingen registrerte betalingsanmerkninger eller aktive inkassosaker og en ryddig privat\u00f8konomi kan s\u00f8ke om sm\u00e5l\u00e5n via Top5Credits.com<\/p> <\/div> <div class=\"schema-faq-section\" id=\"faq-question-1591257229271\"><strong class=\"schema-faq-question\">Hvor raskt kan jeg f\u00e5 pengene p\u00e5 konto?<\/strong> <p class=\"schema-faq-answer\">Fra du har f\u00e5tt innvilget l\u00e5nes\u00f8knaden din til pengene er p\u00e5 din bankkonto tar kun et par virkedager.<\/p> <\/div> <div class=\"schema-faq-section\" id=\"faq-question-1591257246254\"><strong class=\"schema-faq-question\">Hvordan refinansiere gjeld med sm\u00e5l\u00e5n?<\/strong> <p class=\"schema-faq-answer\">Ved \u00e5 ta opp et sm\u00e5l\u00e5n her kan du betale ned de andre l\u00e5nene eller kredittkortregningen din med en gang, og har kun ett eneste l\u00e5n \u00e5 bemanne hver m\u00e5ned. Dette vil ogs\u00e5 gi deg en mye bedre oversikt over privat\u00f8konomien din, i tillegg til at du kutter de m\u00e5nedlige utgiftene dine vesentlig.<\/p> <\/div> <div class=\"schema-faq-section\" id=\"faq-question-1591257259325\"><strong class=\"schema-faq-question\">Hvor finner jeg sm\u00e5l\u00e5net med den laveste l\u00e5nerenten?<\/strong> <p class=\"schema-faq-answer\">Sammenlig sm\u00e5l\u00e5n via v\u00e5re samarbeidspartnere som du ser her p\u00e5 denne nettsiden for \u00e5 finne den utl\u00e5neren som tilbyr den laveste l\u00e5nerenten og de beste betingelsene for sm\u00e5l\u00e5n.<\/p> <\/div> <\/div>\n","protected":false},"excerpt":{"rendered":"<p>Sm\u00e5l\u00e5n &#8211; Sammenlign l\u00e5n med sm\u00e5 bel\u00f8p Top5Credits sammenligner sm\u00e5l\u00e5n i Norge. Les&nbsp;mer.. V\u00e5r sammenligning av l\u00e5n viser anmeldelser og erfaringer til de beste l\u00e5nene,<\/p>\n<p class=\"more-link\">Fortsett \u00e5 lese <span class=\"screen-reader-text\">Sm\u00e5l\u00e5n<\/span><\/p>\n","protected":false},"author":17,"featured_media":1236,"parent":47,"menu_order":0,"comment_status":"closed","ping_status":"closed","template":"page-results.php","meta":{"footnotes":""},"class_list":["post-1469","page","type-page","status-publish","has-post-thumbnail","hentry","entry"],"yoast_head":"<!-- This site is optimized with the Yoast SEO plugin v27.3 - https:\/\/yoast.com\/product\/yoast-seo-wordpress\/ -->\n<title>Sm\u00e5l\u00e5n - Sammenlign l\u00e5n med sm\u00e5 bel\u00f8p - Top5Credits<\/title>\n<meta name=\"description\" content=\"F\u00e5 sm\u00e5l\u00e5n hos de beste l\u00e5netilbyderne i Norge via Top5Credits. Du kan enkelt sammenligne sm\u00e5 l\u00e5n p\u00e5 v\u00e5r hjemmeside, s\u00e5 gj\u00f8r det i dag.\" \/>\n<meta name=\"robots\" content=\"index, follow, max-snippet:-1, max-image-preview:large, max-video-preview:-1\" \/>\n<link rel=\"canonical\" href=\"https:\/\/www.top5credits.com\/no\/sammenligning-av-lan\/smalan\/\" \/>\n<meta property=\"og:locale\" content=\"nb_NO\" \/>\n<meta property=\"og:type\" content=\"article\" \/>\n<meta property=\"og:title\" content=\"Sm\u00e5l\u00e5n - Sammenlign l\u00e5n med sm\u00e5 bel\u00f8p - Top5Credits\" \/>\n<meta property=\"og:description\" content=\"F\u00e5 sm\u00e5l\u00e5n hos de beste l\u00e5netilbyderne i Norge via Top5Credits. Du kan enkelt sammenligne sm\u00e5 l\u00e5n p\u00e5 v\u00e5r hjemmeside, s\u00e5 gj\u00f8r det i dag.\" \/>\n<meta property=\"og:url\" content=\"https:\/\/www.top5credits.com\/no\/sammenligning-av-lan\/smalan\/\" \/>\n<meta property=\"og:site_name\" content=\"Top5Credits.com Norge\" \/>\n<meta property=\"article:publisher\" content=\"https:\/\/www.facebook.com\/Top5Credits-Norge-705688976528147\" \/>\n<meta property=\"article:modified_time\" content=\"2023-03-27T08:57:01+00:00\" \/>\n<meta property=\"og:image\" content=\"https:\/\/cdn.top5credits.com\/no\/wp-content\/uploads\/sites\/4\/2020\/03\/top5credits-com.jpg?cdn=1.1.0\" \/>\n\t<meta property=\"og:image:width\" content=\"2000\" \/>\n\t<meta property=\"og:image:height\" content=\"1000\" \/>\n\t<meta property=\"og:image:type\" content=\"image\/jpeg\" \/>\n<meta name=\"twitter:card\" content=\"summary_large_image\" \/>\n<meta name=\"twitter:label1\" content=\"Ansl. lesetid\" \/>\n\t<meta name=\"twitter:data1\" content=\"4 minutter\" \/>\n<script type=\"application\/ld+json\" class=\"yoast-schema-graph\">{\"@context\":\"https:\\\/\\\/schema.org\",\"@graph\":[{\"@type\":[\"WebPage\",\"FAQPage\"],\"@id\":\"https:\\\/\\\/www.top5credits.com\\\/no\\\/sammenligning-av-lan\\\/smalan\\\/\",\"url\":\"https:\\\/\\\/www.top5credits.com\\\/no\\\/sammenligning-av-lan\\\/smalan\\\/\",\"name\":\"Sm\u00e5l\u00e5n - Sammenlign l\u00e5n med sm\u00e5 bel\u00f8p - Top5Credits\",\"isPartOf\":{\"@id\":\"https:\\\/\\\/www.top5credits.com\\\/no\\\/#website\"},\"primaryImageOfPage\":{\"@id\":\"https:\\\/\\\/www.top5credits.com\\\/no\\\/sammenligning-av-lan\\\/smalan\\\/#primaryimage\"},\"image\":{\"@id\":\"https:\\\/\\\/www.top5credits.com\\\/no\\\/sammenligning-av-lan\\\/smalan\\\/#primaryimage\"},\"thumbnailUrl\":\"https:\\\/\\\/www.top5credits.com\\\/no\\\/wp-content\\\/uploads\\\/sites\\\/4\\\/2020\\\/03\\\/top5credits-com.jpg\",\"datePublished\":\"2020-06-05T05:37:09+00:00\",\"dateModified\":\"2023-03-27T08:57:01+00:00\",\"description\":\"F\u00e5 sm\u00e5l\u00e5n hos de beste l\u00e5netilbyderne i Norge via Top5Credits. Du kan enkelt sammenligne sm\u00e5 l\u00e5n p\u00e5 v\u00e5r hjemmeside, s\u00e5 gj\u00f8r det i dag.\",\"breadcrumb\":{\"@id\":\"https:\\\/\\\/www.top5credits.com\\\/no\\\/sammenligning-av-lan\\\/smalan\\\/#breadcrumb\"},\"mainEntity\":[{\"@id\":\"https:\\\/\\\/www.top5credits.com\\\/no\\\/sammenligning-av-lan\\\/smalan\\\/#faq-question-1591257189996\"},{\"@id\":\"https:\\\/\\\/www.top5credits.com\\\/no\\\/sammenligning-av-lan\\\/smalan\\\/#faq-question-1591257212343\"},{\"@id\":\"https:\\\/\\\/www.top5credits.com\\\/no\\\/sammenligning-av-lan\\\/smalan\\\/#faq-question-1591257229271\"},{\"@id\":\"https:\\\/\\\/www.top5credits.com\\\/no\\\/sammenligning-av-lan\\\/smalan\\\/#faq-question-1591257246254\"},{\"@id\":\"https:\\\/\\\/www.top5credits.com\\\/no\\\/sammenligning-av-lan\\\/smalan\\\/#faq-question-1591257259325\"}],\"inLanguage\":\"nb-NO\",\"potentialAction\":[{\"@type\":\"ReadAction\",\"target\":[\"https:\\\/\\\/www.top5credits.com\\\/no\\\/sammenligning-av-lan\\\/smalan\\\/\"]}]},{\"@type\":\"ImageObject\",\"inLanguage\":\"nb-NO\",\"@id\":\"https:\\\/\\\/www.top5credits.com\\\/no\\\/sammenligning-av-lan\\\/smalan\\\/#primaryimage\",\"url\":\"https:\\\/\\\/www.top5credits.com\\\/no\\\/wp-content\\\/uploads\\\/sites\\\/4\\\/2020\\\/03\\\/top5credits-com.jpg\",\"contentUrl\":\"https:\\\/\\\/www.top5credits.com\\\/no\\\/wp-content\\\/uploads\\\/sites\\\/4\\\/2020\\\/03\\\/top5credits-com.jpg\",\"width\":2000,\"height\":1000,\"caption\":\"Top5Credits Norge\"},{\"@type\":\"BreadcrumbList\",\"@id\":\"https:\\\/\\\/www.top5credits.com\\\/no\\\/sammenligning-av-lan\\\/smalan\\\/#breadcrumb\",\"itemListElement\":[{\"@type\":\"ListItem\",\"position\":1,\"name\":\"Top5Credits.com\",\"item\":\"https:\\\/\\\/www.top5credits.com\\\/no\\\/\"},{\"@type\":\"ListItem\",\"position\":2,\"name\":\"L\u00e5n til hva du vil\",\"item\":\"https:\\\/\\\/www.top5credits.com\\\/no\\\/sammenligning-av-lan\\\/\"},{\"@type\":\"ListItem\",\"position\":3,\"name\":\"Sm\u00e5l\u00e5n\"}]},{\"@type\":\"WebSite\",\"@id\":\"https:\\\/\\\/www.top5credits.com\\\/no\\\/#website\",\"url\":\"https:\\\/\\\/www.top5credits.com\\\/no\\\/\",\"name\":\"Top5Credits.com Norge\",\"description\":\"Sammenlign og finn de beste l\u00e5nene\",\"publisher\":{\"@id\":\"https:\\\/\\\/www.top5credits.com\\\/no\\\/#organization\"},\"potentialAction\":[{\"@type\":\"SearchAction\",\"target\":{\"@type\":\"EntryPoint\",\"urlTemplate\":\"https:\\\/\\\/www.top5credits.com\\\/no\\\/?s={search_term_string}\"},\"query-input\":{\"@type\":\"PropertyValueSpecification\",\"valueRequired\":true,\"valueName\":\"search_term_string\"}}],\"inLanguage\":\"nb-NO\"},{\"@type\":\"Organization\",\"@id\":\"https:\\\/\\\/www.top5credits.com\\\/no\\\/#organization\",\"name\":\"Top5Credits.com\",\"url\":\"https:\\\/\\\/www.top5credits.com\\\/no\\\/\",\"logo\":{\"@type\":\"ImageObject\",\"inLanguage\":\"nb-NO\",\"@id\":\"https:\\\/\\\/www.top5credits.com\\\/no\\\/#\\\/schema\\\/logo\\\/image\\\/\",\"url\":\"https:\\\/\\\/cdn.top5credits.com\\\/no\\\/wp-content\\\/uploads\\\/sites\\\/4\\\/2023\\\/10\\\/t5c-favicon.png\",\"contentUrl\":\"https:\\\/\\\/cdn.top5credits.com\\\/no\\\/wp-content\\\/uploads\\\/sites\\\/4\\\/2023\\\/10\\\/t5c-favicon.png\",\"width\":512,\"height\":512,\"caption\":\"Top5Credits.com\"},\"image\":{\"@id\":\"https:\\\/\\\/www.top5credits.com\\\/no\\\/#\\\/schema\\\/logo\\\/image\\\/\"},\"sameAs\":[\"https:\\\/\\\/www.facebook.com\\\/Top5Credits-Norge-705688976528147\"]},{\"@type\":\"Question\",\"@id\":\"https:\\\/\\\/www.top5credits.com\\\/no\\\/sammenligning-av-lan\\\/smalan\\\/#faq-question-1591257189996\",\"position\":1,\"url\":\"https:\\\/\\\/www.top5credits.com\\\/no\\\/sammenligning-av-lan\\\/smalan\\\/#faq-question-1591257189996\",\"name\":\"Hvor mye kan jeg f\u00e5 i sm\u00e5l\u00e5n?\",\"answerCount\":1,\"acceptedAnswer\":{\"@type\":\"Answer\",\"text\":\"Hvor mye penger du kan f\u00e5 l\u00e5ne p\u00e5 et sm\u00e5l\u00e5n, varierer mellom de ulike utl\u00e5nerne. Klikk deg inn p\u00e5 nettsiden til hver enkelt tilbyder og sammenlign selv.\",\"inLanguage\":\"nb-NO\"},\"inLanguage\":\"nb-NO\"},{\"@type\":\"Question\",\"@id\":\"https:\\\/\\\/www.top5credits.com\\\/no\\\/sammenligning-av-lan\\\/smalan\\\/#faq-question-1591257212343\",\"position\":2,\"url\":\"https:\\\/\\\/www.top5credits.com\\\/no\\\/sammenligning-av-lan\\\/smalan\\\/#faq-question-1591257212343\",\"name\":\"Hvem kan s\u00f8ke om sm\u00e5l\u00e5n?\",\"answerCount\":1,\"acceptedAnswer\":{\"@type\":\"Answer\",\"text\":\"Alle som har en fast inntekt, har ingen registrerte betalingsanmerkninger eller aktive inkassosaker og en ryddig privat\u00f8konomi kan s\u00f8ke om sm\u00e5l\u00e5n via Top5Credits.com\",\"inLanguage\":\"nb-NO\"},\"inLanguage\":\"nb-NO\"},{\"@type\":\"Question\",\"@id\":\"https:\\\/\\\/www.top5credits.com\\\/no\\\/sammenligning-av-lan\\\/smalan\\\/#faq-question-1591257229271\",\"position\":3,\"url\":\"https:\\\/\\\/www.top5credits.com\\\/no\\\/sammenligning-av-lan\\\/smalan\\\/#faq-question-1591257229271\",\"name\":\"Hvor raskt kan jeg f\u00e5 pengene p\u00e5 konto?\",\"answerCount\":1,\"acceptedAnswer\":{\"@type\":\"Answer\",\"text\":\"Fra du har f\u00e5tt innvilget l\u00e5nes\u00f8knaden din til pengene er p\u00e5 din bankkonto tar kun et par virkedager.\",\"inLanguage\":\"nb-NO\"},\"inLanguage\":\"nb-NO\"},{\"@type\":\"Question\",\"@id\":\"https:\\\/\\\/www.top5credits.com\\\/no\\\/sammenligning-av-lan\\\/smalan\\\/#faq-question-1591257246254\",\"position\":4,\"url\":\"https:\\\/\\\/www.top5credits.com\\\/no\\\/sammenligning-av-lan\\\/smalan\\\/#faq-question-1591257246254\",\"name\":\"Hvordan refinansiere gjeld med sm\u00e5l\u00e5n?\",\"answerCount\":1,\"acceptedAnswer\":{\"@type\":\"Answer\",\"text\":\"Ved \u00e5 ta opp et sm\u00e5l\u00e5n her kan du betale ned de andre l\u00e5nene eller kredittkortregningen din med en gang, og har kun ett eneste l\u00e5n \u00e5 bemanne hver m\u00e5ned. Dette vil ogs\u00e5 gi deg en mye bedre oversikt over privat\u00f8konomien din, i tillegg til at du kutter de m\u00e5nedlige utgiftene dine vesentlig.\",\"inLanguage\":\"nb-NO\"},\"inLanguage\":\"nb-NO\"},{\"@type\":\"Question\",\"@id\":\"https:\\\/\\\/www.top5credits.com\\\/no\\\/sammenligning-av-lan\\\/smalan\\\/#faq-question-1591257259325\",\"position\":5,\"url\":\"https:\\\/\\\/www.top5credits.com\\\/no\\\/sammenligning-av-lan\\\/smalan\\\/#faq-question-1591257259325\",\"name\":\"Hvor finner jeg sm\u00e5l\u00e5net med den laveste l\u00e5nerenten?\",\"answerCount\":1,\"acceptedAnswer\":{\"@type\":\"Answer\",\"text\":\"Sammenlig sm\u00e5l\u00e5n via v\u00e5re samarbeidspartnere som du ser her p\u00e5 denne nettsiden for \u00e5 finne den utl\u00e5neren som tilbyr den laveste l\u00e5nerenten og de beste betingelsene for sm\u00e5l\u00e5n.\",\"inLanguage\":\"nb-NO\"},\"inLanguage\":\"nb-NO\"}]}<\/script>\n<!-- \/ Yoast SEO plugin. -->","yoast_head_json":{"title":"Sm\u00e5l\u00e5n - Sammenlign l\u00e5n med sm\u00e5 bel\u00f8p - Top5Credits","description":"F\u00e5 sm\u00e5l\u00e5n hos de beste l\u00e5netilbyderne i Norge via Top5Credits. Du kan enkelt sammenligne sm\u00e5 l\u00e5n p\u00e5 v\u00e5r hjemmeside, s\u00e5 gj\u00f8r det i dag.","robots":{"index":"index","follow":"follow","max-snippet":"max-snippet:-1","max-image-preview":"max-image-preview:large","max-video-preview":"max-video-preview:-1"},"canonical":"https:\/\/www.top5credits.com\/no\/sammenligning-av-lan\/smalan\/","og_locale":"nb_NO","og_type":"article","og_title":"Sm\u00e5l\u00e5n - Sammenlign l\u00e5n med sm\u00e5 bel\u00f8p - Top5Credits","og_description":"F\u00e5 sm\u00e5l\u00e5n hos de beste l\u00e5netilbyderne i Norge via Top5Credits. Du kan enkelt sammenligne sm\u00e5 l\u00e5n p\u00e5 v\u00e5r hjemmeside, s\u00e5 gj\u00f8r det i dag.","og_url":"https:\/\/www.top5credits.com\/no\/sammenligning-av-lan\/smalan\/","og_site_name":"Top5Credits.com Norge","article_publisher":"https:\/\/www.facebook.com\/Top5Credits-Norge-705688976528147","article_modified_time":"2023-03-27T08:57:01+00:00","og_image":[{"width":2000,"height":1000,"url":"https:\/\/cdn.top5credits.com\/no\/wp-content\/uploads\/sites\/4\/2020\/03\/top5credits-com.jpg?cdn=1.1.0","type":"image\/jpeg"}],"twitter_card":"summary_large_image","twitter_misc":{"Ansl. lesetid":"4 minutter"},"schema":{"@context":"https:\/\/schema.org","@graph":[{"@type":["WebPage","FAQPage"],"@id":"https:\/\/www.top5credits.com\/no\/sammenligning-av-lan\/smalan\/","url":"https:\/\/www.top5credits.com\/no\/sammenligning-av-lan\/smalan\/","name":"Sm\u00e5l\u00e5n - Sammenlign l\u00e5n med sm\u00e5 bel\u00f8p - Top5Credits","isPartOf":{"@id":"https:\/\/www.top5credits.com\/no\/#website"},"primaryImageOfPage":{"@id":"https:\/\/www.top5credits.com\/no\/sammenligning-av-lan\/smalan\/#primaryimage"},"image":{"@id":"https:\/\/www.top5credits.com\/no\/sammenligning-av-lan\/smalan\/#primaryimage"},"thumbnailUrl":"https:\/\/cdn.top5credits.com\/no\/wp-content\/uploads\/sites\/4\/2020\/03\/top5credits-com.jpg?cdn=1.1.0","datePublished":"2020-06-05T05:37:09+00:00","dateModified":"2023-03-27T08:57:01+00:00","description":"F\u00e5 sm\u00e5l\u00e5n hos de beste l\u00e5netilbyderne i Norge via Top5Credits. Du kan enkelt sammenligne sm\u00e5 l\u00e5n p\u00e5 v\u00e5r hjemmeside, s\u00e5 gj\u00f8r det i dag.","breadcrumb":{"@id":"https:\/\/www.top5credits.com\/no\/sammenligning-av-lan\/smalan\/#breadcrumb"},"mainEntity":[{"@id":"https:\/\/www.top5credits.com\/no\/sammenligning-av-lan\/smalan\/#faq-question-1591257189996"},{"@id":"https:\/\/www.top5credits.com\/no\/sammenligning-av-lan\/smalan\/#faq-question-1591257212343"},{"@id":"https:\/\/www.top5credits.com\/no\/sammenligning-av-lan\/smalan\/#faq-question-1591257229271"},{"@id":"https:\/\/www.top5credits.com\/no\/sammenligning-av-lan\/smalan\/#faq-question-1591257246254"},{"@id":"https:\/\/www.top5credits.com\/no\/sammenligning-av-lan\/smalan\/#faq-question-1591257259325"}],"inLanguage":"nb-NO","potentialAction":[{"@type":"ReadAction","target":["https:\/\/www.top5credits.com\/no\/sammenligning-av-lan\/smalan\/"]}]},{"@type":"ImageObject","inLanguage":"nb-NO","@id":"https:\/\/www.top5credits.com\/no\/sammenligning-av-lan\/smalan\/#primaryimage","url":"https:\/\/cdn.top5credits.com\/no\/wp-content\/uploads\/sites\/4\/2020\/03\/top5credits-com.jpg?cdn=1.1.0","contentUrl":"https:\/\/cdn.top5credits.com\/no\/wp-content\/uploads\/sites\/4\/2020\/03\/top5credits-com.jpg?cdn=1.1.0","width":2000,"height":1000,"caption":"Top5Credits Norge"},{"@type":"BreadcrumbList","@id":"https:\/\/www.top5credits.com\/no\/sammenligning-av-lan\/smalan\/#breadcrumb","itemListElement":[{"@type":"ListItem","position":1,"name":"Top5Credits.com","item":"https:\/\/www.top5credits.com\/no\/"},{"@type":"ListItem","position":2,"name":"L\u00e5n til hva du vil","item":"https:\/\/www.top5credits.com\/no\/sammenligning-av-lan\/"},{"@type":"ListItem","position":3,"name":"Sm\u00e5l\u00e5n"}]},{"@type":"WebSite","@id":"https:\/\/www.top5credits.com\/no\/#website","url":"https:\/\/www.top5credits.com\/no\/","name":"Top5Credits.com Norge","description":"Sammenlign og finn de beste l\u00e5nene","publisher":{"@id":"https:\/\/www.top5credits.com\/no\/#organization"},"potentialAction":[{"@type":"SearchAction","target":{"@type":"EntryPoint","urlTemplate":"https:\/\/www.top5credits.com\/no\/?s={search_term_string}"},"query-input":{"@type":"PropertyValueSpecification","valueRequired":true,"valueName":"search_term_string"}}],"inLanguage":"nb-NO"},{"@type":"Organization","@id":"https:\/\/www.top5credits.com\/no\/#organization","name":"Top5Credits.com","url":"https:\/\/www.top5credits.com\/no\/","logo":{"@type":"ImageObject","inLanguage":"nb-NO","@id":"https:\/\/www.top5credits.com\/no\/#\/schema\/logo\/image\/","url":"https:\/\/cdn.top5credits.com\/no\/wp-content\/uploads\/sites\/4\/2023\/10\/t5c-favicon.png","contentUrl":"https:\/\/cdn.top5credits.com\/no\/wp-content\/uploads\/sites\/4\/2023\/10\/t5c-favicon.png","width":512,"height":512,"caption":"Top5Credits.com"},"image":{"@id":"https:\/\/www.top5credits.com\/no\/#\/schema\/logo\/image\/"},"sameAs":["https:\/\/www.facebook.com\/Top5Credits-Norge-705688976528147"]},{"@type":"Question","@id":"https:\/\/www.top5credits.com\/no\/sammenligning-av-lan\/smalan\/#faq-question-1591257189996","position":1,"url":"https:\/\/www.top5credits.com\/no\/sammenligning-av-lan\/smalan\/#faq-question-1591257189996","name":"Hvor mye kan jeg f\u00e5 i sm\u00e5l\u00e5n?","answerCount":1,"acceptedAnswer":{"@type":"Answer","text":"Hvor mye penger du kan f\u00e5 l\u00e5ne p\u00e5 et sm\u00e5l\u00e5n, varierer mellom de ulike utl\u00e5nerne. Klikk deg inn p\u00e5 nettsiden til hver enkelt tilbyder og sammenlign selv.","inLanguage":"nb-NO"},"inLanguage":"nb-NO"},{"@type":"Question","@id":"https:\/\/www.top5credits.com\/no\/sammenligning-av-lan\/smalan\/#faq-question-1591257212343","position":2,"url":"https:\/\/www.top5credits.com\/no\/sammenligning-av-lan\/smalan\/#faq-question-1591257212343","name":"Hvem kan s\u00f8ke om sm\u00e5l\u00e5n?","answerCount":1,"acceptedAnswer":{"@type":"Answer","text":"Alle som har en fast inntekt, har ingen registrerte betalingsanmerkninger eller aktive inkassosaker og en ryddig privat\u00f8konomi kan s\u00f8ke om sm\u00e5l\u00e5n via Top5Credits.com","inLanguage":"nb-NO"},"inLanguage":"nb-NO"},{"@type":"Question","@id":"https:\/\/www.top5credits.com\/no\/sammenligning-av-lan\/smalan\/#faq-question-1591257229271","position":3,"url":"https:\/\/www.top5credits.com\/no\/sammenligning-av-lan\/smalan\/#faq-question-1591257229271","name":"Hvor raskt kan jeg f\u00e5 pengene p\u00e5 konto?","answerCount":1,"acceptedAnswer":{"@type":"Answer","text":"Fra du har f\u00e5tt innvilget l\u00e5nes\u00f8knaden din til pengene er p\u00e5 din bankkonto tar kun et par virkedager.","inLanguage":"nb-NO"},"inLanguage":"nb-NO"},{"@type":"Question","@id":"https:\/\/www.top5credits.com\/no\/sammenligning-av-lan\/smalan\/#faq-question-1591257246254","position":4,"url":"https:\/\/www.top5credits.com\/no\/sammenligning-av-lan\/smalan\/#faq-question-1591257246254","name":"Hvordan refinansiere gjeld med sm\u00e5l\u00e5n?","answerCount":1,"acceptedAnswer":{"@type":"Answer","text":"Ved \u00e5 ta opp et sm\u00e5l\u00e5n her kan du betale ned de andre l\u00e5nene eller kredittkortregningen din med en gang, og har kun ett eneste l\u00e5n \u00e5 bemanne hver m\u00e5ned. Dette vil ogs\u00e5 gi deg en mye bedre oversikt over privat\u00f8konomien din, i tillegg til at du kutter de m\u00e5nedlige utgiftene dine vesentlig.","inLanguage":"nb-NO"},"inLanguage":"nb-NO"},{"@type":"Question","@id":"https:\/\/www.top5credits.com\/no\/sammenligning-av-lan\/smalan\/#faq-question-1591257259325","position":5,"url":"https:\/\/www.top5credits.com\/no\/sammenligning-av-lan\/smalan\/#faq-question-1591257259325","name":"Hvor finner jeg sm\u00e5l\u00e5net med den laveste l\u00e5nerenten?","answerCount":1,"acceptedAnswer":{"@type":"Answer","text":"Sammenlig sm\u00e5l\u00e5n via v\u00e5re samarbeidspartnere som du ser her p\u00e5 denne nettsiden for \u00e5 finne den utl\u00e5neren som tilbyr den laveste l\u00e5nerenten og de beste betingelsene for sm\u00e5l\u00e5n.","inLanguage":"nb-NO"},"inLanguage":"nb-NO"}]}},"_links":{"self":[{"href":"https:\/\/www.top5credits.com\/no\/wp-json\/wp\/v2\/pages\/1469","targetHints":{"allow":["GET"]}}],"collection":[{"href":"https:\/\/www.top5credits.com\/no\/wp-json\/wp\/v2\/pages"}],"about":[{"href":"https:\/\/www.top5credits.com\/no\/wp-json\/wp\/v2\/types\/page"}],"author":[{"embeddable":true,"href":"https:\/\/www.top5credits.com\/no\/wp-json\/wp\/v2\/users\/17"}],"replies":[{"embeddable":true,"href":"https:\/\/www.top5credits.com\/no\/wp-json\/wp\/v2\/comments?post=1469"}],"version-history":[{"count":0,"href":"https:\/\/www.top5credits.com\/no\/wp-json\/wp\/v2\/pages\/1469\/revisions"}],"up":[{"embeddable":true,"href":"https:\/\/www.top5credits.com\/no\/wp-json\/wp\/v2\/pages\/47"}],"wp:featuredmedia":[{"embeddable":true,"href":"https:\/\/www.top5credits.com\/no\/wp-json\/wp\/v2\/media\/1236"}],"wp:attachment":[{"href":"https:\/\/www.top5credits.com\/no\/wp-json\/wp\/v2\/media?parent=1469"}],"curies":[{"name":"wp","href":"https:\/\/api.w.org\/{rel}","templated":true}]}}