{"id":1520,"date":"2020-06-05T06:37:32","date_gmt":"2020-06-05T06:37:32","guid":{"rendered":"https:\/\/www.top5credits.com\/no\/?page_id=1520"},"modified":"2026-02-12T10:24:26","modified_gmt":"2026-02-12T09:24:26","slug":"lan-uten-sikkerhet","status":"publish","type":"page","link":"https:\/\/www.top5credits.com\/no\/sammenligning-av-lan\/lan-uten-sikkerhet\/","title":{"rendered":"L\u00e5n uten sikkerhet"},"content":{"rendered":"\n<div class=\"wp-block-group first-section\"><div class=\"wp-block-group__inner-container is-layout-flow wp-block-group-is-layout-flow\">\n<h1 class=\"wp-block-heading has-text-align-left compare-title\">L\u00e5n uten sikkerhet<\/h1>\n\n\n\n<p class=\"compare-title\">Top5Credits sammenligner l\u00e5n uten sikkerhet. V\u00e5r sammenligning av l\u00e5n viser anmeldelser og erfaringer til de beste l\u00e5nene, bankene og l\u00e5nemeglerne. Vi har testet l\u00e5nene og l\u00e5netjenestene selv, slik at du lett kan velge det l\u00e5net som passer best for deg.<\/p>\n<\/div><\/div>\n\n\n\n\n\n\n<div class=\"top-results palkkio\">\n<span class=\"huomiomerkki\">!<\/span> Kommisjonen vi f\u00e5r p\u00e5virker plasseringen &#8211; les mer <span class=\"plus-trigger\">+<\/span>\n<p>Top5credits.com er en 100% gratis nettside med form\u00e5l om \u00e5 tilby nyttig og verdifull informasjon til v\u00e5re brukere. Vi sammenligner l\u00e5n og vurderer dem. For at nettsiden fortsatt skal v\u00e6re gratis, f\u00e5r vi kommisjon r bankene og utl\u00e5nerne n\u00e5r brukere blir sendt til dem. Kommisjonen p\u00e5virker plassering og rangeringen av banker og utbydere p\u00e5 listen.<\/p>\n<\/div>\n<div class=\"full-white\"><\/div>\n\n\n\n<div class=\"wp-block-group full-white\"><div class=\"wp-block-group__inner-container is-layout-flow wp-block-group-is-layout-flow\">\n<h2 class=\"wp-block-heading has-text-align-center\">L\u00e5n penger uten sikkerhet med lav rente<\/h2>\n\n\n\n<p><br>Det er viktig \u00e5 tenke p\u00e5 f\u00f8r du signerer en l\u00e5nekontrakt, till exempel hvor mye renter du totalt m\u00e5 betale n\u00e5r l\u00e5nets nedbetalingsplan begynner \u00e5 l\u00f8pe. I dag finnes det et hav av utl\u00e5nere p\u00e5 nettet som er mer enn villig til \u00e5 l\u00e5ne deg penger med et minimalt krav om sikkerhet, men med veldig h\u00f8y rente. Dermed kan du p\u00e5 sikt risikere at du ikke klarer \u00e5 bemanne l\u00e5net, og kan havne i en situasjon som er verre enn det som var tilfellet n\u00e5r du valgte \u00e5 ta opp l\u00e5net.<\/p>\n\n\n\n<h2 class=\"wp-block-heading has-text-align-center\">Top5Credits.com tilbyr billig l\u00e5n uten sikkerhet<\/h2>\n\n\n\n<p>Top5Credits.com har derfor gjort jobben for deg og har p\u00e5 denne siden samlet de aller beste tilbudene p\u00e5 l\u00e5n uten sikkerhet fra de beste og billigste bankene og l\u00e5neselskapene p\u00e5 nettet. Det eneste du selv trenger \u00e5 gj\u00f8re er \u00e5 bruke l\u00e5nekalkulatoren v\u00e5r og skrive inn ditt \u00f8nsket l\u00e5nebel\u00f8p for \u00e5 se hva du kommer til \u00e5 m\u00e5tte betale av renter og totale m\u00e5nedlige avdrag fremover.<\/p>\n\n\n\n<p>Deretter klikker du deg inn p\u00e5 noen av de l\u00e5netilbyderne som du ser under her, sammenligner tilbudene, og sender inn l\u00e5nes\u00f8knaden din. Du vil etter kort tid f\u00e5 et svar om s\u00f8knaden din er blitt innvilget og har i s\u00e5 tilfelle pengene p\u00e5 konto innen noen f\u00e5 virkedager. Enklere kan det ikke bli, og det er ingen som legger seg opp i hva du har tenkt \u00e5 bruke l\u00e5net p\u00e5!<\/p>\n\n\n\n<h2 class=\"wp-block-heading has-text-align-center\">Fordeler med l\u00e5n uten sikkerhet<br><\/h2>\n\n\n\n<p>Det finnes flere store fordeler med \u00e5 ta opp en slik type l\u00e5n p\u00e5 nettet. De viktigste er at du faktisk ikke trenger \u00e5 eie noe som helst eller ha en egenkapital for \u00e5 kunne f\u00e5 innvilget l\u00e5nes\u00f8knaden din! Det finnes i dag mange nordmenn som ikke har muligheten til \u00e5 stille sikkerhet for et l\u00e5n i banken, og av den grunn heller benytter seg av muligheten for \u00e5 l\u00e5ne penger p\u00e5 nettet uten sikkerhet.<\/p>\n\n\n\n<h2 class=\"wp-block-heading has-text-align-center\">L\u00e5n penger uten sikkerhet for refinansiering av gjeld<\/h2>\n\n\n\n<p>Sitter du med mange sm\u00e5l\u00e5n eller h\u00f8y kredittkortgjeld med mye renter som har hopet seg opp? I s\u00e5 fall, er et l\u00e5n uten sikkerhet en god m\u00e5te for \u00e5 samle alle sm\u00e5l\u00e5nene dine eller gjelden generelt til ett eneste l\u00e5n. Dermed vil du ogs\u00e5 f\u00e5 et betydelig redusert m\u00e5ndelig rentepress og blir i stand til \u00e5 betale ned l\u00e5net i sin helhet.<\/p>\n\n\n\n<p>Top5Credits.com tilbyr veiledning om l\u00e5n uten sikkerhet og muligheten til \u00e5 sammenligne de beste l\u00e5netilbudene fra store norske banker og nettbaserte l\u00f8sninger. Se full oversikt over v\u00e5re samarbeidspartnere p\u00e5 denne siden og finn det billigste l\u00e5net uten sikkerhet.<\/p>\n\n\n\n<h2 class=\"wp-block-heading has-text-align-center\">Minstekrav til billig l\u00e5n uten sikkerhet<\/h2>\n\n\n\n<p>Et minstekrav for \u00e5 f\u00e5 l\u00e5n uten sikkerhet er imidlertid at du ikke har noen registrerte betalingsanmerkninger, har fast inntekt og en ryddig privat\u00f8konomi. Det sagt, det finnes faktisk noen f\u00e5 l\u00e5neselskaper p\u00e5 nettet som l\u00e5ner ut penger selv om kunden har en registrert betalingsanmerkning, men disse er i f\u00e5tall og denne typen l\u00e5n kommer med en meget h\u00f8y rente. Har du betalingsanmerkninger, vil vi derfor anbefale deg \u00e5 kontakte vedkommende du har utest\u00e5ende gjeld til, f\u00e5 slettet betalingsanmerkningen og deretter s\u00f8ke om l\u00e5n uten sikkerhet via denne siden.<\/p>\n<\/div><\/div>\n\n\n\n<div style=\"height:40px\" aria-hidden=\"true\" class=\"wp-block-spacer\"><\/div>\n\n\n\n<div class=\"page-faqs\">\n\n\n\n<h2 class=\"wp-block-heading has-text-align-center\">FAQ<\/h2>\n\n\n\n<div class=\"schema-faq wp-block-yoast-faq-block\"><div class=\"schema-faq-section\" id=\"faq-question-1591337158275\"><strong class=\"schema-faq-question\">Hvor mye kan jeg l\u00e5ne?<\/strong> <p class=\"schema-faq-answer\">Klikk deg inn p\u00e5 lenkene til en eller flere av de l\u00e5netilbyderne som du ser p\u00e5 siden for \u00e5 finne ut hva den enkelte l\u00e5netilbyderen har satt som maksimalt l\u00e5nebel\u00f8p p\u00e5 l\u00e5n uten sikkerhet.<\/p> <\/div> <div class=\"schema-faq-section\" id=\"faq-question-1591337241230\"><strong class=\"schema-faq-question\">N\u00e5r pengene er p\u00e5 min konto?<\/strong> <p class=\"schema-faq-answer\">Etter at l\u00e5nes\u00f8knaden din er innvilget, vil du ha pengene p\u00e5 konto etter at du har mottatt bekreftelsen fra banken eller l\u00e5neselskapet.<\/p> <\/div> <div class=\"schema-faq-section\" id=\"faq-question-1591337380887\"><strong class=\"schema-faq-question\">Kan jeg f\u00e5 l\u00e5n uten sikkerhet selv om jeg har betalingsanmerkning?<\/strong> <p class=\"schema-faq-answer\">Vi deg \u00e5 kontakte den du skylder penger og f\u00e5 fjernet betalingsanmerkningen f\u00f8r du s\u00f8ker om l\u00e5n uten sikkerhet.<\/p> <\/div> <div class=\"schema-faq-section\" id=\"faq-question-1591337455527\"><strong class=\"schema-faq-question\">Kan jeg bruke l\u00e5n uten sikkerhet for refinansiering av gjeld?<\/strong> <p class=\"schema-faq-answer\">Absolutt! Mange velger i dag \u00e5 samle alle sm\u00e5l\u00e5n og kredittkortgjeld til ett eneste l\u00e5n ved hjelp av l\u00e5n uten sikkerhet som refinansierings alternativ for \u00e5 f\u00e5 redusert de m\u00e5nedlige utgiftene f\u00e5 nedbetalt gjelden sin med refinansiering uten sikkerhet.<\/p> <\/div> <\/div>\n\n\n\n<\/div>\n","protected":false},"excerpt":{"rendered":"<p>L\u00e5n uten sikkerhet Top5Credits sammenligner l\u00e5n uten sikkerhet. V\u00e5r sammenligning av l\u00e5n viser anmeldelser og erfaringer til de beste l\u00e5nene, bankene og l\u00e5nemeglerne. Vi har<\/p>\n<p class=\"more-link\">Fortsett \u00e5 lese <span class=\"screen-reader-text\">L\u00e5n uten sikkerhet<\/span><\/p>\n","protected":false},"author":17,"featured_media":1236,"parent":47,"menu_order":0,"comment_status":"closed","ping_status":"closed","template":"page-results.php","meta":{"footnotes":""},"class_list":["post-1520","page","type-page","status-publish","has-post-thumbnail","hentry","entry"],"yoast_head":"<!-- This site is optimized with the Yoast SEO plugin v27.3 - https:\/\/yoast.com\/product\/yoast-seo-wordpress\/ -->\n<title>Billig l\u00e5n uten sikkerhet - Sammenlign forbruksl\u00e5n - Top5Credits<\/title>\n<meta name=\"description\" content=\"Ved hjelp av Top5Credits kan du l\u00e5ne penger uten sikkerhet med lav rente. Sammenligne og s\u00f8ke om forbruksl\u00e5n uten sikkerhet i dag.\" \/>\n<meta name=\"robots\" content=\"index, follow, max-snippet:-1, max-image-preview:large, max-video-preview:-1\" \/>\n<link rel=\"canonical\" href=\"https:\/\/www.top5credits.com\/no\/sammenligning-av-lan\/lan-uten-sikkerhet\/\" \/>\n<meta property=\"og:locale\" content=\"nb_NO\" \/>\n<meta property=\"og:type\" content=\"article\" \/>\n<meta property=\"og:title\" content=\"Billig l\u00e5n uten sikkerhet - Sammenlign forbruksl\u00e5n - Top5Credits\" \/>\n<meta property=\"og:description\" content=\"Ved hjelp av Top5Credits kan du l\u00e5ne penger uten sikkerhet med lav rente. Sammenligne og s\u00f8ke om forbruksl\u00e5n uten sikkerhet i dag.\" \/>\n<meta property=\"og:url\" content=\"https:\/\/www.top5credits.com\/no\/sammenligning-av-lan\/lan-uten-sikkerhet\/\" \/>\n<meta property=\"og:site_name\" content=\"Top5Credits.com Norge\" \/>\n<meta property=\"article:publisher\" content=\"https:\/\/www.facebook.com\/Top5Credits-Norge-705688976528147\" \/>\n<meta property=\"article:modified_time\" content=\"2026-02-12T09:24:26+00:00\" \/>\n<meta property=\"og:image\" content=\"https:\/\/cdn.top5credits.com\/no\/wp-content\/uploads\/sites\/4\/2020\/03\/top5credits-com.jpg?cdn=1.1.0\" \/>\n\t<meta property=\"og:image:width\" content=\"2000\" \/>\n\t<meta property=\"og:image:height\" content=\"1000\" \/>\n\t<meta property=\"og:image:type\" content=\"image\/jpeg\" \/>\n<meta name=\"twitter:card\" content=\"summary_large_image\" \/>\n<meta name=\"twitter:label1\" content=\"Ansl. lesetid\" \/>\n\t<meta name=\"twitter:data1\" content=\"5 minutter\" \/>\n<script type=\"application\/ld+json\" class=\"yoast-schema-graph\">{\"@context\":\"https:\\\/\\\/schema.org\",\"@graph\":[{\"@type\":[\"WebPage\",\"FAQPage\"],\"@id\":\"https:\\\/\\\/www.top5credits.com\\\/no\\\/sammenligning-av-lan\\\/lan-uten-sikkerhet\\\/\",\"url\":\"https:\\\/\\\/www.top5credits.com\\\/no\\\/sammenligning-av-lan\\\/lan-uten-sikkerhet\\\/\",\"name\":\"Billig l\u00e5n uten sikkerhet - Sammenlign forbruksl\u00e5n - Top5Credits\",\"isPartOf\":{\"@id\":\"https:\\\/\\\/www.top5credits.com\\\/no\\\/#website\"},\"primaryImageOfPage\":{\"@id\":\"https:\\\/\\\/www.top5credits.com\\\/no\\\/sammenligning-av-lan\\\/lan-uten-sikkerhet\\\/#primaryimage\"},\"image\":{\"@id\":\"https:\\\/\\\/www.top5credits.com\\\/no\\\/sammenligning-av-lan\\\/lan-uten-sikkerhet\\\/#primaryimage\"},\"thumbnailUrl\":\"https:\\\/\\\/www.top5credits.com\\\/no\\\/wp-content\\\/uploads\\\/sites\\\/4\\\/2020\\\/03\\\/top5credits-com.jpg\",\"datePublished\":\"2020-06-05T06:37:32+00:00\",\"dateModified\":\"2026-02-12T09:24:26+00:00\",\"description\":\"Ved hjelp av Top5Credits kan du l\u00e5ne penger uten sikkerhet med lav rente. Sammenligne og s\u00f8ke om forbruksl\u00e5n uten sikkerhet i dag.\",\"breadcrumb\":{\"@id\":\"https:\\\/\\\/www.top5credits.com\\\/no\\\/sammenligning-av-lan\\\/lan-uten-sikkerhet\\\/#breadcrumb\"},\"mainEntity\":[{\"@id\":\"https:\\\/\\\/www.top5credits.com\\\/no\\\/sammenligning-av-lan\\\/lan-uten-sikkerhet\\\/#faq-question-1591337158275\"},{\"@id\":\"https:\\\/\\\/www.top5credits.com\\\/no\\\/sammenligning-av-lan\\\/lan-uten-sikkerhet\\\/#faq-question-1591337241230\"},{\"@id\":\"https:\\\/\\\/www.top5credits.com\\\/no\\\/sammenligning-av-lan\\\/lan-uten-sikkerhet\\\/#faq-question-1591337380887\"},{\"@id\":\"https:\\\/\\\/www.top5credits.com\\\/no\\\/sammenligning-av-lan\\\/lan-uten-sikkerhet\\\/#faq-question-1591337455527\"}],\"inLanguage\":\"nb-NO\",\"potentialAction\":[{\"@type\":\"ReadAction\",\"target\":[\"https:\\\/\\\/www.top5credits.com\\\/no\\\/sammenligning-av-lan\\\/lan-uten-sikkerhet\\\/\"]}]},{\"@type\":\"ImageObject\",\"inLanguage\":\"nb-NO\",\"@id\":\"https:\\\/\\\/www.top5credits.com\\\/no\\\/sammenligning-av-lan\\\/lan-uten-sikkerhet\\\/#primaryimage\",\"url\":\"https:\\\/\\\/www.top5credits.com\\\/no\\\/wp-content\\\/uploads\\\/sites\\\/4\\\/2020\\\/03\\\/top5credits-com.jpg\",\"contentUrl\":\"https:\\\/\\\/www.top5credits.com\\\/no\\\/wp-content\\\/uploads\\\/sites\\\/4\\\/2020\\\/03\\\/top5credits-com.jpg\",\"width\":2000,\"height\":1000,\"caption\":\"Top5Credits Norge\"},{\"@type\":\"BreadcrumbList\",\"@id\":\"https:\\\/\\\/www.top5credits.com\\\/no\\\/sammenligning-av-lan\\\/lan-uten-sikkerhet\\\/#breadcrumb\",\"itemListElement\":[{\"@type\":\"ListItem\",\"position\":1,\"name\":\"Top5Credits.com\",\"item\":\"https:\\\/\\\/www.top5credits.com\\\/no\\\/\"},{\"@type\":\"ListItem\",\"position\":2,\"name\":\"L\u00e5n til hva du vil\",\"item\":\"https:\\\/\\\/www.top5credits.com\\\/no\\\/sammenligning-av-lan\\\/\"},{\"@type\":\"ListItem\",\"position\":3,\"name\":\"L\u00e5n uten sikkerhet\"}]},{\"@type\":\"WebSite\",\"@id\":\"https:\\\/\\\/www.top5credits.com\\\/no\\\/#website\",\"url\":\"https:\\\/\\\/www.top5credits.com\\\/no\\\/\",\"name\":\"Top5Credits.com Norge\",\"description\":\"Sammenlign og finn de beste l\u00e5nene\",\"publisher\":{\"@id\":\"https:\\\/\\\/www.top5credits.com\\\/no\\\/#organization\"},\"potentialAction\":[{\"@type\":\"SearchAction\",\"target\":{\"@type\":\"EntryPoint\",\"urlTemplate\":\"https:\\\/\\\/www.top5credits.com\\\/no\\\/?s={search_term_string}\"},\"query-input\":{\"@type\":\"PropertyValueSpecification\",\"valueRequired\":true,\"valueName\":\"search_term_string\"}}],\"inLanguage\":\"nb-NO\"},{\"@type\":\"Organization\",\"@id\":\"https:\\\/\\\/www.top5credits.com\\\/no\\\/#organization\",\"name\":\"Top5Credits.com\",\"url\":\"https:\\\/\\\/www.top5credits.com\\\/no\\\/\",\"logo\":{\"@type\":\"ImageObject\",\"inLanguage\":\"nb-NO\",\"@id\":\"https:\\\/\\\/www.top5credits.com\\\/no\\\/#\\\/schema\\\/logo\\\/image\\\/\",\"url\":\"https:\\\/\\\/cdn.top5credits.com\\\/no\\\/wp-content\\\/uploads\\\/sites\\\/4\\\/2023\\\/10\\\/t5c-favicon.png\",\"contentUrl\":\"https:\\\/\\\/cdn.top5credits.com\\\/no\\\/wp-content\\\/uploads\\\/sites\\\/4\\\/2023\\\/10\\\/t5c-favicon.png\",\"width\":512,\"height\":512,\"caption\":\"Top5Credits.com\"},\"image\":{\"@id\":\"https:\\\/\\\/www.top5credits.com\\\/no\\\/#\\\/schema\\\/logo\\\/image\\\/\"},\"sameAs\":[\"https:\\\/\\\/www.facebook.com\\\/Top5Credits-Norge-705688976528147\"]},{\"@type\":\"Question\",\"@id\":\"https:\\\/\\\/www.top5credits.com\\\/no\\\/sammenligning-av-lan\\\/lan-uten-sikkerhet\\\/#faq-question-1591337158275\",\"position\":1,\"url\":\"https:\\\/\\\/www.top5credits.com\\\/no\\\/sammenligning-av-lan\\\/lan-uten-sikkerhet\\\/#faq-question-1591337158275\",\"name\":\"Hvor mye kan jeg l\u00e5ne?\",\"answerCount\":1,\"acceptedAnswer\":{\"@type\":\"Answer\",\"text\":\"Klikk deg inn p\u00e5 lenkene til en eller flere av de l\u00e5netilbyderne som du ser p\u00e5 siden for \u00e5 finne ut hva den enkelte l\u00e5netilbyderen har satt som maksimalt l\u00e5nebel\u00f8p p\u00e5 l\u00e5n uten sikkerhet.\",\"inLanguage\":\"nb-NO\"},\"inLanguage\":\"nb-NO\"},{\"@type\":\"Question\",\"@id\":\"https:\\\/\\\/www.top5credits.com\\\/no\\\/sammenligning-av-lan\\\/lan-uten-sikkerhet\\\/#faq-question-1591337241230\",\"position\":2,\"url\":\"https:\\\/\\\/www.top5credits.com\\\/no\\\/sammenligning-av-lan\\\/lan-uten-sikkerhet\\\/#faq-question-1591337241230\",\"name\":\"N\u00e5r pengene er p\u00e5 min konto?\",\"answerCount\":1,\"acceptedAnswer\":{\"@type\":\"Answer\",\"text\":\"Etter at l\u00e5nes\u00f8knaden din er innvilget, vil du ha pengene p\u00e5 konto etter at du har mottatt bekreftelsen fra banken eller l\u00e5neselskapet.\",\"inLanguage\":\"nb-NO\"},\"inLanguage\":\"nb-NO\"},{\"@type\":\"Question\",\"@id\":\"https:\\\/\\\/www.top5credits.com\\\/no\\\/sammenligning-av-lan\\\/lan-uten-sikkerhet\\\/#faq-question-1591337380887\",\"position\":3,\"url\":\"https:\\\/\\\/www.top5credits.com\\\/no\\\/sammenligning-av-lan\\\/lan-uten-sikkerhet\\\/#faq-question-1591337380887\",\"name\":\"Kan jeg f\u00e5 l\u00e5n uten sikkerhet selv om jeg har betalingsanmerkning?\",\"answerCount\":1,\"acceptedAnswer\":{\"@type\":\"Answer\",\"text\":\"Vi deg \u00e5 kontakte den du skylder penger og f\u00e5 fjernet betalingsanmerkningen f\u00f8r du s\u00f8ker om l\u00e5n uten sikkerhet.\",\"inLanguage\":\"nb-NO\"},\"inLanguage\":\"nb-NO\"},{\"@type\":\"Question\",\"@id\":\"https:\\\/\\\/www.top5credits.com\\\/no\\\/sammenligning-av-lan\\\/lan-uten-sikkerhet\\\/#faq-question-1591337455527\",\"position\":4,\"url\":\"https:\\\/\\\/www.top5credits.com\\\/no\\\/sammenligning-av-lan\\\/lan-uten-sikkerhet\\\/#faq-question-1591337455527\",\"name\":\"Kan jeg bruke l\u00e5n uten sikkerhet for refinansiering av gjeld?\",\"answerCount\":1,\"acceptedAnswer\":{\"@type\":\"Answer\",\"text\":\"Absolutt! Mange velger i dag \u00e5 samle alle sm\u00e5l\u00e5n og kredittkortgjeld til ett eneste l\u00e5n ved hjelp av l\u00e5n uten sikkerhet som refinansierings alternativ for \u00e5 f\u00e5 redusert de m\u00e5nedlige utgiftene f\u00e5 nedbetalt gjelden sin med refinansiering uten sikkerhet.\",\"inLanguage\":\"nb-NO\"},\"inLanguage\":\"nb-NO\"}]}<\/script>\n<!-- \/ Yoast SEO plugin. -->","yoast_head_json":{"title":"Billig l\u00e5n uten sikkerhet - Sammenlign forbruksl\u00e5n - Top5Credits","description":"Ved hjelp av Top5Credits kan du l\u00e5ne penger uten sikkerhet med lav rente. Sammenligne og s\u00f8ke om forbruksl\u00e5n uten sikkerhet i dag.","robots":{"index":"index","follow":"follow","max-snippet":"max-snippet:-1","max-image-preview":"max-image-preview:large","max-video-preview":"max-video-preview:-1"},"canonical":"https:\/\/www.top5credits.com\/no\/sammenligning-av-lan\/lan-uten-sikkerhet\/","og_locale":"nb_NO","og_type":"article","og_title":"Billig l\u00e5n uten sikkerhet - Sammenlign forbruksl\u00e5n - Top5Credits","og_description":"Ved hjelp av Top5Credits kan du l\u00e5ne penger uten sikkerhet med lav rente. Sammenligne og s\u00f8ke om forbruksl\u00e5n uten sikkerhet i dag.","og_url":"https:\/\/www.top5credits.com\/no\/sammenligning-av-lan\/lan-uten-sikkerhet\/","og_site_name":"Top5Credits.com Norge","article_publisher":"https:\/\/www.facebook.com\/Top5Credits-Norge-705688976528147","article_modified_time":"2026-02-12T09:24:26+00:00","og_image":[{"width":2000,"height":1000,"url":"https:\/\/cdn.top5credits.com\/no\/wp-content\/uploads\/sites\/4\/2020\/03\/top5credits-com.jpg?cdn=1.1.0","type":"image\/jpeg"}],"twitter_card":"summary_large_image","twitter_misc":{"Ansl. lesetid":"5 minutter"},"schema":{"@context":"https:\/\/schema.org","@graph":[{"@type":["WebPage","FAQPage"],"@id":"https:\/\/www.top5credits.com\/no\/sammenligning-av-lan\/lan-uten-sikkerhet\/","url":"https:\/\/www.top5credits.com\/no\/sammenligning-av-lan\/lan-uten-sikkerhet\/","name":"Billig l\u00e5n uten sikkerhet - Sammenlign forbruksl\u00e5n - Top5Credits","isPartOf":{"@id":"https:\/\/www.top5credits.com\/no\/#website"},"primaryImageOfPage":{"@id":"https:\/\/www.top5credits.com\/no\/sammenligning-av-lan\/lan-uten-sikkerhet\/#primaryimage"},"image":{"@id":"https:\/\/www.top5credits.com\/no\/sammenligning-av-lan\/lan-uten-sikkerhet\/#primaryimage"},"thumbnailUrl":"https:\/\/cdn.top5credits.com\/no\/wp-content\/uploads\/sites\/4\/2020\/03\/top5credits-com.jpg?cdn=1.1.0","datePublished":"2020-06-05T06:37:32+00:00","dateModified":"2026-02-12T09:24:26+00:00","description":"Ved hjelp av Top5Credits kan du l\u00e5ne penger uten sikkerhet med lav rente. Sammenligne og s\u00f8ke om forbruksl\u00e5n uten sikkerhet i dag.","breadcrumb":{"@id":"https:\/\/www.top5credits.com\/no\/sammenligning-av-lan\/lan-uten-sikkerhet\/#breadcrumb"},"mainEntity":[{"@id":"https:\/\/www.top5credits.com\/no\/sammenligning-av-lan\/lan-uten-sikkerhet\/#faq-question-1591337158275"},{"@id":"https:\/\/www.top5credits.com\/no\/sammenligning-av-lan\/lan-uten-sikkerhet\/#faq-question-1591337241230"},{"@id":"https:\/\/www.top5credits.com\/no\/sammenligning-av-lan\/lan-uten-sikkerhet\/#faq-question-1591337380887"},{"@id":"https:\/\/www.top5credits.com\/no\/sammenligning-av-lan\/lan-uten-sikkerhet\/#faq-question-1591337455527"}],"inLanguage":"nb-NO","potentialAction":[{"@type":"ReadAction","target":["https:\/\/www.top5credits.com\/no\/sammenligning-av-lan\/lan-uten-sikkerhet\/"]}]},{"@type":"ImageObject","inLanguage":"nb-NO","@id":"https:\/\/www.top5credits.com\/no\/sammenligning-av-lan\/lan-uten-sikkerhet\/#primaryimage","url":"https:\/\/cdn.top5credits.com\/no\/wp-content\/uploads\/sites\/4\/2020\/03\/top5credits-com.jpg?cdn=1.1.0","contentUrl":"https:\/\/cdn.top5credits.com\/no\/wp-content\/uploads\/sites\/4\/2020\/03\/top5credits-com.jpg?cdn=1.1.0","width":2000,"height":1000,"caption":"Top5Credits Norge"},{"@type":"BreadcrumbList","@id":"https:\/\/www.top5credits.com\/no\/sammenligning-av-lan\/lan-uten-sikkerhet\/#breadcrumb","itemListElement":[{"@type":"ListItem","position":1,"name":"Top5Credits.com","item":"https:\/\/www.top5credits.com\/no\/"},{"@type":"ListItem","position":2,"name":"L\u00e5n til hva du vil","item":"https:\/\/www.top5credits.com\/no\/sammenligning-av-lan\/"},{"@type":"ListItem","position":3,"name":"L\u00e5n uten sikkerhet"}]},{"@type":"WebSite","@id":"https:\/\/www.top5credits.com\/no\/#website","url":"https:\/\/www.top5credits.com\/no\/","name":"Top5Credits.com Norge","description":"Sammenlign og finn de beste l\u00e5nene","publisher":{"@id":"https:\/\/www.top5credits.com\/no\/#organization"},"potentialAction":[{"@type":"SearchAction","target":{"@type":"EntryPoint","urlTemplate":"https:\/\/www.top5credits.com\/no\/?s={search_term_string}"},"query-input":{"@type":"PropertyValueSpecification","valueRequired":true,"valueName":"search_term_string"}}],"inLanguage":"nb-NO"},{"@type":"Organization","@id":"https:\/\/www.top5credits.com\/no\/#organization","name":"Top5Credits.com","url":"https:\/\/www.top5credits.com\/no\/","logo":{"@type":"ImageObject","inLanguage":"nb-NO","@id":"https:\/\/www.top5credits.com\/no\/#\/schema\/logo\/image\/","url":"https:\/\/cdn.top5credits.com\/no\/wp-content\/uploads\/sites\/4\/2023\/10\/t5c-favicon.png","contentUrl":"https:\/\/cdn.top5credits.com\/no\/wp-content\/uploads\/sites\/4\/2023\/10\/t5c-favicon.png","width":512,"height":512,"caption":"Top5Credits.com"},"image":{"@id":"https:\/\/www.top5credits.com\/no\/#\/schema\/logo\/image\/"},"sameAs":["https:\/\/www.facebook.com\/Top5Credits-Norge-705688976528147"]},{"@type":"Question","@id":"https:\/\/www.top5credits.com\/no\/sammenligning-av-lan\/lan-uten-sikkerhet\/#faq-question-1591337158275","position":1,"url":"https:\/\/www.top5credits.com\/no\/sammenligning-av-lan\/lan-uten-sikkerhet\/#faq-question-1591337158275","name":"Hvor mye kan jeg l\u00e5ne?","answerCount":1,"acceptedAnswer":{"@type":"Answer","text":"Klikk deg inn p\u00e5 lenkene til en eller flere av de l\u00e5netilbyderne som du ser p\u00e5 siden for \u00e5 finne ut hva den enkelte l\u00e5netilbyderen har satt som maksimalt l\u00e5nebel\u00f8p p\u00e5 l\u00e5n uten sikkerhet.","inLanguage":"nb-NO"},"inLanguage":"nb-NO"},{"@type":"Question","@id":"https:\/\/www.top5credits.com\/no\/sammenligning-av-lan\/lan-uten-sikkerhet\/#faq-question-1591337241230","position":2,"url":"https:\/\/www.top5credits.com\/no\/sammenligning-av-lan\/lan-uten-sikkerhet\/#faq-question-1591337241230","name":"N\u00e5r pengene er p\u00e5 min konto?","answerCount":1,"acceptedAnswer":{"@type":"Answer","text":"Etter at l\u00e5nes\u00f8knaden din er innvilget, vil du ha pengene p\u00e5 konto etter at du har mottatt bekreftelsen fra banken eller l\u00e5neselskapet.","inLanguage":"nb-NO"},"inLanguage":"nb-NO"},{"@type":"Question","@id":"https:\/\/www.top5credits.com\/no\/sammenligning-av-lan\/lan-uten-sikkerhet\/#faq-question-1591337380887","position":3,"url":"https:\/\/www.top5credits.com\/no\/sammenligning-av-lan\/lan-uten-sikkerhet\/#faq-question-1591337380887","name":"Kan jeg f\u00e5 l\u00e5n uten sikkerhet selv om jeg har betalingsanmerkning?","answerCount":1,"acceptedAnswer":{"@type":"Answer","text":"Vi deg \u00e5 kontakte den du skylder penger og f\u00e5 fjernet betalingsanmerkningen f\u00f8r du s\u00f8ker om l\u00e5n uten sikkerhet.","inLanguage":"nb-NO"},"inLanguage":"nb-NO"},{"@type":"Question","@id":"https:\/\/www.top5credits.com\/no\/sammenligning-av-lan\/lan-uten-sikkerhet\/#faq-question-1591337455527","position":4,"url":"https:\/\/www.top5credits.com\/no\/sammenligning-av-lan\/lan-uten-sikkerhet\/#faq-question-1591337455527","name":"Kan jeg bruke l\u00e5n uten sikkerhet for refinansiering av gjeld?","answerCount":1,"acceptedAnswer":{"@type":"Answer","text":"Absolutt! Mange velger i dag \u00e5 samle alle sm\u00e5l\u00e5n og kredittkortgjeld til ett eneste l\u00e5n ved hjelp av l\u00e5n uten sikkerhet som refinansierings alternativ for \u00e5 f\u00e5 redusert de m\u00e5nedlige utgiftene f\u00e5 nedbetalt gjelden sin med refinansiering uten sikkerhet.","inLanguage":"nb-NO"},"inLanguage":"nb-NO"}]}},"_links":{"self":[{"href":"https:\/\/www.top5credits.com\/no\/wp-json\/wp\/v2\/pages\/1520","targetHints":{"allow":["GET"]}}],"collection":[{"href":"https:\/\/www.top5credits.com\/no\/wp-json\/wp\/v2\/pages"}],"about":[{"href":"https:\/\/www.top5credits.com\/no\/wp-json\/wp\/v2\/types\/page"}],"author":[{"embeddable":true,"href":"https:\/\/www.top5credits.com\/no\/wp-json\/wp\/v2\/users\/17"}],"replies":[{"embeddable":true,"href":"https:\/\/www.top5credits.com\/no\/wp-json\/wp\/v2\/comments?post=1520"}],"version-history":[{"count":2,"href":"https:\/\/www.top5credits.com\/no\/wp-json\/wp\/v2\/pages\/1520\/revisions"}],"predecessor-version":[{"id":5563,"href":"https:\/\/www.top5credits.com\/no\/wp-json\/wp\/v2\/pages\/1520\/revisions\/5563"}],"up":[{"embeddable":true,"href":"https:\/\/www.top5credits.com\/no\/wp-json\/wp\/v2\/pages\/47"}],"wp:featuredmedia":[{"embeddable":true,"href":"https:\/\/www.top5credits.com\/no\/wp-json\/wp\/v2\/media\/1236"}],"wp:attachment":[{"href":"https:\/\/www.top5credits.com\/no\/wp-json\/wp\/v2\/media?parent=1520"}],"curies":[{"name":"wp","href":"https:\/\/api.w.org\/{rel}","templated":true}]}}