{"id":2300,"date":"2021-05-06T12:13:08","date_gmt":"2021-05-06T12:13:08","guid":{"rendered":"https:\/\/www.top5credits.com\/no\/?page_id=2300"},"modified":"2024-01-24T07:43:35","modified_gmt":"2024-01-24T06:43:35","slug":"banklan","status":"publish","type":"page","link":"https:\/\/www.top5credits.com\/no\/banklan\/","title":{"rendered":"Bankl\u00e5n"},"content":{"rendered":"\n<div class=\"wp-block-group first-section\"><div class=\"wp-block-group__inner-container is-layout-flow wp-block-group-is-layout-flow\">\n<h1 class=\"wp-block-heading has-text-align-center compare-title\">Bankl\u00e5n &#8211; Sammenlign og finn de beste og billigste l\u00e5nene<\/h1>\n\n\n\n<p class=\"has-text-align-left compare-title\">Vi hjelper deg med \u00e5 sammenligne bankl\u00e5n fra flere banker og l\u00e5neagenter. <span class=\"luelisaanappi\">Les&nbsp;mer..<\/span> <span class=\"luelisaateksti\"><br><br>Ved \u00e5 sammenligne bankl\u00e5n p\u00e5 Top5Credits.com sparer du penger og f\u00e5r billige bankl\u00e5n!<br><br>Du kan l\u00e5ne opp til 600 000 kroner. Den beste bank rente f\u00e5r du ved \u00e5 sammenligne tilbud fra mer enn 30 banker og finansagenter.<\/span><\/p>\n\n\n\n<div class=\"wp-block-group luelisaateksti\"><div class=\"wp-block-group__inner-container is-layout-flow wp-block-group-is-layout-flow\">\n<ul class=\"dm-list-check compare-title dm-newtheme wp-block-list\">\n<li>Beste bankl\u00e5n uten egenkapital<\/li>\n\n\n\n<li>Et variert tilbud fra forskjellige banker og l\u00e5ngivere<\/li>\n\n\n\n<li>L\u00e5netilbud som er p\u00e5litelige fra erfarne l\u00e5ngivere<\/li>\n<\/ul>\n<\/div><\/div>\n\n\n\n<\/div><\/div>\n\n\n\n\n\n\n<div class=\"top-results palkkio\">\n<span class=\"huomiomerkki\">!<\/span> Kommisjonen vi f\u00e5r p\u00e5virker plasseringen &#8211; les mer <span class=\"plus-trigger\">+<\/span>\n<p>Top5credits.com er en 100% gratis nettside med form\u00e5l om \u00e5 tilby nyttig og verdifull informasjon til v\u00e5re brukere. Vi sammenligner l\u00e5n og vurderer dem. For at nettsiden fortsatt skal v\u00e6re gratis, f\u00e5r vi kommisjon r bankene og utl\u00e5nerne n\u00e5r brukere blir sendt til dem. Kommisjonen p\u00e5virker plassering og rangeringen av banker og utbydere p\u00e5 listen.<\/p>\n<\/div>\n\n\n\n<div style=\"height:40px\" aria-hidden=\"true\" class=\"wp-block-spacer\"><\/div>\n\n\n\n<div class=\"wp-block-group full-white\"><div class=\"wp-block-group__inner-container is-layout-flow wp-block-group-is-layout-flow\">\n<h2 class=\"wp-block-heading\">Hva er bankl\u00e5n?<\/h2>\n\n\n\n<p>Et bankl\u00e5n uten sikkerhet er et l\u00e5n som ikke krever at du stiller noen form for sikkerhet. Du kan ogs\u00e5 bruke pengene p\u00e5 akkurat det du vil, om det s\u00e5 skulle v\u00e6re oppussing, ferier, l\u00e5n i forbindelse med studier eller andre typer forbruk. Bankl\u00e5n rente p\u00e5 et <a href=\"https:\/\/www.top5credits.com\/no\/sammenligning-av-lan\/lan-uten-sikkerhet\/\">l\u00e5n uten sikkerhet<\/a> er noe h\u00f8yere enn for eksempel et boligl\u00e5n, men det er store forskjeller mellom bankene og du kan spare mye penger p\u00e5 \u00e5 velge riktig bank.<\/p>\n\n\n\n<h2 class=\"wp-block-heading\">Du kan spare mye penger p\u00e5 \u00e5 sammenligne ulike bankl\u00e5n<\/h2>\n\n\n\n<p>Du b\u00f8r gj\u00f8re en bankl\u00e5n sammenligning fra s\u00e5 mange tilbydere som mulig. Selv om du s\u00f8ker om akkurat den samme l\u00e5nesummen, kan b\u00e5de renter, avdragstid og andre betingelser variere mye mellom bankene.<\/p>\n\n\n\n<p>Etter at du har funnet ut av behovet ditt og \u00f8nsket l\u00e5nesum, blir det betydelig enklere \u00e5 sammenligne tilbud fra ulike banker. Du b\u00f8r ogs\u00e5 tenke igjennom hvor lang nedbetalingstid du \u00f8nsker, og planlegge for hvordan du skal betale tilbake. Du b\u00f8r aldri ta opp mer l\u00e5n enn du greier \u00e5 betjene, da kan du komme i alvorlige \u00f8konomiske vanskeligheter.<\/p>\n\n\n\n<p><strong>Vi anbefaler deg \u00e5 tenke igjennom f\u00f8lgende:<\/strong><\/p>\n\n\n\n<ul class=\"dm-list-check wp-block-list\">\n<li>Hva du skal bruke pengene til<\/li>\n\n\n\n<li>\u00d8nsket l\u00e5nebel\u00f8p<\/li>\n\n\n\n<li>Lengde p\u00e5 nedbetalingstid<\/li>\n<\/ul>\n\n\n\n<p>Slik blir det enklere \u00e5 sammenligne l\u00e5netilbud. Det \u00e5 innhente flere l\u00e5netilbud er b\u00e5de gratis og uforpliktende, du er ikke bundet til \u00e5 godta noen av l\u00e5netilbudene du f\u00e5r.<\/p>\n\n\n\n<p>Vi har laget en enkel l\u00f8sning slik at du kan sammenligne l\u00e5nebel\u00f8p og renteintervall som tilbys av alle l\u00e5netilbyderne. I tillegg kan du g\u00e5 igjennom alt med et enkelt klikk.<\/p>\n\n\n\n<h2 class=\"wp-block-heading\">Hvordan s\u00f8ke om et bankl\u00e5n<\/h2>\n\n\n\n<p>For \u00e5 gj\u00f8re det ekstra praktisk for deg, har vi listet opp den viktigste informasjonen. Deretter klikker du deg inn p\u00e5 de tilbyderne som er interessante og sender en l\u00e5nes\u00f8knad.<\/p>\n\n\n\n<p>F\u00f8r du sender inn l\u00e5nes\u00f8knad, s\u00f8rg for \u00e5 lese b\u00e5de vilk\u00e5rene og instruksjonene for \u00e5 s\u00f8ke n\u00f8ye. Slik blir l\u00e5neprosessen mest mulig enkel og problemfri.<\/p>\n\n\n\n<h2 class=\"wp-block-heading\">Finn de billigste bankl\u00e5n online<\/h2>\n\n\n\n<p><a href=\"https:\/\/www.top5credits.com\/no\/forbrukslan\/\">S\u00f8ker du forbruksl\u00e5n<\/a> fra banken, b\u00f8r du sjekke Top5Credits.com sammenligningen, som gj\u00f8r det mer sannsynlig \u00e5 f\u00e5 l\u00e5net med de beste betingelsene. Du kan sammenligne l\u00e5nene trygt, helt uforpliktende og gratis.<\/p>\n\n\n\n<h2 class=\"wp-block-heading\">Beste bankl\u00e5n rente<\/h2>\n\n\n\n<p>N\u00e5r det gjelder renter i banken, bestemmes denne av mange faktorer. For det f\u00f8rste vil renten du f\u00e5r p\u00e5 et l\u00e5n avhenge av om du kan stille sikkerhet eller ikke. L\u00e5n som er gitt med sikkerhet i bolig, eiendom eller andre eiendeler har som regel lavere rente i forhold til usikrede l\u00e5n.<\/p>\n\n\n\n<p><strong>Dersom du kan vise til en god og stabil inntekt, f\u00e5r du lavere rente.<\/strong><\/p>\n\n\n\n<p>Til sist er det store forskjeller i rentesatsene som de ulike bankene tilbyr, selv om alle andre faktorer er like. Derfor b\u00f8r du sammenligne l\u00e5netilbud fra s\u00e5 mange banker som mulig for \u00e5 f\u00e5 beste bankrente ut fra din \u00f8konomiske situasjon.<\/p>\n\n\n\n<h2 class=\"wp-block-heading\">Slik fungerer et bankl\u00e5n<\/h2>\n\n\n\n<p>For \u00e5 f\u00e5 innvilget en s\u00f8knad om <a href=\"https:\/\/www.top5credits.com\/no\/forbrukslan\/\">forbruksl\u00e5n<\/a> eller <a href=\"https:\/\/www.top5credits.com\/no\/refinansieringslan\/\">refinansiering<\/a> m\u00e5 noen kriterier oppfylles. Du m\u00e5 v\u00e6re norsk statsborger eller ha oppholdt deg i Norge over en lengre periode. S\u00f8ker du om et st\u00f8rre l\u00e5n m\u00e5 du kunne vise til fast inntekt fra arbeid eller pensjon. Alle banker i Norge foretar kredittsjekk.<\/p>\n\n\n\n<h2 class=\"wp-block-heading\">Banker i Norge oversikt<\/h2>\n\n\n\n<p>Top5Credits sammenligner og <a href=\"https:\/\/www.top5credits.com\/no\/anmeldelser\/\">anmeldelser<\/a> for eksempel: Santander, Nordea, Resurs Bank, Sambla, Axo Finans, Ya Bank, Sbanken og Storebrand bank.<\/p>\n\n\n\n<h2 class=\"wp-block-heading\">Fordeler og ulemper med bankl\u00e5n<\/h2>\n\n\n\n<p><strong>Rentene p\u00e5 beste bankl\u00e5n er ofte lavere sammenlignet med online finansinstitusjoner. <\/strong>Bankene utf\u00f8rer ofte en grundigere kredittsjekk som minimerer risikoen for banken og kan sette en lavere rente. <strong>Det tar imidlertid lengre tid \u00e5 f\u00e5 et bankl\u00e5n inn p\u00e5 konto sammenlignet med online kredittleverand\u00f8rer.<\/strong><\/p>\n\n\n\n<h2 class=\"wp-block-heading\">Hvordan bytte bank?<\/h2>\n\n\n\n<p>\u00c5 bytte bank er lettere enn mange tror. Du kan ogs\u00e5 ha flere bankforhold. \u00c5 opprette et kundeforhold i en ny bank gj\u00f8res ved \u00e5 fylle ut en online s\u00f8knad og legitmere seg med bank-ID. Dersom du \u00f8nsker \u00e5 flytte et l\u00e5n g\u00e5r dette ofte automatisk.<\/p>\n<\/div><\/div>\n\n\n\n<div style=\"height:40px\" aria-hidden=\"true\" class=\"wp-block-spacer\"><\/div>\n\n\n\n<h2 class=\"wp-block-heading\">Sp\u00f8rsm\u00e5l og Svar<\/h2>\n\n\n\n<div class=\"schema-faq wp-block-yoast-faq-block\"><div class=\"schema-faq-section\" id=\"faq-question-1620217342009\"><strong class=\"schema-faq-question\">Hvor mye jeg kan ta bankl\u00e5n?<\/strong> <p class=\"schema-faq-answer\">Du kan sammenligne bankl\u00e5n fra 5000 til 600 000 kr.<\/p> <\/div> <div class=\"schema-faq-section\" id=\"faq-question-1620217354643\"><strong class=\"schema-faq-question\">Hvordan utbetales l\u00e5net?<\/strong> <p class=\"schema-faq-answer\">Et bankl\u00e5nutbetales direkte til din bankkonto og det er helt opp til deg hva du vil bruke pengene til. Du kan sammenligne bankl\u00e5n her.<\/p> <\/div> <div class=\"schema-faq-section\" id=\"faq-question-1620217356124\"><strong class=\"schema-faq-question\">Hvem kan s\u00f8ke om et bankl\u00e5n?<\/strong> <p class=\"schema-faq-answer\">Alle over 18 \u00e5r kan s\u00f8ke om l\u00e5n i Norge.<\/p> <\/div> <div class=\"schema-faq-section\" id=\"faq-question-1620217393037\"><strong class=\"schema-faq-question\">Hva kan du bruke et bankl\u00e5n til?<\/strong> <p class=\"schema-faq-answer\">&#8211; Bilkj\u00f8p<br \/>&#8211; Kj\u00f8p av b\u00e5t<br \/>&#8211; Oppussing<br \/>&#8211; Leilighetskj\u00f8p<\/p> <\/div> <\/div>\n","protected":false},"excerpt":{"rendered":"<p>Bankl\u00e5n &#8211; Sammenlign og finn de beste og billigste l\u00e5nene Vi hjelper deg med \u00e5 sammenligne bankl\u00e5n fra flere banker og l\u00e5neagenter. Les&nbsp;mer.. Ved \u00e5<\/p>\n<p class=\"more-link\">Fortsett \u00e5 lese <span class=\"screen-reader-text\">Bankl\u00e5n<\/span><\/p>\n","protected":false},"author":19,"featured_media":1236,"parent":0,"menu_order":0,"comment_status":"closed","ping_status":"closed","template":"page-results.php","meta":{"footnotes":""},"class_list":["post-2300","page","type-page","status-publish","has-post-thumbnail","hentry","entry"],"yoast_head":"<!-- This site is optimized with the Yoast SEO plugin v27.3 - https:\/\/yoast.com\/product\/yoast-seo-wordpress\/ -->\n<title>Bankl\u00e5n - Sammenlign de beste &amp; billigste l\u00e5nene - Top5Credits<\/title>\n<meta name=\"description\" content=\"Top5Credits hjelper deg med \u00e5 finne det beste og billigste bankl\u00e5net for deg. Bruke v\u00e5r sammenligning i dag.\" \/>\n<meta name=\"robots\" content=\"index, follow, max-snippet:-1, max-image-preview:large, max-video-preview:-1\" \/>\n<link rel=\"canonical\" href=\"https:\/\/www.top5credits.com\/no\/banklan\/\" \/>\n<meta property=\"og:locale\" content=\"nb_NO\" \/>\n<meta property=\"og:type\" content=\"article\" \/>\n<meta property=\"og:title\" content=\"Bankl\u00e5n - Sammenlign de beste &amp; billigste l\u00e5nene - Top5Credits\" \/>\n<meta property=\"og:description\" content=\"Top5Credits hjelper deg med \u00e5 finne det beste og billigste bankl\u00e5net for deg. Bruke v\u00e5r sammenligning i dag.\" \/>\n<meta property=\"og:url\" content=\"https:\/\/www.top5credits.com\/no\/banklan\/\" \/>\n<meta property=\"og:site_name\" content=\"Top5Credits.com Norge\" \/>\n<meta property=\"article:publisher\" content=\"https:\/\/www.facebook.com\/Top5Credits-Norge-705688976528147\" \/>\n<meta property=\"article:modified_time\" content=\"2024-01-24T06:43:35+00:00\" \/>\n<meta property=\"og:image\" content=\"https:\/\/cdn.top5credits.com\/no\/wp-content\/uploads\/sites\/4\/2020\/03\/top5credits-com.jpg?cdn=1.1.0\" \/>\n\t<meta property=\"og:image:width\" content=\"2000\" \/>\n\t<meta property=\"og:image:height\" content=\"1000\" \/>\n\t<meta property=\"og:image:type\" content=\"image\/jpeg\" \/>\n<meta name=\"twitter:card\" content=\"summary_large_image\" \/>\n<meta name=\"twitter:label1\" content=\"Ansl. lesetid\" \/>\n\t<meta name=\"twitter:data1\" content=\"5 minutter\" \/>\n<script type=\"application\/ld+json\" class=\"yoast-schema-graph\">{\"@context\":\"https:\\\/\\\/schema.org\",\"@graph\":[{\"@type\":[\"WebPage\",\"FAQPage\"],\"@id\":\"https:\\\/\\\/www.top5credits.com\\\/no\\\/banklan\\\/\",\"url\":\"https:\\\/\\\/www.top5credits.com\\\/no\\\/banklan\\\/\",\"name\":\"Bankl\u00e5n - Sammenlign de beste & billigste l\u00e5nene - Top5Credits\",\"isPartOf\":{\"@id\":\"https:\\\/\\\/www.top5credits.com\\\/no\\\/#website\"},\"primaryImageOfPage\":{\"@id\":\"https:\\\/\\\/www.top5credits.com\\\/no\\\/banklan\\\/#primaryimage\"},\"image\":{\"@id\":\"https:\\\/\\\/www.top5credits.com\\\/no\\\/banklan\\\/#primaryimage\"},\"thumbnailUrl\":\"https:\\\/\\\/www.top5credits.com\\\/no\\\/wp-content\\\/uploads\\\/sites\\\/4\\\/2020\\\/03\\\/top5credits-com.jpg\",\"datePublished\":\"2021-05-06T12:13:08+00:00\",\"dateModified\":\"2024-01-24T06:43:35+00:00\",\"description\":\"Top5Credits hjelper deg med \u00e5 finne det beste og billigste bankl\u00e5net for deg. Bruke v\u00e5r sammenligning i dag.\",\"breadcrumb\":{\"@id\":\"https:\\\/\\\/www.top5credits.com\\\/no\\\/banklan\\\/#breadcrumb\"},\"mainEntity\":[{\"@id\":\"https:\\\/\\\/www.top5credits.com\\\/no\\\/banklan\\\/#faq-question-1620217342009\"},{\"@id\":\"https:\\\/\\\/www.top5credits.com\\\/no\\\/banklan\\\/#faq-question-1620217354643\"},{\"@id\":\"https:\\\/\\\/www.top5credits.com\\\/no\\\/banklan\\\/#faq-question-1620217356124\"},{\"@id\":\"https:\\\/\\\/www.top5credits.com\\\/no\\\/banklan\\\/#faq-question-1620217393037\"}],\"inLanguage\":\"nb-NO\",\"potentialAction\":[{\"@type\":\"ReadAction\",\"target\":[\"https:\\\/\\\/www.top5credits.com\\\/no\\\/banklan\\\/\"]}]},{\"@type\":\"ImageObject\",\"inLanguage\":\"nb-NO\",\"@id\":\"https:\\\/\\\/www.top5credits.com\\\/no\\\/banklan\\\/#primaryimage\",\"url\":\"https:\\\/\\\/www.top5credits.com\\\/no\\\/wp-content\\\/uploads\\\/sites\\\/4\\\/2020\\\/03\\\/top5credits-com.jpg\",\"contentUrl\":\"https:\\\/\\\/www.top5credits.com\\\/no\\\/wp-content\\\/uploads\\\/sites\\\/4\\\/2020\\\/03\\\/top5credits-com.jpg\",\"width\":2000,\"height\":1000,\"caption\":\"Top5Credits Norge\"},{\"@type\":\"BreadcrumbList\",\"@id\":\"https:\\\/\\\/www.top5credits.com\\\/no\\\/banklan\\\/#breadcrumb\",\"itemListElement\":[{\"@type\":\"ListItem\",\"position\":1,\"name\":\"Top5Credits.com\",\"item\":\"https:\\\/\\\/www.top5credits.com\\\/no\\\/\"},{\"@type\":\"ListItem\",\"position\":2,\"name\":\"Bankl\u00e5n\"}]},{\"@type\":\"WebSite\",\"@id\":\"https:\\\/\\\/www.top5credits.com\\\/no\\\/#website\",\"url\":\"https:\\\/\\\/www.top5credits.com\\\/no\\\/\",\"name\":\"Top5Credits.com Norge\",\"description\":\"Sammenlign og finn de beste l\u00e5nene\",\"publisher\":{\"@id\":\"https:\\\/\\\/www.top5credits.com\\\/no\\\/#organization\"},\"potentialAction\":[{\"@type\":\"SearchAction\",\"target\":{\"@type\":\"EntryPoint\",\"urlTemplate\":\"https:\\\/\\\/www.top5credits.com\\\/no\\\/?s={search_term_string}\"},\"query-input\":{\"@type\":\"PropertyValueSpecification\",\"valueRequired\":true,\"valueName\":\"search_term_string\"}}],\"inLanguage\":\"nb-NO\"},{\"@type\":\"Organization\",\"@id\":\"https:\\\/\\\/www.top5credits.com\\\/no\\\/#organization\",\"name\":\"Top5Credits.com\",\"url\":\"https:\\\/\\\/www.top5credits.com\\\/no\\\/\",\"logo\":{\"@type\":\"ImageObject\",\"inLanguage\":\"nb-NO\",\"@id\":\"https:\\\/\\\/www.top5credits.com\\\/no\\\/#\\\/schema\\\/logo\\\/image\\\/\",\"url\":\"https:\\\/\\\/cdn.top5credits.com\\\/no\\\/wp-content\\\/uploads\\\/sites\\\/4\\\/2023\\\/10\\\/t5c-favicon.png\",\"contentUrl\":\"https:\\\/\\\/cdn.top5credits.com\\\/no\\\/wp-content\\\/uploads\\\/sites\\\/4\\\/2023\\\/10\\\/t5c-favicon.png\",\"width\":512,\"height\":512,\"caption\":\"Top5Credits.com\"},\"image\":{\"@id\":\"https:\\\/\\\/www.top5credits.com\\\/no\\\/#\\\/schema\\\/logo\\\/image\\\/\"},\"sameAs\":[\"https:\\\/\\\/www.facebook.com\\\/Top5Credits-Norge-705688976528147\"]},{\"@type\":\"Question\",\"@id\":\"https:\\\/\\\/www.top5credits.com\\\/no\\\/banklan\\\/#faq-question-1620217342009\",\"position\":1,\"url\":\"https:\\\/\\\/www.top5credits.com\\\/no\\\/banklan\\\/#faq-question-1620217342009\",\"name\":\"Hvor mye jeg kan ta bankl\u00e5n?\",\"answerCount\":1,\"acceptedAnswer\":{\"@type\":\"Answer\",\"text\":\"Du kan sammenligne bankl\u00e5n fra 5000 til 600 000 kr.\",\"inLanguage\":\"nb-NO\"},\"inLanguage\":\"nb-NO\"},{\"@type\":\"Question\",\"@id\":\"https:\\\/\\\/www.top5credits.com\\\/no\\\/banklan\\\/#faq-question-1620217354643\",\"position\":2,\"url\":\"https:\\\/\\\/www.top5credits.com\\\/no\\\/banklan\\\/#faq-question-1620217354643\",\"name\":\"Hvordan utbetales l\u00e5net?\",\"answerCount\":1,\"acceptedAnswer\":{\"@type\":\"Answer\",\"text\":\"Et bankl\u00e5nutbetales direkte til din bankkonto og det er helt opp til deg hva du vil bruke pengene til. Du kan sammenligne bankl\u00e5n her.\",\"inLanguage\":\"nb-NO\"},\"inLanguage\":\"nb-NO\"},{\"@type\":\"Question\",\"@id\":\"https:\\\/\\\/www.top5credits.com\\\/no\\\/banklan\\\/#faq-question-1620217356124\",\"position\":3,\"url\":\"https:\\\/\\\/www.top5credits.com\\\/no\\\/banklan\\\/#faq-question-1620217356124\",\"name\":\"Hvem kan s\u00f8ke om et bankl\u00e5n?\",\"answerCount\":1,\"acceptedAnswer\":{\"@type\":\"Answer\",\"text\":\"Alle over 18 \u00e5r kan s\u00f8ke om l\u00e5n i Norge.\",\"inLanguage\":\"nb-NO\"},\"inLanguage\":\"nb-NO\"},{\"@type\":\"Question\",\"@id\":\"https:\\\/\\\/www.top5credits.com\\\/no\\\/banklan\\\/#faq-question-1620217393037\",\"position\":4,\"url\":\"https:\\\/\\\/www.top5credits.com\\\/no\\\/banklan\\\/#faq-question-1620217393037\",\"name\":\"Hva kan du bruke et bankl\u00e5n til?\",\"answerCount\":1,\"acceptedAnswer\":{\"@type\":\"Answer\",\"text\":\"- Bilkj\u00f8p<br \\\/>- Kj\u00f8p av b\u00e5t<br \\\/>- Oppussing<br \\\/>- Leilighetskj\u00f8p\",\"inLanguage\":\"nb-NO\"},\"inLanguage\":\"nb-NO\"}]}<\/script>\n<!-- \/ Yoast SEO plugin. -->","yoast_head_json":{"title":"Bankl\u00e5n - Sammenlign de beste & billigste l\u00e5nene - Top5Credits","description":"Top5Credits hjelper deg med \u00e5 finne det beste og billigste bankl\u00e5net for deg. Bruke v\u00e5r sammenligning i dag.","robots":{"index":"index","follow":"follow","max-snippet":"max-snippet:-1","max-image-preview":"max-image-preview:large","max-video-preview":"max-video-preview:-1"},"canonical":"https:\/\/www.top5credits.com\/no\/banklan\/","og_locale":"nb_NO","og_type":"article","og_title":"Bankl\u00e5n - Sammenlign de beste & billigste l\u00e5nene - Top5Credits","og_description":"Top5Credits hjelper deg med \u00e5 finne det beste og billigste bankl\u00e5net for deg. Bruke v\u00e5r sammenligning i dag.","og_url":"https:\/\/www.top5credits.com\/no\/banklan\/","og_site_name":"Top5Credits.com Norge","article_publisher":"https:\/\/www.facebook.com\/Top5Credits-Norge-705688976528147","article_modified_time":"2024-01-24T06:43:35+00:00","og_image":[{"width":2000,"height":1000,"url":"https:\/\/cdn.top5credits.com\/no\/wp-content\/uploads\/sites\/4\/2020\/03\/top5credits-com.jpg?cdn=1.1.0","type":"image\/jpeg"}],"twitter_card":"summary_large_image","twitter_misc":{"Ansl. lesetid":"5 minutter"},"schema":{"@context":"https:\/\/schema.org","@graph":[{"@type":["WebPage","FAQPage"],"@id":"https:\/\/www.top5credits.com\/no\/banklan\/","url":"https:\/\/www.top5credits.com\/no\/banklan\/","name":"Bankl\u00e5n - Sammenlign de beste & billigste l\u00e5nene - Top5Credits","isPartOf":{"@id":"https:\/\/www.top5credits.com\/no\/#website"},"primaryImageOfPage":{"@id":"https:\/\/www.top5credits.com\/no\/banklan\/#primaryimage"},"image":{"@id":"https:\/\/www.top5credits.com\/no\/banklan\/#primaryimage"},"thumbnailUrl":"https:\/\/cdn.top5credits.com\/no\/wp-content\/uploads\/sites\/4\/2020\/03\/top5credits-com.jpg?cdn=1.1.0","datePublished":"2021-05-06T12:13:08+00:00","dateModified":"2024-01-24T06:43:35+00:00","description":"Top5Credits hjelper deg med \u00e5 finne det beste og billigste bankl\u00e5net for deg. Bruke v\u00e5r sammenligning i dag.","breadcrumb":{"@id":"https:\/\/www.top5credits.com\/no\/banklan\/#breadcrumb"},"mainEntity":[{"@id":"https:\/\/www.top5credits.com\/no\/banklan\/#faq-question-1620217342009"},{"@id":"https:\/\/www.top5credits.com\/no\/banklan\/#faq-question-1620217354643"},{"@id":"https:\/\/www.top5credits.com\/no\/banklan\/#faq-question-1620217356124"},{"@id":"https:\/\/www.top5credits.com\/no\/banklan\/#faq-question-1620217393037"}],"inLanguage":"nb-NO","potentialAction":[{"@type":"ReadAction","target":["https:\/\/www.top5credits.com\/no\/banklan\/"]}]},{"@type":"ImageObject","inLanguage":"nb-NO","@id":"https:\/\/www.top5credits.com\/no\/banklan\/#primaryimage","url":"https:\/\/cdn.top5credits.com\/no\/wp-content\/uploads\/sites\/4\/2020\/03\/top5credits-com.jpg?cdn=1.1.0","contentUrl":"https:\/\/cdn.top5credits.com\/no\/wp-content\/uploads\/sites\/4\/2020\/03\/top5credits-com.jpg?cdn=1.1.0","width":2000,"height":1000,"caption":"Top5Credits Norge"},{"@type":"BreadcrumbList","@id":"https:\/\/www.top5credits.com\/no\/banklan\/#breadcrumb","itemListElement":[{"@type":"ListItem","position":1,"name":"Top5Credits.com","item":"https:\/\/www.top5credits.com\/no\/"},{"@type":"ListItem","position":2,"name":"Bankl\u00e5n"}]},{"@type":"WebSite","@id":"https:\/\/www.top5credits.com\/no\/#website","url":"https:\/\/www.top5credits.com\/no\/","name":"Top5Credits.com Norge","description":"Sammenlign og finn de beste l\u00e5nene","publisher":{"@id":"https:\/\/www.top5credits.com\/no\/#organization"},"potentialAction":[{"@type":"SearchAction","target":{"@type":"EntryPoint","urlTemplate":"https:\/\/www.top5credits.com\/no\/?s={search_term_string}"},"query-input":{"@type":"PropertyValueSpecification","valueRequired":true,"valueName":"search_term_string"}}],"inLanguage":"nb-NO"},{"@type":"Organization","@id":"https:\/\/www.top5credits.com\/no\/#organization","name":"Top5Credits.com","url":"https:\/\/www.top5credits.com\/no\/","logo":{"@type":"ImageObject","inLanguage":"nb-NO","@id":"https:\/\/www.top5credits.com\/no\/#\/schema\/logo\/image\/","url":"https:\/\/cdn.top5credits.com\/no\/wp-content\/uploads\/sites\/4\/2023\/10\/t5c-favicon.png","contentUrl":"https:\/\/cdn.top5credits.com\/no\/wp-content\/uploads\/sites\/4\/2023\/10\/t5c-favicon.png","width":512,"height":512,"caption":"Top5Credits.com"},"image":{"@id":"https:\/\/www.top5credits.com\/no\/#\/schema\/logo\/image\/"},"sameAs":["https:\/\/www.facebook.com\/Top5Credits-Norge-705688976528147"]},{"@type":"Question","@id":"https:\/\/www.top5credits.com\/no\/banklan\/#faq-question-1620217342009","position":1,"url":"https:\/\/www.top5credits.com\/no\/banklan\/#faq-question-1620217342009","name":"Hvor mye jeg kan ta bankl\u00e5n?","answerCount":1,"acceptedAnswer":{"@type":"Answer","text":"Du kan sammenligne bankl\u00e5n fra 5000 til 600 000 kr.","inLanguage":"nb-NO"},"inLanguage":"nb-NO"},{"@type":"Question","@id":"https:\/\/www.top5credits.com\/no\/banklan\/#faq-question-1620217354643","position":2,"url":"https:\/\/www.top5credits.com\/no\/banklan\/#faq-question-1620217354643","name":"Hvordan utbetales l\u00e5net?","answerCount":1,"acceptedAnswer":{"@type":"Answer","text":"Et bankl\u00e5nutbetales direkte til din bankkonto og det er helt opp til deg hva du vil bruke pengene til. Du kan sammenligne bankl\u00e5n her.","inLanguage":"nb-NO"},"inLanguage":"nb-NO"},{"@type":"Question","@id":"https:\/\/www.top5credits.com\/no\/banklan\/#faq-question-1620217356124","position":3,"url":"https:\/\/www.top5credits.com\/no\/banklan\/#faq-question-1620217356124","name":"Hvem kan s\u00f8ke om et bankl\u00e5n?","answerCount":1,"acceptedAnswer":{"@type":"Answer","text":"Alle over 18 \u00e5r kan s\u00f8ke om l\u00e5n i Norge.","inLanguage":"nb-NO"},"inLanguage":"nb-NO"},{"@type":"Question","@id":"https:\/\/www.top5credits.com\/no\/banklan\/#faq-question-1620217393037","position":4,"url":"https:\/\/www.top5credits.com\/no\/banklan\/#faq-question-1620217393037","name":"Hva kan du bruke et bankl\u00e5n til?","answerCount":1,"acceptedAnswer":{"@type":"Answer","text":"- Bilkj\u00f8p<br \/>- Kj\u00f8p av b\u00e5t<br \/>- Oppussing<br \/>- Leilighetskj\u00f8p","inLanguage":"nb-NO"},"inLanguage":"nb-NO"}]}},"_links":{"self":[{"href":"https:\/\/www.top5credits.com\/no\/wp-json\/wp\/v2\/pages\/2300","targetHints":{"allow":["GET"]}}],"collection":[{"href":"https:\/\/www.top5credits.com\/no\/wp-json\/wp\/v2\/pages"}],"about":[{"href":"https:\/\/www.top5credits.com\/no\/wp-json\/wp\/v2\/types\/page"}],"author":[{"embeddable":true,"href":"https:\/\/www.top5credits.com\/no\/wp-json\/wp\/v2\/users\/19"}],"replies":[{"embeddable":true,"href":"https:\/\/www.top5credits.com\/no\/wp-json\/wp\/v2\/comments?post=2300"}],"version-history":[{"count":0,"href":"https:\/\/www.top5credits.com\/no\/wp-json\/wp\/v2\/pages\/2300\/revisions"}],"wp:featuredmedia":[{"embeddable":true,"href":"https:\/\/www.top5credits.com\/no\/wp-json\/wp\/v2\/media\/1236"}],"wp:attachment":[{"href":"https:\/\/www.top5credits.com\/no\/wp-json\/wp\/v2\/media?parent=2300"}],"curies":[{"name":"wp","href":"https:\/\/api.w.org\/{rel}","templated":true}]}}