{"id":2468,"date":"2022-02-17T07:12:55","date_gmt":"2022-02-17T07:12:55","guid":{"rendered":"https:\/\/www.top5credits.com\/no\/?page_id=2468"},"modified":"2026-03-13T11:52:26","modified_gmt":"2026-03-13T10:52:26","slug":"cookies","status":"publish","type":"page","link":"https:\/\/www.top5credits.com\/no\/cookies\/","title":{"rendered":"Cookies"},"content":{"rendered":"\n<h2 class=\"wp-block-heading\">Top5Credits.com og informasjonskapsler<\/h2>\n\n\n\n<div class=\"wp-block-group\"><div class=\"wp-block-group__inner-container is-layout-constrained wp-block-group-is-layout-constrained\">\n<div class=\"wp-block-buttons is-layout-flex wp-block-buttons-is-layout-flex\">\n  <div class=\"wp-block-button cta-nappi\">\n    <a class=\"wp-block-button__link wp-element-button\" id=\"settings-page-button\">Innstillinger<\/a>\n  <\/div>\n<\/div>\n<\/div><\/div>\n\n\n\n<p>Top5Credits.com bruker informasjonskapsler, men lagrer ingen opplysninger om deg eller opplysninger som kan kobles til deg i disse informasjonskapslene. Vi kan dermed p\u00e5 ingen m\u00e5te lagre annen informasjon om deg gjennom informasjonskapslene, enn innstillingene du har valgt.<\/p>\n\n\n\n<h2 class=\"wp-block-heading\">Hva er informasjonskapsler?<\/h2>\n\n\n\n<p>En informasjonskapsel er en liten tekstfil med informasjon som lagres p\u00e5 datamaskinen din. Informasjonskapsler brukes til rent tekniske form\u00e5l for \u00e5 f\u00e5 nettstedet til \u00e5 fungere som \u00f8nsket, f.eks. til navigering og h\u00e5ndtering av skjemaer.<\/p>\n\n\n\n<h2 class=\"wp-block-heading\">To typer informasjonskapsler<\/h2>\n\n\n\n<p>De finnes to typer informasjonskapsler: faste informasjonskapsler og midlertidige informasjonskapsler (sesjonsavhengige informasjonskapsler). Definisjonen av en fast informasjonskapsel er at den lagres p\u00e5 datamaskinen til den bes\u00f8kende i en bestemt periode, mens en midlertidig informasjonskapsel kun lagres til du lukker nettleseren.<\/p>\n\n\n\n<h4 class=\"wp-block-heading\">Faste informasjonskapsler<\/h4>\n\n\n\n<p>Faste informasjonskapsler brukes f.eks. til \u00e5 tilpasse et nettsted etter dine preferanser. Disse informasjonskapslene s\u00f8rger for at nettstedet husker preferansene dine neste gang du bes\u00f8ker det.<\/p>\n\n\n\n<h4 class=\"wp-block-heading\">Midlertidige informasjonskapsler (sesjonsavhengige informasjonskapsler)<\/h4>\n\n\n\n<p>Sesjonsavhengige informasjonskapsler brukes f.eks. til \u00e5 h\u00e5ndtere innloggingsinformasjon, navigering mellom sider, handlekurver osv.<\/p>\n\n\n\n<h2 class=\"wp-block-heading\">Hvilke informasjonskapsler vi bruker<\/h2>\n\n\n\n<h4 class=\"wp-block-heading\">N\u00f8dvendige informasjonskapsler:<\/h4>\n\n\n\n<p><strong>Interne:<\/strong>&nbsp;Disse informasjonskapslene er avgj\u00f8rende for \u00e5 muliggj\u00f8re kjernefunksjonene p\u00e5 nettstedet v\u00e5rt. De ivaretar sikkerhet, personvern og en konsekvent brukeropplevelse ved \u00e5 opprettholde sesjonsintegritet, autentiseringsstatus og brukerinnstillinger. N\u00f8dvendige informasjonskapsler samler ikke inn personopplysninger utover det som kreves for bruk av nettstedet, og sporer ikke brukernes aktivitet p\u00e5 internett. Dette inkluderer informasjonskapsler som administrerer brukersesjoner, sikkerhetsfunksjoner og s\u00f8rger for at innstillinger i brukergrensesnittet (som spr\u00e5k- eller stedspreferanser) blir husket mellom sesjoner.<\/p>\n\n\n\n<h4 class=\"wp-block-heading\">Vi bruker f\u00f8lgende tredjeparts informasjonskapsler:<\/h4>\n\n\n\n<ul class=\"wp-block-list\">\n<li><strong>Google Analytics<\/strong>\u00a0\u2013 brukes til \u00e5 analysere og kvantifisere brukeratferd<\/li>\n\n\n\n<li><strong>Microsoft Clarity<\/strong>\u00a0\u2013 brukes til \u00e5 analysere brukeratferd<\/li>\n\n\n\n<li><strong>ABlyft<\/strong>\u00a0\u2013 brukes til \u00e5 analysere og teste ikke-personlig identifiserbar brukeratferd<\/li>\n\n\n\n<li><strong>Google\u00a0<\/strong>\u2013 brukes for annonsem\u00e5lretting\/retargeting.\u00a0<a href=\"https:\/\/business.safety.google\/privacy\/\">Her kan du lese mer<\/a><\/li>\n\n\n\n<li><strong>Facebook\u00a0<\/strong>\u2013 brukes for annonsem\u00e5lretting\/retargeting<\/li>\n\n\n\n<li><strong>Tiktok\u00a0<\/strong>\u2013 brukes for annonsem\u00e5lretting\/retargeting<\/li>\n<\/ul>\n\n\n\n<h2 class=\"wp-block-heading\">Innstillinger<\/h2>\n\n\n\n<p>I nettleseren din kan du endre innstillingene slik at du alltid blir spurt om hvorvidt du vil tillate informasjonskapsler n\u00e5r du bes\u00f8ker et nettsted.<\/p>\n\n\n\n<p>Internet Explorer: Verkt\u00f8y \u2013 Alternativer for internett \u2013 Personvern \u2013 Avansert<\/p>\n\n\n\n<p>Chrome: Innstillinger \u2013 Vis avanserte innstillinger \u2013 Innholdsinnstillinger<\/p>\n\n\n\n<p>Mozilla Firefox: Verkt\u00f8y \u2013 Innstillinger \u2013 [Personvern og sikkerhet]<\/p>\n\n\n\n<p>Les mer om informasjonskapsler p\u00e5 nettstedet til Nasjonal kommunikasjonsmyndighet (Nkom).<\/p>\n","protected":false},"excerpt":{"rendered":"<p>Top5Credits.com og informasjonskapsler Innstillinger Top5Credits.com bruker informasjonskapsler, men lagrer ingen opplysninger om deg eller opplysninger som kan kobles til deg i disse informasjonskapslene. Vi kan<\/p>\n<p class=\"more-link\">Fortsett \u00e5 lese <span class=\"screen-reader-text\">Cookies<\/span><\/p>\n","protected":false},"author":2,"featured_media":0,"parent":0,"menu_order":0,"comment_status":"closed","ping_status":"closed","template":"","meta":{"footnotes":""},"class_list":["post-2468","page","type-page","status-publish","hentry","entry"],"yoast_head":"<!-- This site is optimized with the Yoast SEO plugin v27.3 - https:\/\/yoast.com\/product\/yoast-seo-wordpress\/ -->\n<title>Cookies - Top5Credits.com<\/title>\n<meta name=\"robots\" content=\"noindex, follow\" \/>\n<meta property=\"og:locale\" content=\"nb_NO\" \/>\n<meta property=\"og:type\" content=\"article\" \/>\n<meta property=\"og:title\" content=\"Cookies - Top5Credits.com\" \/>\n<meta property=\"og:description\" content=\"Top5Credits.com og informasjonskapsler Innstillinger Top5Credits.com bruker informasjonskapsler, men lagrer ingen opplysninger om deg eller opplysninger som kan kobles til deg i disse informasjonskapslene. Vi kanFortsett \u00e5 lese Cookies\" \/>\n<meta property=\"og:url\" content=\"https:\/\/www.top5credits.com\/no\/cookies\/\" \/>\n<meta property=\"og:site_name\" content=\"Top5Credits.com Norge\" \/>\n<meta property=\"article:publisher\" content=\"https:\/\/www.facebook.com\/Top5Credits-Norge-705688976528147\" \/>\n<meta property=\"article:modified_time\" content=\"2026-03-13T10:52:26+00:00\" \/>\n<meta property=\"og:image\" content=\"https:\/\/cdn.top5credits.com\/no\/wp-content\/uploads\/sites\/4\/2023\/11\/top5credits-com-ogimage.png?cdn=1.1.0\" \/>\n\t<meta property=\"og:image:width\" content=\"1200\" \/>\n\t<meta property=\"og:image:height\" content=\"630\" \/>\n\t<meta property=\"og:image:type\" content=\"image\/png\" \/>\n<meta name=\"twitter:card\" content=\"summary_large_image\" \/>\n<meta name=\"twitter:label1\" content=\"Ansl. lesetid\" \/>\n\t<meta name=\"twitter:data1\" content=\"2 minutter\" \/>\n<script type=\"application\/ld+json\" class=\"yoast-schema-graph\">{\"@context\":\"https:\\\/\\\/schema.org\",\"@graph\":[{\"@type\":\"WebPage\",\"@id\":\"https:\\\/\\\/www.top5credits.com\\\/no\\\/cookies\\\/\",\"url\":\"https:\\\/\\\/www.top5credits.com\\\/no\\\/cookies\\\/\",\"name\":\"Cookies - Top5Credits.com\",\"isPartOf\":{\"@id\":\"https:\\\/\\\/www.top5credits.com\\\/no\\\/#website\"},\"datePublished\":\"2022-02-17T07:12:55+00:00\",\"dateModified\":\"2026-03-13T10:52:26+00:00\",\"breadcrumb\":{\"@id\":\"https:\\\/\\\/www.top5credits.com\\\/no\\\/cookies\\\/#breadcrumb\"},\"inLanguage\":\"nb-NO\",\"potentialAction\":[{\"@type\":\"ReadAction\",\"target\":[\"https:\\\/\\\/www.top5credits.com\\\/no\\\/cookies\\\/\"]}]},{\"@type\":\"BreadcrumbList\",\"@id\":\"https:\\\/\\\/www.top5credits.com\\\/no\\\/cookies\\\/#breadcrumb\",\"itemListElement\":[{\"@type\":\"ListItem\",\"position\":1,\"name\":\"Top5Credits.com\",\"item\":\"https:\\\/\\\/www.top5credits.com\\\/no\\\/\"},{\"@type\":\"ListItem\",\"position\":2,\"name\":\"Cookies\"}]},{\"@type\":\"WebSite\",\"@id\":\"https:\\\/\\\/www.top5credits.com\\\/no\\\/#website\",\"url\":\"https:\\\/\\\/www.top5credits.com\\\/no\\\/\",\"name\":\"Top5Credits.com Norge\",\"description\":\"Sammenlign og finn de beste l\u00e5nene\",\"publisher\":{\"@id\":\"https:\\\/\\\/www.top5credits.com\\\/no\\\/#organization\"},\"potentialAction\":[{\"@type\":\"SearchAction\",\"target\":{\"@type\":\"EntryPoint\",\"urlTemplate\":\"https:\\\/\\\/www.top5credits.com\\\/no\\\/?s={search_term_string}\"},\"query-input\":{\"@type\":\"PropertyValueSpecification\",\"valueRequired\":true,\"valueName\":\"search_term_string\"}}],\"inLanguage\":\"nb-NO\"},{\"@type\":\"Organization\",\"@id\":\"https:\\\/\\\/www.top5credits.com\\\/no\\\/#organization\",\"name\":\"Top5Credits.com\",\"url\":\"https:\\\/\\\/www.top5credits.com\\\/no\\\/\",\"logo\":{\"@type\":\"ImageObject\",\"inLanguage\":\"nb-NO\",\"@id\":\"https:\\\/\\\/www.top5credits.com\\\/no\\\/#\\\/schema\\\/logo\\\/image\\\/\",\"url\":\"https:\\\/\\\/cdn.top5credits.com\\\/no\\\/wp-content\\\/uploads\\\/sites\\\/4\\\/2023\\\/10\\\/t5c-favicon.png\",\"contentUrl\":\"https:\\\/\\\/cdn.top5credits.com\\\/no\\\/wp-content\\\/uploads\\\/sites\\\/4\\\/2023\\\/10\\\/t5c-favicon.png\",\"width\":512,\"height\":512,\"caption\":\"Top5Credits.com\"},\"image\":{\"@id\":\"https:\\\/\\\/www.top5credits.com\\\/no\\\/#\\\/schema\\\/logo\\\/image\\\/\"},\"sameAs\":[\"https:\\\/\\\/www.facebook.com\\\/Top5Credits-Norge-705688976528147\"]}]}<\/script>\n<!-- \/ Yoast SEO plugin. -->","yoast_head_json":{"title":"Cookies - Top5Credits.com","robots":{"index":"noindex","follow":"follow"},"og_locale":"nb_NO","og_type":"article","og_title":"Cookies - Top5Credits.com","og_description":"Top5Credits.com og informasjonskapsler Innstillinger Top5Credits.com bruker informasjonskapsler, men lagrer ingen opplysninger om deg eller opplysninger som kan kobles til deg i disse informasjonskapslene. Vi kanFortsett \u00e5 lese Cookies","og_url":"https:\/\/www.top5credits.com\/no\/cookies\/","og_site_name":"Top5Credits.com Norge","article_publisher":"https:\/\/www.facebook.com\/Top5Credits-Norge-705688976528147","article_modified_time":"2026-03-13T10:52:26+00:00","og_image":[{"width":1200,"height":630,"url":"https:\/\/cdn.top5credits.com\/no\/wp-content\/uploads\/sites\/4\/2023\/11\/top5credits-com-ogimage.png?cdn=1.1.0","type":"image\/png"}],"twitter_card":"summary_large_image","twitter_misc":{"Ansl. lesetid":"2 minutter"},"schema":{"@context":"https:\/\/schema.org","@graph":[{"@type":"WebPage","@id":"https:\/\/www.top5credits.com\/no\/cookies\/","url":"https:\/\/www.top5credits.com\/no\/cookies\/","name":"Cookies - Top5Credits.com","isPartOf":{"@id":"https:\/\/www.top5credits.com\/no\/#website"},"datePublished":"2022-02-17T07:12:55+00:00","dateModified":"2026-03-13T10:52:26+00:00","breadcrumb":{"@id":"https:\/\/www.top5credits.com\/no\/cookies\/#breadcrumb"},"inLanguage":"nb-NO","potentialAction":[{"@type":"ReadAction","target":["https:\/\/www.top5credits.com\/no\/cookies\/"]}]},{"@type":"BreadcrumbList","@id":"https:\/\/www.top5credits.com\/no\/cookies\/#breadcrumb","itemListElement":[{"@type":"ListItem","position":1,"name":"Top5Credits.com","item":"https:\/\/www.top5credits.com\/no\/"},{"@type":"ListItem","position":2,"name":"Cookies"}]},{"@type":"WebSite","@id":"https:\/\/www.top5credits.com\/no\/#website","url":"https:\/\/www.top5credits.com\/no\/","name":"Top5Credits.com Norge","description":"Sammenlign og finn de beste l\u00e5nene","publisher":{"@id":"https:\/\/www.top5credits.com\/no\/#organization"},"potentialAction":[{"@type":"SearchAction","target":{"@type":"EntryPoint","urlTemplate":"https:\/\/www.top5credits.com\/no\/?s={search_term_string}"},"query-input":{"@type":"PropertyValueSpecification","valueRequired":true,"valueName":"search_term_string"}}],"inLanguage":"nb-NO"},{"@type":"Organization","@id":"https:\/\/www.top5credits.com\/no\/#organization","name":"Top5Credits.com","url":"https:\/\/www.top5credits.com\/no\/","logo":{"@type":"ImageObject","inLanguage":"nb-NO","@id":"https:\/\/www.top5credits.com\/no\/#\/schema\/logo\/image\/","url":"https:\/\/cdn.top5credits.com\/no\/wp-content\/uploads\/sites\/4\/2023\/10\/t5c-favicon.png","contentUrl":"https:\/\/cdn.top5credits.com\/no\/wp-content\/uploads\/sites\/4\/2023\/10\/t5c-favicon.png","width":512,"height":512,"caption":"Top5Credits.com"},"image":{"@id":"https:\/\/www.top5credits.com\/no\/#\/schema\/logo\/image\/"},"sameAs":["https:\/\/www.facebook.com\/Top5Credits-Norge-705688976528147"]}]}},"_links":{"self":[{"href":"https:\/\/www.top5credits.com\/no\/wp-json\/wp\/v2\/pages\/2468","targetHints":{"allow":["GET"]}}],"collection":[{"href":"https:\/\/www.top5credits.com\/no\/wp-json\/wp\/v2\/pages"}],"about":[{"href":"https:\/\/www.top5credits.com\/no\/wp-json\/wp\/v2\/types\/page"}],"author":[{"embeddable":true,"href":"https:\/\/www.top5credits.com\/no\/wp-json\/wp\/v2\/users\/2"}],"replies":[{"embeddable":true,"href":"https:\/\/www.top5credits.com\/no\/wp-json\/wp\/v2\/comments?post=2468"}],"version-history":[{"count":1,"href":"https:\/\/www.top5credits.com\/no\/wp-json\/wp\/v2\/pages\/2468\/revisions"}],"predecessor-version":[{"id":5584,"href":"https:\/\/www.top5credits.com\/no\/wp-json\/wp\/v2\/pages\/2468\/revisions\/5584"}],"wp:attachment":[{"href":"https:\/\/www.top5credits.com\/no\/wp-json\/wp\/v2\/media?parent=2468"}],"curies":[{"name":"wp","href":"https:\/\/api.w.org\/{rel}","templated":true}]}}