{"id":30,"date":"2019-04-23T09:44:38","date_gmt":"2019-04-23T09:44:38","guid":{"rendered":"https:\/\/www.top5credits.com\/no\/?page_id=30"},"modified":"2023-10-06T12:36:21","modified_gmt":"2023-10-06T10:36:21","slug":"om-oss","status":"publish","type":"page","link":"https:\/\/www.top5credits.com\/no\/om-oss\/","title":{"rendered":"Om oss"},"content":{"rendered":"\n<h1 class=\"wp-block-heading\">Om oss<\/h1>\n\n\n\n<figure class=\"wp-block-image size-full is-resized\"><img decoding=\"async\" src=\"https:\/\/www.top5credits.com\/no\/wp-content\/uploads\/sites\/4\/2023\/10\/top5credits-com-logo.png\" alt=\"top5credits\" class=\"wp-image-4820\" style=\"width:200px\" width=\"200\"\/><\/figure>\n\n\n\n<p>Top5Credits.com er utviklet for \u00e5 hjelpe folk med \u00e5 velge finansieringsprodukter ved hjelp av data og \u00e6rlige omtaler. Teknologien v\u00e5r matcher forbrukeren med de mest egnede finansieringsproduktene basert p\u00e5 forbrukerens profil og v\u00e5re data.<\/p>\n\n\n\n<p>Top5Credits.com eies og drives av det finske resultatbaserte markedsf\u00f8ringsbyr\u00e5et <a href=\"https:\/\/draivi.com\/\">Draivi<\/a>, som siden 2012 har hjulpet over 1 million forbrukere med \u00e5 sammenligne banker og l\u00e5ngivere i Finland, Sverige, Norge, Danmark, Spania, Tyskland og Polen. Vi bruker data, analyser og markedsf\u00f8ringsteknologier effektivt i l\u00f8sningene v\u00e5re.<\/p>\n\n\n\n<p>Vi deler gjerne innsikt og data med journalister eller andre som er interessert i l\u00e5nemarkedet for forbrukere, med:<\/p>\n\n\n\n<ul class=\"wp-block-list\">\n<li>Inng\u00e5ende kunnskap om forbruksl\u00e5n og l\u00e5neprodukter<\/li>\n\n\n\n<li>Anonymiserte data om vanlige kundeprofiler for ulike l\u00e5neprodukter<\/li>\n\n\n\n<li>Data om forskjeller mellom markedene vi befinner oss i (f.eks. Finland, Sverige, Norge, Danmark og Spania)<\/li>\n\n\n\n<li>Data om sesongvariasjoner mellom ulike m\u00e5neder eller \u00e5rstider<\/li>\n\n\n\n<li>Data og kommentarer om markedsutvikling p\u00e5 forbruksl\u00e5n<\/li>\n<\/ul>\n\n\n\n<p>Interessert i \u00e5 jobbe med oss? G\u00e5 til <a href=\"https:\/\/www.top5credits.com\/partners\/\">partnersiden<\/a> eller ta en titt p\u00e5 v\u00e5re <a href=\"https:\/\/www.top5credits.com\/jobs\/\">ledige stillinger<\/a>.<\/p>\n\n\n\n<p><strong>Kontakt:<\/strong><\/p>\n\n\n\n<figure class=\"wp-block-image size-large is-resized kuvateksti-oikea\"><img loading=\"lazy\" decoding=\"async\" src=\"https:\/\/cdn.top5credits.com\/no\/wp-content\/uploads\/sites\/4\/2021\/03\/oula.jpg?cdn=1.1.0\" alt=\"Draivimedia Co-Founder\" class=\"wp-image-2158\" style=\"width:197px;height:295px\" width=\"197\" height=\"295\" srcset=\"https:\/\/cdn.top5credits.com\/no\/wp-content\/uploads\/sites\/4\/2021\/03\/oula.jpg?cdn=1.1.0 262w, https:\/\/cdn.top5credits.com\/no\/wp-content\/uploads\/sites\/4\/2021\/03\/oula-200x300.jpg?cdn=1.1.0 200w\" sizes=\"auto, (max-width: 197px) 100vw, 197px\" \/><figcaption class=\"wp-element-caption\"><em>Oula Lehtinen<\/em><br><em>Co-Founder<\/em><br><em>oula@draivimedia.fi<\/em><\/figcaption><\/figure>\n","protected":false},"excerpt":{"rendered":"<p>Om oss Top5Credits.com er utviklet for \u00e5 hjelpe folk med \u00e5 velge finansieringsprodukter ved hjelp av data og \u00e6rlige omtaler. Teknologien v\u00e5r matcher forbrukeren med<\/p>\n<p class=\"more-link\">Fortsett \u00e5 lese <span class=\"screen-reader-text\">Om oss<\/span><\/p>\n","protected":false},"author":2,"featured_media":20,"parent":0,"menu_order":0,"comment_status":"closed","ping_status":"closed","template":"","meta":{"footnotes":""},"class_list":["post-30","page","type-page","status-publish","has-post-thumbnail","hentry","entry"],"yoast_head":"<!-- This site is optimized with the Yoast SEO plugin v27.3 - https:\/\/yoast.com\/product\/yoast-seo-wordpress\/ -->\n<title>Om oss - Top5Credits.com<\/title>\n<meta name=\"description\" content=\"Top5Credits sammenligner l\u00e5n basert p\u00e5 ekte anmeldelser.\" \/>\n<meta name=\"robots\" content=\"index, follow, max-snippet:-1, max-image-preview:large, max-video-preview:-1\" \/>\n<link rel=\"canonical\" href=\"https:\/\/www.top5credits.com\/no\/om-oss\/\" \/>\n<meta property=\"og:locale\" content=\"nb_NO\" \/>\n<meta property=\"og:type\" content=\"article\" \/>\n<meta property=\"og:title\" content=\"Om oss - Top5Credits.com\" \/>\n<meta property=\"og:description\" content=\"Top5Credits sammenligner l\u00e5n basert p\u00e5 ekte anmeldelser.\" \/>\n<meta property=\"og:url\" content=\"https:\/\/www.top5credits.com\/no\/om-oss\/\" \/>\n<meta property=\"og:site_name\" content=\"Top5Credits.com Norge\" \/>\n<meta property=\"article:publisher\" content=\"https:\/\/www.facebook.com\/Top5Credits-Norge-705688976528147\" \/>\n<meta property=\"article:modified_time\" content=\"2023-10-06T10:36:21+00:00\" \/>\n<meta property=\"og:image\" content=\"https:\/\/cdn.top5credits.com\/no\/wp-content\/uploads\/sites\/4\/2019\/06\/top5-og.jpg?cdn=1.1.0\" \/>\n\t<meta property=\"og:image:width\" content=\"1200\" \/>\n\t<meta property=\"og:image:height\" content=\"630\" \/>\n\t<meta property=\"og:image:type\" content=\"image\/jpeg\" \/>\n<meta name=\"twitter:card\" content=\"summary_large_image\" \/>\n<meta name=\"twitter:label1\" content=\"Ansl. lesetid\" \/>\n\t<meta name=\"twitter:data1\" content=\"2 minutter\" \/>\n<script type=\"application\/ld+json\" class=\"yoast-schema-graph\">{\"@context\":\"https:\\\/\\\/schema.org\",\"@graph\":[{\"@type\":\"Article\",\"@id\":\"https:\\\/\\\/www.top5credits.com\\\/no\\\/om-oss\\\/#article\",\"isPartOf\":{\"@id\":\"https:\\\/\\\/www.top5credits.com\\\/no\\\/om-oss\\\/\"},\"author\":{\"name\":\"kalle\",\"@id\":\"https:\\\/\\\/www.top5credits.com\\\/no\\\/#\\\/schema\\\/person\\\/e43112587142502acf4712d6f5428ba7\"},\"headline\":\"Om oss\",\"datePublished\":\"2019-04-23T09:44:38+00:00\",\"dateModified\":\"2023-10-06T10:36:21+00:00\",\"mainEntityOfPage\":{\"@id\":\"https:\\\/\\\/www.top5credits.com\\\/no\\\/om-oss\\\/\"},\"wordCount\":184,\"publisher\":{\"@id\":\"https:\\\/\\\/www.top5credits.com\\\/no\\\/#organization\"},\"image\":{\"@id\":\"https:\\\/\\\/www.top5credits.com\\\/no\\\/om-oss\\\/#primaryimage\"},\"thumbnailUrl\":\"https:\\\/\\\/www.top5credits.com\\\/no\\\/wp-content\\\/uploads\\\/sites\\\/4\\\/2019\\\/03\\\/varjoreuna-5.png\",\"inLanguage\":\"nb-NO\"},{\"@type\":[\"WebPage\",\"AboutPage\"],\"@id\":\"https:\\\/\\\/www.top5credits.com\\\/no\\\/om-oss\\\/\",\"url\":\"https:\\\/\\\/www.top5credits.com\\\/no\\\/om-oss\\\/\",\"name\":\"Om oss - Top5Credits.com\",\"isPartOf\":{\"@id\":\"https:\\\/\\\/www.top5credits.com\\\/no\\\/#website\"},\"primaryImageOfPage\":{\"@id\":\"https:\\\/\\\/www.top5credits.com\\\/no\\\/om-oss\\\/#primaryimage\"},\"image\":{\"@id\":\"https:\\\/\\\/www.top5credits.com\\\/no\\\/om-oss\\\/#primaryimage\"},\"thumbnailUrl\":\"https:\\\/\\\/www.top5credits.com\\\/no\\\/wp-content\\\/uploads\\\/sites\\\/4\\\/2019\\\/03\\\/varjoreuna-5.png\",\"datePublished\":\"2019-04-23T09:44:38+00:00\",\"dateModified\":\"2023-10-06T10:36:21+00:00\",\"description\":\"Top5Credits sammenligner l\u00e5n basert p\u00e5 ekte anmeldelser.\",\"breadcrumb\":{\"@id\":\"https:\\\/\\\/www.top5credits.com\\\/no\\\/om-oss\\\/#breadcrumb\"},\"inLanguage\":\"nb-NO\",\"potentialAction\":[{\"@type\":\"ReadAction\",\"target\":[\"https:\\\/\\\/www.top5credits.com\\\/no\\\/om-oss\\\/\"]}]},{\"@type\":\"ImageObject\",\"inLanguage\":\"nb-NO\",\"@id\":\"https:\\\/\\\/www.top5credits.com\\\/no\\\/om-oss\\\/#primaryimage\",\"url\":\"https:\\\/\\\/www.top5credits.com\\\/no\\\/wp-content\\\/uploads\\\/sites\\\/4\\\/2019\\\/03\\\/varjoreuna-5.png\",\"contentUrl\":\"https:\\\/\\\/www.top5credits.com\\\/no\\\/wp-content\\\/uploads\\\/sites\\\/4\\\/2019\\\/03\\\/varjoreuna-5.png\",\"width\":2000,\"height\":756},{\"@type\":\"BreadcrumbList\",\"@id\":\"https:\\\/\\\/www.top5credits.com\\\/no\\\/om-oss\\\/#breadcrumb\",\"itemListElement\":[{\"@type\":\"ListItem\",\"position\":1,\"name\":\"Top5Credits.com\",\"item\":\"https:\\\/\\\/www.top5credits.com\\\/no\\\/\"},{\"@type\":\"ListItem\",\"position\":2,\"name\":\"Om oss\"}]},{\"@type\":\"WebSite\",\"@id\":\"https:\\\/\\\/www.top5credits.com\\\/no\\\/#website\",\"url\":\"https:\\\/\\\/www.top5credits.com\\\/no\\\/\",\"name\":\"Top5Credits.com Norge\",\"description\":\"Sammenlign og finn de beste l\u00e5nene\",\"publisher\":{\"@id\":\"https:\\\/\\\/www.top5credits.com\\\/no\\\/#organization\"},\"potentialAction\":[{\"@type\":\"SearchAction\",\"target\":{\"@type\":\"EntryPoint\",\"urlTemplate\":\"https:\\\/\\\/www.top5credits.com\\\/no\\\/?s={search_term_string}\"},\"query-input\":{\"@type\":\"PropertyValueSpecification\",\"valueRequired\":true,\"valueName\":\"search_term_string\"}}],\"inLanguage\":\"nb-NO\"},{\"@type\":\"Organization\",\"@id\":\"https:\\\/\\\/www.top5credits.com\\\/no\\\/#organization\",\"name\":\"Top5Credits.com\",\"url\":\"https:\\\/\\\/www.top5credits.com\\\/no\\\/\",\"logo\":{\"@type\":\"ImageObject\",\"inLanguage\":\"nb-NO\",\"@id\":\"https:\\\/\\\/www.top5credits.com\\\/no\\\/#\\\/schema\\\/logo\\\/image\\\/\",\"url\":\"https:\\\/\\\/cdn.top5credits.com\\\/no\\\/wp-content\\\/uploads\\\/sites\\\/4\\\/2023\\\/10\\\/t5c-favicon.png\",\"contentUrl\":\"https:\\\/\\\/cdn.top5credits.com\\\/no\\\/wp-content\\\/uploads\\\/sites\\\/4\\\/2023\\\/10\\\/t5c-favicon.png\",\"width\":512,\"height\":512,\"caption\":\"Top5Credits.com\"},\"image\":{\"@id\":\"https:\\\/\\\/www.top5credits.com\\\/no\\\/#\\\/schema\\\/logo\\\/image\\\/\"},\"sameAs\":[\"https:\\\/\\\/www.facebook.com\\\/Top5Credits-Norge-705688976528147\"]},{\"@type\":\"Person\",\"@id\":\"https:\\\/\\\/www.top5credits.com\\\/no\\\/#\\\/schema\\\/person\\\/e43112587142502acf4712d6f5428ba7\",\"name\":\"kalle\",\"url\":\"https:\\\/\\\/www.top5credits.com\\\/no\\\/author\\\/kalle\\\/\"}]}<\/script>\n<!-- \/ Yoast SEO plugin. -->","yoast_head_json":{"title":"Om oss - Top5Credits.com","description":"Top5Credits sammenligner l\u00e5n basert p\u00e5 ekte anmeldelser.","robots":{"index":"index","follow":"follow","max-snippet":"max-snippet:-1","max-image-preview":"max-image-preview:large","max-video-preview":"max-video-preview:-1"},"canonical":"https:\/\/www.top5credits.com\/no\/om-oss\/","og_locale":"nb_NO","og_type":"article","og_title":"Om oss - Top5Credits.com","og_description":"Top5Credits sammenligner l\u00e5n basert p\u00e5 ekte anmeldelser.","og_url":"https:\/\/www.top5credits.com\/no\/om-oss\/","og_site_name":"Top5Credits.com Norge","article_publisher":"https:\/\/www.facebook.com\/Top5Credits-Norge-705688976528147","article_modified_time":"2023-10-06T10:36:21+00:00","og_image":[{"width":1200,"height":630,"url":"https:\/\/cdn.top5credits.com\/no\/wp-content\/uploads\/sites\/4\/2019\/06\/top5-og.jpg?cdn=1.1.0","type":"image\/jpeg"}],"twitter_card":"summary_large_image","twitter_misc":{"Ansl. lesetid":"2 minutter"},"schema":{"@context":"https:\/\/schema.org","@graph":[{"@type":"Article","@id":"https:\/\/www.top5credits.com\/no\/om-oss\/#article","isPartOf":{"@id":"https:\/\/www.top5credits.com\/no\/om-oss\/"},"author":{"name":"kalle","@id":"https:\/\/www.top5credits.com\/no\/#\/schema\/person\/e43112587142502acf4712d6f5428ba7"},"headline":"Om oss","datePublished":"2019-04-23T09:44:38+00:00","dateModified":"2023-10-06T10:36:21+00:00","mainEntityOfPage":{"@id":"https:\/\/www.top5credits.com\/no\/om-oss\/"},"wordCount":184,"publisher":{"@id":"https:\/\/www.top5credits.com\/no\/#organization"},"image":{"@id":"https:\/\/www.top5credits.com\/no\/om-oss\/#primaryimage"},"thumbnailUrl":"https:\/\/cdn.top5credits.com\/no\/wp-content\/uploads\/sites\/4\/2019\/03\/varjoreuna-5.png?cdn=1.1.0","inLanguage":"nb-NO"},{"@type":["WebPage","AboutPage"],"@id":"https:\/\/www.top5credits.com\/no\/om-oss\/","url":"https:\/\/www.top5credits.com\/no\/om-oss\/","name":"Om oss - Top5Credits.com","isPartOf":{"@id":"https:\/\/www.top5credits.com\/no\/#website"},"primaryImageOfPage":{"@id":"https:\/\/www.top5credits.com\/no\/om-oss\/#primaryimage"},"image":{"@id":"https:\/\/www.top5credits.com\/no\/om-oss\/#primaryimage"},"thumbnailUrl":"https:\/\/cdn.top5credits.com\/no\/wp-content\/uploads\/sites\/4\/2019\/03\/varjoreuna-5.png?cdn=1.1.0","datePublished":"2019-04-23T09:44:38+00:00","dateModified":"2023-10-06T10:36:21+00:00","description":"Top5Credits sammenligner l\u00e5n basert p\u00e5 ekte anmeldelser.","breadcrumb":{"@id":"https:\/\/www.top5credits.com\/no\/om-oss\/#breadcrumb"},"inLanguage":"nb-NO","potentialAction":[{"@type":"ReadAction","target":["https:\/\/www.top5credits.com\/no\/om-oss\/"]}]},{"@type":"ImageObject","inLanguage":"nb-NO","@id":"https:\/\/www.top5credits.com\/no\/om-oss\/#primaryimage","url":"https:\/\/cdn.top5credits.com\/no\/wp-content\/uploads\/sites\/4\/2019\/03\/varjoreuna-5.png?cdn=1.1.0","contentUrl":"https:\/\/cdn.top5credits.com\/no\/wp-content\/uploads\/sites\/4\/2019\/03\/varjoreuna-5.png?cdn=1.1.0","width":2000,"height":756},{"@type":"BreadcrumbList","@id":"https:\/\/www.top5credits.com\/no\/om-oss\/#breadcrumb","itemListElement":[{"@type":"ListItem","position":1,"name":"Top5Credits.com","item":"https:\/\/www.top5credits.com\/no\/"},{"@type":"ListItem","position":2,"name":"Om oss"}]},{"@type":"WebSite","@id":"https:\/\/www.top5credits.com\/no\/#website","url":"https:\/\/www.top5credits.com\/no\/","name":"Top5Credits.com Norge","description":"Sammenlign og finn de beste l\u00e5nene","publisher":{"@id":"https:\/\/www.top5credits.com\/no\/#organization"},"potentialAction":[{"@type":"SearchAction","target":{"@type":"EntryPoint","urlTemplate":"https:\/\/www.top5credits.com\/no\/?s={search_term_string}"},"query-input":{"@type":"PropertyValueSpecification","valueRequired":true,"valueName":"search_term_string"}}],"inLanguage":"nb-NO"},{"@type":"Organization","@id":"https:\/\/www.top5credits.com\/no\/#organization","name":"Top5Credits.com","url":"https:\/\/www.top5credits.com\/no\/","logo":{"@type":"ImageObject","inLanguage":"nb-NO","@id":"https:\/\/www.top5credits.com\/no\/#\/schema\/logo\/image\/","url":"https:\/\/cdn.top5credits.com\/no\/wp-content\/uploads\/sites\/4\/2023\/10\/t5c-favicon.png","contentUrl":"https:\/\/cdn.top5credits.com\/no\/wp-content\/uploads\/sites\/4\/2023\/10\/t5c-favicon.png","width":512,"height":512,"caption":"Top5Credits.com"},"image":{"@id":"https:\/\/www.top5credits.com\/no\/#\/schema\/logo\/image\/"},"sameAs":["https:\/\/www.facebook.com\/Top5Credits-Norge-705688976528147"]},{"@type":"Person","@id":"https:\/\/www.top5credits.com\/no\/#\/schema\/person\/e43112587142502acf4712d6f5428ba7","name":"kalle","url":"https:\/\/www.top5credits.com\/no\/author\/kalle\/"}]}},"_links":{"self":[{"href":"https:\/\/www.top5credits.com\/no\/wp-json\/wp\/v2\/pages\/30","targetHints":{"allow":["GET"]}}],"collection":[{"href":"https:\/\/www.top5credits.com\/no\/wp-json\/wp\/v2\/pages"}],"about":[{"href":"https:\/\/www.top5credits.com\/no\/wp-json\/wp\/v2\/types\/page"}],"author":[{"embeddable":true,"href":"https:\/\/www.top5credits.com\/no\/wp-json\/wp\/v2\/users\/2"}],"replies":[{"embeddable":true,"href":"https:\/\/www.top5credits.com\/no\/wp-json\/wp\/v2\/comments?post=30"}],"version-history":[{"count":0,"href":"https:\/\/www.top5credits.com\/no\/wp-json\/wp\/v2\/pages\/30\/revisions"}],"wp:featuredmedia":[{"embeddable":true,"href":"https:\/\/www.top5credits.com\/no\/wp-json\/wp\/v2\/media\/20"}],"wp:attachment":[{"href":"https:\/\/www.top5credits.com\/no\/wp-json\/wp\/v2\/media?parent=30"}],"curies":[{"name":"wp","href":"https:\/\/api.w.org\/{rel}","templated":true}]}}