{"id":38,"date":"2019-04-24T12:15:44","date_gmt":"2019-04-24T12:15:44","guid":{"rendered":"https:\/\/www.top5credits.com\/no\/?page_id=38"},"modified":"2020-01-21T07:35:35","modified_gmt":"2020-01-21T07:35:35","slug":"registerbeskrivelse","status":"publish","type":"page","link":"https:\/\/www.top5credits.com\/no\/registerbeskrivelse\/","title":{"rendered":"Registerbeskrivelse"},"content":{"rendered":"\n<h1 class=\"wp-block-heading\">Registerbeskrivelse<\/h1>\n\n\n\n<div style=\"height:20px\" aria-hidden=\"true\" class=\"wp-block-spacer\"><\/div>\n\n\n\n<h3 class=\"wp-block-heading\">1. Registeransvarlig<\/h3>\n\n\n\n<p>Draivi Media Oy, FO-nummer 2464551-6, PB 215, FI-00101 Helsingfors<\/p>\n\n\n\n<h3 class=\"wp-block-heading\">2. Ansvarlig for registreringssaker<\/h3>\n\n\n\n<p>Oula Lehtinen<br>E-post: no@top5credits.com<br>Adresse: Draivi Media Oy, PB 215, 00101 Helsingfors, Finland<\/p>\n\n\n\n<h3 class=\"wp-block-heading\">3. Registerets navn<\/h3>\n\n\n\n<p>Top5Credits kund- och marknadsf\u00f6ringsregister.<\/p>\n\n\n\n<h3 class=\"wp-block-heading\">4. Form\u00e5let med behandlingen av personopplysninger (registerets bruksomr\u00e5de)<\/h3>\n\n\n\n<p>Registeret brukes etter kundens samtykke og som f\u00f8lge av en tjenesteforesp\u00f8rsel fra kundens side, til identifisering av kunden og innlogging i nettjenesten Top5Credits. I denne nettjenesten kan kunden ta imot sparetips, tilbud og konkurransser fra Top5Credits sin samarbeidspartner. Registeret brukes ogs\u00e5 til \u00e5 h\u00e5ndtere ansvar vedr\u00f8rende lagring, rapportering og foresp\u00f8rsler basert p\u00e5 lovverk og bestemmelser, samt retningslinjer fra myndighetene.<\/p>\n\n\n\n<p>Personopplysningene i registeret kan ogs\u00e5 brukes til direkte markedsf\u00f8ring for \u00e5 markedsf\u00f8re registeransvarliges tjenester innenfor rammene som loven tillater.<\/p>\n\n\n\n<p>Personopplysningene i registeret brukes ogs\u00e5 til \u00e5 h\u00e5ndtere Top5Credits sin kundetjeneste og kunderelasjoner, for \u00e5 administrere og h\u00e5ndtere eventuelle reklamasjoner samt til interne markedsf\u00f8rings- og kundeanalyser. Personopplysningene i registeret kan ogs\u00e5 brukes til \u00e5 tilpasse v\u00e5re elektroniske tjenester til brukeren p\u00e5 v\u00e5re ulike nettsteder (f.eks. www.top5credits .com\/no).<\/p>\n\n\n\n<p>Personopplysningene i registeret kan ogs\u00e5 brukes til \u00e5 videreutvikle Draivi Media Oy sin egen virksomhet.<\/p>\n\n\n\n<p>Hvis du ikke gir oss opplysningene som angis som obligatoriske, er det ikke sikkert at Top5Credits kan levere tjenestene sine til deg.<\/p>\n\n\n\n<p>Noen av Top5Credits sine tjenester kan v\u00e6re forbundet med spesielle vilk\u00e5r for behandling av personopplysninger. Brukeren informeres om disse, og vi ber brukeren om godkjenning i forbindelse med at vedkommende benytter seg av tjenestene.<\/p>\n\n\n\n<h3 class=\"wp-block-heading\">5. Datainnhold i registeret<\/h3>\n\n\n\n<p>Registeret inneholder opplysninger om de som s\u00f8ker p\u00e5 produkter og kunder, samt m\u00e5lgrupper for markedsf\u00f8ring i henhold til f\u00f8lgende gruppering:<\/p>\n\n\n\n<h3 class=\"wp-block-heading\">5.1 Opplysninger om brukeren som person<\/h3>\n\n\n\n<ul class=\"wp-block-list\"><li>For- og etternavn<\/li><li>Adresseopplysninger<\/li><li>Telefonnummer<\/li><li>E-postadresse<\/li><li>Nasjonalitet<\/li><li>Sivilstatus<\/li><li>Opplysninger om husstanden<\/li><li>Opplysninger om inntekter og utgifter<\/li><li>Informasjon om ansettelsesforhold<\/li><li>Nekt eller samtykke til direkte markedsf\u00f8ring<\/li><li>Tilbakemeldinger og reklamasjoner fra kunden<\/li><li>IP-adressen til enheten som kunden bruker samt informasjonskapsler<\/li><li>Ytterligere opplysninger som kunden selv har gitt og som er viktige med tanke p\u00e5 registeransvarliges tjenester<\/li><\/ul>\n\n\n\n<h3 class=\"wp-block-heading\">5.2 Opplysninger om personen som direkte og annen markedsf\u00f8ring rettes mot<\/h3>\n\n\n\n<ul class=\"wp-block-list\"><li>For- og etternavn<\/li><li>Adresseopplysninger<\/li><li>Telefonnummer<\/li><li>E-postadresse<\/li><li>Nekt eller samtykke til direkte markedsf\u00f8ring<\/li><\/ul>\n\n\n\n<h3 class=\"wp-block-heading\">6. Registerets regelmessige datakilder<\/h3>\n\n\n\n<p>Opplysninger om hvor kundeforholdet oppsto og hvor lenge det har p\u00e5g\u00e5tt samles i registeret. Personopplysninger samles inn:<\/p>\n\n\n\n<ul class=\"wp-block-list\"><li>gjennom \u00e5 sp\u00f8rre den registrerte selv og n\u00e5r den registrerte bruker Draivi Media Oys nettsteder.<\/li><\/ul>\n\n\n\n<h3 class=\"wp-block-heading\">7. Overf\u00f8ring av opplysninger<\/h3>\n\n\n\n<p>Draivi Media Oy kan kun overf\u00f8re opplysninger innenfor rammene i lovverket. Opplysningene som overf\u00f8res er i hovedsak f\u00f8lgende personopplysninger:<\/p>\n\n\n\n<p>P\u00e5 foresp\u00f8rsel fra myndighetene vil vi overf\u00f8re alle opplysninger som ettersp\u00f8rres.<\/p>\n\n\n\n<p>For ordens skyld presiserer vi at Draivi Media Oys ansatte og utenforst\u00e5ende personer som arbeider for selskapet har taushetsplikt n\u00e5r det gjelder alle opplysninger om kunder.<\/p>\n\n\n\n<h3 class=\"wp-block-heading\">8. Overf\u00f8ring av opplysninger utenfor E\u00d8S<\/h3>\n\n\n\n<p>Draivi Media Oy overf\u00f8rer ikke personopplysninger utenfor Det europeiske \u00f8konomiske samarbeidsomr\u00e5det.<\/p>\n\n\n\n<h3 class=\"wp-block-heading\">9. Sikring av registeret<\/h3>\n\n\n\n<p>Ansatte i den registeransvarliges organisasjon gis oppl\u00e6ring i bruk av personregisteret, og tilgangen til personregisteret er begrenset til ansatte hos den registeransvarlige, som gjennom sitt arbeid har rett til tilgang til opplysningene i registeret. Dette gjelder b\u00e5de manuelt lagrede opplysninger og opplysninger i IT-systemer. Den registeransvarlige har innf\u00f8rt adgangskontroll, l\u00e5s og innbruddsalarm i sine lokaler. IT-systemene er beskyttet mot skadelige programmer ved hjelp av antivirusprogrammer, brannmurer, brukeradministrasjon og andre moderne metoder. Ansatte hos den registeransvarlige l\u00e6res opp til \u00e5 behandle personopplysninger p\u00e5 riktig m\u00e5te. Den registeransvarlige har interne retningslinjer og bestemmelser ang\u00e5ende riktig behandling av personopplysninger.<\/p>\n\n\n\n<p>Underleverand\u00f8rer som behandler personopplysninger p\u00e5 oppdrag av den registreringsansvarlige, forpliktes gjennom en oppdragsavtale \u00e5 beskytte personopplysningene p\u00e5 tilsvarende m\u00e5te.<\/p>\n\n\n\n<p>Opplysningene p\u00e5 nettstedet beskyttes med en SSL-kryptert forbindelse og kryptering ved overf\u00f8ring av opplysninger.<\/p>\n\n\n\n<h3 class=\"wp-block-heading\">10. Den registrertes rett til \u00e5 nekte behandling av personopplysninger<\/h3>\n\n\n\n<p>Den registrerte har rett til \u00e5 nekte den registeransvarlige \u00e5 behandle opplysninger om ham\/henne til direkte reklame, fjernsalg og annen direkte markedsf\u00f8ring samt markedsunders\u00f8kelser og meningsm\u00e5linger.<\/p>\n\n\n\n<h3 class=\"wp-block-heading\">11. Den registrertes rett til innsyn, korrigering av opplysninger og lagringstid for opplysningene<\/h3>\n\n\n\n<p>Den registrerte har rett til \u00e5 kontrollere opplysningene om ham\/henne som er registrert i personregisteret og f\u00e5 kopier av dem i henhold til lovverket.<\/p>\n\n\n\n<p>N\u00e5r kundeforholdet opph\u00f8rer, slettes kundens opplysninger umiddelbart dersom behandling av disse ikke lenger er n\u00f8dvendig, og senest innen tidsfristen som angis av lovverket. Den registeransvarlige korrigerer, sletter eller kompletterer p\u00e5 eget initiativ eller p\u00e5 den registrertes foresp\u00f8rsel, personopplysninger i registeret som er feilaktige, un\u00f8dvendige, mangelfulle eller foreldede med tanke p\u00e5 form\u00e5let med behandlingen, p\u00e5 den m\u00e5ten som er fastsatt i lovverket.<\/p>\n\n\n\n<p>Registrerte m\u00e5 ta kontakt med ansvarlig for registreringssaker for \u00e5 be om innsyn i eller korrigering av opplysningene.<\/p>\n","protected":false},"excerpt":{"rendered":"<p>Registerbeskrivelse 1. Registeransvarlig Draivi Media Oy, FO-nummer 2464551-6, PB 215, FI-00101 Helsingfors 2. Ansvarlig for registreringssaker Oula LehtinenE-post: no@top5credits.comAdresse: Draivi Media Oy, PB 215, 00101<\/p>\n<p class=\"more-link\">Fortsett \u00e5 lese <span class=\"screen-reader-text\">Registerbeskrivelse<\/span><\/p>\n","protected":false},"author":2,"featured_media":0,"parent":0,"menu_order":0,"comment_status":"closed","ping_status":"closed","template":"","meta":{"footnotes":""},"class_list":["post-38","page","type-page","status-publish","hentry","entry"],"yoast_head":"<!-- This site is optimized with the Yoast SEO plugin v27.3 - https:\/\/yoast.com\/product\/yoast-seo-wordpress\/ -->\n<title>Registerbeskrivelse - Top5Credits.com<\/title>\n<meta name=\"robots\" content=\"index, follow, max-snippet:-1, max-image-preview:large, max-video-preview:-1\" \/>\n<link rel=\"canonical\" href=\"https:\/\/www.top5credits.com\/no\/registerbeskrivelse\/\" \/>\n<meta property=\"og:locale\" content=\"nb_NO\" \/>\n<meta property=\"og:type\" content=\"article\" \/>\n<meta property=\"og:title\" content=\"Registerbeskrivelse - Top5Credits.com\" \/>\n<meta property=\"og:description\" content=\"Registerbeskrivelse 1. Registeransvarlig Draivi Media Oy, FO-nummer 2464551-6, PB 215, FI-00101 Helsingfors 2. Ansvarlig for registreringssaker Oula LehtinenE-post: no@top5credits.comAdresse: Draivi Media Oy, PB 215, 00101Fortsett \u00e5 lese Registerbeskrivelse\" \/>\n<meta property=\"og:url\" content=\"https:\/\/www.top5credits.com\/no\/registerbeskrivelse\/\" \/>\n<meta property=\"og:site_name\" content=\"Top5Credits.com Norge\" \/>\n<meta property=\"article:publisher\" content=\"https:\/\/www.facebook.com\/Top5Credits-Norge-705688976528147\" \/>\n<meta property=\"article:modified_time\" content=\"2020-01-21T07:35:35+00:00\" \/>\n<meta property=\"og:image\" content=\"https:\/\/cdn.top5credits.com\/no\/wp-content\/uploads\/sites\/4\/2023\/11\/top5credits-com-ogimage.png?cdn=1.1.0\" \/>\n\t<meta property=\"og:image:width\" content=\"1200\" \/>\n\t<meta property=\"og:image:height\" content=\"630\" \/>\n\t<meta property=\"og:image:type\" content=\"image\/png\" \/>\n<meta name=\"twitter:card\" content=\"summary_large_image\" \/>\n<meta name=\"twitter:label1\" content=\"Ansl. lesetid\" \/>\n\t<meta name=\"twitter:data1\" content=\"4 minutter\" \/>\n<script type=\"application\/ld+json\" class=\"yoast-schema-graph\">{\"@context\":\"https:\\\/\\\/schema.org\",\"@graph\":[{\"@type\":\"WebPage\",\"@id\":\"https:\\\/\\\/www.top5credits.com\\\/no\\\/registerbeskrivelse\\\/\",\"url\":\"https:\\\/\\\/www.top5credits.com\\\/no\\\/registerbeskrivelse\\\/\",\"name\":\"Registerbeskrivelse - Top5Credits.com\",\"isPartOf\":{\"@id\":\"https:\\\/\\\/www.top5credits.com\\\/no\\\/#website\"},\"datePublished\":\"2019-04-24T12:15:44+00:00\",\"dateModified\":\"2020-01-21T07:35:35+00:00\",\"breadcrumb\":{\"@id\":\"https:\\\/\\\/www.top5credits.com\\\/no\\\/registerbeskrivelse\\\/#breadcrumb\"},\"inLanguage\":\"nb-NO\",\"potentialAction\":[{\"@type\":\"ReadAction\",\"target\":[\"https:\\\/\\\/www.top5credits.com\\\/no\\\/registerbeskrivelse\\\/\"]}]},{\"@type\":\"BreadcrumbList\",\"@id\":\"https:\\\/\\\/www.top5credits.com\\\/no\\\/registerbeskrivelse\\\/#breadcrumb\",\"itemListElement\":[{\"@type\":\"ListItem\",\"position\":1,\"name\":\"Top5Credits.com\",\"item\":\"https:\\\/\\\/www.top5credits.com\\\/no\\\/\"},{\"@type\":\"ListItem\",\"position\":2,\"name\":\"Registerbeskrivelse\"}]},{\"@type\":\"WebSite\",\"@id\":\"https:\\\/\\\/www.top5credits.com\\\/no\\\/#website\",\"url\":\"https:\\\/\\\/www.top5credits.com\\\/no\\\/\",\"name\":\"Top5Credits.com Norge\",\"description\":\"Sammenlign og finn de beste l\u00e5nene\",\"publisher\":{\"@id\":\"https:\\\/\\\/www.top5credits.com\\\/no\\\/#organization\"},\"potentialAction\":[{\"@type\":\"SearchAction\",\"target\":{\"@type\":\"EntryPoint\",\"urlTemplate\":\"https:\\\/\\\/www.top5credits.com\\\/no\\\/?s={search_term_string}\"},\"query-input\":{\"@type\":\"PropertyValueSpecification\",\"valueRequired\":true,\"valueName\":\"search_term_string\"}}],\"inLanguage\":\"nb-NO\"},{\"@type\":\"Organization\",\"@id\":\"https:\\\/\\\/www.top5credits.com\\\/no\\\/#organization\",\"name\":\"Top5Credits.com\",\"url\":\"https:\\\/\\\/www.top5credits.com\\\/no\\\/\",\"logo\":{\"@type\":\"ImageObject\",\"inLanguage\":\"nb-NO\",\"@id\":\"https:\\\/\\\/www.top5credits.com\\\/no\\\/#\\\/schema\\\/logo\\\/image\\\/\",\"url\":\"https:\\\/\\\/cdn.top5credits.com\\\/no\\\/wp-content\\\/uploads\\\/sites\\\/4\\\/2023\\\/10\\\/t5c-favicon.png\",\"contentUrl\":\"https:\\\/\\\/cdn.top5credits.com\\\/no\\\/wp-content\\\/uploads\\\/sites\\\/4\\\/2023\\\/10\\\/t5c-favicon.png\",\"width\":512,\"height\":512,\"caption\":\"Top5Credits.com\"},\"image\":{\"@id\":\"https:\\\/\\\/www.top5credits.com\\\/no\\\/#\\\/schema\\\/logo\\\/image\\\/\"},\"sameAs\":[\"https:\\\/\\\/www.facebook.com\\\/Top5Credits-Norge-705688976528147\"]}]}<\/script>\n<!-- \/ Yoast SEO plugin. -->","yoast_head_json":{"title":"Registerbeskrivelse - Top5Credits.com","robots":{"index":"index","follow":"follow","max-snippet":"max-snippet:-1","max-image-preview":"max-image-preview:large","max-video-preview":"max-video-preview:-1"},"canonical":"https:\/\/www.top5credits.com\/no\/registerbeskrivelse\/","og_locale":"nb_NO","og_type":"article","og_title":"Registerbeskrivelse - Top5Credits.com","og_description":"Registerbeskrivelse 1. Registeransvarlig Draivi Media Oy, FO-nummer 2464551-6, PB 215, FI-00101 Helsingfors 2. Ansvarlig for registreringssaker Oula LehtinenE-post: no@top5credits.comAdresse: Draivi Media Oy, PB 215, 00101Fortsett \u00e5 lese Registerbeskrivelse","og_url":"https:\/\/www.top5credits.com\/no\/registerbeskrivelse\/","og_site_name":"Top5Credits.com Norge","article_publisher":"https:\/\/www.facebook.com\/Top5Credits-Norge-705688976528147","article_modified_time":"2020-01-21T07:35:35+00:00","og_image":[{"width":1200,"height":630,"url":"https:\/\/cdn.top5credits.com\/no\/wp-content\/uploads\/sites\/4\/2023\/11\/top5credits-com-ogimage.png?cdn=1.1.0","type":"image\/png"}],"twitter_card":"summary_large_image","twitter_misc":{"Ansl. lesetid":"4 minutter"},"schema":{"@context":"https:\/\/schema.org","@graph":[{"@type":"WebPage","@id":"https:\/\/www.top5credits.com\/no\/registerbeskrivelse\/","url":"https:\/\/www.top5credits.com\/no\/registerbeskrivelse\/","name":"Registerbeskrivelse - Top5Credits.com","isPartOf":{"@id":"https:\/\/www.top5credits.com\/no\/#website"},"datePublished":"2019-04-24T12:15:44+00:00","dateModified":"2020-01-21T07:35:35+00:00","breadcrumb":{"@id":"https:\/\/www.top5credits.com\/no\/registerbeskrivelse\/#breadcrumb"},"inLanguage":"nb-NO","potentialAction":[{"@type":"ReadAction","target":["https:\/\/www.top5credits.com\/no\/registerbeskrivelse\/"]}]},{"@type":"BreadcrumbList","@id":"https:\/\/www.top5credits.com\/no\/registerbeskrivelse\/#breadcrumb","itemListElement":[{"@type":"ListItem","position":1,"name":"Top5Credits.com","item":"https:\/\/www.top5credits.com\/no\/"},{"@type":"ListItem","position":2,"name":"Registerbeskrivelse"}]},{"@type":"WebSite","@id":"https:\/\/www.top5credits.com\/no\/#website","url":"https:\/\/www.top5credits.com\/no\/","name":"Top5Credits.com Norge","description":"Sammenlign og finn de beste l\u00e5nene","publisher":{"@id":"https:\/\/www.top5credits.com\/no\/#organization"},"potentialAction":[{"@type":"SearchAction","target":{"@type":"EntryPoint","urlTemplate":"https:\/\/www.top5credits.com\/no\/?s={search_term_string}"},"query-input":{"@type":"PropertyValueSpecification","valueRequired":true,"valueName":"search_term_string"}}],"inLanguage":"nb-NO"},{"@type":"Organization","@id":"https:\/\/www.top5credits.com\/no\/#organization","name":"Top5Credits.com","url":"https:\/\/www.top5credits.com\/no\/","logo":{"@type":"ImageObject","inLanguage":"nb-NO","@id":"https:\/\/www.top5credits.com\/no\/#\/schema\/logo\/image\/","url":"https:\/\/cdn.top5credits.com\/no\/wp-content\/uploads\/sites\/4\/2023\/10\/t5c-favicon.png","contentUrl":"https:\/\/cdn.top5credits.com\/no\/wp-content\/uploads\/sites\/4\/2023\/10\/t5c-favicon.png","width":512,"height":512,"caption":"Top5Credits.com"},"image":{"@id":"https:\/\/www.top5credits.com\/no\/#\/schema\/logo\/image\/"},"sameAs":["https:\/\/www.facebook.com\/Top5Credits-Norge-705688976528147"]}]}},"_links":{"self":[{"href":"https:\/\/www.top5credits.com\/no\/wp-json\/wp\/v2\/pages\/38","targetHints":{"allow":["GET"]}}],"collection":[{"href":"https:\/\/www.top5credits.com\/no\/wp-json\/wp\/v2\/pages"}],"about":[{"href":"https:\/\/www.top5credits.com\/no\/wp-json\/wp\/v2\/types\/page"}],"author":[{"embeddable":true,"href":"https:\/\/www.top5credits.com\/no\/wp-json\/wp\/v2\/users\/2"}],"replies":[{"embeddable":true,"href":"https:\/\/www.top5credits.com\/no\/wp-json\/wp\/v2\/comments?post=38"}],"version-history":[{"count":0,"href":"https:\/\/www.top5credits.com\/no\/wp-json\/wp\/v2\/pages\/38\/revisions"}],"wp:attachment":[{"href":"https:\/\/www.top5credits.com\/no\/wp-json\/wp\/v2\/media?parent=38"}],"curies":[{"name":"wp","href":"https:\/\/api.w.org\/{rel}","templated":true}]}}