{"id":42,"date":"2019-04-24T12:25:56","date_gmt":"2019-04-24T12:25:56","guid":{"rendered":"https:\/\/www.top5credits.com\/no\/?page_id=42"},"modified":"2020-11-19T09:12:52","modified_gmt":"2020-11-19T09:12:52","slug":"sikkerhet","status":"publish","type":"page","link":"https:\/\/www.top5credits.com\/no\/sikkerhet\/","title":{"rendered":"Sikkerhet"},"content":{"rendered":"\n<h1 class=\"wp-block-heading\">Sikkerhet<\/h1>\n\n\n\n<div style=\"height:20px\" aria-hidden=\"true\" class=\"wp-block-spacer\"><\/div>\n\n\n\n<h3 class=\"wp-block-heading\"><strong>Kun p\u00e5 din datamaskin<\/strong><\/h3>\n\n\n\n<p>Du er anonym n\u00e5r du bes\u00f8ker Top5Credits sin hjemmeside. P\u00e5 hjemmesiden kan du lage enkle l\u00e5nekalkyler der utregningene kun utf\u00f8res p\u00e5 din egen datamaskin. Vi kan verken se eller f\u00e5 tilgang til utregningene dine.<\/p>\n\n\n\n<h3 class=\"wp-block-heading\"><strong>Informasjonskapsler<\/strong><\/h3>\n\n\n\n<p>Vi samler ikke inn noen personopplysninger om deg uten at du vet det. Vi bruker imidlertid s\u00e5kalte informasjonskapsler, som er sm\u00e5 informasjonsfiler som lagres av nettleseren din p\u00e5 harddisken p\u00e5 datamaskinen din. En informasjonskapsel sier ingenting om f.eks. e-postadressen din eller andre personopplysninger.<\/p>\n\n\n\n<p>Vi bruker informasjonskapsler kun for \u00e5 analysere data som forteller oss hvordan hjemmesiden v\u00e5r blir brukt, for eksempel domenenavn, bes\u00f8kte sider, bruker\u00f8ktenes lengde osv. Vi trenger disse dataene for \u00e5 kunne evaluere bruken av hjemmesiden og forbedre kvaliteten. Dette forbedrer kvaliteten p\u00e5 tjenestene vi tilbyr kundene v\u00e5re. Du kan lese mer utfyllende informasjon om reglene v\u00e5re for bruk av informasjonskapsler.<\/p>\n\n\n\n<h3 class=\"wp-block-heading\"><strong>Ansvarsbegrensning<\/strong><\/h3>\n\n\n\n<p>Top5Credits forbeholder seg retten til \u00e5 frasi seg ethvert ansvar for aktualitet, riktighet, fullstendighet eller kvalitet p\u00e5 informasjonen som er tilgjengelig p\u00e5 denne hjemmesiden. Top5Credits avviser derfor alle krav om ansvar for skader som er for\u00e5rsaket av denne informasjonen, inkludert all informasjon som kan v\u00e6re ufullstendig eller feilaktig.<\/p>\n\n\n\n<p>Alle tilbud er ikke-bindende og uten videre forpliktelser. Deler av sidene eller hele publikasjonen, inkludert alle tilbud og all informasjon, kan utvides, endres og helt eller delvis slettes av Top5Credits uten forvarsel. Hjemmesiden kan inneholde feilaktig informasjon og\/eller skrivefeil.<\/p>\n\n\n\n<h3 class=\"wp-block-heading\"><strong>Referanser og lenker<\/strong><\/h3>\n\n\n\n<p>Top5Credits har ikke ansvar for innhold som er referert eller lenket til p\u00e5 disse sidene. Dersom det oppst\u00e5r skader fra bruk av informasjonen som er presentert, er Top5Credits fritatt fra alt ansvar. Ansvaret ligger hos den\/de som har fulgt lenken til den aktuelle siden.<\/p>\n\n\n\n<p>Videre har Top5Credits ikke ansvar for kommentarer eller meldinger som er publisert av brukere av hjemmesiden.<\/p>\n\n\n\n<h3 class=\"wp-block-heading\"><strong>Opphavsrett<\/strong><\/h3>\n\n\n\n<p>Top5Credits har ikke til hensikt \u00e5 bruke noen opphavsrettslig beskyttet materiale i publikasjonen. Hvis slikt materiale m\u00e5 brukes, vil Top5Credits indikere dette.<\/p>\n\n\n\n<p>Top5Credits har opphavsrett til alt originalt materiale. All kopiering eller bruk av objekter som bilder, diagrammer, lyd eller tekst i andre elektroniske eller trykte publikasjoner er forbudt uten tillatelse fra Top5Credits.<\/p>\n\n\n\n<h3 class=\"wp-block-heading\"><strong>Retningslinjer for personvern<\/strong><\/h3>\n\n\n\n<p>Dersom det gis mulighet til \u00e5 oppgi person- eller forretningsopplysninger (f.eks. ved l\u00e5nes\u00f8knader) oppgis disse opplysningene frivillig.<\/p>\n\n\n\n<p>Brukere som sender u\u00f8nskede spam-meldinger vil bli anmeldt.<\/p>\n\n\n\n<h3 class=\"wp-block-heading\"><strong>Lovmessig gyldighet av denne ansvarsfraskrivelsen<\/strong><\/h3>\n\n\n\n<p>Denne ansvarsfraskrivelsen er \u00e5 anse som en del av internett-publikasjonen der du fant lenken til denne siden. Dersom avsnitt eller separate deler av denne teksten er ulovlige eller feilaktige, vil ikke dette p\u00e5virke andre delene av teksten.<\/p>\n\n\n\n<p>Eventuelle l\u00e5ngivere og produktnavn som er omtalt p\u00e5 denne hjemmesiden er varemerker som tilh\u00f8rer sine respektive eiere.<\/p>\n\n\n\n<h3 class=\"wp-block-heading\"><strong>Tvistel\u00f8sning<\/strong><\/h3>\n\n\n\n<p>Eventuelle tvister som oppst\u00e5r p\u00e5 grunnlag av denne hjemmesiden eller denne ansvarsfraskrivelsen, eller fra eventuelle e-poster fra Top5Credits eller dets ansatte, skal, dersom konflikten ikke kan l\u00f8ses gjennom dialog, behandles av en finsk domstol i henhold til finsk rett. Den aktuelle domstolen skal v\u00e6re tingretten i Helsingfors.<\/p>\n","protected":false},"excerpt":{"rendered":"<p>Sikkerhet Kun p\u00e5 din datamaskin Du er anonym n\u00e5r du bes\u00f8ker Top5Credits sin hjemmeside. P\u00e5 hjemmesiden kan du lage enkle l\u00e5nekalkyler der utregningene kun utf\u00f8res<\/p>\n<p class=\"more-link\">Fortsett \u00e5 lese <span class=\"screen-reader-text\">Sikkerhet<\/span><\/p>\n","protected":false},"author":2,"featured_media":0,"parent":0,"menu_order":0,"comment_status":"closed","ping_status":"closed","template":"","meta":{"footnotes":""},"class_list":["post-42","page","type-page","status-publish","hentry","entry"],"yoast_head":"<!-- This site is optimized with the Yoast SEO plugin v27.3 - https:\/\/yoast.com\/product\/yoast-seo-wordpress\/ -->\n<title>Sikkerhet - Top5Credits.com<\/title>\n<meta name=\"description\" content=\"Top5Credits sikkerhet Norge\" \/>\n<meta name=\"robots\" content=\"index, follow, max-snippet:-1, max-image-preview:large, max-video-preview:-1\" \/>\n<link rel=\"canonical\" href=\"https:\/\/www.top5credits.com\/no\/sikkerhet\/\" \/>\n<meta property=\"og:locale\" content=\"nb_NO\" \/>\n<meta property=\"og:type\" content=\"article\" \/>\n<meta property=\"og:title\" content=\"Sikkerhet - Top5Credits.com\" \/>\n<meta property=\"og:description\" content=\"Top5Credits sikkerhet Norge\" \/>\n<meta property=\"og:url\" content=\"https:\/\/www.top5credits.com\/no\/sikkerhet\/\" \/>\n<meta property=\"og:site_name\" content=\"Top5Credits.com Norge\" \/>\n<meta property=\"article:publisher\" content=\"https:\/\/www.facebook.com\/Top5Credits-Norge-705688976528147\" \/>\n<meta property=\"article:modified_time\" content=\"2020-11-19T09:12:52+00:00\" \/>\n<meta property=\"og:image\" content=\"https:\/\/cdn.top5credits.com\/no\/wp-content\/uploads\/sites\/4\/2023\/11\/top5credits-com-ogimage.png?cdn=1.1.0\" \/>\n\t<meta property=\"og:image:width\" content=\"1200\" \/>\n\t<meta property=\"og:image:height\" content=\"630\" \/>\n\t<meta property=\"og:image:type\" content=\"image\/png\" \/>\n<meta name=\"twitter:card\" content=\"summary_large_image\" \/>\n<meta name=\"twitter:label1\" content=\"Ansl. lesetid\" \/>\n\t<meta name=\"twitter:data1\" content=\"3 minutter\" \/>\n<script type=\"application\/ld+json\" class=\"yoast-schema-graph\">{\"@context\":\"https:\\\/\\\/schema.org\",\"@graph\":[{\"@type\":\"WebPage\",\"@id\":\"https:\\\/\\\/www.top5credits.com\\\/no\\\/sikkerhet\\\/\",\"url\":\"https:\\\/\\\/www.top5credits.com\\\/no\\\/sikkerhet\\\/\",\"name\":\"Sikkerhet - Top5Credits.com\",\"isPartOf\":{\"@id\":\"https:\\\/\\\/www.top5credits.com\\\/no\\\/#website\"},\"datePublished\":\"2019-04-24T12:25:56+00:00\",\"dateModified\":\"2020-11-19T09:12:52+00:00\",\"description\":\"Top5Credits sikkerhet Norge\",\"breadcrumb\":{\"@id\":\"https:\\\/\\\/www.top5credits.com\\\/no\\\/sikkerhet\\\/#breadcrumb\"},\"inLanguage\":\"nb-NO\",\"potentialAction\":[{\"@type\":\"ReadAction\",\"target\":[\"https:\\\/\\\/www.top5credits.com\\\/no\\\/sikkerhet\\\/\"]}]},{\"@type\":\"BreadcrumbList\",\"@id\":\"https:\\\/\\\/www.top5credits.com\\\/no\\\/sikkerhet\\\/#breadcrumb\",\"itemListElement\":[{\"@type\":\"ListItem\",\"position\":1,\"name\":\"Top5Credits.com\",\"item\":\"https:\\\/\\\/www.top5credits.com\\\/no\\\/\"},{\"@type\":\"ListItem\",\"position\":2,\"name\":\"Sikkerhet\"}]},{\"@type\":\"WebSite\",\"@id\":\"https:\\\/\\\/www.top5credits.com\\\/no\\\/#website\",\"url\":\"https:\\\/\\\/www.top5credits.com\\\/no\\\/\",\"name\":\"Top5Credits.com Norge\",\"description\":\"Sammenlign og finn de beste l\u00e5nene\",\"publisher\":{\"@id\":\"https:\\\/\\\/www.top5credits.com\\\/no\\\/#organization\"},\"potentialAction\":[{\"@type\":\"SearchAction\",\"target\":{\"@type\":\"EntryPoint\",\"urlTemplate\":\"https:\\\/\\\/www.top5credits.com\\\/no\\\/?s={search_term_string}\"},\"query-input\":{\"@type\":\"PropertyValueSpecification\",\"valueRequired\":true,\"valueName\":\"search_term_string\"}}],\"inLanguage\":\"nb-NO\"},{\"@type\":\"Organization\",\"@id\":\"https:\\\/\\\/www.top5credits.com\\\/no\\\/#organization\",\"name\":\"Top5Credits.com\",\"url\":\"https:\\\/\\\/www.top5credits.com\\\/no\\\/\",\"logo\":{\"@type\":\"ImageObject\",\"inLanguage\":\"nb-NO\",\"@id\":\"https:\\\/\\\/www.top5credits.com\\\/no\\\/#\\\/schema\\\/logo\\\/image\\\/\",\"url\":\"https:\\\/\\\/cdn.top5credits.com\\\/no\\\/wp-content\\\/uploads\\\/sites\\\/4\\\/2023\\\/10\\\/t5c-favicon.png\",\"contentUrl\":\"https:\\\/\\\/cdn.top5credits.com\\\/no\\\/wp-content\\\/uploads\\\/sites\\\/4\\\/2023\\\/10\\\/t5c-favicon.png\",\"width\":512,\"height\":512,\"caption\":\"Top5Credits.com\"},\"image\":{\"@id\":\"https:\\\/\\\/www.top5credits.com\\\/no\\\/#\\\/schema\\\/logo\\\/image\\\/\"},\"sameAs\":[\"https:\\\/\\\/www.facebook.com\\\/Top5Credits-Norge-705688976528147\"]}]}<\/script>\n<!-- \/ Yoast SEO plugin. -->","yoast_head_json":{"title":"Sikkerhet - Top5Credits.com","description":"Top5Credits sikkerhet Norge","robots":{"index":"index","follow":"follow","max-snippet":"max-snippet:-1","max-image-preview":"max-image-preview:large","max-video-preview":"max-video-preview:-1"},"canonical":"https:\/\/www.top5credits.com\/no\/sikkerhet\/","og_locale":"nb_NO","og_type":"article","og_title":"Sikkerhet - Top5Credits.com","og_description":"Top5Credits sikkerhet Norge","og_url":"https:\/\/www.top5credits.com\/no\/sikkerhet\/","og_site_name":"Top5Credits.com Norge","article_publisher":"https:\/\/www.facebook.com\/Top5Credits-Norge-705688976528147","article_modified_time":"2020-11-19T09:12:52+00:00","og_image":[{"width":1200,"height":630,"url":"https:\/\/cdn.top5credits.com\/no\/wp-content\/uploads\/sites\/4\/2023\/11\/top5credits-com-ogimage.png?cdn=1.1.0","type":"image\/png"}],"twitter_card":"summary_large_image","twitter_misc":{"Ansl. lesetid":"3 minutter"},"schema":{"@context":"https:\/\/schema.org","@graph":[{"@type":"WebPage","@id":"https:\/\/www.top5credits.com\/no\/sikkerhet\/","url":"https:\/\/www.top5credits.com\/no\/sikkerhet\/","name":"Sikkerhet - Top5Credits.com","isPartOf":{"@id":"https:\/\/www.top5credits.com\/no\/#website"},"datePublished":"2019-04-24T12:25:56+00:00","dateModified":"2020-11-19T09:12:52+00:00","description":"Top5Credits sikkerhet Norge","breadcrumb":{"@id":"https:\/\/www.top5credits.com\/no\/sikkerhet\/#breadcrumb"},"inLanguage":"nb-NO","potentialAction":[{"@type":"ReadAction","target":["https:\/\/www.top5credits.com\/no\/sikkerhet\/"]}]},{"@type":"BreadcrumbList","@id":"https:\/\/www.top5credits.com\/no\/sikkerhet\/#breadcrumb","itemListElement":[{"@type":"ListItem","position":1,"name":"Top5Credits.com","item":"https:\/\/www.top5credits.com\/no\/"},{"@type":"ListItem","position":2,"name":"Sikkerhet"}]},{"@type":"WebSite","@id":"https:\/\/www.top5credits.com\/no\/#website","url":"https:\/\/www.top5credits.com\/no\/","name":"Top5Credits.com Norge","description":"Sammenlign og finn de beste l\u00e5nene","publisher":{"@id":"https:\/\/www.top5credits.com\/no\/#organization"},"potentialAction":[{"@type":"SearchAction","target":{"@type":"EntryPoint","urlTemplate":"https:\/\/www.top5credits.com\/no\/?s={search_term_string}"},"query-input":{"@type":"PropertyValueSpecification","valueRequired":true,"valueName":"search_term_string"}}],"inLanguage":"nb-NO"},{"@type":"Organization","@id":"https:\/\/www.top5credits.com\/no\/#organization","name":"Top5Credits.com","url":"https:\/\/www.top5credits.com\/no\/","logo":{"@type":"ImageObject","inLanguage":"nb-NO","@id":"https:\/\/www.top5credits.com\/no\/#\/schema\/logo\/image\/","url":"https:\/\/cdn.top5credits.com\/no\/wp-content\/uploads\/sites\/4\/2023\/10\/t5c-favicon.png","contentUrl":"https:\/\/cdn.top5credits.com\/no\/wp-content\/uploads\/sites\/4\/2023\/10\/t5c-favicon.png","width":512,"height":512,"caption":"Top5Credits.com"},"image":{"@id":"https:\/\/www.top5credits.com\/no\/#\/schema\/logo\/image\/"},"sameAs":["https:\/\/www.facebook.com\/Top5Credits-Norge-705688976528147"]}]}},"_links":{"self":[{"href":"https:\/\/www.top5credits.com\/no\/wp-json\/wp\/v2\/pages\/42","targetHints":{"allow":["GET"]}}],"collection":[{"href":"https:\/\/www.top5credits.com\/no\/wp-json\/wp\/v2\/pages"}],"about":[{"href":"https:\/\/www.top5credits.com\/no\/wp-json\/wp\/v2\/types\/page"}],"author":[{"embeddable":true,"href":"https:\/\/www.top5credits.com\/no\/wp-json\/wp\/v2\/users\/2"}],"replies":[{"embeddable":true,"href":"https:\/\/www.top5credits.com\/no\/wp-json\/wp\/v2\/comments?post=42"}],"version-history":[{"count":0,"href":"https:\/\/www.top5credits.com\/no\/wp-json\/wp\/v2\/pages\/42\/revisions"}],"wp:attachment":[{"href":"https:\/\/www.top5credits.com\/no\/wp-json\/wp\/v2\/media?parent=42"}],"curies":[{"name":"wp","href":"https:\/\/api.w.org\/{rel}","templated":true}]}}