{"id":4924,"date":"2023-12-13T12:27:53","date_gmt":"2023-12-13T11:27:53","guid":{"rendered":"https:\/\/www.top5credits.com\/no\/?page_id=4924"},"modified":"2024-10-02T11:55:42","modified_gmt":"2024-10-02T09:55:42","slug":"kredittkort-for-reiser","status":"publish","type":"page","link":"https:\/\/www.top5credits.com\/no\/kredittkort-for-reiser\/","title":{"rendered":"Kredittkort for reiser"},"content":{"rendered":"\n<div class=\"wp-block-group first-section\"><div class=\"wp-block-group__inner-container is-layout-flow wp-block-group-is-layout-flow\">\n<h1 class=\"wp-block-heading compare-title\">Beste kredittkort for reise<\/h1>\n\n\n\n<p>Med et riktig reisekort kan du nyte betydelige fordeler, enten du er p\u00e5 jobbreise, fritidsreise, eller en kombinasjon av begge. Gled deg over bonuspoeng, cashback og tilgang til flyplassens VIP-lounge.<\/p>\n\n\n\n<details class=\"wp-block-details is-layout-flow wp-block-details-is-layout-flow\"><summary>Les&nbsp;mer..<\/summary>\n<p>Med mange kredittkort for reiser er slike frynsegoder vanlige. Norge har et bredt spekter av reisekort, og det l\u00f8nner seg \u00e5 gj\u00f8re en grundig unders\u00f8kelse av ulike kredittkort s\u00e5 du finner det ideelle reisekortet som matcher dine behov og preferanser.<\/p>\n<\/details>\n<\/div><\/div>\n\n\n\n\n\n\n\n\n\n<div class=\"top-results palkkio\">\r\n<span class=\"huomiomerkki\">!<\/span> Kommisjonen vi f\u00e5r p\u00e5virker plasseringen &#8211; les mer <span class=\"plus-trigger\">+<\/span>\r\n<p>Top5credits.com er en 100% gratis nettside med form\u00e5l om \u00e5 tilby nyttig og verdifull informasjon til v\u00e5re brukere. Vi sammenligner l\u00e5n og kredittkort og vurderer dem. For at nettsiden fortsatt skal v\u00e6re gratis, f\u00e5r vi kommisjon r bankene og utl\u00e5nerne n\u00e5r brukere blir sendt til dem. Kommisjonen p\u00e5virker plassering og rangeringen av banker og utbydere p\u00e5 listen.<\/p>\r\n<\/div>\n\n\n\n<h2 class=\"wp-block-heading\">Definisjon av reisekredittkort<\/h2>\n\n\n\n<p>Et reisekredittkort skiller seg ut med sine spesifikke fordeler knyttet til reiser og bruk i utlandet. Mens&nbsp;<a href=\"https:\/\/www.top5credits.com\/no\/kredittkort\" target=\"_blank\" rel=\"noreferrer noopener\">mange kredittkort tilbyr generelle fordeler<\/a>, tilbyr de beste reisekortene et vell av reisespesifikke bonuspoeng og fordeler.<\/p>\n\n\n\n<p>Et reisekredittkort kombinerer bonuspoeng som kan anvendes til gratis reiser, gunstige bruksvilk\u00e5r i utlandet, og inkluderer ofte en eller flere reiseforsikringer. Unike ekstra fordeler som prioritet i sikkerhetskontrollen eller adgang til VIP-lounger er ogs\u00e5 vanlig. Et reisekredittkort er derfor ideelt for de som verdsetter reiserelaterte fordeler og s\u00f8ker et kort som er spesielt fordelaktig \u00e5 bruke under reiser.<\/p>\n\n\n\n<figure class=\"wp-block-image size-full is-resized\"><img loading=\"lazy\" decoding=\"async\" width=\"1200\" height=\"630\" src=\"https:\/\/cdn.top5credits.com\/no\/wp-content\/uploads\/sites\/4\/2023\/12\/reiseforsikring-mastercard.jpg?cdn=1.1.0\" alt=\"mastercard reiseforsikring\" class=\"wp-image-5027\" style=\"width:350px\" srcset=\"https:\/\/cdn.top5credits.com\/no\/wp-content\/uploads\/sites\/4\/2023\/12\/reiseforsikring-mastercard.jpg?cdn=1.1.0 1200w, https:\/\/cdn.top5credits.com\/no\/wp-content\/uploads\/sites\/4\/2023\/12\/reiseforsikring-mastercard-300x158.jpg?cdn=1.1.0 300w, https:\/\/cdn.top5credits.com\/no\/wp-content\/uploads\/sites\/4\/2023\/12\/reiseforsikring-mastercard-1024x538.jpg?cdn=1.1.0 1024w, https:\/\/cdn.top5credits.com\/no\/wp-content\/uploads\/sites\/4\/2023\/12\/reiseforsikring-mastercard-768x403.jpg?cdn=1.1.0 768w\" sizes=\"auto, (max-width: 1200px) 100vw, 1200px\" \/><\/figure>\n\n\n\n<h2 class=\"wp-block-heading\">Hvordan fungerer reisekredittkort<\/h2>\n\n\n\n<p>De fremste reisekredittkortene tilbyr bonus eller poeng som kan veksles inn i gratis reiser senere. Disse fordelene opptjenes prim\u00e6rt p\u00e5 to m\u00e5ter:<\/p>\n\n\n\n<p>F\u00f8rst tilbyr noen kort en registreringsbonus til nye kunder, vanligvis etter at et visst minimumsbel\u00f8p er brukt. Eksempelvis kan du motta 10 000 poeng etter \u00e5 ha brukt 5 000 kr p\u00e5 kortet innen de f\u00f8rste tre m\u00e5nedene. For det andre, gir mange reisekredittkort kontinuerlig bonuser og fordeler basert p\u00e5 hvordan kortet brukes. N\u00e5r du har samlet opp tilstrekkelig med bonuspoeng eller cashpoints, kan disse innl\u00f8ses for reiser.<\/p>\n\n\n\n<p>Vanligvis er det begrensninger p\u00e5 hvert reisekort om hvor du kan bruke dine poeng for reiser. Kredittkort knyttet til et flyselskap for eksempel vil begrense bruken av poeng til flyreiser med nettopp det spesifikke flyselskapet. Flere kredittkort tillater ogs\u00e5 bruk av poeng for \u00e5 booke hoteller eller andre reiserelaterte tjenester og produkter.<\/p>\n\n\n\n<h2 class=\"wp-block-heading\">Vurdering av verdi for ulike bonuspoeng<\/h2>\n\n\n\n<p>\u00c5 fastsl\u00e5 verdien av de forskjellige bonuspoengene er en utfordring n\u00e5r man sammenligner reisekort. Verdien av disse bonusene og fordelene varierer mellom kortene, og det kan ofte v\u00e6re komplisert \u00e5 bestemme n\u00f8yaktig verdi for hver type poeng. Dessuten endrer flyselskaper og hoteller noen ganger verdiene av sine bonuspoeng, noe som ytterligere kompliserer prosessen med \u00e5 avgj\u00f8re hvilket reisekort som gir mest fordel. Dette er noe \u00e5 v\u00e6re oppmerksom p\u00e5, og det er alltid viktig \u00e5 sette deg godt inn i alle vilk\u00e5r og betingelser.<\/p>\n\n\n\n<h3 class=\"wp-block-heading\">Hovedfordeler med reisekredittkort<\/h3>\n\n\n\n<p>Den mest fremtredende fordelen med et reisekredittkort er muligheten til \u00e5 veksle inn poeng for reiser, hotellopphold og lignende. De beste reisekortene tilbyr bonusordninger hvor du kan tjene reiser og opphold verdt tusenvis av kroner, simpelthen ved vanlig bruk av kortet. I tillegg til reiser og opphold, gir et bra reisekort ofte flere andre fordeler som ekstra innsjekket bagasje, prioritert ombordstigning p\u00e5 fly, s\u00e5kalt \u00abpriority boarding\u00bb, romoppgraderinger, sen utsjekking, eller til og med gratis frokost.<\/p>\n\n\n\n<p>Til sist inkluderer mange reisekort diverse reiseforsikringer for \u00e5 bist\u00e5 n\u00e5r reisen ikke forl\u00f8per som forventet. Vanlige forsikringer omfatter dekning for tapt bagasje, kansellering av reise eller avbestilling av turen.<\/p>\n\n\n\n<figure class=\"wp-block-image size-full is-resized\"><img loading=\"lazy\" decoding=\"async\" width=\"1200\" height=\"630\" src=\"https:\/\/cdn.top5credits.com\/no\/wp-content\/uploads\/sites\/4\/2023\/12\/beste-kredittkort-reise.jpg?cdn=1.1.0\" alt=\"beste reiseforsikring\" class=\"wp-image-5028\" style=\"width:350px\" srcset=\"https:\/\/cdn.top5credits.com\/no\/wp-content\/uploads\/sites\/4\/2023\/12\/beste-kredittkort-reise.jpg?cdn=1.1.0 1200w, https:\/\/cdn.top5credits.com\/no\/wp-content\/uploads\/sites\/4\/2023\/12\/beste-kredittkort-reise-300x158.jpg?cdn=1.1.0 300w, https:\/\/cdn.top5credits.com\/no\/wp-content\/uploads\/sites\/4\/2023\/12\/beste-kredittkort-reise-1024x538.jpg?cdn=1.1.0 1024w, https:\/\/cdn.top5credits.com\/no\/wp-content\/uploads\/sites\/4\/2023\/12\/beste-kredittkort-reise-768x403.jpg?cdn=1.1.0 768w\" sizes=\"auto, (max-width: 1200px) 100vw, 1200px\" \/><\/figure>\n\n\n\n<h3 class=\"wp-block-heading\">Ulemper med reisekredittkort<\/h3>\n\n\n\n<p>Selv med de mange fordelene og bonusene som f\u00f8lger med et reisekredittkort, er det viktig \u00e5 vurdere eventuelle ulemper.<\/p>\n\n\n\n<p>En av ulempene kan v\u00e6re utl\u00f8psdatoer for poeng og bonuser. Dette krever at man benytter seg av dem innen en viss tidsramme, i motsetning til rene cashback-kort hvor bonusen utbetales direkte i penger hver m\u00e5ned, eller \u00e5rlig. Det er viktig \u00e5 anerkjenne at et reisekredittkort ikke n\u00f8dvendigvis passer for alle. Hvis du ikke reiser ofte, kan andre typer <a href=\"\/no\/kredittkort\">kredittkort<\/a> v\u00e6re mer fordelaktige for deg.<\/p>\n\n\n\n<p>For \u00e5 finne ut hvilket&nbsp;<a href=\"https:\/\/www.top5credits.com\/no\/kredittkort\" target=\"_blank\" rel=\"noreferrer noopener\">kredittkort som passer best for dine behov<\/a>, anbefales det \u00e5 se gjennom v\u00e5r test av kredittkort innenfor ulike kategorier.<\/p>\n\n\n\n<h2 class=\"wp-block-heading\">Tilleggsfordeler med reisekredittkort<\/h2>\n\n\n\n<p>Utover standard bonusene knyttet til flyreiser og hotellopphold, tilbyr de beste reise kredittkortene en rekke tilleggsfordeler. Ofte inkluderer disse kortene omfattende reiseforsikringer, som for eksempel ulykkesforsikring som bist\u00e5r ved ulykker, eller leiebilforsikring som kan erstatte dyre forsikringer fra leiebilselskaper.<\/p>\n\n\n\n<p>Reisekredittkort inneholder ogs\u00e5 gjerne avbestillingsforsikring og sykeavbruddsforsikring, som gir kompensasjon hvis en reise avbrytes grunnet sykdom eller lignende \u00e5rsaker. Forsinkelser eller kansellering av fly, tapt bagasje, og medisinsk evakuering er ogs\u00e5 ofte dekket.<\/p>\n\n\n\n<p>Mange reisekort tillater ogs\u00e5 at bonuspoeng eller fordeler brukes til fordel for familie. Dette kan bety at forsikringene dekker familiemedlemmer, eller at du kan bruke poengene til \u00e5 finansiere reiser for dem med ditt reisekort.<\/p>\n\n\n\n<p>For \u00e5 avgj\u00f8re om et reisekredittkort er riktig for deg,&nbsp;still deg&nbsp;selv disse sp\u00f8rsm\u00e5lene: Tror du at du vil innl\u00f8se opptjente bonuser i reiser, innenfor gitte tidsrammer? Det viser seg ofte at mange innehavere av reisekort ikke innl\u00f8ser den bonusen de har opptjent. Hvis prosessen med \u00e5 innl\u00f8se poeng for reiser virker for komplisert, kan et annet type kort, som et&nbsp;<a href=\"\/no\/de-beste-cashback-kredittkort\/\">cashback-kort<\/a>&nbsp;hvor du mottar penger direkte inn p\u00e5 kontoen hver m\u00e5ned, muligens v\u00e6re et bedre alternativ. Sjekk alltid ulike alternativer n\u00f8ye slik at du finner den beste l\u00f8sningen for deg og dine behov!<\/p>\n","protected":false},"excerpt":{"rendered":"<p>Beste kredittkort for reise Med et riktig reisekort kan du nyte betydelige fordeler, enten du er p\u00e5 jobbreise, fritidsreise, eller en kombinasjon av begge. Gled<\/p>\n<p class=\"more-link\">Fortsett \u00e5 lese <span class=\"screen-reader-text\">Kredittkort for reiser<\/span><\/p>\n","protected":false},"author":17,"featured_media":4935,"parent":0,"menu_order":0,"comment_status":"closed","ping_status":"closed","template":"page-results.php","meta":{"footnotes":""},"class_list":["post-4924","page","type-page","status-publish","has-post-thumbnail","hentry","entry"],"yoast_head":"<!-- This site is optimized with the Yoast SEO plugin v27.3 - https:\/\/yoast.com\/product\/yoast-seo-wordpress\/ -->\n<title>Kredittkort for reiser - Top5Credits.com<\/title>\n<meta name=\"description\" content=\"Med et riktig reisekort kan du nyte betydelige fordeler.\" \/>\n<meta name=\"robots\" content=\"index, follow, max-snippet:-1, max-image-preview:large, max-video-preview:-1\" \/>\n<link rel=\"canonical\" href=\"https:\/\/www.top5credits.com\/no\/kredittkort-for-reiser\/\" \/>\n<meta property=\"og:locale\" content=\"nb_NO\" \/>\n<meta property=\"og:type\" content=\"article\" \/>\n<meta property=\"og:title\" content=\"Kredittkort for reiser - Top5Credits.com\" \/>\n<meta property=\"og:description\" content=\"Med et riktig reisekort kan du nyte betydelige fordeler.\" \/>\n<meta property=\"og:url\" content=\"https:\/\/www.top5credits.com\/no\/kredittkort-for-reiser\/\" \/>\n<meta property=\"og:site_name\" content=\"Top5Credits.com Norge\" \/>\n<meta property=\"article:publisher\" content=\"https:\/\/www.facebook.com\/Top5Credits-Norge-705688976528147\" \/>\n<meta property=\"article:modified_time\" content=\"2024-10-02T09:55:42+00:00\" \/>\n<meta property=\"og:image\" content=\"https:\/\/cdn.top5credits.com\/no\/wp-content\/uploads\/sites\/4\/2023\/12\/Reiseforsikring-kredittkort.jpg?cdn=1.1.0\" \/>\n\t<meta property=\"og:image:width\" content=\"1200\" \/>\n\t<meta property=\"og:image:height\" content=\"630\" \/>\n\t<meta property=\"og:image:type\" content=\"image\/jpeg\" \/>\n<meta name=\"twitter:card\" content=\"summary_large_image\" \/>\n<meta name=\"twitter:label1\" content=\"Ansl. lesetid\" \/>\n\t<meta name=\"twitter:data1\" content=\"6 minutter\" \/>\n<script type=\"application\/ld+json\" class=\"yoast-schema-graph\">{\"@context\":\"https:\\\/\\\/schema.org\",\"@graph\":[{\"@type\":\"WebPage\",\"@id\":\"https:\\\/\\\/www.top5credits.com\\\/no\\\/kredittkort-for-reiser\\\/\",\"url\":\"https:\\\/\\\/www.top5credits.com\\\/no\\\/kredittkort-for-reiser\\\/\",\"name\":\"Kredittkort for reiser - Top5Credits.com\",\"isPartOf\":{\"@id\":\"https:\\\/\\\/www.top5credits.com\\\/no\\\/#website\"},\"primaryImageOfPage\":{\"@id\":\"https:\\\/\\\/www.top5credits.com\\\/no\\\/kredittkort-for-reiser\\\/#primaryimage\"},\"image\":{\"@id\":\"https:\\\/\\\/www.top5credits.com\\\/no\\\/kredittkort-for-reiser\\\/#primaryimage\"},\"thumbnailUrl\":\"https:\\\/\\\/www.top5credits.com\\\/no\\\/wp-content\\\/uploads\\\/sites\\\/4\\\/2023\\\/12\\\/Reiseforsikring-kredittkort.jpg\",\"datePublished\":\"2023-12-13T11:27:53+00:00\",\"dateModified\":\"2024-10-02T09:55:42+00:00\",\"description\":\"Med et riktig reisekort kan du nyte betydelige fordeler.\",\"breadcrumb\":{\"@id\":\"https:\\\/\\\/www.top5credits.com\\\/no\\\/kredittkort-for-reiser\\\/#breadcrumb\"},\"inLanguage\":\"nb-NO\",\"potentialAction\":[{\"@type\":\"ReadAction\",\"target\":[\"https:\\\/\\\/www.top5credits.com\\\/no\\\/kredittkort-for-reiser\\\/\"]}]},{\"@type\":\"ImageObject\",\"inLanguage\":\"nb-NO\",\"@id\":\"https:\\\/\\\/www.top5credits.com\\\/no\\\/kredittkort-for-reiser\\\/#primaryimage\",\"url\":\"https:\\\/\\\/www.top5credits.com\\\/no\\\/wp-content\\\/uploads\\\/sites\\\/4\\\/2023\\\/12\\\/Reiseforsikring-kredittkort.jpg\",\"contentUrl\":\"https:\\\/\\\/www.top5credits.com\\\/no\\\/wp-content\\\/uploads\\\/sites\\\/4\\\/2023\\\/12\\\/Reiseforsikring-kredittkort.jpg\",\"width\":1200,\"height\":630,\"caption\":\"mastercard reiseforsikring\"},{\"@type\":\"BreadcrumbList\",\"@id\":\"https:\\\/\\\/www.top5credits.com\\\/no\\\/kredittkort-for-reiser\\\/#breadcrumb\",\"itemListElement\":[{\"@type\":\"ListItem\",\"position\":1,\"name\":\"Top5Credits.com\",\"item\":\"https:\\\/\\\/www.top5credits.com\\\/no\\\/\"},{\"@type\":\"ListItem\",\"position\":2,\"name\":\"Kredittkort for reiser\"}]},{\"@type\":\"WebSite\",\"@id\":\"https:\\\/\\\/www.top5credits.com\\\/no\\\/#website\",\"url\":\"https:\\\/\\\/www.top5credits.com\\\/no\\\/\",\"name\":\"Top5Credits.com Norge\",\"description\":\"Sammenlign og finn de beste l\u00e5nene\",\"publisher\":{\"@id\":\"https:\\\/\\\/www.top5credits.com\\\/no\\\/#organization\"},\"potentialAction\":[{\"@type\":\"SearchAction\",\"target\":{\"@type\":\"EntryPoint\",\"urlTemplate\":\"https:\\\/\\\/www.top5credits.com\\\/no\\\/?s={search_term_string}\"},\"query-input\":{\"@type\":\"PropertyValueSpecification\",\"valueRequired\":true,\"valueName\":\"search_term_string\"}}],\"inLanguage\":\"nb-NO\"},{\"@type\":\"Organization\",\"@id\":\"https:\\\/\\\/www.top5credits.com\\\/no\\\/#organization\",\"name\":\"Top5Credits.com\",\"url\":\"https:\\\/\\\/www.top5credits.com\\\/no\\\/\",\"logo\":{\"@type\":\"ImageObject\",\"inLanguage\":\"nb-NO\",\"@id\":\"https:\\\/\\\/www.top5credits.com\\\/no\\\/#\\\/schema\\\/logo\\\/image\\\/\",\"url\":\"https:\\\/\\\/cdn.top5credits.com\\\/no\\\/wp-content\\\/uploads\\\/sites\\\/4\\\/2023\\\/10\\\/t5c-favicon.png\",\"contentUrl\":\"https:\\\/\\\/cdn.top5credits.com\\\/no\\\/wp-content\\\/uploads\\\/sites\\\/4\\\/2023\\\/10\\\/t5c-favicon.png\",\"width\":512,\"height\":512,\"caption\":\"Top5Credits.com\"},\"image\":{\"@id\":\"https:\\\/\\\/www.top5credits.com\\\/no\\\/#\\\/schema\\\/logo\\\/image\\\/\"},\"sameAs\":[\"https:\\\/\\\/www.facebook.com\\\/Top5Credits-Norge-705688976528147\"]}]}<\/script>\n<!-- \/ Yoast SEO plugin. -->","yoast_head_json":{"title":"Kredittkort for reiser - Top5Credits.com","description":"Med et riktig reisekort kan du nyte betydelige fordeler.","robots":{"index":"index","follow":"follow","max-snippet":"max-snippet:-1","max-image-preview":"max-image-preview:large","max-video-preview":"max-video-preview:-1"},"canonical":"https:\/\/www.top5credits.com\/no\/kredittkort-for-reiser\/","og_locale":"nb_NO","og_type":"article","og_title":"Kredittkort for reiser - Top5Credits.com","og_description":"Med et riktig reisekort kan du nyte betydelige fordeler.","og_url":"https:\/\/www.top5credits.com\/no\/kredittkort-for-reiser\/","og_site_name":"Top5Credits.com Norge","article_publisher":"https:\/\/www.facebook.com\/Top5Credits-Norge-705688976528147","article_modified_time":"2024-10-02T09:55:42+00:00","og_image":[{"width":1200,"height":630,"url":"https:\/\/cdn.top5credits.com\/no\/wp-content\/uploads\/sites\/4\/2023\/12\/Reiseforsikring-kredittkort.jpg?cdn=1.1.0","type":"image\/jpeg"}],"twitter_card":"summary_large_image","twitter_misc":{"Ansl. lesetid":"6 minutter"},"schema":{"@context":"https:\/\/schema.org","@graph":[{"@type":"WebPage","@id":"https:\/\/www.top5credits.com\/no\/kredittkort-for-reiser\/","url":"https:\/\/www.top5credits.com\/no\/kredittkort-for-reiser\/","name":"Kredittkort for reiser - Top5Credits.com","isPartOf":{"@id":"https:\/\/www.top5credits.com\/no\/#website"},"primaryImageOfPage":{"@id":"https:\/\/www.top5credits.com\/no\/kredittkort-for-reiser\/#primaryimage"},"image":{"@id":"https:\/\/www.top5credits.com\/no\/kredittkort-for-reiser\/#primaryimage"},"thumbnailUrl":"https:\/\/cdn.top5credits.com\/no\/wp-content\/uploads\/sites\/4\/2023\/12\/Reiseforsikring-kredittkort.jpg?cdn=1.1.0","datePublished":"2023-12-13T11:27:53+00:00","dateModified":"2024-10-02T09:55:42+00:00","description":"Med et riktig reisekort kan du nyte betydelige fordeler.","breadcrumb":{"@id":"https:\/\/www.top5credits.com\/no\/kredittkort-for-reiser\/#breadcrumb"},"inLanguage":"nb-NO","potentialAction":[{"@type":"ReadAction","target":["https:\/\/www.top5credits.com\/no\/kredittkort-for-reiser\/"]}]},{"@type":"ImageObject","inLanguage":"nb-NO","@id":"https:\/\/www.top5credits.com\/no\/kredittkort-for-reiser\/#primaryimage","url":"https:\/\/cdn.top5credits.com\/no\/wp-content\/uploads\/sites\/4\/2023\/12\/Reiseforsikring-kredittkort.jpg?cdn=1.1.0","contentUrl":"https:\/\/cdn.top5credits.com\/no\/wp-content\/uploads\/sites\/4\/2023\/12\/Reiseforsikring-kredittkort.jpg?cdn=1.1.0","width":1200,"height":630,"caption":"mastercard reiseforsikring"},{"@type":"BreadcrumbList","@id":"https:\/\/www.top5credits.com\/no\/kredittkort-for-reiser\/#breadcrumb","itemListElement":[{"@type":"ListItem","position":1,"name":"Top5Credits.com","item":"https:\/\/www.top5credits.com\/no\/"},{"@type":"ListItem","position":2,"name":"Kredittkort for reiser"}]},{"@type":"WebSite","@id":"https:\/\/www.top5credits.com\/no\/#website","url":"https:\/\/www.top5credits.com\/no\/","name":"Top5Credits.com Norge","description":"Sammenlign og finn de beste l\u00e5nene","publisher":{"@id":"https:\/\/www.top5credits.com\/no\/#organization"},"potentialAction":[{"@type":"SearchAction","target":{"@type":"EntryPoint","urlTemplate":"https:\/\/www.top5credits.com\/no\/?s={search_term_string}"},"query-input":{"@type":"PropertyValueSpecification","valueRequired":true,"valueName":"search_term_string"}}],"inLanguage":"nb-NO"},{"@type":"Organization","@id":"https:\/\/www.top5credits.com\/no\/#organization","name":"Top5Credits.com","url":"https:\/\/www.top5credits.com\/no\/","logo":{"@type":"ImageObject","inLanguage":"nb-NO","@id":"https:\/\/www.top5credits.com\/no\/#\/schema\/logo\/image\/","url":"https:\/\/cdn.top5credits.com\/no\/wp-content\/uploads\/sites\/4\/2023\/10\/t5c-favicon.png","contentUrl":"https:\/\/cdn.top5credits.com\/no\/wp-content\/uploads\/sites\/4\/2023\/10\/t5c-favicon.png","width":512,"height":512,"caption":"Top5Credits.com"},"image":{"@id":"https:\/\/www.top5credits.com\/no\/#\/schema\/logo\/image\/"},"sameAs":["https:\/\/www.facebook.com\/Top5Credits-Norge-705688976528147"]}]}},"_links":{"self":[{"href":"https:\/\/www.top5credits.com\/no\/wp-json\/wp\/v2\/pages\/4924","targetHints":{"allow":["GET"]}}],"collection":[{"href":"https:\/\/www.top5credits.com\/no\/wp-json\/wp\/v2\/pages"}],"about":[{"href":"https:\/\/www.top5credits.com\/no\/wp-json\/wp\/v2\/types\/page"}],"author":[{"embeddable":true,"href":"https:\/\/www.top5credits.com\/no\/wp-json\/wp\/v2\/users\/17"}],"replies":[{"embeddable":true,"href":"https:\/\/www.top5credits.com\/no\/wp-json\/wp\/v2\/comments?post=4924"}],"version-history":[{"count":0,"href":"https:\/\/www.top5credits.com\/no\/wp-json\/wp\/v2\/pages\/4924\/revisions"}],"wp:featuredmedia":[{"embeddable":true,"href":"https:\/\/www.top5credits.com\/no\/wp-json\/wp\/v2\/media\/4935"}],"wp:attachment":[{"href":"https:\/\/www.top5credits.com\/no\/wp-json\/wp\/v2\/media?parent=4924"}],"curies":[{"name":"wp","href":"https:\/\/api.w.org\/{rel}","templated":true}]}}