{"id":5161,"date":"2024-02-01T12:39:01","date_gmt":"2024-02-01T11:39:01","guid":{"rendered":"https:\/\/www.top5credits.com\/no\/?page_id=5161"},"modified":"2024-10-25T08:36:36","modified_gmt":"2024-10-25T06:36:36","slug":"mastercard-kredittkort","status":"publish","type":"page","link":"https:\/\/www.top5credits.com\/no\/mastercard-kredittkort\/","title":{"rendered":"Mastercard-kredittkort"},"content":{"rendered":"\n<div class=\"wp-block-group first-section\"><div class=\"wp-block-group__inner-container is-layout-flow wp-block-group-is-layout-flow\"><h1>Mastercard kredittkort i april 2026<\/h1>\n\n\n\n<p>Mastercard st\u00e5r i frontlinjen av finansiell innovasjon og tilbyr en global betalingsl\u00f8sning anerkjent i over 200 land. Ved \u00e5 velge et Mastercard, velger du et nettverk av sikkerhet, effektivitet og p\u00e5litelighet.<\/p>\n<\/div><\/div>\n\n\n\n\n\n\n<div class=\"top-results palkkio\">\r\n<span class=\"huomiomerkki\">!<\/span> Kommisjonen vi f\u00e5r p\u00e5virker plasseringen &#8211; les mer <span class=\"plus-trigger\">+<\/span>\r\n<p>Top5credits.com er en 100% gratis nettside med form\u00e5l om \u00e5 tilby nyttig og verdifull informasjon til v\u00e5re brukere. Vi sammenligner l\u00e5n og kredittkort og vurderer dem. For at nettsiden fortsatt skal v\u00e6re gratis, f\u00e5r vi kommisjon r bankene og utl\u00e5nerne n\u00e5r brukere blir sendt til dem. Kommisjonen p\u00e5virker plassering og rangeringen av banker og utbydere p\u00e5 listen.<\/p>\r\n<\/div>\n\n\n\n<h2 class=\"wp-block-heading\">Fordelene med Mastercard \u2013 Sikkerhet og frihet i hver transaksjon<\/h2>\n\n\n\n<p>Hvert Mastercard kommer med en rekke fordeler som tar din \u00f8konomiske frihet til neste niv\u00e5:<\/p>\n\n\n\n<ul class=\"wp-block-list dm-list-check\">\n<li>Universell aksept hos millioner av forhandlere globalt.<\/li>\n\n\n\n<li>Avanserte sikkerhetsfunksjoner som beskytter dine transaksjoner.<\/li>\n\n\n\n<li>Bonusprogrammer, rabatter og forsikringer som gir merverdi til hver bruk.<\/li>\n<\/ul>\n\n\n\n<h2 class=\"wp-block-heading\">Forst\u00e5 forskjellen \u2013 Mastercard og kredittkort<\/h2>\n\n\n\n<p>Mastercard er ikke bare et kredittkort; det er et omfattende betalingsnettverk. Mens et kredittkort lar deg l\u00e5ne penger, kobler Mastercard deg til en verden av betalingsmuligheter, samarbeidende med banker for \u00e5 gi deg det beste av betalingstjenester.<\/p>\n\n\n\n<figure class=\"wp-block-image size-full is-resized is-style-default\"><img loading=\"lazy\" decoding=\"async\" width=\"1200\" height=\"628\" src=\"https:\/\/cdn.top5credits.com\/no\/wp-content\/uploads\/sites\/4\/2024\/02\/Mastercard-kredittkort.jpg?cdn=1.1.0\" alt=\"Beste Mastercard Kredittkort\" class=\"wp-image-5163\" style=\"width:586px;height:auto\" srcset=\"https:\/\/cdn.top5credits.com\/no\/wp-content\/uploads\/sites\/4\/2024\/02\/Mastercard-kredittkort.jpg?cdn=1.1.0 1200w, https:\/\/cdn.top5credits.com\/no\/wp-content\/uploads\/sites\/4\/2024\/02\/Mastercard-kredittkort-300x157.jpg?cdn=1.1.0 300w, https:\/\/cdn.top5credits.com\/no\/wp-content\/uploads\/sites\/4\/2024\/02\/Mastercard-kredittkort-1024x536.jpg?cdn=1.1.0 1024w, https:\/\/cdn.top5credits.com\/no\/wp-content\/uploads\/sites\/4\/2024\/02\/Mastercard-kredittkort-768x402.jpg?cdn=1.1.0 768w\" sizes=\"auto, (max-width: 1200px) 100vw, 1200px\" \/><\/figure>\n\n\n\n<h2 class=\"wp-block-heading\">Mastercard niv\u00e5er \u2013 Et kort for hver livsstil<\/h2>\n\n\n\n<p>Fra det grunnleggende Standard-kortet til det eksklusive World Elite, tilbyr Mastercard et spekter av niv\u00e5er:<\/p>\n\n\n\n<ul class=\"wp-block-list dm-list-check\">\n<li>Standard: Grunnleggende fordeler og funksjoner for daglig bruk.<\/li>\n\n\n\n<li>Gull: \u00d8kte fordeler som reiseforsikringer og rabatter.<\/li>\n\n\n\n<li>Platinum: Premium fordeler inkludert loungeadgang og oppgraderinger.<\/li>\n\n\n\n<li>World Elite: Ypperste niv\u00e5 av luksus og eksklusive tjenester.<\/li>\n<\/ul>\n\n\n\n<h2 class=\"wp-block-heading\">Utforsk popul\u00e6re Mastercard kredittkort<\/h2>\n\n\n\n<p>Vi hos Top5Credits har n\u00f8ye utvalgt en rekke Mastercard-kredittkort som passer enhver livsstil og behov. Enten du er ute etter maksimal kredittgrense, laveste renter, eller beste bonusordninger, finner du kortet som passer for deg.<\/p>\n\n\n\n<h2 class=\"wp-block-heading\">Teknologi og innovasjon \u2013 Betal med letthet<\/h2>\n\n\n\n<p>Mastercard er pionerer i kontaktl\u00f8s betaling og digital integrasjon. Nyt friheten til \u00e5 betale med smarttelefonen din gjennom Apple Pay, Google Pay, og mer, takket v\u00e6re Mastercards fremtidsrettede teknologi.<\/p>\n\n\n\n<p>Bli med i Mastercards verden gjennom Top5Credits \u2013 Opplev sikkerhet, fordeler og frihet i dag!<\/p>\n","protected":false},"excerpt":{"rendered":"<p>Mastercard st\u00e5r i frontlinjen av finansiell innovasjon og tilbyr en global betalingsl\u00f8sning anerkjent i over 200 land. Ved \u00e5 velge et Mastercard, velger du et<\/p>\n<p class=\"more-link\">Fortsett \u00e5 lese <span class=\"screen-reader-text\">Mastercard-kredittkort<\/span><\/p>\n","protected":false},"author":17,"featured_media":0,"parent":0,"menu_order":0,"comment_status":"closed","ping_status":"closed","template":"page-results.php","meta":{"footnotes":""},"class_list":["post-5161","page","type-page","status-publish","hentry","entry"],"yoast_head":"<!-- This site is optimized with the Yoast SEO plugin v27.3 - https:\/\/yoast.com\/product\/yoast-seo-wordpress\/ -->\n<title>Oppdag Mastercard kredittkort - Top5Credits.com<\/title>\n<meta name=\"description\" content=\"Oppdag Mastercard kredittkort med Top5Credits. Sammenlign kredittkort p\u00e5 nett.\" \/>\n<meta name=\"robots\" content=\"index, follow, max-snippet:-1, max-image-preview:large, max-video-preview:-1\" \/>\n<link rel=\"canonical\" href=\"https:\/\/www.top5credits.com\/no\/mastercard-kredittkort\/\" \/>\n<meta property=\"og:locale\" content=\"nb_NO\" \/>\n<meta property=\"og:type\" content=\"article\" \/>\n<meta property=\"og:title\" content=\"Oppdag Mastercard kredittkort - Top5Credits.com\" \/>\n<meta property=\"og:description\" content=\"Oppdag Mastercard kredittkort med Top5Credits. Sammenlign kredittkort p\u00e5 nett.\" \/>\n<meta property=\"og:url\" content=\"https:\/\/www.top5credits.com\/no\/mastercard-kredittkort\/\" \/>\n<meta property=\"og:site_name\" content=\"Top5Credits.com Norge\" \/>\n<meta property=\"article:publisher\" content=\"https:\/\/www.facebook.com\/Top5Credits-Norge-705688976528147\" \/>\n<meta property=\"article:modified_time\" content=\"2024-10-25T06:36:36+00:00\" \/>\n<meta property=\"og:image\" content=\"https:\/\/cdn.top5credits.com\/no\/wp-content\/uploads\/sites\/4\/2024\/02\/Mastercard-kredittkort.jpg?cdn=1.1.0\" \/>\n<meta name=\"twitter:card\" content=\"summary_large_image\" \/>\n<script type=\"application\/ld+json\" class=\"yoast-schema-graph\">{\"@context\":\"https:\\\/\\\/schema.org\",\"@graph\":[{\"@type\":\"WebPage\",\"@id\":\"https:\\\/\\\/www.top5credits.com\\\/no\\\/mastercard-kredittkort\\\/\",\"url\":\"https:\\\/\\\/www.top5credits.com\\\/no\\\/mastercard-kredittkort\\\/\",\"name\":\"Oppdag Mastercard kredittkort - Top5Credits.com\",\"isPartOf\":{\"@id\":\"https:\\\/\\\/www.top5credits.com\\\/no\\\/#website\"},\"primaryImageOfPage\":{\"@id\":\"https:\\\/\\\/www.top5credits.com\\\/no\\\/mastercard-kredittkort\\\/#primaryimage\"},\"image\":{\"@id\":\"https:\\\/\\\/www.top5credits.com\\\/no\\\/mastercard-kredittkort\\\/#primaryimage\"},\"thumbnailUrl\":\"https:\\\/\\\/www.top5credits.com\\\/no\\\/wp-content\\\/uploads\\\/sites\\\/4\\\/2024\\\/02\\\/Mastercard-kredittkort.jpg\",\"datePublished\":\"2024-02-01T11:39:01+00:00\",\"dateModified\":\"2024-10-25T06:36:36+00:00\",\"description\":\"Oppdag Mastercard kredittkort med Top5Credits. Sammenlign kredittkort p\u00e5 nett.\",\"breadcrumb\":{\"@id\":\"https:\\\/\\\/www.top5credits.com\\\/no\\\/mastercard-kredittkort\\\/#breadcrumb\"},\"inLanguage\":\"nb-NO\",\"potentialAction\":[{\"@type\":\"ReadAction\",\"target\":[\"https:\\\/\\\/www.top5credits.com\\\/no\\\/mastercard-kredittkort\\\/\"]}]},{\"@type\":\"ImageObject\",\"inLanguage\":\"nb-NO\",\"@id\":\"https:\\\/\\\/www.top5credits.com\\\/no\\\/mastercard-kredittkort\\\/#primaryimage\",\"url\":\"https:\\\/\\\/www.top5credits.com\\\/no\\\/wp-content\\\/uploads\\\/sites\\\/4\\\/2024\\\/02\\\/Mastercard-kredittkort.jpg\",\"contentUrl\":\"https:\\\/\\\/www.top5credits.com\\\/no\\\/wp-content\\\/uploads\\\/sites\\\/4\\\/2024\\\/02\\\/Mastercard-kredittkort.jpg\",\"width\":1200,\"height\":628},{\"@type\":\"BreadcrumbList\",\"@id\":\"https:\\\/\\\/www.top5credits.com\\\/no\\\/mastercard-kredittkort\\\/#breadcrumb\",\"itemListElement\":[{\"@type\":\"ListItem\",\"position\":1,\"name\":\"Top5Credits.com\",\"item\":\"https:\\\/\\\/www.top5credits.com\\\/no\\\/\"},{\"@type\":\"ListItem\",\"position\":2,\"name\":\"Mastercard-kredittkort\"}]},{\"@type\":\"WebSite\",\"@id\":\"https:\\\/\\\/www.top5credits.com\\\/no\\\/#website\",\"url\":\"https:\\\/\\\/www.top5credits.com\\\/no\\\/\",\"name\":\"Top5Credits.com Norge\",\"description\":\"Sammenlign og finn de beste l\u00e5nene\",\"publisher\":{\"@id\":\"https:\\\/\\\/www.top5credits.com\\\/no\\\/#organization\"},\"potentialAction\":[{\"@type\":\"SearchAction\",\"target\":{\"@type\":\"EntryPoint\",\"urlTemplate\":\"https:\\\/\\\/www.top5credits.com\\\/no\\\/?s={search_term_string}\"},\"query-input\":{\"@type\":\"PropertyValueSpecification\",\"valueRequired\":true,\"valueName\":\"search_term_string\"}}],\"inLanguage\":\"nb-NO\"},{\"@type\":\"Organization\",\"@id\":\"https:\\\/\\\/www.top5credits.com\\\/no\\\/#organization\",\"name\":\"Top5Credits.com\",\"url\":\"https:\\\/\\\/www.top5credits.com\\\/no\\\/\",\"logo\":{\"@type\":\"ImageObject\",\"inLanguage\":\"nb-NO\",\"@id\":\"https:\\\/\\\/www.top5credits.com\\\/no\\\/#\\\/schema\\\/logo\\\/image\\\/\",\"url\":\"https:\\\/\\\/cdn.top5credits.com\\\/no\\\/wp-content\\\/uploads\\\/sites\\\/4\\\/2023\\\/10\\\/t5c-favicon.png\",\"contentUrl\":\"https:\\\/\\\/cdn.top5credits.com\\\/no\\\/wp-content\\\/uploads\\\/sites\\\/4\\\/2023\\\/10\\\/t5c-favicon.png\",\"width\":512,\"height\":512,\"caption\":\"Top5Credits.com\"},\"image\":{\"@id\":\"https:\\\/\\\/www.top5credits.com\\\/no\\\/#\\\/schema\\\/logo\\\/image\\\/\"},\"sameAs\":[\"https:\\\/\\\/www.facebook.com\\\/Top5Credits-Norge-705688976528147\"]}]}<\/script>\n<!-- \/ Yoast SEO plugin. -->","yoast_head_json":{"title":"Oppdag Mastercard kredittkort - Top5Credits.com","description":"Oppdag Mastercard kredittkort med Top5Credits. Sammenlign kredittkort p\u00e5 nett.","robots":{"index":"index","follow":"follow","max-snippet":"max-snippet:-1","max-image-preview":"max-image-preview:large","max-video-preview":"max-video-preview:-1"},"canonical":"https:\/\/www.top5credits.com\/no\/mastercard-kredittkort\/","og_locale":"nb_NO","og_type":"article","og_title":"Oppdag Mastercard kredittkort - Top5Credits.com","og_description":"Oppdag Mastercard kredittkort med Top5Credits. Sammenlign kredittkort p\u00e5 nett.","og_url":"https:\/\/www.top5credits.com\/no\/mastercard-kredittkort\/","og_site_name":"Top5Credits.com Norge","article_publisher":"https:\/\/www.facebook.com\/Top5Credits-Norge-705688976528147","article_modified_time":"2024-10-25T06:36:36+00:00","og_image":[{"url":"https:\/\/cdn.top5credits.com\/no\/wp-content\/uploads\/sites\/4\/2024\/02\/Mastercard-kredittkort.jpg?cdn=1.1.0","type":"","width":"","height":""}],"twitter_card":"summary_large_image","schema":{"@context":"https:\/\/schema.org","@graph":[{"@type":"WebPage","@id":"https:\/\/www.top5credits.com\/no\/mastercard-kredittkort\/","url":"https:\/\/www.top5credits.com\/no\/mastercard-kredittkort\/","name":"Oppdag Mastercard kredittkort - Top5Credits.com","isPartOf":{"@id":"https:\/\/www.top5credits.com\/no\/#website"},"primaryImageOfPage":{"@id":"https:\/\/www.top5credits.com\/no\/mastercard-kredittkort\/#primaryimage"},"image":{"@id":"https:\/\/www.top5credits.com\/no\/mastercard-kredittkort\/#primaryimage"},"thumbnailUrl":"https:\/\/cdn.top5credits.com\/no\/wp-content\/uploads\/sites\/4\/2024\/02\/Mastercard-kredittkort.jpg?cdn=1.1.0","datePublished":"2024-02-01T11:39:01+00:00","dateModified":"2024-10-25T06:36:36+00:00","description":"Oppdag Mastercard kredittkort med Top5Credits. Sammenlign kredittkort p\u00e5 nett.","breadcrumb":{"@id":"https:\/\/www.top5credits.com\/no\/mastercard-kredittkort\/#breadcrumb"},"inLanguage":"nb-NO","potentialAction":[{"@type":"ReadAction","target":["https:\/\/www.top5credits.com\/no\/mastercard-kredittkort\/"]}]},{"@type":"ImageObject","inLanguage":"nb-NO","@id":"https:\/\/www.top5credits.com\/no\/mastercard-kredittkort\/#primaryimage","url":"https:\/\/cdn.top5credits.com\/no\/wp-content\/uploads\/sites\/4\/2024\/02\/Mastercard-kredittkort.jpg?cdn=1.1.0","contentUrl":"https:\/\/cdn.top5credits.com\/no\/wp-content\/uploads\/sites\/4\/2024\/02\/Mastercard-kredittkort.jpg?cdn=1.1.0","width":1200,"height":628},{"@type":"BreadcrumbList","@id":"https:\/\/www.top5credits.com\/no\/mastercard-kredittkort\/#breadcrumb","itemListElement":[{"@type":"ListItem","position":1,"name":"Top5Credits.com","item":"https:\/\/www.top5credits.com\/no\/"},{"@type":"ListItem","position":2,"name":"Mastercard-kredittkort"}]},{"@type":"WebSite","@id":"https:\/\/www.top5credits.com\/no\/#website","url":"https:\/\/www.top5credits.com\/no\/","name":"Top5Credits.com Norge","description":"Sammenlign og finn de beste l\u00e5nene","publisher":{"@id":"https:\/\/www.top5credits.com\/no\/#organization"},"potentialAction":[{"@type":"SearchAction","target":{"@type":"EntryPoint","urlTemplate":"https:\/\/www.top5credits.com\/no\/?s={search_term_string}"},"query-input":{"@type":"PropertyValueSpecification","valueRequired":true,"valueName":"search_term_string"}}],"inLanguage":"nb-NO"},{"@type":"Organization","@id":"https:\/\/www.top5credits.com\/no\/#organization","name":"Top5Credits.com","url":"https:\/\/www.top5credits.com\/no\/","logo":{"@type":"ImageObject","inLanguage":"nb-NO","@id":"https:\/\/www.top5credits.com\/no\/#\/schema\/logo\/image\/","url":"https:\/\/cdn.top5credits.com\/no\/wp-content\/uploads\/sites\/4\/2023\/10\/t5c-favicon.png","contentUrl":"https:\/\/cdn.top5credits.com\/no\/wp-content\/uploads\/sites\/4\/2023\/10\/t5c-favicon.png","width":512,"height":512,"caption":"Top5Credits.com"},"image":{"@id":"https:\/\/www.top5credits.com\/no\/#\/schema\/logo\/image\/"},"sameAs":["https:\/\/www.facebook.com\/Top5Credits-Norge-705688976528147"]}]}},"_links":{"self":[{"href":"https:\/\/www.top5credits.com\/no\/wp-json\/wp\/v2\/pages\/5161","targetHints":{"allow":["GET"]}}],"collection":[{"href":"https:\/\/www.top5credits.com\/no\/wp-json\/wp\/v2\/pages"}],"about":[{"href":"https:\/\/www.top5credits.com\/no\/wp-json\/wp\/v2\/types\/page"}],"author":[{"embeddable":true,"href":"https:\/\/www.top5credits.com\/no\/wp-json\/wp\/v2\/users\/17"}],"replies":[{"embeddable":true,"href":"https:\/\/www.top5credits.com\/no\/wp-json\/wp\/v2\/comments?post=5161"}],"version-history":[{"count":1,"href":"https:\/\/www.top5credits.com\/no\/wp-json\/wp\/v2\/pages\/5161\/revisions"}],"predecessor-version":[{"id":5406,"href":"https:\/\/www.top5credits.com\/no\/wp-json\/wp\/v2\/pages\/5161\/revisions\/5406"}],"wp:attachment":[{"href":"https:\/\/www.top5credits.com\/no\/wp-json\/wp\/v2\/media?parent=5161"}],"curies":[{"name":"wp","href":"https:\/\/api.w.org\/{rel}","templated":true}]}}