{"id":5165,"date":"2024-02-01T12:39:03","date_gmt":"2024-02-01T11:39:03","guid":{"rendered":"https:\/\/www.top5credits.com\/no\/?page_id=5165"},"modified":"2024-10-25T08:44:19","modified_gmt":"2024-10-25T06:44:19","slug":"visa-kredittkort","status":"publish","type":"page","link":"https:\/\/www.top5credits.com\/no\/visa-kredittkort\/","title":{"rendered":"Visa-kredittkort"},"content":{"rendered":"\n<div class=\"wp-block-group first-section\"><div class=\"wp-block-group__inner-container is-layout-flow wp-block-group-is-layout-flow\">\n<h1 class=\"wp-block-heading compare-title\">Mest popul\u00e6re Visakort i Norge<\/h1>\n\n\n\n<p>Visa representerer en av verdens mest anerkjente og p\u00e5litelige betalingsl\u00f8sninger, kjent for sin utbredte aksept og brukervennlighet. Ved \u00e5 velge Visa, f\u00e5r du tilgang til et globalt nettverk av sikkerhet og bekvemmelighet.<\/p>\n<\/div><\/div>\n\n\n\n\n\n\n<div class=\"top-results palkkio\">\r\n<span class=\"huomiomerkki\">!<\/span> Kommisjonen vi f\u00e5r p\u00e5virker plasseringen &#8211; les mer <span class=\"plus-trigger\">+<\/span>\r\n<p>Top5credits.com er en 100% gratis nettside med form\u00e5l om \u00e5 tilby nyttig og verdifull informasjon til v\u00e5re brukere. Vi sammenligner l\u00e5n og kredittkort og vurderer dem. For at nettsiden fortsatt skal v\u00e6re gratis, f\u00e5r vi kommisjon r bankene og utl\u00e5nerne n\u00e5r brukere blir sendt til dem. Kommisjonen p\u00e5virker plassering og rangeringen av banker og utbydere p\u00e5 listen.<\/p>\r\n<\/div>\n\n\n\n<h2 class=\"wp-block-heading\">Hvorfor velge Visa kredittkort?<\/h2>\n\n\n\n<ul class=\"wp-block-list dm-list-check\">\n<li>Universell aksept i butikker og online plattformer over hele verden.<\/li>\n\n\n\n<li>Toppsikrede transaksjoner som ivaretar din \u00f8konomiske sikkerhet.<\/li>\n\n\n\n<li>Et mangfold av bonusprogrammer og rabattordninger som bel\u00f8nner din lojalitet.<\/li>\n<\/ul>\n\n\n\n<h2 class=\"wp-block-heading\">Forskjellen mellom Visa og andre kredittkort<\/h2>\n\n\n\n<p>Mens alle kredittkort gir \u00f8konomisk frihet, st\u00e5r Visa ut med sin eksepsjonelle global aksept og brukervennlighet. Visa fungerer mer enn et betalingsmiddel; det er en gateway til en problemfri \u00f8konomisk opplevelse.<\/p>\n\n\n\n<figure class=\"wp-block-image size-full is-resized is-style-default\"><img loading=\"lazy\" decoding=\"async\" width=\"1200\" height=\"628\" src=\"https:\/\/cdn.top5credits.com\/no\/wp-content\/uploads\/sites\/4\/2024\/02\/Visa-kredittkort.jpg?cdn=1.1.0\" alt=\"Beste Visa kredittkort\" class=\"wp-image-5167\" style=\"width:586px;height:auto\" srcset=\"https:\/\/cdn.top5credits.com\/no\/wp-content\/uploads\/sites\/4\/2024\/02\/Visa-kredittkort.jpg?cdn=1.1.0 1200w, https:\/\/cdn.top5credits.com\/no\/wp-content\/uploads\/sites\/4\/2024\/02\/Visa-kredittkort-300x157.jpg?cdn=1.1.0 300w, https:\/\/cdn.top5credits.com\/no\/wp-content\/uploads\/sites\/4\/2024\/02\/Visa-kredittkort-1024x536.jpg?cdn=1.1.0 1024w, https:\/\/cdn.top5credits.com\/no\/wp-content\/uploads\/sites\/4\/2024\/02\/Visa-kredittkort-768x402.jpg?cdn=1.1.0 768w\" sizes=\"auto, (max-width: 1200px) 100vw, 1200px\" \/><\/figure>\n\n\n\n<h2 class=\"wp-block-heading\">Popul\u00e6re Visa kredittkort hos Top5Credits<\/h2>\n\n\n\n<p>Vi tilbyr en kuratert liste over Visa kredittkort, fra gebyrfrie kort med bonusordninger til kort med lav rente og unike reisefordeler. Enten du s\u00f8ker etter kredittkort med h\u00f8ye bonuspoeng eller lave renter, har vi et kort for deg.<\/p>\n\n\n\n<h2 class=\"wp-block-heading\">Fordeler med Visa Kredittkort<\/h2>\n\n\n\n<ul class=\"wp-block-list dm-list-check\">\n<li>Bonuspoeng og cashback p\u00e5 kj\u00f8p.<\/li>\n\n\n\n<li>Inkluderte forsikringer for reiser og kj\u00f8p.<\/li>\n\n\n\n<li>Rabatter og spesialtilbud hos utvalgte partnere.<\/li>\n<\/ul>\n\n\n\n<p>Opplev \u00f8konomisk frihet og sikkerhet med Visa og Top5Credits i dag<\/p>\n","protected":false},"excerpt":{"rendered":"<p>Mest popul\u00e6re Visakort i Norge Visa representerer en av verdens mest anerkjente og p\u00e5litelige betalingsl\u00f8sninger, kjent for sin utbredte aksept og brukervennlighet. Ved \u00e5 velge<\/p>\n<p class=\"more-link\">Fortsett \u00e5 lese <span class=\"screen-reader-text\">Visa-kredittkort<\/span><\/p>\n","protected":false},"author":17,"featured_media":0,"parent":0,"menu_order":0,"comment_status":"closed","ping_status":"closed","template":"page-results.php","meta":{"footnotes":""},"class_list":["post-5165","page","type-page","status-publish","hentry","entry"],"yoast_head":"<!-- This site is optimized with the Yoast SEO plugin v27.3 - https:\/\/yoast.com\/product\/yoast-seo-wordpress\/ -->\n<title>Visa-kredittkort - Top5Credits.com<\/title>\n<meta name=\"description\" content=\"Visa representerer en av verdens mest anerkjente og p\u00e5litelige betalingsl\u00f8sninger, kjent for sin utbredte aksept og brukervennlighet.\" \/>\n<meta name=\"robots\" content=\"index, follow, max-snippet:-1, max-image-preview:large, max-video-preview:-1\" \/>\n<link rel=\"canonical\" href=\"https:\/\/www.top5credits.com\/no\/visa-kredittkort\/\" \/>\n<meta property=\"og:locale\" content=\"nb_NO\" \/>\n<meta property=\"og:type\" content=\"article\" \/>\n<meta property=\"og:title\" content=\"Visa-kredittkort - Top5Credits.com\" \/>\n<meta property=\"og:description\" content=\"Visa representerer en av verdens mest anerkjente og p\u00e5litelige betalingsl\u00f8sninger, kjent for sin utbredte aksept og brukervennlighet.\" \/>\n<meta property=\"og:url\" content=\"https:\/\/www.top5credits.com\/no\/visa-kredittkort\/\" \/>\n<meta property=\"og:site_name\" content=\"Top5Credits.com Norge\" \/>\n<meta property=\"article:publisher\" content=\"https:\/\/www.facebook.com\/Top5Credits-Norge-705688976528147\" \/>\n<meta property=\"article:modified_time\" content=\"2024-10-25T06:44:19+00:00\" \/>\n<meta property=\"og:image\" content=\"https:\/\/cdn.top5credits.com\/no\/wp-content\/uploads\/sites\/4\/2024\/02\/Visa-kredittkort.jpg?cdn=1.1.0\" \/>\n<meta name=\"twitter:card\" content=\"summary_large_image\" \/>\n<meta name=\"twitter:label1\" content=\"Ansl. lesetid\" \/>\n\t<meta name=\"twitter:data1\" content=\"2 minutter\" \/>\n<script type=\"application\/ld+json\" class=\"yoast-schema-graph\">{\"@context\":\"https:\\\/\\\/schema.org\",\"@graph\":[{\"@type\":\"WebPage\",\"@id\":\"https:\\\/\\\/www.top5credits.com\\\/no\\\/visa-kredittkort\\\/\",\"url\":\"https:\\\/\\\/www.top5credits.com\\\/no\\\/visa-kredittkort\\\/\",\"name\":\"Visa-kredittkort - Top5Credits.com\",\"isPartOf\":{\"@id\":\"https:\\\/\\\/www.top5credits.com\\\/no\\\/#website\"},\"primaryImageOfPage\":{\"@id\":\"https:\\\/\\\/www.top5credits.com\\\/no\\\/visa-kredittkort\\\/#primaryimage\"},\"image\":{\"@id\":\"https:\\\/\\\/www.top5credits.com\\\/no\\\/visa-kredittkort\\\/#primaryimage\"},\"thumbnailUrl\":\"https:\\\/\\\/www.top5credits.com\\\/no\\\/wp-content\\\/uploads\\\/sites\\\/4\\\/2024\\\/02\\\/Visa-kredittkort.jpg\",\"datePublished\":\"2024-02-01T11:39:03+00:00\",\"dateModified\":\"2024-10-25T06:44:19+00:00\",\"description\":\"Visa representerer en av verdens mest anerkjente og p\u00e5litelige betalingsl\u00f8sninger, kjent for sin utbredte aksept og brukervennlighet.\",\"breadcrumb\":{\"@id\":\"https:\\\/\\\/www.top5credits.com\\\/no\\\/visa-kredittkort\\\/#breadcrumb\"},\"inLanguage\":\"nb-NO\",\"potentialAction\":[{\"@type\":\"ReadAction\",\"target\":[\"https:\\\/\\\/www.top5credits.com\\\/no\\\/visa-kredittkort\\\/\"]}]},{\"@type\":\"ImageObject\",\"inLanguage\":\"nb-NO\",\"@id\":\"https:\\\/\\\/www.top5credits.com\\\/no\\\/visa-kredittkort\\\/#primaryimage\",\"url\":\"https:\\\/\\\/www.top5credits.com\\\/no\\\/wp-content\\\/uploads\\\/sites\\\/4\\\/2024\\\/02\\\/Visa-kredittkort.jpg\",\"contentUrl\":\"https:\\\/\\\/www.top5credits.com\\\/no\\\/wp-content\\\/uploads\\\/sites\\\/4\\\/2024\\\/02\\\/Visa-kredittkort.jpg\",\"width\":1200,\"height\":628},{\"@type\":\"BreadcrumbList\",\"@id\":\"https:\\\/\\\/www.top5credits.com\\\/no\\\/visa-kredittkort\\\/#breadcrumb\",\"itemListElement\":[{\"@type\":\"ListItem\",\"position\":1,\"name\":\"Top5Credits.com\",\"item\":\"https:\\\/\\\/www.top5credits.com\\\/no\\\/\"},{\"@type\":\"ListItem\",\"position\":2,\"name\":\"Visa-kredittkort\"}]},{\"@type\":\"WebSite\",\"@id\":\"https:\\\/\\\/www.top5credits.com\\\/no\\\/#website\",\"url\":\"https:\\\/\\\/www.top5credits.com\\\/no\\\/\",\"name\":\"Top5Credits.com Norge\",\"description\":\"Sammenlign og finn de beste l\u00e5nene\",\"publisher\":{\"@id\":\"https:\\\/\\\/www.top5credits.com\\\/no\\\/#organization\"},\"potentialAction\":[{\"@type\":\"SearchAction\",\"target\":{\"@type\":\"EntryPoint\",\"urlTemplate\":\"https:\\\/\\\/www.top5credits.com\\\/no\\\/?s={search_term_string}\"},\"query-input\":{\"@type\":\"PropertyValueSpecification\",\"valueRequired\":true,\"valueName\":\"search_term_string\"}}],\"inLanguage\":\"nb-NO\"},{\"@type\":\"Organization\",\"@id\":\"https:\\\/\\\/www.top5credits.com\\\/no\\\/#organization\",\"name\":\"Top5Credits.com\",\"url\":\"https:\\\/\\\/www.top5credits.com\\\/no\\\/\",\"logo\":{\"@type\":\"ImageObject\",\"inLanguage\":\"nb-NO\",\"@id\":\"https:\\\/\\\/www.top5credits.com\\\/no\\\/#\\\/schema\\\/logo\\\/image\\\/\",\"url\":\"https:\\\/\\\/cdn.top5credits.com\\\/no\\\/wp-content\\\/uploads\\\/sites\\\/4\\\/2023\\\/10\\\/t5c-favicon.png\",\"contentUrl\":\"https:\\\/\\\/cdn.top5credits.com\\\/no\\\/wp-content\\\/uploads\\\/sites\\\/4\\\/2023\\\/10\\\/t5c-favicon.png\",\"width\":512,\"height\":512,\"caption\":\"Top5Credits.com\"},\"image\":{\"@id\":\"https:\\\/\\\/www.top5credits.com\\\/no\\\/#\\\/schema\\\/logo\\\/image\\\/\"},\"sameAs\":[\"https:\\\/\\\/www.facebook.com\\\/Top5Credits-Norge-705688976528147\"]}]}<\/script>\n<!-- \/ Yoast SEO plugin. -->","yoast_head_json":{"title":"Visa-kredittkort - Top5Credits.com","description":"Visa representerer en av verdens mest anerkjente og p\u00e5litelige betalingsl\u00f8sninger, kjent for sin utbredte aksept og brukervennlighet.","robots":{"index":"index","follow":"follow","max-snippet":"max-snippet:-1","max-image-preview":"max-image-preview:large","max-video-preview":"max-video-preview:-1"},"canonical":"https:\/\/www.top5credits.com\/no\/visa-kredittkort\/","og_locale":"nb_NO","og_type":"article","og_title":"Visa-kredittkort - Top5Credits.com","og_description":"Visa representerer en av verdens mest anerkjente og p\u00e5litelige betalingsl\u00f8sninger, kjent for sin utbredte aksept og brukervennlighet.","og_url":"https:\/\/www.top5credits.com\/no\/visa-kredittkort\/","og_site_name":"Top5Credits.com Norge","article_publisher":"https:\/\/www.facebook.com\/Top5Credits-Norge-705688976528147","article_modified_time":"2024-10-25T06:44:19+00:00","og_image":[{"url":"https:\/\/cdn.top5credits.com\/no\/wp-content\/uploads\/sites\/4\/2024\/02\/Visa-kredittkort.jpg?cdn=1.1.0","type":"","width":"","height":""}],"twitter_card":"summary_large_image","twitter_misc":{"Ansl. lesetid":"2 minutter"},"schema":{"@context":"https:\/\/schema.org","@graph":[{"@type":"WebPage","@id":"https:\/\/www.top5credits.com\/no\/visa-kredittkort\/","url":"https:\/\/www.top5credits.com\/no\/visa-kredittkort\/","name":"Visa-kredittkort - Top5Credits.com","isPartOf":{"@id":"https:\/\/www.top5credits.com\/no\/#website"},"primaryImageOfPage":{"@id":"https:\/\/www.top5credits.com\/no\/visa-kredittkort\/#primaryimage"},"image":{"@id":"https:\/\/www.top5credits.com\/no\/visa-kredittkort\/#primaryimage"},"thumbnailUrl":"https:\/\/cdn.top5credits.com\/no\/wp-content\/uploads\/sites\/4\/2024\/02\/Visa-kredittkort.jpg?cdn=1.1.0","datePublished":"2024-02-01T11:39:03+00:00","dateModified":"2024-10-25T06:44:19+00:00","description":"Visa representerer en av verdens mest anerkjente og p\u00e5litelige betalingsl\u00f8sninger, kjent for sin utbredte aksept og brukervennlighet.","breadcrumb":{"@id":"https:\/\/www.top5credits.com\/no\/visa-kredittkort\/#breadcrumb"},"inLanguage":"nb-NO","potentialAction":[{"@type":"ReadAction","target":["https:\/\/www.top5credits.com\/no\/visa-kredittkort\/"]}]},{"@type":"ImageObject","inLanguage":"nb-NO","@id":"https:\/\/www.top5credits.com\/no\/visa-kredittkort\/#primaryimage","url":"https:\/\/cdn.top5credits.com\/no\/wp-content\/uploads\/sites\/4\/2024\/02\/Visa-kredittkort.jpg?cdn=1.1.0","contentUrl":"https:\/\/cdn.top5credits.com\/no\/wp-content\/uploads\/sites\/4\/2024\/02\/Visa-kredittkort.jpg?cdn=1.1.0","width":1200,"height":628},{"@type":"BreadcrumbList","@id":"https:\/\/www.top5credits.com\/no\/visa-kredittkort\/#breadcrumb","itemListElement":[{"@type":"ListItem","position":1,"name":"Top5Credits.com","item":"https:\/\/www.top5credits.com\/no\/"},{"@type":"ListItem","position":2,"name":"Visa-kredittkort"}]},{"@type":"WebSite","@id":"https:\/\/www.top5credits.com\/no\/#website","url":"https:\/\/www.top5credits.com\/no\/","name":"Top5Credits.com Norge","description":"Sammenlign og finn de beste l\u00e5nene","publisher":{"@id":"https:\/\/www.top5credits.com\/no\/#organization"},"potentialAction":[{"@type":"SearchAction","target":{"@type":"EntryPoint","urlTemplate":"https:\/\/www.top5credits.com\/no\/?s={search_term_string}"},"query-input":{"@type":"PropertyValueSpecification","valueRequired":true,"valueName":"search_term_string"}}],"inLanguage":"nb-NO"},{"@type":"Organization","@id":"https:\/\/www.top5credits.com\/no\/#organization","name":"Top5Credits.com","url":"https:\/\/www.top5credits.com\/no\/","logo":{"@type":"ImageObject","inLanguage":"nb-NO","@id":"https:\/\/www.top5credits.com\/no\/#\/schema\/logo\/image\/","url":"https:\/\/cdn.top5credits.com\/no\/wp-content\/uploads\/sites\/4\/2023\/10\/t5c-favicon.png","contentUrl":"https:\/\/cdn.top5credits.com\/no\/wp-content\/uploads\/sites\/4\/2023\/10\/t5c-favicon.png","width":512,"height":512,"caption":"Top5Credits.com"},"image":{"@id":"https:\/\/www.top5credits.com\/no\/#\/schema\/logo\/image\/"},"sameAs":["https:\/\/www.facebook.com\/Top5Credits-Norge-705688976528147"]}]}},"_links":{"self":[{"href":"https:\/\/www.top5credits.com\/no\/wp-json\/wp\/v2\/pages\/5165","targetHints":{"allow":["GET"]}}],"collection":[{"href":"https:\/\/www.top5credits.com\/no\/wp-json\/wp\/v2\/pages"}],"about":[{"href":"https:\/\/www.top5credits.com\/no\/wp-json\/wp\/v2\/types\/page"}],"author":[{"embeddable":true,"href":"https:\/\/www.top5credits.com\/no\/wp-json\/wp\/v2\/users\/17"}],"replies":[{"embeddable":true,"href":"https:\/\/www.top5credits.com\/no\/wp-json\/wp\/v2\/comments?post=5165"}],"version-history":[{"count":1,"href":"https:\/\/www.top5credits.com\/no\/wp-json\/wp\/v2\/pages\/5165\/revisions"}],"predecessor-version":[{"id":5408,"href":"https:\/\/www.top5credits.com\/no\/wp-json\/wp\/v2\/pages\/5165\/revisions\/5408"}],"wp:attachment":[{"href":"https:\/\/www.top5credits.com\/no\/wp-json\/wp\/v2\/media?parent=5165"}],"curies":[{"name":"wp","href":"https:\/\/api.w.org\/{rel}","templated":true}]}}