{"id":8,"date":"2019-03-13T12:21:14","date_gmt":"2019-03-13T12:21:14","guid":{"rendered":"https:\/\/www.top5credits.com\/no\/?page_id=8"},"modified":"2026-01-05T11:44:40","modified_gmt":"2026-01-05T10:44:40","slug":"startsiden","status":"publish","type":"page","link":"https:\/\/www.top5credits.com\/no\/","title":{"rendered":"Startsiden"},"content":{"rendered":"\n<div class=\"wp-block-group front-page\"><div class=\"wp-block-group__inner-container is-layout-flow wp-block-group-is-layout-flow\">\n<div class=\"wp-block-columns is-layout-flex wp-container-core-columns-is-layout-9d6595d7 wp-block-columns-is-layout-flex\">\n<div class=\"wp-block-column is-layout-flow wp-block-column-is-layout-flow\">\n<h1 class=\"wp-block-heading has-text-align-left\">S\u00f8k opptil 600 000 kr &#8211; du f\u00e5r alltid minst 5 l\u00e5nealternativer<\/h1>\n\n\n\n<p class=\"has-text-align-left\">Vi finner l\u00e5nealternativer for ulike behov! N\u00e5 kan det s\u00e6rlig v\u00e6re lurt \u00e5 vurdere refinansiering.<\/p>\n\n\n\n<ul class=\"wp-block-list dm-ctalist\">\n<li><a href=\"https:\/\/www.top5credits.com\/no\/sammenligning-av-lan\/\">Forbruksl\u00e5n<\/a><\/li>\n\n\n\n<li><a href=\"https:\/\/www.top5credits.com\/no\/refinansieringslan\/\">Refinansiering<\/a><\/li>\n<\/ul>\n\n\n\n<ul class=\"wp-block-list dm-ctalist\">\n<li><a href=\"https:\/\/www.top5credits.com\/no\/sammenligning-av-lan\/lan-uten-sikkerhet\/\">L\u00e5n uten sikkerhet<\/a><\/li>\n\n\n\n<li><a href=\"https:\/\/www.top5credits.com\/no\/kredittkort\/\">Kredittkort<\/a><\/li>\n<\/ul>\n<\/div>\n\n\n\n<div class=\"wp-block-column is-layout-flow wp-block-column-is-layout-flow\">\n<\/div>\n<\/div>\n<\/div><\/div>\n\n\n\n<h2 class=\"wp-block-heading has-text-align-center\">Vi presenterer l\u00e5nemuligheter i Norge<\/h2>\n\n\n\n<figure class=\"wp-block-gallery has-nested-images columns-6 is-cropped wp-block-gallery-1 is-layout-flex wp-block-gallery-is-layout-flex\">\n<figure class=\"wp-block-image size-large\"><img decoding=\"async\" src=\"https:\/\/www.top5credits.com\/images\/nor\/sambla.jpg\" alt=\"Sambla\" \/><\/figure>\n\n\n\n<figure class=\"wp-block-image size-large\"><img decoding=\"async\" src=\"https:\/\/www.top5credits.com\/images\/nor\/remember.jpg\" alt=\"re:member\" \/><\/figure>\n\n\n\n<figure class=\"wp-block-image size-large\"><img decoding=\"async\" src=\"https:\/\/www.top5credits.com\/images\/nor\/axofinans.jpg\" alt=\"Axo Finans\" \/><\/figure>\n\n\n\n<figure class=\"wp-block-image size-large\"><img decoding=\"async\" src=\"https:\/\/www.top5credits.com\/images\/nor\/resursbank.jpg\" alt=\"Resurs Bank\" \/><\/figure>\n\n\n\n<figure class=\"wp-block-image size-large\"><img decoding=\"async\" src=\"https:\/\/www.top5credits.com\/images\/nor\/lendo300x.jpg\" alt=\"Lendo\" \/><\/figure>\n\n\n\n<figure class=\"wp-block-image size-large\"><img decoding=\"async\" src=\"https:\/\/cdn.top5credits.com\/images\/nor\/banknorwegian.jpg\" alt=\"Bank Norwegian\" \/><\/figure>\n<\/figure>\n\n\n\n<div style=\"height:40px\" aria-hidden=\"true\" class=\"wp-block-spacer\"><\/div>\n\n\n\n<h2 class=\"wp-block-heading has-text-align-center\">Hvordan gj\u00f8r vi det?<\/h2>\n\n\n\n<p>Trenger du et l\u00e5n, men synes det er vanskelig \u00e5 finne det rette alternativet? Konkurransen om kundene i Norge er t\u00f8ff. Nye banker, l\u00e5netjenester og l\u00e5nemeglere dukker stadig opp, s\u00e5 hvordan kan du finne det riktige l\u00e5net som passer til dine behov?<\/p>\n\n\n\n<p><strong>Det ordner vi for deg med v\u00e5r gratis og p\u00e5litelige tjeneste.<\/strong><\/p>\n\n\n\n<p>Fortell oss hva slags l\u00e5n du har behov for og se forskjellige l\u00e5nealternativer. Vi har unders\u00f8kt l\u00e5nemuligheter i Norge (for eksempel <a title=\"Lendo anmeldelse\" href=\"https:\/\/www.top5credits.com\/no\/anmeldelser\/lendo\/\">Lendo<\/a>, <a href=\"https:\/\/www.top5credits.com\/no\/anmeldelser\/bank-norwegian\/\">Bank Norwegian<\/a>, <a href=\"https:\/\/www.top5credits.com\/no\/anmeldelser\/axo-finans\/\">Axo Finans<\/a> og <a title=\"Santander anmeldelse\" href=\"https:\/\/www.top5credits.com\/no\/anmeldelser\/santander-consumer-bank\/\">Santander<\/a>).<\/p>\n\n\n\n<p><strong>Vi foresl\u00e5r fem forh\u00e5ndsutvalgte alternativer<\/strong>, deres fordeler og ulemper og selvf\u00f8lgelig ansl\u00e5tt rente, l\u00e5netid og andre kriterier. Du kan selvf\u00f8lgelig se enda flere alternativer om du vil. <\/p>\n\n\n\n<div style=\"height:40px\" aria-hidden=\"true\" class=\"wp-block-spacer\"><\/div>\n\n\n<div class=\"draivi-google-reviews\">\r\n        <div class=\"draivi-total-rate-reviews\">\r\n        <div class=\"google-widget\">\r\n            <div class=\"google-icon\"><img loading=\"lazy\" decoding=\"async\" src=\"https:\/\/www.top5credits.com\/no\/wp-content\/plugins\/draivi_widgets\/assets\/google.png\"\r\n                        alt=\"Google Logo\" width=\"20\" height=\"20\"><\/div>\r\n                                    <div class=\"star-rating\" style=\"display:none;\"><\/div>\r\n                    <\/div>\r\n        <div>\r\n            <a href=\"https:\/\/www.google.com\/search?sa=X&sca_esv=24bbad5dfa0464e6&sca_upv=1&rlz=1C1ONGR_enFI1061FI1061&tbm=lcl&q=Top5Credits.com+Reviews&rflfq=1&num=20&stick=H4sIAAAAAAAAAONgkxIxNDAzMjY1sLQwNzA1NzU0MbM0MNjAyPiKUTwkv8DUuSg1JbOkWC85P1chKLUsM7W8eBErLhkAdcfpRU8AAAA&rldimm=10623509870575146900&hl=en-FI&ved=2ahUKEwj46aesjtaGAxXRKBAIHQyQD40Q9fQKegQILxAF&biw=2048&bih=1018&dpr=1.25#lkt=LocalPoiReviews\"\r\n                class=\"reviews-button\" target=\"_blank\">Les mer<\/a>\r\n        <\/div>\r\n            <\/div>\r\n    \r\n        <div class=\"draivi-reviews\">\r\n        <div class=\"review-slider-container\">\r\n            <button class=\"review-prev\">&#10094;<\/button>\r\n            <div class=\"review-slider\">\r\n                                                <div class=\"draivi-review\">\r\n                    <div class=\"stars-and-logo\">\r\n                        <div class=\"stars\" data-rating=\"5\">\r\n                            <span class=\"star filled\">\u2605<\/span><span class=\"star filled\">\u2605<\/span><span class=\"star filled\">\u2605<\/span><span class=\"star filled\">\u2605<\/span><span class=\"star filled\">\u2605<\/span>                        <\/div>\r\n                        <div class=\"google-icon\">\r\n                            <img loading=\"lazy\" decoding=\"async\" src=\"https:\/\/www.top5credits.com\/no\/wp-content\/plugins\/draivi_widgets\/assets\/google.png\" alt=\"Google Logo\" width=\"30\" height=\"30\">                        <\/div>\r\n                    <\/div>\r\n                    <p class=\"review-comment\">\r\n                        <span class=\"short-comment\">Sivustolla liikkuminen on vaivatonta ja helppoa!<\/span>                    <\/p>\r\n                    <div class=\"auth\">\r\n                                                <p><img decoding=\"async\" src=\"https:\/\/lh3.googleusercontent.com\/a\/ACg8ocKmpO6Gzp7yz768SaDw5yeEbeoKXAfMOanTwuncrPHgGwwFow=s128-c0x00000000-cc-rp-mo\"\r\n                                alt=\"Heidi Lahti\" width=\"50\"><\/p>\r\n                                                <div class=\"auth-name\">\r\n                            <p>Heidi Lahti<\/p>\r\n                            <p class=\"date\">10.11.2023 <\/p>\r\n                        <\/div>\r\n                    <\/div>\r\n                <\/div>\r\n                                                                <div class=\"draivi-review\">\r\n                    <div class=\"stars-and-logo\">\r\n                        <div class=\"stars\" data-rating=\"5\">\r\n                            <span class=\"star filled\">\u2605<\/span><span class=\"star filled\">\u2605<\/span><span class=\"star filled\">\u2605<\/span><span class=\"star filled\">\u2605<\/span><span class=\"star filled\">\u2605<\/span>                        <\/div>\r\n                        <div class=\"google-icon\">\r\n                            <img loading=\"lazy\" decoding=\"async\" src=\"https:\/\/www.top5credits.com\/no\/wp-content\/plugins\/draivi_widgets\/assets\/google.png\" alt=\"Google Logo\" width=\"30\" height=\"30\">                        <\/div>\r\n                    <\/div>\r\n                    <p class=\"review-comment\">\r\n                        <span class=\"short-comment\">Eritt\u00e4in selke\u00e4 ja toimiva palvelu! Suosittelen<\/span>                    <\/p>\r\n                    <div class=\"auth\">\r\n                                                <p><img decoding=\"async\" src=\"https:\/\/lh3.googleusercontent.com\/a-\/ALV-UjX69a5XDifAkzmQi9p6pKGuEE83LK7IBYKpRslpGnb7ICGlDxCRPQ=s128-c0x00000000-cc-rp-mo-ba5\"\r\n                                alt=\"johannes suni\" width=\"50\"><\/p>\r\n                                                <div class=\"auth-name\">\r\n                            <p>johannes suni<\/p>\r\n                            <p class=\"date\">14.05.2020 <\/p>\r\n                        <\/div>\r\n                    <\/div>\r\n                <\/div>\r\n                                                                <div class=\"draivi-review\">\r\n                    <div class=\"stars-and-logo\">\r\n                        <div class=\"stars\" data-rating=\"5\">\r\n                            <span class=\"star filled\">\u2605<\/span><span class=\"star filled\">\u2605<\/span><span class=\"star filled\">\u2605<\/span><span class=\"star filled\">\u2605<\/span><span class=\"star filled\">\u2605<\/span>                        <\/div>\r\n                        <div class=\"google-icon\">\r\n                            <img loading=\"lazy\" decoding=\"async\" src=\"https:\/\/www.top5credits.com\/no\/wp-content\/plugins\/draivi_widgets\/assets\/google.png\" alt=\"Google Logo\" width=\"30\" height=\"30\">                        <\/div>\r\n                    <\/div>\r\n                    <p class=\"review-comment\">\r\n                        <span class=\"short-comment\"><\/span>                    <\/p>\r\n                    <div class=\"auth\">\r\n                                                <p><img decoding=\"async\" src=\"https:\/\/lh3.googleusercontent.com\/a-\/ALV-UjWpg4y1ZM7-b5HMua42l0FImDj9Bm0McYY2As8Y5DO6oXxxwZI=s128-c0x00000000-cc-rp-mo-ba2\"\r\n                                alt=\"Ad\u00e1n Mendoza\" width=\"50\"><\/p>\r\n                                                <div class=\"auth-name\">\r\n                            <p>Ad\u00e1n Mendoza<\/p>\r\n                            <p class=\"date\">06.10.2020 <\/p>\r\n                        <\/div>\r\n                    <\/div>\r\n                <\/div>\r\n                                                                            <\/div>\r\n            <button class=\"review-next\">&#10095;<\/button>\r\n        <\/div>\r\n    <\/div>\r\n    <\/div>\r\n\n\n\n\n<div class=\"wp-block-columns has-2-columns is-layout-flex wp-container-core-columns-is-layout-9d6595d7 wp-block-columns-is-layout-flex\">\n<div class=\"wp-block-column is-layout-flow wp-block-column-is-layout-flow\"><div class=\"wp-block-image\">\n<figure class=\"aligncenter size-full\"><img loading=\"lazy\" decoding=\"async\" width=\"300\" height=\"274\" src=\"https:\/\/www.top5credits.com\/no\/wp-content\/uploads\/sites\/4\/2019\/06\/code-from-finland.png\" alt=\"code from finland\" class=\"wp-image-75\" \/><\/figure>\n<\/div><\/div>\n\n\n\n<div class=\"wp-block-column is-layout-flow wp-block-column-is-layout-flow\"><div class=\"wp-block-image\">\n<figure class=\"aligncenter size-full\"><img loading=\"lazy\" decoding=\"async\" width=\"258\" height=\"274\" src=\"https:\/\/www.top5credits.com\/no\/wp-content\/uploads\/sites\/4\/2019\/06\/letsencrypt-logo.png\" alt=\"letsencrypt logo\" class=\"wp-image-76\" \/><figcaption class=\"wp-element-caption\"><em>\u00ae Let&#8217;s Encrypt is a trademark of the Internet Security Research Group. All rights reserved. &nbsp; <\/em><a href=\"https:\/\/creativecommons.org\/licenses\/by-nc\/4.0\/\">(CC BY-NC 4.0)<\/a><\/figcaption><\/figure>\n<\/div><\/div>\n<\/div>\n\n\n\n<div style=\"height:40px\" aria-hidden=\"true\" class=\"wp-block-spacer\"><\/div>\n\n\n\n<h2 class=\"wp-block-heading has-text-align-center\">Siste innlegg<\/h2>\n\n\n<div class=\"latest-posts\"><a href=\"https:\/\/www.top5credits.com\/no\/artikler\/refinansiering-uten-sikkerhet\/\" class=\"latest-post-card\"><div class=\"thumbnail\"><img loading=\"lazy\" decoding=\"async\" width=\"1200\" height=\"628\" src=\"https:\/\/cdn.top5credits.com\/no\/wp-content\/uploads\/sites\/4\/2026\/02\/sjekk-ut-sommerens-10.png?cdn=1.1.0\" class=\"attachment-post-thumbnail size-post-thumbnail wp-post-image\" alt=\"\" srcset=\"https:\/\/cdn.top5credits.com\/no\/wp-content\/uploads\/sites\/4\/2026\/02\/sjekk-ut-sommerens-10.png?cdn=1.1.0 1200w, https:\/\/cdn.top5credits.com\/no\/wp-content\/uploads\/sites\/4\/2026\/02\/sjekk-ut-sommerens-10-300x157.png?cdn=1.1.0 300w, https:\/\/cdn.top5credits.com\/no\/wp-content\/uploads\/sites\/4\/2026\/02\/sjekk-ut-sommerens-10-1024x536.png?cdn=1.1.0 1024w, https:\/\/cdn.top5credits.com\/no\/wp-content\/uploads\/sites\/4\/2026\/02\/sjekk-ut-sommerens-10-768x402.png?cdn=1.1.0 768w\" sizes=\"auto, (max-width: 1200px) 100vw, 1200px\" style=\"width:100%;height:52.33%;max-width:1200px;\" \/><\/div><div class=\"post-content\"><p class=\"date\">11\/02\/2026<\/p class=\"date\"><h4>REFINANSIERING uten sikkerhet &#8211; n\u00e5r er det relevant for deg?<\/h4><p>Mange tror at man m\u00e5 ta pant i bolig for \u00e5 kunne s\u00f8ke refinansiering. Det er ikke alltid n\u00f8dvendig. Hos oss kan du sammenligne banker<p class=\"more-link\">Fortsett \u00e5 lese <span class=\"screen-reader-text\">REFINANSIERING uten sikkerhet &#8211; n\u00e5r er det relevant for deg?<\/span><\/p><\/p><\/div><\/a><a href=\"https:\/\/www.top5credits.com\/no\/artikler\/ok\/\" class=\"latest-post-card\"><div class=\"thumbnail\"><img loading=\"lazy\" decoding=\"async\" width=\"1200\" height=\"628\" src=\"https:\/\/cdn.top5credits.com\/no\/wp-content\/uploads\/sites\/4\/2026\/01\/sjekk-ut-sommerens-9.png?cdn=1.1.0\" class=\"attachment-post-thumbnail size-post-thumbnail wp-post-image\" alt=\"\" srcset=\"https:\/\/cdn.top5credits.com\/no\/wp-content\/uploads\/sites\/4\/2026\/01\/sjekk-ut-sommerens-9.png?cdn=1.1.0 1200w, https:\/\/cdn.top5credits.com\/no\/wp-content\/uploads\/sites\/4\/2026\/01\/sjekk-ut-sommerens-9-300x157.png?cdn=1.1.0 300w, https:\/\/cdn.top5credits.com\/no\/wp-content\/uploads\/sites\/4\/2026\/01\/sjekk-ut-sommerens-9-1024x536.png?cdn=1.1.0 1024w, https:\/\/cdn.top5credits.com\/no\/wp-content\/uploads\/sites\/4\/2026\/01\/sjekk-ut-sommerens-9-768x402.png?cdn=1.1.0 768w\" sizes=\"auto, (max-width: 1200px) 100vw, 1200px\" style=\"width:100%;height:52.33%;max-width:1200px;\" \/><\/div><div class=\"post-content\"><p class=\"date\">05\/01\/2026<\/p class=\"date\"><h4>\u00d8konomi i 2026: Hva har endret seg \u2013 og hva er fortsatt like viktig?<\/h4><p>La oss ta en titt p\u00e5 hvordan 2026 ser ut etter nytt\u00e5r. \u00d8konomien utvikler seg hele tiden, men noen ting endrer seg raskere enn andre.<p class=\"more-link\">Fortsett \u00e5 lese <span class=\"screen-reader-text\">\u00d8konomi i 2026: Hva har endret seg \u2013 og hva er fortsatt like viktig?<\/span><\/p><\/p><\/div><\/a><a href=\"https:\/\/www.top5credits.com\/no\/finansiering\/beskyttelse-mot-identitetstyveri\/\" class=\"latest-post-card\"><div class=\"thumbnail\"><img loading=\"lazy\" decoding=\"async\" width=\"1200\" height=\"630\" src=\"https:\/\/cdn.top5credits.com\/no\/wp-content\/uploads\/sites\/4\/2022\/08\/Beskyttelse-mot-identitetstyveri.jpg?cdn=1.1.0\" class=\"attachment-post-thumbnail size-post-thumbnail wp-post-image\" alt=\"Beskyttelse mot identitetstyveri\" srcset=\"https:\/\/cdn.top5credits.com\/no\/wp-content\/uploads\/sites\/4\/2022\/08\/Beskyttelse-mot-identitetstyveri.jpg?cdn=1.1.0 1200w, https:\/\/cdn.top5credits.com\/no\/wp-content\/uploads\/sites\/4\/2022\/08\/Beskyttelse-mot-identitetstyveri-300x158.jpg?cdn=1.1.0 300w, https:\/\/cdn.top5credits.com\/no\/wp-content\/uploads\/sites\/4\/2022\/08\/Beskyttelse-mot-identitetstyveri-1024x538.jpg?cdn=1.1.0 1024w, https:\/\/cdn.top5credits.com\/no\/wp-content\/uploads\/sites\/4\/2022\/08\/Beskyttelse-mot-identitetstyveri-768x403.jpg?cdn=1.1.0 768w\" sizes=\"auto, (max-width: 1200px) 100vw, 1200px\" style=\"width:100%;height:52.5%;max-width:1200px;\" \/><\/div><div class=\"post-content\"><p class=\"date\">14\/08\/2025<\/p class=\"date\"><h4>Beskyttelse mot identitetstyveri<\/h4><p>En hacker eller andre kriminelle med litt p\u00e5gangsmot, eller bare en som er litt nysgjerrig kan f\u00e5 tak i en sjokkerende stor mengde opplysninger om<p class=\"more-link\">Fortsett \u00e5 lese <span class=\"screen-reader-text\">Beskyttelse mot identitetstyveri<\/span><\/p><\/p><\/div><\/a><\/div>\n","protected":false},"excerpt":{"rendered":"<p>S\u00f8k opptil 600 000 kr &#8211; du f\u00e5r alltid minst 5 l\u00e5nealternativer Vi finner l\u00e5nealternativer for ulike behov! N\u00e5 kan det s\u00e6rlig v\u00e6re lurt \u00e5<\/p>\n<p class=\"more-link\">Fortsett \u00e5 lese <span class=\"screen-reader-text\">Beskyttelse mot identitetstyveri<\/span><\/p>\n","protected":false},"author":2,"featured_media":138,"parent":0,"menu_order":0,"comment_status":"closed","ping_status":"closed","template":"","meta":{"footnotes":""},"class_list":["post-8","page","type-page","status-publish","has-post-thumbnail","hentry","entry"],"yoast_head":"<!-- This site is optimized with the Yoast SEO plugin v27.3 - https:\/\/yoast.com\/product\/yoast-seo-wordpress\/ -->\n<title>Finn de beste og billigste l\u00e5nene hos Top5Credits<\/title>\n<meta name=\"description\" content=\"Vi har l\u00e5nealternativer for ulike behov. Fortell oss hvilke behov du har og vi viser deg flere l\u00e5nealternativer.\" \/>\n<meta name=\"robots\" content=\"index, follow, max-snippet:-1, max-image-preview:large, max-video-preview:-1\" \/>\n<link rel=\"canonical\" href=\"https:\/\/www.top5credits.com\/no\/\" \/>\n<meta property=\"og:locale\" content=\"nb_NO\" \/>\n<meta property=\"og:type\" content=\"article\" \/>\n<meta property=\"og:title\" content=\"Finn de beste og billigste l\u00e5nene hos Top5Credits\" \/>\n<meta property=\"og:description\" content=\"Vi har l\u00e5nealternativer for ulike behov. Fortell oss hvilke behov du har og vi viser deg flere l\u00e5nealternativer.\" \/>\n<meta property=\"og:url\" content=\"https:\/\/www.top5credits.com\/no\/\" \/>\n<meta property=\"og:site_name\" content=\"Top5Credits.com Norge\" \/>\n<meta property=\"article:publisher\" content=\"https:\/\/www.facebook.com\/Top5Credits-Norge-705688976528147\" \/>\n<meta property=\"article:modified_time\" content=\"2026-01-05T10:44:40+00:00\" \/>\n<meta property=\"og:image\" content=\"https:\/\/cdn.top5credits.com\/no\/wp-content\/uploads\/sites\/4\/2019\/06\/top5-og.jpg?cdn=1.1.0\" \/>\n\t<meta property=\"og:image:width\" content=\"1200\" \/>\n\t<meta property=\"og:image:height\" content=\"630\" \/>\n\t<meta property=\"og:image:type\" content=\"image\/jpeg\" \/>\n<meta name=\"twitter:card\" content=\"summary_large_image\" \/>\n<meta name=\"twitter:label1\" content=\"Ansl. lesetid\" \/>\n\t<meta name=\"twitter:data1\" content=\"3 minutter\" \/>\n<script type=\"application\/ld+json\" class=\"yoast-schema-graph\">{\"@context\":\"https:\\\/\\\/schema.org\",\"@graph\":[{\"@type\":\"WebPage\",\"@id\":\"https:\\\/\\\/www.top5credits.com\\\/no\\\/\",\"url\":\"https:\\\/\\\/www.top5credits.com\\\/no\\\/\",\"name\":\"Finn de beste og billigste l\u00e5nene hos Top5Credits\",\"isPartOf\":{\"@id\":\"https:\\\/\\\/www.top5credits.com\\\/no\\\/#website\"},\"primaryImageOfPage\":{\"@id\":\"https:\\\/\\\/www.top5credits.com\\\/no\\\/#primaryimage\"},\"image\":{\"@id\":\"https:\\\/\\\/www.top5credits.com\\\/no\\\/#primaryimage\"},\"thumbnailUrl\":\"https:\\\/\\\/www.top5credits.com\\\/no\\\/wp-content\\\/uploads\\\/sites\\\/4\\\/2019\\\/06\\\/top5-og.jpg\",\"datePublished\":\"2019-03-13T12:21:14+00:00\",\"dateModified\":\"2026-01-05T10:44:40+00:00\",\"description\":\"Vi har l\u00e5nealternativer for ulike behov. Fortell oss hvilke behov du har og vi viser deg flere l\u00e5nealternativer.\",\"breadcrumb\":{\"@id\":\"https:\\\/\\\/www.top5credits.com\\\/no\\\/#breadcrumb\"},\"inLanguage\":\"nb-NO\",\"potentialAction\":[{\"@type\":\"ReadAction\",\"target\":[\"https:\\\/\\\/www.top5credits.com\\\/no\\\/\"]}]},{\"@type\":\"ImageObject\",\"inLanguage\":\"nb-NO\",\"@id\":\"https:\\\/\\\/www.top5credits.com\\\/no\\\/#primaryimage\",\"url\":\"https:\\\/\\\/www.top5credits.com\\\/no\\\/wp-content\\\/uploads\\\/sites\\\/4\\\/2019\\\/06\\\/top5-og.jpg\",\"contentUrl\":\"https:\\\/\\\/www.top5credits.com\\\/no\\\/wp-content\\\/uploads\\\/sites\\\/4\\\/2019\\\/06\\\/top5-og.jpg\",\"width\":1200,\"height\":630,\"caption\":\"Top5Credits\"},{\"@type\":\"BreadcrumbList\",\"@id\":\"https:\\\/\\\/www.top5credits.com\\\/no\\\/#breadcrumb\",\"itemListElement\":[{\"@type\":\"ListItem\",\"position\":1,\"name\":\"Top5Credits.com\",\"item\":\"https:\\\/\\\/www.top5credits.com\\\/no\\\/\"},{\"@type\":\"ListItem\",\"position\":2,\"name\":\"Startsiden\"}]},{\"@type\":\"WebSite\",\"@id\":\"https:\\\/\\\/www.top5credits.com\\\/no\\\/#website\",\"url\":\"https:\\\/\\\/www.top5credits.com\\\/no\\\/\",\"name\":\"Top5Credits.com Norge\",\"description\":\"Sammenlign og finn de beste l\u00e5nene\",\"publisher\":{\"@id\":\"https:\\\/\\\/www.top5credits.com\\\/no\\\/#organization\"},\"potentialAction\":[{\"@type\":\"SearchAction\",\"target\":{\"@type\":\"EntryPoint\",\"urlTemplate\":\"https:\\\/\\\/www.top5credits.com\\\/no\\\/?s={search_term_string}\"},\"query-input\":{\"@type\":\"PropertyValueSpecification\",\"valueRequired\":true,\"valueName\":\"search_term_string\"}}],\"inLanguage\":\"nb-NO\"},{\"@type\":\"Organization\",\"@id\":\"https:\\\/\\\/www.top5credits.com\\\/no\\\/#organization\",\"name\":\"Top5Credits.com\",\"url\":\"https:\\\/\\\/www.top5credits.com\\\/no\\\/\",\"logo\":{\"@type\":\"ImageObject\",\"inLanguage\":\"nb-NO\",\"@id\":\"https:\\\/\\\/www.top5credits.com\\\/no\\\/#\\\/schema\\\/logo\\\/image\\\/\",\"url\":\"https:\\\/\\\/cdn.top5credits.com\\\/no\\\/wp-content\\\/uploads\\\/sites\\\/4\\\/2023\\\/10\\\/t5c-favicon.png\",\"contentUrl\":\"https:\\\/\\\/cdn.top5credits.com\\\/no\\\/wp-content\\\/uploads\\\/sites\\\/4\\\/2023\\\/10\\\/t5c-favicon.png\",\"width\":512,\"height\":512,\"caption\":\"Top5Credits.com\"},\"image\":{\"@id\":\"https:\\\/\\\/www.top5credits.com\\\/no\\\/#\\\/schema\\\/logo\\\/image\\\/\"},\"sameAs\":[\"https:\\\/\\\/www.facebook.com\\\/Top5Credits-Norge-705688976528147\"]}]}<\/script>\n<!-- \/ Yoast SEO plugin. -->","yoast_head_json":{"title":"Finn de beste og billigste l\u00e5nene hos Top5Credits","description":"Vi har l\u00e5nealternativer for ulike behov. Fortell oss hvilke behov du har og vi viser deg flere l\u00e5nealternativer.","robots":{"index":"index","follow":"follow","max-snippet":"max-snippet:-1","max-image-preview":"max-image-preview:large","max-video-preview":"max-video-preview:-1"},"canonical":"https:\/\/www.top5credits.com\/no\/","og_locale":"nb_NO","og_type":"article","og_title":"Finn de beste og billigste l\u00e5nene hos Top5Credits","og_description":"Vi har l\u00e5nealternativer for ulike behov. Fortell oss hvilke behov du har og vi viser deg flere l\u00e5nealternativer.","og_url":"https:\/\/www.top5credits.com\/no\/","og_site_name":"Top5Credits.com Norge","article_publisher":"https:\/\/www.facebook.com\/Top5Credits-Norge-705688976528147","article_modified_time":"2026-01-05T10:44:40+00:00","og_image":[{"width":1200,"height":630,"url":"https:\/\/cdn.top5credits.com\/no\/wp-content\/uploads\/sites\/4\/2019\/06\/top5-og.jpg?cdn=1.1.0","type":"image\/jpeg"}],"twitter_card":"summary_large_image","twitter_misc":{"Ansl. lesetid":"3 minutter"},"schema":{"@context":"https:\/\/schema.org","@graph":[{"@type":"WebPage","@id":"https:\/\/www.top5credits.com\/no\/","url":"https:\/\/www.top5credits.com\/no\/","name":"Finn de beste og billigste l\u00e5nene hos Top5Credits","isPartOf":{"@id":"https:\/\/www.top5credits.com\/no\/#website"},"primaryImageOfPage":{"@id":"https:\/\/www.top5credits.com\/no\/#primaryimage"},"image":{"@id":"https:\/\/www.top5credits.com\/no\/#primaryimage"},"thumbnailUrl":"https:\/\/cdn.top5credits.com\/no\/wp-content\/uploads\/sites\/4\/2019\/06\/top5-og.jpg?cdn=1.1.0","datePublished":"2019-03-13T12:21:14+00:00","dateModified":"2026-01-05T10:44:40+00:00","description":"Vi har l\u00e5nealternativer for ulike behov. Fortell oss hvilke behov du har og vi viser deg flere l\u00e5nealternativer.","breadcrumb":{"@id":"https:\/\/www.top5credits.com\/no\/#breadcrumb"},"inLanguage":"nb-NO","potentialAction":[{"@type":"ReadAction","target":["https:\/\/www.top5credits.com\/no\/"]}]},{"@type":"ImageObject","inLanguage":"nb-NO","@id":"https:\/\/www.top5credits.com\/no\/#primaryimage","url":"https:\/\/cdn.top5credits.com\/no\/wp-content\/uploads\/sites\/4\/2019\/06\/top5-og.jpg?cdn=1.1.0","contentUrl":"https:\/\/cdn.top5credits.com\/no\/wp-content\/uploads\/sites\/4\/2019\/06\/top5-og.jpg?cdn=1.1.0","width":1200,"height":630,"caption":"Top5Credits"},{"@type":"BreadcrumbList","@id":"https:\/\/www.top5credits.com\/no\/#breadcrumb","itemListElement":[{"@type":"ListItem","position":1,"name":"Top5Credits.com","item":"https:\/\/www.top5credits.com\/no\/"},{"@type":"ListItem","position":2,"name":"Startsiden"}]},{"@type":"WebSite","@id":"https:\/\/www.top5credits.com\/no\/#website","url":"https:\/\/www.top5credits.com\/no\/","name":"Top5Credits.com Norge","description":"Sammenlign og finn de beste l\u00e5nene","publisher":{"@id":"https:\/\/www.top5credits.com\/no\/#organization"},"potentialAction":[{"@type":"SearchAction","target":{"@type":"EntryPoint","urlTemplate":"https:\/\/www.top5credits.com\/no\/?s={search_term_string}"},"query-input":{"@type":"PropertyValueSpecification","valueRequired":true,"valueName":"search_term_string"}}],"inLanguage":"nb-NO"},{"@type":"Organization","@id":"https:\/\/www.top5credits.com\/no\/#organization","name":"Top5Credits.com","url":"https:\/\/www.top5credits.com\/no\/","logo":{"@type":"ImageObject","inLanguage":"nb-NO","@id":"https:\/\/www.top5credits.com\/no\/#\/schema\/logo\/image\/","url":"https:\/\/cdn.top5credits.com\/no\/wp-content\/uploads\/sites\/4\/2023\/10\/t5c-favicon.png","contentUrl":"https:\/\/cdn.top5credits.com\/no\/wp-content\/uploads\/sites\/4\/2023\/10\/t5c-favicon.png","width":512,"height":512,"caption":"Top5Credits.com"},"image":{"@id":"https:\/\/www.top5credits.com\/no\/#\/schema\/logo\/image\/"},"sameAs":["https:\/\/www.facebook.com\/Top5Credits-Norge-705688976528147"]}]}},"_links":{"self":[{"href":"https:\/\/www.top5credits.com\/no\/wp-json\/wp\/v2\/pages\/8","targetHints":{"allow":["GET"]}}],"collection":[{"href":"https:\/\/www.top5credits.com\/no\/wp-json\/wp\/v2\/pages"}],"about":[{"href":"https:\/\/www.top5credits.com\/no\/wp-json\/wp\/v2\/types\/page"}],"author":[{"embeddable":true,"href":"https:\/\/www.top5credits.com\/no\/wp-json\/wp\/v2\/users\/2"}],"replies":[{"embeddable":true,"href":"https:\/\/www.top5credits.com\/no\/wp-json\/wp\/v2\/comments?post=8"}],"version-history":[{"count":2,"href":"https:\/\/www.top5credits.com\/no\/wp-json\/wp\/v2\/pages\/8\/revisions"}],"predecessor-version":[{"id":5513,"href":"https:\/\/www.top5credits.com\/no\/wp-json\/wp\/v2\/pages\/8\/revisions\/5513"}],"wp:featuredmedia":[{"embeddable":true,"href":"https:\/\/www.top5credits.com\/no\/wp-json\/wp\/v2\/media\/138"}],"wp:attachment":[{"href":"https:\/\/www.top5credits.com\/no\/wp-json\/wp\/v2\/media?parent=8"}],"curies":[{"name":"wp","href":"https:\/\/api.w.org\/{rel}","templated":true}]}}