{"id":971,"date":"2020-01-16T10:27:33","date_gmt":"2020-01-16T10:27:33","guid":{"rendered":"https:\/\/www.top5credits.com\/no\/?page_id=971"},"modified":"2021-11-01T07:24:08","modified_gmt":"2021-11-01T07:24:08","slug":"generelle-vilkar","status":"publish","type":"page","link":"https:\/\/www.top5credits.com\/no\/generelle-vilkar\/","title":{"rendered":"Generelle vilk\u00e5r"},"content":{"rendered":"\n<h1 class=\"wp-block-heading\">Generelle vilk\u00e5r<\/h1>\n\n\n\n<p>Top5Credits sammenligner og samler inn de beste l\u00e5nemuligheter for deg. Ved \u00e5 bruke Top5Credits vil du alltid v\u00e6re oppdatert og aldri g\u00e5 glipp av de nyeste l\u00e5nemuligheter. Vi hjelper deg ogs\u00e5 med \u00e5 finne l\u00e5nemuligheter ved \u00e5 sammenligne forskjellige banker og finansagenter, samt ved \u00e5 gi deg praktiske \u00f8konomitips.<\/p>\n\n\n\n<p>N\u00e5r du benytter tjenesten Top5Credits gir du Draivi Media Oy tilgang til opplysninger om deg. Draivi Media Oy eier og administrerer nettjenesten www.top5credits.com\/no. Hensikten med disse retningslinjene er \u00e5 forklare hvilke opplysninger vi innhenter, hvordan vi innhenter dem og hva vi benytter dem til.<\/p>\n\n\n\n<h3 class=\"wp-block-heading\">Hva er personlig informasjon?<\/h3>\n\n\n\n<p>Personlig informasjon er opplysninger som kan kobles direkte til deg. For eksempel navn, adresse, telefonnummer og e-postadresse. Ogs\u00e5 opplysninger om hvordan du benytter tjenesten Top5Credits, for eksempel hvilke annonser du har sett, betraktes som personlig informasjon.<\/p>\n\n\n\n<h3 class=\"wp-block-heading\">Hvordan reguleres h\u00e5ndteringen av personlig informasjon?<\/h3>\n\n\n\n<p>Draivi Media Oy er ansvarlige for h\u00e5ndteringen av all personlig informasjon som samles inn gjennom Top5Credits. Opplysningene lagres enten i v\u00e5r database eller p\u00e5 den enheten du benytter (telefon, PC eller tilsvarende). Du kan v\u00e6re trygg p\u00e5 at all personlig informasjon h\u00e5ndteres i henhold til personvernlovgivningen.<\/p>\n\n\n\n<h3 class=\"wp-block-heading\">Hvilken informasjon innhenter vi om deg?<\/h3>\n\n\n\n<ul class=\"wp-block-list\"><li>Den informasjonen du selv legger inn<\/li><\/ul>\n\n\n\n<p>N\u00e5r du registrerer deg som bruker hos Top5Credits gir du oss informasjon om deg selv som vi lagrer. Det samme gjelder n\u00e5r du fyller inn skjemaet p\u00e5 startsiden eller p\u00e5 andre nettsteder.<\/p>\n\n\n\n<ul class=\"wp-block-list\"><li>Informasjon om p\u00e5 hvilken m\u00e5te du bes\u00f8ker nettstedet til Top5Credits<\/li><\/ul>\n\n\n\n<p>N\u00e5r du bes\u00f8ker noen av v\u00e5re nettsteder samler vi informasjon om enheten du benytter, for eksempel om du kobler deg opp med en PC, nettbrett eller smarttelefon, eller hvilken nettleser og nettoperat\u00f8r du benytter.<\/p>\n\n\n\n<ul class=\"wp-block-list\"><li>Informasjon om hva du gj\u00f8r p\u00e5 nettstedet<\/li><\/ul>\n\n\n\n<p>N\u00e5r du bes\u00f8ker v\u00e5rt nettsted f\u00e5r vi informasjon om din atferd. Vi kan blant annet f\u00e5 informasjon om hvilke sider du bes\u00f8ker, hvilke annonser du klikker p\u00e5 og hvilken reklame vi har vist til deg.<\/p>\n\n\n\n<ul class=\"wp-block-list\"><li>N\u00f8dvendige opplysninger for \u00e5 f\u00e5 l\u00e5nemuligheter<\/li><\/ul>\n\n\n\n<p>Du opplysningene du oppgir i registrering lagres i v\u00e5r database. Ditt personnummer lagres vi kun dersom det oppst\u00e5r en feil, og deretter midlertidig i en uke.<\/p>\n\n\n\n<h3 class=\"wp-block-heading\">Personvernombud<\/h3>\n\n\n\n<p>Ledelsen hos Draivi Media Oy har ansvaret for h\u00e5ndteringen av personlig informasjon i forbindelse med virksomhetens drift. Ansvaret inkluderer oppf\u00f8lging av de personvernrutinene som f\u00f8lges av virksomheten.<\/p>\n\n\n\n<h3 class=\"wp-block-heading\">Hva inneb\u00e6rer registrering?<\/h3>\n\n\n\n<p>Registrering hos Top5Credits gir deg mange fordeler. N\u00e5r du s\u00f8ker om l\u00e5n f\u00e5r du viktig informasjon p\u00e5 e-post, SMS eller telefon:<\/p>\n\n\n\n<ul class=\"wp-block-list\"><li>om hvordan du kan \u00f8ke mulighetene dine til \u00e5 f\u00e5 l\u00e5n<\/li><li>om gode metoder for \u00e5 styre din personlige \u00f8konomi bedre<\/li><li>om hvilke banker som tilbyr de beste refinansierings- og l\u00e5nemulighetene<\/li><li>nyheter om finansbransjen<\/li><\/ul>\n\n\n\n<p>I utgangspunktet mottar du meldinger fra oss noen ganger i uken. Du kan velge \u00e5 ikke motta flere meldinger ved \u00e5 klikke p\u00e5 linken i slutten av meldingen.<\/p>\n\n\n\n<h3 class=\"wp-block-heading\">Hvorfor samler vi inn personlig informasjon?<\/h3>\n\n\n\n<p>Vi samler inn personlig informasjon for \u00e5 kunne gi deg et alternativ som passer best mulig, og de beste l\u00e5nemuligheter blant v\u00e5re samarbeidspartnere. Ved hjelp av dine kontaktopplysninger holde vi deg oppdatert om passende tilbud. H\u00e5ndtering av personlig informasjon \u2013 ogs\u00e5 lagring og videreformidling av dem \u2013 skjer i sin helhet innenfor personvernlovgivningen.<\/p>\n\n\n\n<h3 class=\"wp-block-heading\">Hva benyttes informasjonen til?<\/h3>\n\n\n\n<p>Vi arbeider for \u00e5 tilby alle brukere av Top5Credits en skreddersydd brukeropplevelse.<\/p>\n\n\n\n<p>Vi benytter personlig informasjon for \u00e5 kunne:<\/p>\n\n\n\n<ul class=\"wp-block-list\"><li>Tilby deg den tjenesten du forventer fra oss<\/li><\/ul>\n\n\n\n<p>Vi trenger for eksempel din e-postadresse og ditt mobiltelefonnummer for at vi kan kontakte deg og tilby deg l\u00e5nemuligheter basert p\u00e5 din registrering<\/p>\n\n\n\n<ul class=\"wp-block-list\"><li>Forst\u00e5 markedets behov og trender<\/li><\/ul>\n\n\n\n<p>Vi analyserer opplysningene og benytter oss dermed av opplysningene vi f\u00e5r n\u00e5r vi videreutvikler tjenesten. Vi kan for eksempel gi deg mer detaljerte r\u00e5d om hvordan du \u00f8nsker mulighetene dine til \u00e5 f\u00e5 l\u00e5n, eller gi deg tilbud som er mer tilpasset for deg.<\/p>\n\n\n\n<ul class=\"wp-block-list\"><li>Forhindre u\u00f8nsket eller kriminell virksomhet<\/li><\/ul>\n\n\n\n<p>Noe av det viktigste vi arbeider for er \u00e5 s\u00f8rge for at Top5Credits forblir et trygt sted.<\/p>\n\n\n\n<p>Derfor gj\u00f8r vi alt for \u00e5 forhindre u\u00f8nsket eller kriminell virksomhet. Nettleserkapsler og informasjon om annonse- og visningshistorikk er viktige verkt\u00f8y for \u00e5 kunne identifisere misbruk og bedragerifors\u00f8k. En sikkerhetsgruppe f\u00f8lger n\u00f8ye opp eventuelle mistanker om misbruk.<\/p>\n\n\n\n<ul class=\"wp-block-list\"><li>Informere deg om passende tilbud gjennom e-post og SMS.<\/li><\/ul>\n\n\n\n<p>Vi informerer deg jevnlig om l\u00e5nemulighetene vi har funnet som kan passe deg, dette gj\u00f8res gjennom e-post, SMS og telefon.<\/p>\n\n\n\n<h3 class=\"wp-block-heading\">Deles opplysningene med andre?<\/h3>\n\n\n\n<p>Tredjeparter kan benytte din personlige informasjon til analyseform\u00e5l. Tredjeparter som mottar opplysningene plikter \u00e5 f\u00f8lge v\u00e5re retningslinjer for h\u00e5ndtering av personvern. Ved mistanke om brudd kan opplysningene dine utleveres til myndigheter. De kan ogs\u00e5 utleveres dersom ved fare for bedrageri eller dersom de kan benyttes til \u00e5 l\u00f8se en tvist.<\/p>\n\n\n\n<p>I noen tilfeller utleverer vi ogs\u00e5 personlig informasjon til virksomheter som vi samarbeider med innen CRM-tjenester, eller markedsf\u00f8ring p\u00e5 e-post og SMS. Virksomheten har ikke rett til \u00e5 benytte opplysningene til noe annet enn \u00e5 tilby de tjenestene som de leverer til oss.<\/p>\n\n\n\n<h3 class=\"wp-block-heading\">Opplysninger vi innhenter gjennom nettleserkapsler<\/h3>\n\n\n\n<p>Vi benytter nettleserkapsler i enkelte deler av tjenesten v\u00e5r. Nettleserkapsler er sm\u00e5 tekstfiler som inneholder informasjon. Disse lagres p\u00e5 din PC for \u00e5 gi en forbedret brukeropplevelse. Du velger selv om du vil aktivere eller deaktivere funksjonen i din nettleser. Dersom du deaktiverer funksjonen kan du fremdeles benytte Top5Credits, men enkelte funksjoner vil kanskje ikke fungere tilstrekkelig.<\/p>\n\n\n\n<h3 class=\"wp-block-heading\">Sletting av personlig informasjon<\/h3>\n\n\n\n<p>Vi lagrer ikke personlig informasjon lenger enn det som er hensiktsmessig, med mindre dette er p\u00e5krevd av lovgivning. Vi har rutiner for \u00e5 fjerne personlig informasjon og identifiseringsopplysninger, du kan be oss om \u00e5 fjerne opplysningene. Dersom du vil avslutte abonnementet p\u00e5 v\u00e5rt nyhetsbrev kan du gj\u00f8re dette ved \u00e5 klikke p\u00e5 linken nederst i nyhetsbrevet.<\/p>\n\n\n\n<p><strong>Kontakt oss dersom du vil at din personlige informasjon skal fjernes fra v\u00e5rt system:<\/strong><\/p>\n\n\n\n<p>no@top5credits.com<\/p>\n","protected":false},"excerpt":{"rendered":"<p>Generelle vilk\u00e5r Top5Credits sammenligner og samler inn de beste l\u00e5nemuligheter for deg. Ved \u00e5 bruke Top5Credits vil du alltid v\u00e6re oppdatert og aldri g\u00e5 glipp<\/p>\n<p class=\"more-link\">Fortsett \u00e5 lese <span class=\"screen-reader-text\">Generelle vilk\u00e5r<\/span><\/p>\n","protected":false},"author":2,"featured_media":0,"parent":0,"menu_order":0,"comment_status":"closed","ping_status":"closed","template":"","meta":{"footnotes":""},"class_list":["post-971","page","type-page","status-publish","hentry","entry"],"yoast_head":"<!-- This site is optimized with the Yoast SEO plugin v27.3 - https:\/\/yoast.com\/product\/yoast-seo-wordpress\/ -->\n<title>Generelle vilk\u00e5r - Top5Credits.com<\/title>\n<meta name=\"robots\" content=\"index, follow, max-snippet:-1, max-image-preview:large, max-video-preview:-1\" \/>\n<link rel=\"canonical\" href=\"https:\/\/www.top5credits.com\/no\/generelle-vilkar\/\" \/>\n<meta property=\"og:locale\" content=\"nb_NO\" \/>\n<meta property=\"og:type\" content=\"article\" \/>\n<meta property=\"og:title\" content=\"Generelle vilk\u00e5r - Top5Credits.com\" \/>\n<meta property=\"og:description\" content=\"Generelle vilk\u00e5r Top5Credits sammenligner og samler inn de beste l\u00e5nemuligheter for deg. Ved \u00e5 bruke Top5Credits vil du alltid v\u00e6re oppdatert og aldri g\u00e5 glippFortsett \u00e5 lese Generelle vilk\u00e5r\" \/>\n<meta property=\"og:url\" content=\"https:\/\/www.top5credits.com\/no\/generelle-vilkar\/\" \/>\n<meta property=\"og:site_name\" content=\"Top5Credits.com Norge\" \/>\n<meta property=\"article:publisher\" content=\"https:\/\/www.facebook.com\/Top5Credits-Norge-705688976528147\" \/>\n<meta property=\"article:modified_time\" content=\"2021-11-01T07:24:08+00:00\" \/>\n<meta property=\"og:image\" content=\"https:\/\/cdn.top5credits.com\/no\/wp-content\/uploads\/sites\/4\/2023\/11\/top5credits-com-ogimage.png?cdn=1.1.0\" \/>\n\t<meta property=\"og:image:width\" content=\"1200\" \/>\n\t<meta property=\"og:image:height\" content=\"630\" \/>\n\t<meta property=\"og:image:type\" content=\"image\/png\" \/>\n<meta name=\"twitter:card\" content=\"summary_large_image\" \/>\n<meta name=\"twitter:label1\" content=\"Ansl. lesetid\" \/>\n\t<meta name=\"twitter:data1\" content=\"5 minutter\" \/>\n<script type=\"application\/ld+json\" class=\"yoast-schema-graph\">{\"@context\":\"https:\\\/\\\/schema.org\",\"@graph\":[{\"@type\":\"WebPage\",\"@id\":\"https:\\\/\\\/www.top5credits.com\\\/no\\\/generelle-vilkar\\\/\",\"url\":\"https:\\\/\\\/www.top5credits.com\\\/no\\\/generelle-vilkar\\\/\",\"name\":\"Generelle vilk\u00e5r - Top5Credits.com\",\"isPartOf\":{\"@id\":\"https:\\\/\\\/www.top5credits.com\\\/no\\\/#website\"},\"datePublished\":\"2020-01-16T10:27:33+00:00\",\"dateModified\":\"2021-11-01T07:24:08+00:00\",\"breadcrumb\":{\"@id\":\"https:\\\/\\\/www.top5credits.com\\\/no\\\/generelle-vilkar\\\/#breadcrumb\"},\"inLanguage\":\"nb-NO\",\"potentialAction\":[{\"@type\":\"ReadAction\",\"target\":[\"https:\\\/\\\/www.top5credits.com\\\/no\\\/generelle-vilkar\\\/\"]}]},{\"@type\":\"BreadcrumbList\",\"@id\":\"https:\\\/\\\/www.top5credits.com\\\/no\\\/generelle-vilkar\\\/#breadcrumb\",\"itemListElement\":[{\"@type\":\"ListItem\",\"position\":1,\"name\":\"Top5Credits.com\",\"item\":\"https:\\\/\\\/www.top5credits.com\\\/no\\\/\"},{\"@type\":\"ListItem\",\"position\":2,\"name\":\"Generelle vilk\u00e5r\"}]},{\"@type\":\"WebSite\",\"@id\":\"https:\\\/\\\/www.top5credits.com\\\/no\\\/#website\",\"url\":\"https:\\\/\\\/www.top5credits.com\\\/no\\\/\",\"name\":\"Top5Credits.com Norge\",\"description\":\"Sammenlign og finn de beste l\u00e5nene\",\"publisher\":{\"@id\":\"https:\\\/\\\/www.top5credits.com\\\/no\\\/#organization\"},\"potentialAction\":[{\"@type\":\"SearchAction\",\"target\":{\"@type\":\"EntryPoint\",\"urlTemplate\":\"https:\\\/\\\/www.top5credits.com\\\/no\\\/?s={search_term_string}\"},\"query-input\":{\"@type\":\"PropertyValueSpecification\",\"valueRequired\":true,\"valueName\":\"search_term_string\"}}],\"inLanguage\":\"nb-NO\"},{\"@type\":\"Organization\",\"@id\":\"https:\\\/\\\/www.top5credits.com\\\/no\\\/#organization\",\"name\":\"Top5Credits.com\",\"url\":\"https:\\\/\\\/www.top5credits.com\\\/no\\\/\",\"logo\":{\"@type\":\"ImageObject\",\"inLanguage\":\"nb-NO\",\"@id\":\"https:\\\/\\\/www.top5credits.com\\\/no\\\/#\\\/schema\\\/logo\\\/image\\\/\",\"url\":\"https:\\\/\\\/cdn.top5credits.com\\\/no\\\/wp-content\\\/uploads\\\/sites\\\/4\\\/2023\\\/10\\\/t5c-favicon.png\",\"contentUrl\":\"https:\\\/\\\/cdn.top5credits.com\\\/no\\\/wp-content\\\/uploads\\\/sites\\\/4\\\/2023\\\/10\\\/t5c-favicon.png\",\"width\":512,\"height\":512,\"caption\":\"Top5Credits.com\"},\"image\":{\"@id\":\"https:\\\/\\\/www.top5credits.com\\\/no\\\/#\\\/schema\\\/logo\\\/image\\\/\"},\"sameAs\":[\"https:\\\/\\\/www.facebook.com\\\/Top5Credits-Norge-705688976528147\"]}]}<\/script>\n<!-- \/ Yoast SEO plugin. -->","yoast_head_json":{"title":"Generelle vilk\u00e5r - Top5Credits.com","robots":{"index":"index","follow":"follow","max-snippet":"max-snippet:-1","max-image-preview":"max-image-preview:large","max-video-preview":"max-video-preview:-1"},"canonical":"https:\/\/www.top5credits.com\/no\/generelle-vilkar\/","og_locale":"nb_NO","og_type":"article","og_title":"Generelle vilk\u00e5r - Top5Credits.com","og_description":"Generelle vilk\u00e5r Top5Credits sammenligner og samler inn de beste l\u00e5nemuligheter for deg. Ved \u00e5 bruke Top5Credits vil du alltid v\u00e6re oppdatert og aldri g\u00e5 glippFortsett \u00e5 lese Generelle vilk\u00e5r","og_url":"https:\/\/www.top5credits.com\/no\/generelle-vilkar\/","og_site_name":"Top5Credits.com Norge","article_publisher":"https:\/\/www.facebook.com\/Top5Credits-Norge-705688976528147","article_modified_time":"2021-11-01T07:24:08+00:00","og_image":[{"width":1200,"height":630,"url":"https:\/\/cdn.top5credits.com\/no\/wp-content\/uploads\/sites\/4\/2023\/11\/top5credits-com-ogimage.png?cdn=1.1.0","type":"image\/png"}],"twitter_card":"summary_large_image","twitter_misc":{"Ansl. lesetid":"5 minutter"},"schema":{"@context":"https:\/\/schema.org","@graph":[{"@type":"WebPage","@id":"https:\/\/www.top5credits.com\/no\/generelle-vilkar\/","url":"https:\/\/www.top5credits.com\/no\/generelle-vilkar\/","name":"Generelle vilk\u00e5r - Top5Credits.com","isPartOf":{"@id":"https:\/\/www.top5credits.com\/no\/#website"},"datePublished":"2020-01-16T10:27:33+00:00","dateModified":"2021-11-01T07:24:08+00:00","breadcrumb":{"@id":"https:\/\/www.top5credits.com\/no\/generelle-vilkar\/#breadcrumb"},"inLanguage":"nb-NO","potentialAction":[{"@type":"ReadAction","target":["https:\/\/www.top5credits.com\/no\/generelle-vilkar\/"]}]},{"@type":"BreadcrumbList","@id":"https:\/\/www.top5credits.com\/no\/generelle-vilkar\/#breadcrumb","itemListElement":[{"@type":"ListItem","position":1,"name":"Top5Credits.com","item":"https:\/\/www.top5credits.com\/no\/"},{"@type":"ListItem","position":2,"name":"Generelle vilk\u00e5r"}]},{"@type":"WebSite","@id":"https:\/\/www.top5credits.com\/no\/#website","url":"https:\/\/www.top5credits.com\/no\/","name":"Top5Credits.com Norge","description":"Sammenlign og finn de beste l\u00e5nene","publisher":{"@id":"https:\/\/www.top5credits.com\/no\/#organization"},"potentialAction":[{"@type":"SearchAction","target":{"@type":"EntryPoint","urlTemplate":"https:\/\/www.top5credits.com\/no\/?s={search_term_string}"},"query-input":{"@type":"PropertyValueSpecification","valueRequired":true,"valueName":"search_term_string"}}],"inLanguage":"nb-NO"},{"@type":"Organization","@id":"https:\/\/www.top5credits.com\/no\/#organization","name":"Top5Credits.com","url":"https:\/\/www.top5credits.com\/no\/","logo":{"@type":"ImageObject","inLanguage":"nb-NO","@id":"https:\/\/www.top5credits.com\/no\/#\/schema\/logo\/image\/","url":"https:\/\/cdn.top5credits.com\/no\/wp-content\/uploads\/sites\/4\/2023\/10\/t5c-favicon.png","contentUrl":"https:\/\/cdn.top5credits.com\/no\/wp-content\/uploads\/sites\/4\/2023\/10\/t5c-favicon.png","width":512,"height":512,"caption":"Top5Credits.com"},"image":{"@id":"https:\/\/www.top5credits.com\/no\/#\/schema\/logo\/image\/"},"sameAs":["https:\/\/www.facebook.com\/Top5Credits-Norge-705688976528147"]}]}},"_links":{"self":[{"href":"https:\/\/www.top5credits.com\/no\/wp-json\/wp\/v2\/pages\/971","targetHints":{"allow":["GET"]}}],"collection":[{"href":"https:\/\/www.top5credits.com\/no\/wp-json\/wp\/v2\/pages"}],"about":[{"href":"https:\/\/www.top5credits.com\/no\/wp-json\/wp\/v2\/types\/page"}],"author":[{"embeddable":true,"href":"https:\/\/www.top5credits.com\/no\/wp-json\/wp\/v2\/users\/2"}],"replies":[{"embeddable":true,"href":"https:\/\/www.top5credits.com\/no\/wp-json\/wp\/v2\/comments?post=971"}],"version-history":[{"count":0,"href":"https:\/\/www.top5credits.com\/no\/wp-json\/wp\/v2\/pages\/971\/revisions"}],"wp:attachment":[{"href":"https:\/\/www.top5credits.com\/no\/wp-json\/wp\/v2\/media?parent=971"}],"curies":[{"name":"wp","href":"https:\/\/api.w.org\/{rel}","templated":true}]}}