{"id":53,"date":"2019-04-23T09:37:31","date_gmt":"2019-04-23T09:37:31","guid":{"rendered":"https:\/\/www.top5credits.com\/se\/?page_id=53"},"modified":"2023-10-06T12:43:16","modified_gmt":"2023-10-06T12:43:16","slug":"om-oss","status":"publish","type":"page","link":"https:\/\/www.top5credits.com\/se\/om-oss\/","title":{"rendered":"Om oss"},"content":{"rendered":"\n<h1 class=\"wp-block-heading\">Om Oss<\/h1>\n\n\n\n<figure class=\"wp-block-image size-full is-resized\"><img decoding=\"async\" src=\"https:\/\/www.top5credits.com\/se\/wp-content\/uploads\/sites\/3\/2023\/10\/top5credits-com-logo.png\" alt=\"top5credits\" class=\"wp-image-6813\" style=\"width:200px\" width=\"200\"\/><\/figure>\n\n\n\n<p>Top5Credits.com \u00e4r byggd f\u00f6r att hj\u00e4lpa m\u00e4nniskor att v\u00e4lja finansiella produkter med hj\u00e4lp av data och \u00e4rliga recensioner. V\u00e5r teknik matchar konsumenten med de mest l\u00e4mpliga finansiella produkterna baserat p\u00e5 konsumentprofilen och v\u00e5ra data.<\/p>\n\n\n\n<p>Top5Credits.com \u00e4gs och drivs av <a href=\"https:\/\/draivi.com\/\">Draivi<\/a>, ett prestationsbaserat marknadsf\u00f6ringsf\u00f6retag i Finland, som sedan 2012 har hj\u00e4lpt \u00f6ver 1 miljon konsumenter att j\u00e4mf\u00f6ra banker och l\u00e5ngivare i Finland, Sverige, Norge, Danmark, Spanien, Tyskland och Polen. Vi anv\u00e4nder data, analyser och marknadsf\u00f6ringsteknik effektivt i v\u00e5ra l\u00f6sningar.<\/p>\n\n\n\n<p>Vi delar g\u00e4rna med oss av insikter och data till journalister eller andra akt\u00f6rer som \u00e4r intresserade av marknaden f\u00f6r konsumentutl\u00e5ning med:<\/p>\n\n\n\n<ul class=\"wp-block-list\">\n<li>Djupg\u00e5ende kunskap om konsumentutl\u00e5ning och l\u00e5neprodukter<\/li>\n\n\n\n<li>Anonymiserade data om typiska kundprofiler f\u00f6r olika l\u00e5neprodukter<\/li>\n\n\n\n<li>Data om skillnader mellan de marknader vi finns p\u00e5 (t.ex. Finland, Sverige, Norge, Danmark och Spanien)<\/li>\n\n\n\n<li>Uppgifter om s\u00e4songsvariationer mellan olika m\u00e5nader eller s\u00e4songer<\/li>\n\n\n\n<li>Data och kommentarer om marknadsutveckling f\u00f6r konsumentl\u00e5n<\/li>\n<\/ul>\n\n\n\n<p>Intresserad av att arbeta med oss? G\u00e5 till <a href=\"https:\/\/www.top5credits.com\/partners\/\">partnersidan<\/a> eller ta en titt p\u00e5 v\u00e5ra <a href=\"https:\/\/www.top5credits.com\/jobs\/\">lediga tj\u00e4nster<\/a>.<\/p>\n\n\n\n<p><strong>Kontakt:<\/strong><\/p>\n\n\n\n<figure class=\"wp-block-image size-large is-resized kuvateksti-oikea\"><img loading=\"lazy\" decoding=\"async\" src=\"https:\/\/cdn.top5credits.com\/se\/wp-content\/uploads\/sites\/3\/2021\/03\/oula-1-1.jpg?cdn=1.1.5\" alt=\"Draivimedia Co-Founder\" class=\"wp-image-3847\" style=\"width:197px;height:295px\" width=\"197\" height=\"295\" srcset=\"https:\/\/cdn.top5credits.com\/se\/wp-content\/uploads\/sites\/3\/2021\/03\/oula-1-1.jpg?cdn=1.1.5 262w, https:\/\/cdn.top5credits.com\/se\/wp-content\/uploads\/sites\/3\/2021\/03\/oula-1-1-200x300.jpg?cdn=1.1.5 200w\" sizes=\"auto, (max-width: 197px) 100vw, 197px\" \/><figcaption class=\"wp-element-caption\">Oula Lehtinen<br>Co-Founder<br>oula@draivimedia.fi<\/figcaption><\/figure>\n\n\n\n<p><\/p>\n","protected":false},"excerpt":{"rendered":"<p>Om Oss Top5Credits.com \u00e4r byggd f\u00f6r att hj\u00e4lpa m\u00e4nniskor att v\u00e4lja finansiella produkter med hj\u00e4lp av data och \u00e4rliga recensioner. V\u00e5r teknik matchar konsumenten med<\/p>\n<p class=\"more-link\">Forts\u00e4tt l\u00e4sa <span class=\"screen-reader-text\">Om oss<\/span><\/p>\n","protected":false},"author":2,"featured_media":29,"parent":0,"menu_order":0,"comment_status":"closed","ping_status":"closed","template":"","meta":{"footnotes":""},"class_list":["post-53","page","type-page","status-publish","has-post-thumbnail","hentry","entry"],"yoast_head":"<!-- This site is optimized with the Yoast SEO plugin v27.3 - https:\/\/yoast.com\/product\/yoast-seo-wordpress\/ -->\n<title>Om oss - Top5Credits<\/title>\n<meta name=\"description\" content=\"Top5Credits \u00e4r en l\u00e5nej\u00e4mf\u00f6relse som bygger p\u00e5 verkliga recensioner.\" \/>\n<meta name=\"robots\" content=\"index, follow, max-snippet:-1, max-image-preview:large, max-video-preview:-1\" \/>\n<link rel=\"canonical\" href=\"https:\/\/www.top5credits.com\/se\/om-oss\/\" \/>\n<meta property=\"og:locale\" content=\"sv_SE\" \/>\n<meta property=\"og:type\" content=\"article\" \/>\n<meta property=\"og:title\" content=\"Om oss - Top5Credits\" \/>\n<meta property=\"og:description\" content=\"Top5Credits \u00e4r en l\u00e5nej\u00e4mf\u00f6relse som bygger p\u00e5 verkliga recensioner.\" \/>\n<meta property=\"og:url\" content=\"https:\/\/www.top5credits.com\/se\/om-oss\/\" \/>\n<meta property=\"og:site_name\" content=\"Top5Credits.com Sverige\" \/>\n<meta property=\"article:publisher\" content=\"https:\/\/www.facebook.com\/Top5Credits-Sverige-380562019248980\" \/>\n<meta property=\"article:modified_time\" content=\"2023-10-06T12:43:16+00:00\" \/>\n<meta property=\"og:image\" content=\"https:\/\/cdn.top5credits.com\/se\/wp-content\/uploads\/sites\/3\/2019\/06\/top5-og.jpg?cdn=1.1.5\" \/>\n\t<meta property=\"og:image:width\" content=\"1200\" \/>\n\t<meta property=\"og:image:height\" content=\"630\" \/>\n\t<meta property=\"og:image:type\" content=\"image\/jpeg\" \/>\n<meta name=\"twitter:card\" content=\"summary_large_image\" \/>\n<meta name=\"twitter:label1\" content=\"Ber\u00e4knad l\u00e4stid\" \/>\n\t<meta name=\"twitter:data1\" content=\"2 minuter\" \/>\n<script type=\"application\/ld+json\" class=\"yoast-schema-graph\">{\"@context\":\"https:\\\/\\\/schema.org\",\"@graph\":[{\"@type\":\"Article\",\"@id\":\"https:\\\/\\\/www.top5credits.com\\\/se\\\/om-oss\\\/#article\",\"isPartOf\":{\"@id\":\"https:\\\/\\\/www.top5credits.com\\\/se\\\/om-oss\\\/\"},\"author\":{\"name\":\"kalle\",\"@id\":\"https:\\\/\\\/www.top5credits.com\\\/se\\\/#\\\/schema\\\/person\\\/e43112587142502acf4712d6f5428ba7\"},\"headline\":\"Om oss\",\"datePublished\":\"2019-04-23T09:37:31+00:00\",\"dateModified\":\"2023-10-06T12:43:16+00:00\",\"mainEntityOfPage\":{\"@id\":\"https:\\\/\\\/www.top5credits.com\\\/se\\\/om-oss\\\/\"},\"wordCount\":208,\"publisher\":{\"@id\":\"https:\\\/\\\/www.top5credits.com\\\/se\\\/#organization\"},\"image\":{\"@id\":\"https:\\\/\\\/www.top5credits.com\\\/se\\\/om-oss\\\/#primaryimage\"},\"thumbnailUrl\":\"https:\\\/\\\/www.top5credits.com\\\/se\\\/wp-content\\\/uploads\\\/sites\\\/3\\\/2019\\\/04\\\/varjoreuna-5-1.png\",\"inLanguage\":\"sv-SE\"},{\"@type\":[\"WebPage\",\"AboutPage\"],\"@id\":\"https:\\\/\\\/www.top5credits.com\\\/se\\\/om-oss\\\/\",\"url\":\"https:\\\/\\\/www.top5credits.com\\\/se\\\/om-oss\\\/\",\"name\":\"Om oss - Top5Credits\",\"isPartOf\":{\"@id\":\"https:\\\/\\\/www.top5credits.com\\\/se\\\/#website\"},\"primaryImageOfPage\":{\"@id\":\"https:\\\/\\\/www.top5credits.com\\\/se\\\/om-oss\\\/#primaryimage\"},\"image\":{\"@id\":\"https:\\\/\\\/www.top5credits.com\\\/se\\\/om-oss\\\/#primaryimage\"},\"thumbnailUrl\":\"https:\\\/\\\/www.top5credits.com\\\/se\\\/wp-content\\\/uploads\\\/sites\\\/3\\\/2019\\\/04\\\/varjoreuna-5-1.png\",\"datePublished\":\"2019-04-23T09:37:31+00:00\",\"dateModified\":\"2023-10-06T12:43:16+00:00\",\"description\":\"Top5Credits \u00e4r en l\u00e5nej\u00e4mf\u00f6relse som bygger p\u00e5 verkliga recensioner.\",\"breadcrumb\":{\"@id\":\"https:\\\/\\\/www.top5credits.com\\\/se\\\/om-oss\\\/#breadcrumb\"},\"inLanguage\":\"sv-SE\",\"potentialAction\":[{\"@type\":\"ReadAction\",\"target\":[\"https:\\\/\\\/www.top5credits.com\\\/se\\\/om-oss\\\/\"]}]},{\"@type\":\"ImageObject\",\"inLanguage\":\"sv-SE\",\"@id\":\"https:\\\/\\\/www.top5credits.com\\\/se\\\/om-oss\\\/#primaryimage\",\"url\":\"https:\\\/\\\/www.top5credits.com\\\/se\\\/wp-content\\\/uploads\\\/sites\\\/3\\\/2019\\\/04\\\/varjoreuna-5-1.png\",\"contentUrl\":\"https:\\\/\\\/www.top5credits.com\\\/se\\\/wp-content\\\/uploads\\\/sites\\\/3\\\/2019\\\/04\\\/varjoreuna-5-1.png\",\"width\":2000,\"height\":756},{\"@type\":\"BreadcrumbList\",\"@id\":\"https:\\\/\\\/www.top5credits.com\\\/se\\\/om-oss\\\/#breadcrumb\",\"itemListElement\":[{\"@type\":\"ListItem\",\"position\":1,\"name\":\"Top5Credits.com\",\"item\":\"https:\\\/\\\/www.top5credits.com\\\/se\\\/\"},{\"@type\":\"ListItem\",\"position\":2,\"name\":\"Om oss\"}]},{\"@type\":\"WebSite\",\"@id\":\"https:\\\/\\\/www.top5credits.com\\\/se\\\/#website\",\"url\":\"https:\\\/\\\/www.top5credits.com\\\/se\\\/\",\"name\":\"Top5Credits.com Sverige\",\"description\":\"J\u00e4mf\u00f6r och hitta de b\u00e4sta l\u00e5nen\",\"publisher\":{\"@id\":\"https:\\\/\\\/www.top5credits.com\\\/se\\\/#organization\"},\"potentialAction\":[{\"@type\":\"SearchAction\",\"target\":{\"@type\":\"EntryPoint\",\"urlTemplate\":\"https:\\\/\\\/www.top5credits.com\\\/se\\\/?s={search_term_string}\"},\"query-input\":{\"@type\":\"PropertyValueSpecification\",\"valueRequired\":true,\"valueName\":\"search_term_string\"}}],\"inLanguage\":\"sv-SE\"},{\"@type\":\"Organization\",\"@id\":\"https:\\\/\\\/www.top5credits.com\\\/se\\\/#organization\",\"name\":\"Top5Credits.com\",\"url\":\"https:\\\/\\\/www.top5credits.com\\\/se\\\/\",\"logo\":{\"@type\":\"ImageObject\",\"inLanguage\":\"sv-SE\",\"@id\":\"https:\\\/\\\/www.top5credits.com\\\/se\\\/#\\\/schema\\\/logo\\\/image\\\/\",\"url\":\"https:\\\/\\\/cdn.top5credits.com\\\/se\\\/wp-content\\\/uploads\\\/sites\\\/3\\\/2023\\\/10\\\/t5c-favicon.png\",\"contentUrl\":\"https:\\\/\\\/cdn.top5credits.com\\\/se\\\/wp-content\\\/uploads\\\/sites\\\/3\\\/2023\\\/10\\\/t5c-favicon.png\",\"width\":512,\"height\":512,\"caption\":\"Top5Credits.com\"},\"image\":{\"@id\":\"https:\\\/\\\/www.top5credits.com\\\/se\\\/#\\\/schema\\\/logo\\\/image\\\/\"},\"sameAs\":[\"https:\\\/\\\/www.facebook.com\\\/Top5Credits-Sverige-380562019248980\"]},{\"@type\":\"Person\",\"@id\":\"https:\\\/\\\/www.top5credits.com\\\/se\\\/#\\\/schema\\\/person\\\/e43112587142502acf4712d6f5428ba7\",\"name\":\"kalle\",\"url\":\"https:\\\/\\\/www.top5credits.com\\\/se\\\/author\\\/kalle\\\/\"}]}<\/script>\n<!-- \/ Yoast SEO plugin. -->","yoast_head_json":{"title":"Om oss - Top5Credits","description":"Top5Credits \u00e4r en l\u00e5nej\u00e4mf\u00f6relse som bygger p\u00e5 verkliga recensioner.","robots":{"index":"index","follow":"follow","max-snippet":"max-snippet:-1","max-image-preview":"max-image-preview:large","max-video-preview":"max-video-preview:-1"},"canonical":"https:\/\/www.top5credits.com\/se\/om-oss\/","og_locale":"sv_SE","og_type":"article","og_title":"Om oss - Top5Credits","og_description":"Top5Credits \u00e4r en l\u00e5nej\u00e4mf\u00f6relse som bygger p\u00e5 verkliga recensioner.","og_url":"https:\/\/www.top5credits.com\/se\/om-oss\/","og_site_name":"Top5Credits.com Sverige","article_publisher":"https:\/\/www.facebook.com\/Top5Credits-Sverige-380562019248980","article_modified_time":"2023-10-06T12:43:16+00:00","og_image":[{"width":1200,"height":630,"url":"https:\/\/cdn.top5credits.com\/se\/wp-content\/uploads\/sites\/3\/2019\/06\/top5-og.jpg?cdn=1.1.5","type":"image\/jpeg"}],"twitter_card":"summary_large_image","twitter_misc":{"Ber\u00e4knad l\u00e4stid":"2 minuter"},"schema":{"@context":"https:\/\/schema.org","@graph":[{"@type":"Article","@id":"https:\/\/www.top5credits.com\/se\/om-oss\/#article","isPartOf":{"@id":"https:\/\/www.top5credits.com\/se\/om-oss\/"},"author":{"name":"kalle","@id":"https:\/\/www.top5credits.com\/se\/#\/schema\/person\/e43112587142502acf4712d6f5428ba7"},"headline":"Om oss","datePublished":"2019-04-23T09:37:31+00:00","dateModified":"2023-10-06T12:43:16+00:00","mainEntityOfPage":{"@id":"https:\/\/www.top5credits.com\/se\/om-oss\/"},"wordCount":208,"publisher":{"@id":"https:\/\/www.top5credits.com\/se\/#organization"},"image":{"@id":"https:\/\/www.top5credits.com\/se\/om-oss\/#primaryimage"},"thumbnailUrl":"https:\/\/cdn.top5credits.com\/se\/wp-content\/uploads\/sites\/3\/2019\/04\/varjoreuna-5-1.png?cdn=1.1.5","inLanguage":"sv-SE"},{"@type":["WebPage","AboutPage"],"@id":"https:\/\/www.top5credits.com\/se\/om-oss\/","url":"https:\/\/www.top5credits.com\/se\/om-oss\/","name":"Om oss - Top5Credits","isPartOf":{"@id":"https:\/\/www.top5credits.com\/se\/#website"},"primaryImageOfPage":{"@id":"https:\/\/www.top5credits.com\/se\/om-oss\/#primaryimage"},"image":{"@id":"https:\/\/www.top5credits.com\/se\/om-oss\/#primaryimage"},"thumbnailUrl":"https:\/\/cdn.top5credits.com\/se\/wp-content\/uploads\/sites\/3\/2019\/04\/varjoreuna-5-1.png?cdn=1.1.5","datePublished":"2019-04-23T09:37:31+00:00","dateModified":"2023-10-06T12:43:16+00:00","description":"Top5Credits \u00e4r en l\u00e5nej\u00e4mf\u00f6relse som bygger p\u00e5 verkliga recensioner.","breadcrumb":{"@id":"https:\/\/www.top5credits.com\/se\/om-oss\/#breadcrumb"},"inLanguage":"sv-SE","potentialAction":[{"@type":"ReadAction","target":["https:\/\/www.top5credits.com\/se\/om-oss\/"]}]},{"@type":"ImageObject","inLanguage":"sv-SE","@id":"https:\/\/www.top5credits.com\/se\/om-oss\/#primaryimage","url":"https:\/\/cdn.top5credits.com\/se\/wp-content\/uploads\/sites\/3\/2019\/04\/varjoreuna-5-1.png?cdn=1.1.5","contentUrl":"https:\/\/cdn.top5credits.com\/se\/wp-content\/uploads\/sites\/3\/2019\/04\/varjoreuna-5-1.png?cdn=1.1.5","width":2000,"height":756},{"@type":"BreadcrumbList","@id":"https:\/\/www.top5credits.com\/se\/om-oss\/#breadcrumb","itemListElement":[{"@type":"ListItem","position":1,"name":"Top5Credits.com","item":"https:\/\/www.top5credits.com\/se\/"},{"@type":"ListItem","position":2,"name":"Om oss"}]},{"@type":"WebSite","@id":"https:\/\/www.top5credits.com\/se\/#website","url":"https:\/\/www.top5credits.com\/se\/","name":"Top5Credits.com Sverige","description":"J\u00e4mf\u00f6r och hitta de b\u00e4sta l\u00e5nen","publisher":{"@id":"https:\/\/www.top5credits.com\/se\/#organization"},"potentialAction":[{"@type":"SearchAction","target":{"@type":"EntryPoint","urlTemplate":"https:\/\/www.top5credits.com\/se\/?s={search_term_string}"},"query-input":{"@type":"PropertyValueSpecification","valueRequired":true,"valueName":"search_term_string"}}],"inLanguage":"sv-SE"},{"@type":"Organization","@id":"https:\/\/www.top5credits.com\/se\/#organization","name":"Top5Credits.com","url":"https:\/\/www.top5credits.com\/se\/","logo":{"@type":"ImageObject","inLanguage":"sv-SE","@id":"https:\/\/www.top5credits.com\/se\/#\/schema\/logo\/image\/","url":"https:\/\/cdn.top5credits.com\/se\/wp-content\/uploads\/sites\/3\/2023\/10\/t5c-favicon.png","contentUrl":"https:\/\/cdn.top5credits.com\/se\/wp-content\/uploads\/sites\/3\/2023\/10\/t5c-favicon.png","width":512,"height":512,"caption":"Top5Credits.com"},"image":{"@id":"https:\/\/www.top5credits.com\/se\/#\/schema\/logo\/image\/"},"sameAs":["https:\/\/www.facebook.com\/Top5Credits-Sverige-380562019248980"]},{"@type":"Person","@id":"https:\/\/www.top5credits.com\/se\/#\/schema\/person\/e43112587142502acf4712d6f5428ba7","name":"kalle","url":"https:\/\/www.top5credits.com\/se\/author\/kalle\/"}]}},"_links":{"self":[{"href":"https:\/\/www.top5credits.com\/se\/wp-json\/wp\/v2\/pages\/53","targetHints":{"allow":["GET"]}}],"collection":[{"href":"https:\/\/www.top5credits.com\/se\/wp-json\/wp\/v2\/pages"}],"about":[{"href":"https:\/\/www.top5credits.com\/se\/wp-json\/wp\/v2\/types\/page"}],"author":[{"embeddable":true,"href":"https:\/\/www.top5credits.com\/se\/wp-json\/wp\/v2\/users\/2"}],"replies":[{"embeddable":true,"href":"https:\/\/www.top5credits.com\/se\/wp-json\/wp\/v2\/comments?post=53"}],"version-history":[{"count":0,"href":"https:\/\/www.top5credits.com\/se\/wp-json\/wp\/v2\/pages\/53\/revisions"}],"wp:featuredmedia":[{"embeddable":true,"href":"https:\/\/www.top5credits.com\/se\/wp-json\/wp\/v2\/media\/29"}],"wp:attachment":[{"href":"https:\/\/www.top5credits.com\/se\/wp-json\/wp\/v2\/media?parent=53"}],"curies":[{"name":"wp","href":"https:\/\/api.w.org\/{rel}","templated":true}]}}