{"id":60,"date":"2019-04-24T12:21:54","date_gmt":"2019-04-24T12:21:54","guid":{"rendered":"https:\/\/www.top5credits.com\/se\/?page_id=60"},"modified":"2020-11-19T09:11:59","modified_gmt":"2020-11-19T09:11:59","slug":"sakerhet","status":"publish","type":"page","link":"https:\/\/www.top5credits.com\/se\/sakerhet\/","title":{"rendered":"S\u00e4kerhet"},"content":{"rendered":"\n<h1 class=\"wp-block-heading\">S\u00e4kerhet<\/h1>\n\n\n\n<div style=\"height:20px\" aria-hidden=\"true\" class=\"wp-block-spacer\"><\/div>\n\n\n\n<h3 class=\"wp-block-heading\">Enbart p\u00e5 din dator<\/h3>\n\n\n\n<p>N\u00e4r du bes\u00f6ker Top5Credits hemsida, g\u00f6r du det anonymt. P\u00e5 v\u00e5r hemsida kan du g\u00f6ra enklare l\u00e5nekalkyler d\u00e4r utr\u00e4kningarna enbart g\u00f6rs i din dator. Vi kan varken se eller f\u00e5 tillg\u00e5ng till dina utr\u00e4kningar.<\/p>\n\n\n\n<h3 class=\"wp-block-heading\">Cookies<\/h3>\n\n\n\n<p>Vi samlar inte in n\u00e5gra personliga uppgifter utan din vetskap. D\u00e4remot anv\u00e4nder vi s.k. cookies, som \u00e4r att likna vid sm\u00e5 informationsfiler som sparas av din webbl\u00e4sare p\u00e5 din dators h\u00e5rddisk. En cookie s\u00e4ger ingenting om t.ex. din e-postadress eller n\u00e5gon annan personlig information.<\/p>\n\n\n\n<p>Vi anv\u00e4nder cookies enbart f\u00f6r att analysera data, som ber\u00e4ttar f\u00f6r oss hur v\u00e5r hemsida anv\u00e4nts, som dom\u00e4nnamnet, bes\u00f6kta sidor, anv\u00e4ndarsessionernas l\u00e4ngd, o.s.v. Dessa data beh\u00f6ver vi f\u00f6r att kunna utv\u00e4rdera nyttan av v\u00e5r hemsida, samt f\u00f6r att f\u00f6rb\u00e4ttra kvaliteten. Detta f\u00f6rb\u00e4ttrar kvaliteten p\u00e5 de tj\u00e4nster vi erbjuder v\u00e5ra kunder. Se \u00e4ven utf\u00f6rligare information om v\u00e5ra regler g\u00e4llande cookies.<\/p>\n\n\n\n<h3 class=\"wp-block-heading\">Ansvarsbegr\u00e4nsning<\/h3>\n\n\n\n<p>Top5Credits f\u00f6rbeh\u00e5ller sig r\u00e4tten att avs\u00e4ga sig allt ansvar f\u00f6r aktualitet, riktighet, fullkomlighet eller kvalitet f\u00f6r den givna informationen p\u00e5 denna hemsida. Krav p\u00e5 ansvar ang\u00e5ende skador orsakade av den givna informationen, vilket inkluderar all information som kan vara ofullst\u00e4ndig eller felaktig, avvisas d\u00e4rf\u00f6r.<\/p>\n\n\n\n<p>Alla erbjudanden \u00e4r icke-bindande och utan vidare f\u00f6rpliktelser. Delar av sidorna eller hela publikationen, vilket inkluderar alla erbjudanden och all information, kan utvidgas, \u00e4ndras och delvis eller helt raderas av Top5Credits utan s\u00e4rskilt tillk\u00e4nnagivande. Hemsidan kan inneh\u00e5lla felaktigheter och\/eller felskrivningar.<\/p>\n\n\n\n<h3 class=\"wp-block-heading\">Referenser och l\u00e4nkar<\/h3>\n\n\n\n<p>Top5Credits \u00e4r inte ansvarig f\u00f6r n\u00e5got inneh\u00e5ll l\u00e4nkat eller refererat till fr\u00e5n dessa sidor. Om skador uppst\u00e5r genom anv\u00e4ndande av den presenterade informationen, fr\u00e5ntas Top5Credits allt ansvar, d\u00e4remot inte den person \/ de personer som har l\u00e4nkat sig till denna sida.<\/p>\n\n\n\n<p>Vidare \u00e4r Top5Credits inte ansvarig f\u00f6r n\u00e5gra kommentarer eller meddelanden publicerade av anv\u00e4ndare av hemsidan.<\/p>\n\n\n\n<h3 class=\"wp-block-heading\">Upphovsr\u00e4tt<\/h3>\n\n\n\n<p>Top5Credits avser inte att anv\u00e4nda n\u00e5got material med upphovsr\u00e4tt f\u00f6r publikationen eller, om det inte \u00e4r m\u00f6jligt, att indikera n\u00e4r man g\u00f6r s\u00e5.<\/p>\n\n\n\n<p>Upphovsr\u00e4tten f\u00f6r allt skapat material \u00e4r f\u00f6rbeh\u00e5llen Top5Credits. All kopiering eller anv\u00e4ndande av objekt s\u00e5som bilder, diagram, ljud eller texter i andra elektroniska eller tryckta publikationer \u00e4r inte till\u00e5ten utan Top5Credits medgivande.<\/p>\n\n\n\n<h3 class=\"wp-block-heading\">Sekretesspolicy<\/h3>\n\n\n\n<p>Om m\u00f6jligheten f\u00f6r att ange personliga eller aff\u00e4rsm\u00e4ssiga uppgifter ges (t.ex. vid ans\u00f6kan om l\u00e5n), anges dessa uppgifter frivilligt.<\/p>\n\n\n\n<p>Anv\u00e4ndare som skickar icke \u00f6nskade spam-meddelanden kommer att anm\u00e4las.<\/p>\n\n\n\n<h3 class=\"wp-block-heading\">Laglig giltighet av detta avst\u00e5ndstagande<\/h3>\n\n\n\n<p>Detta avst\u00e5ndstagande och Disclaimer \u00e4r att anses som en del av Internetpublikationen, fr\u00e5n vilken du blev l\u00e4nkad hit. Om avsnitt eller separata delar av denna text \u00e4r olagliga eller felaktiga, p\u00e5verkas inte \u00f6vriga delar av detta faktum.<\/p>\n\n\n\n<p>Eventuella l\u00e5ngivare och produktnamn omn\u00e4mnda p\u00e5 denna hemsida \u00e4r varum\u00e4rken som tillkommer vederb\u00f6rande \u00e4gare.<\/p>\n\n\n\n<h3 class=\"wp-block-heading\">Tvistel\u00f6sning<\/h3>\n\n\n\n<p>Eventuell tvister h\u00e4rr\u00f6rande fr\u00e5n denna hemsida eller fr\u00e5n denna ansvarsfriskrivning eller fr\u00e5n eventuell e-post fr\u00e5n Top5Credits eller dess anst\u00e4llda skall om ej oenigheten kan l\u00f6sas i samf\u00f6rst\u00e5nd, avg\u00f6ras av svensk domstol enligt svensk r\u00e4tt. Laga forum skall d\u00e4rvid vara Helsingfors tingsr\u00e4tt.<\/p>\n","protected":false},"excerpt":{"rendered":"<p>S\u00e4kerhet Enbart p\u00e5 din dator N\u00e4r du bes\u00f6ker Top5Credits hemsida, g\u00f6r du det anonymt. P\u00e5 v\u00e5r hemsida kan du g\u00f6ra enklare l\u00e5nekalkyler d\u00e4r utr\u00e4kningarna enbart<\/p>\n<p class=\"more-link\">Forts\u00e4tt l\u00e4sa <span class=\"screen-reader-text\">S\u00e4kerhet<\/span><\/p>\n","protected":false},"author":2,"featured_media":0,"parent":0,"menu_order":0,"comment_status":"closed","ping_status":"closed","template":"","meta":{"footnotes":""},"class_list":["post-60","page","type-page","status-publish","hentry","entry"],"yoast_head":"<!-- This site is optimized with the Yoast SEO plugin v27.3 - https:\/\/yoast.com\/product\/yoast-seo-wordpress\/ -->\n<title>S\u00e4kerhet - Top5Credits<\/title>\n<meta name=\"description\" content=\"S\u00e4kerhet av Top5Credits Sverige\" \/>\n<meta name=\"robots\" content=\"index, follow, max-snippet:-1, max-image-preview:large, max-video-preview:-1\" \/>\n<link rel=\"canonical\" href=\"https:\/\/www.top5credits.com\/se\/sakerhet\/\" \/>\n<meta property=\"og:locale\" content=\"sv_SE\" \/>\n<meta property=\"og:type\" content=\"article\" \/>\n<meta property=\"og:title\" content=\"S\u00e4kerhet - Top5Credits\" \/>\n<meta property=\"og:description\" content=\"S\u00e4kerhet av Top5Credits Sverige\" \/>\n<meta property=\"og:url\" content=\"https:\/\/www.top5credits.com\/se\/sakerhet\/\" \/>\n<meta property=\"og:site_name\" content=\"Top5Credits.com Sverige\" \/>\n<meta property=\"article:publisher\" content=\"https:\/\/www.facebook.com\/Top5Credits-Sverige-380562019248980\" \/>\n<meta property=\"article:modified_time\" content=\"2020-11-19T09:11:59+00:00\" \/>\n<meta property=\"og:image\" content=\"https:\/\/cdn.top5credits.com\/se\/wp-content\/uploads\/sites\/3\/2023\/11\/top5credits-com-ogimage.png?cdn=1.1.5\" \/>\n\t<meta property=\"og:image:width\" content=\"1200\" \/>\n\t<meta property=\"og:image:height\" content=\"630\" \/>\n\t<meta property=\"og:image:type\" content=\"image\/png\" \/>\n<meta name=\"twitter:card\" content=\"summary_large_image\" \/>\n<meta name=\"twitter:label1\" content=\"Ber\u00e4knad l\u00e4stid\" \/>\n\t<meta name=\"twitter:data1\" content=\"3 minuter\" \/>\n<script type=\"application\/ld+json\" class=\"yoast-schema-graph\">{\"@context\":\"https:\\\/\\\/schema.org\",\"@graph\":[{\"@type\":\"WebPage\",\"@id\":\"https:\\\/\\\/www.top5credits.com\\\/se\\\/sakerhet\\\/\",\"url\":\"https:\\\/\\\/www.top5credits.com\\\/se\\\/sakerhet\\\/\",\"name\":\"S\u00e4kerhet - Top5Credits\",\"isPartOf\":{\"@id\":\"https:\\\/\\\/www.top5credits.com\\\/se\\\/#website\"},\"datePublished\":\"2019-04-24T12:21:54+00:00\",\"dateModified\":\"2020-11-19T09:11:59+00:00\",\"description\":\"S\u00e4kerhet av Top5Credits Sverige\",\"breadcrumb\":{\"@id\":\"https:\\\/\\\/www.top5credits.com\\\/se\\\/sakerhet\\\/#breadcrumb\"},\"inLanguage\":\"sv-SE\",\"potentialAction\":[{\"@type\":\"ReadAction\",\"target\":[\"https:\\\/\\\/www.top5credits.com\\\/se\\\/sakerhet\\\/\"]}]},{\"@type\":\"BreadcrumbList\",\"@id\":\"https:\\\/\\\/www.top5credits.com\\\/se\\\/sakerhet\\\/#breadcrumb\",\"itemListElement\":[{\"@type\":\"ListItem\",\"position\":1,\"name\":\"Top5Credits.com\",\"item\":\"https:\\\/\\\/www.top5credits.com\\\/se\\\/\"},{\"@type\":\"ListItem\",\"position\":2,\"name\":\"S\u00e4kerhet\"}]},{\"@type\":\"WebSite\",\"@id\":\"https:\\\/\\\/www.top5credits.com\\\/se\\\/#website\",\"url\":\"https:\\\/\\\/www.top5credits.com\\\/se\\\/\",\"name\":\"Top5Credits.com Sverige\",\"description\":\"J\u00e4mf\u00f6r och hitta de b\u00e4sta l\u00e5nen\",\"publisher\":{\"@id\":\"https:\\\/\\\/www.top5credits.com\\\/se\\\/#organization\"},\"potentialAction\":[{\"@type\":\"SearchAction\",\"target\":{\"@type\":\"EntryPoint\",\"urlTemplate\":\"https:\\\/\\\/www.top5credits.com\\\/se\\\/?s={search_term_string}\"},\"query-input\":{\"@type\":\"PropertyValueSpecification\",\"valueRequired\":true,\"valueName\":\"search_term_string\"}}],\"inLanguage\":\"sv-SE\"},{\"@type\":\"Organization\",\"@id\":\"https:\\\/\\\/www.top5credits.com\\\/se\\\/#organization\",\"name\":\"Top5Credits.com\",\"url\":\"https:\\\/\\\/www.top5credits.com\\\/se\\\/\",\"logo\":{\"@type\":\"ImageObject\",\"inLanguage\":\"sv-SE\",\"@id\":\"https:\\\/\\\/www.top5credits.com\\\/se\\\/#\\\/schema\\\/logo\\\/image\\\/\",\"url\":\"https:\\\/\\\/cdn.top5credits.com\\\/se\\\/wp-content\\\/uploads\\\/sites\\\/3\\\/2023\\\/10\\\/t5c-favicon.png\",\"contentUrl\":\"https:\\\/\\\/cdn.top5credits.com\\\/se\\\/wp-content\\\/uploads\\\/sites\\\/3\\\/2023\\\/10\\\/t5c-favicon.png\",\"width\":512,\"height\":512,\"caption\":\"Top5Credits.com\"},\"image\":{\"@id\":\"https:\\\/\\\/www.top5credits.com\\\/se\\\/#\\\/schema\\\/logo\\\/image\\\/\"},\"sameAs\":[\"https:\\\/\\\/www.facebook.com\\\/Top5Credits-Sverige-380562019248980\"]}]}<\/script>\n<!-- \/ Yoast SEO plugin. -->","yoast_head_json":{"title":"S\u00e4kerhet - Top5Credits","description":"S\u00e4kerhet av Top5Credits Sverige","robots":{"index":"index","follow":"follow","max-snippet":"max-snippet:-1","max-image-preview":"max-image-preview:large","max-video-preview":"max-video-preview:-1"},"canonical":"https:\/\/www.top5credits.com\/se\/sakerhet\/","og_locale":"sv_SE","og_type":"article","og_title":"S\u00e4kerhet - Top5Credits","og_description":"S\u00e4kerhet av Top5Credits Sverige","og_url":"https:\/\/www.top5credits.com\/se\/sakerhet\/","og_site_name":"Top5Credits.com Sverige","article_publisher":"https:\/\/www.facebook.com\/Top5Credits-Sverige-380562019248980","article_modified_time":"2020-11-19T09:11:59+00:00","og_image":[{"width":1200,"height":630,"url":"https:\/\/cdn.top5credits.com\/se\/wp-content\/uploads\/sites\/3\/2023\/11\/top5credits-com-ogimage.png?cdn=1.1.5","type":"image\/png"}],"twitter_card":"summary_large_image","twitter_misc":{"Ber\u00e4knad l\u00e4stid":"3 minuter"},"schema":{"@context":"https:\/\/schema.org","@graph":[{"@type":"WebPage","@id":"https:\/\/www.top5credits.com\/se\/sakerhet\/","url":"https:\/\/www.top5credits.com\/se\/sakerhet\/","name":"S\u00e4kerhet - Top5Credits","isPartOf":{"@id":"https:\/\/www.top5credits.com\/se\/#website"},"datePublished":"2019-04-24T12:21:54+00:00","dateModified":"2020-11-19T09:11:59+00:00","description":"S\u00e4kerhet av Top5Credits Sverige","breadcrumb":{"@id":"https:\/\/www.top5credits.com\/se\/sakerhet\/#breadcrumb"},"inLanguage":"sv-SE","potentialAction":[{"@type":"ReadAction","target":["https:\/\/www.top5credits.com\/se\/sakerhet\/"]}]},{"@type":"BreadcrumbList","@id":"https:\/\/www.top5credits.com\/se\/sakerhet\/#breadcrumb","itemListElement":[{"@type":"ListItem","position":1,"name":"Top5Credits.com","item":"https:\/\/www.top5credits.com\/se\/"},{"@type":"ListItem","position":2,"name":"S\u00e4kerhet"}]},{"@type":"WebSite","@id":"https:\/\/www.top5credits.com\/se\/#website","url":"https:\/\/www.top5credits.com\/se\/","name":"Top5Credits.com Sverige","description":"J\u00e4mf\u00f6r och hitta de b\u00e4sta l\u00e5nen","publisher":{"@id":"https:\/\/www.top5credits.com\/se\/#organization"},"potentialAction":[{"@type":"SearchAction","target":{"@type":"EntryPoint","urlTemplate":"https:\/\/www.top5credits.com\/se\/?s={search_term_string}"},"query-input":{"@type":"PropertyValueSpecification","valueRequired":true,"valueName":"search_term_string"}}],"inLanguage":"sv-SE"},{"@type":"Organization","@id":"https:\/\/www.top5credits.com\/se\/#organization","name":"Top5Credits.com","url":"https:\/\/www.top5credits.com\/se\/","logo":{"@type":"ImageObject","inLanguage":"sv-SE","@id":"https:\/\/www.top5credits.com\/se\/#\/schema\/logo\/image\/","url":"https:\/\/cdn.top5credits.com\/se\/wp-content\/uploads\/sites\/3\/2023\/10\/t5c-favicon.png","contentUrl":"https:\/\/cdn.top5credits.com\/se\/wp-content\/uploads\/sites\/3\/2023\/10\/t5c-favicon.png","width":512,"height":512,"caption":"Top5Credits.com"},"image":{"@id":"https:\/\/www.top5credits.com\/se\/#\/schema\/logo\/image\/"},"sameAs":["https:\/\/www.facebook.com\/Top5Credits-Sverige-380562019248980"]}]}},"_links":{"self":[{"href":"https:\/\/www.top5credits.com\/se\/wp-json\/wp\/v2\/pages\/60","targetHints":{"allow":["GET"]}}],"collection":[{"href":"https:\/\/www.top5credits.com\/se\/wp-json\/wp\/v2\/pages"}],"about":[{"href":"https:\/\/www.top5credits.com\/se\/wp-json\/wp\/v2\/types\/page"}],"author":[{"embeddable":true,"href":"https:\/\/www.top5credits.com\/se\/wp-json\/wp\/v2\/users\/2"}],"replies":[{"embeddable":true,"href":"https:\/\/www.top5credits.com\/se\/wp-json\/wp\/v2\/comments?post=60"}],"version-history":[{"count":0,"href":"https:\/\/www.top5credits.com\/se\/wp-json\/wp\/v2\/pages\/60\/revisions"}],"wp:attachment":[{"href":"https:\/\/www.top5credits.com\/se\/wp-json\/wp\/v2\/media?parent=60"}],"curies":[{"name":"wp","href":"https:\/\/api.w.org\/{rel}","templated":true}]}}